{"id":1004,"date":"2022-03-17T18:50:09","date_gmt":"2022-03-17T17:50:09","guid":{"rendered":"https:\/\/motycs.it\/?post_type=product&#038;p=1004"},"modified":"2023-05-04T10:51:55","modified_gmt":"2023-05-04T08:51:55","slug":"saleprovamotori","status":"publish","type":"product","link":"https:\/\/motycs.it\/fr\/product\/salieres\/","title":{"rendered":"Salles d'essai"},"content":{"rendered":"<h5>ACCESSOIRES POUR LA SALLE D'ESSAI DES MOTEURS<\/h5>\n<p>Nous disposons d'une large gamme d'accessoires pour la salle de r\u00e9p\u00e9tition :<br \/>\n- <a href=\"https:\/\/motycs.it\/fr\/product\/extraction-de-la-fumee\/\">Syst\u00e8mes de <strong>extraction des fum\u00e9es<\/strong><\/a><br \/>\n- <a href=\"https:\/\/motycs.it\/fr\/product\/ventilation\/\">Syst\u00e8mes <strong>refroidissement du moteur<\/strong> (Centrifugeuses)<\/a><br \/>\n- <strong>Accessoires pour la structure du hall<\/strong>y compris les fen\u00eatres et les silencieux<\/p>\n<h6><a href=\"https:\/\/motycs.it\/fr\/product\/ventilation\/\">VENTILATEURS DE REFROIDISSEMENT DU MOTEUR<\/a><\/h6>\n<p><strong>Nous pouvons proposer des solutions sur mesure<\/strong>et les adapter \u00e0 l'espace disponible, ou fournir des produits en configuration standard.<\/p>\n<p>Il s'agit notamment de <strong>des solutions standard pour les syst\u00e8mes de refroidissement des moteurs.<\/strong> Ventilateurs centrifuges sur roues, avec frein, disponibles avec diff\u00e9rentes capacit\u00e9s et puissances :<\/p>\n<p>- 4 kW<br \/>\n- 5,5 kW<br \/>\n- 7 kW<br \/>\n- 11 kW<\/p>\n<p>Les unit\u00e9s de ventilation, <strong>peut \u00e9galement \u00eatre \u00e9quip\u00e9 d'onduleurs de contr\u00f4le<\/strong>pour faire de la <strong>vitesse proportionnelle \u00e0 la vitesse du v\u00e9hicule<\/strong> en cours d'essai, ce qui optimise la simulation des conditions routi\u00e8res (recommand\u00e9 pour des d\u00e9bits d'air &gt;110 km\/H)<\/p>\n<h6><a href=\"https:\/\/motycs.it\/fr\/product\/extraction-de-la-fumee\/\">SYST\u00c8MES D'EXTRACTION DES FUM\u00c9ES<\/a><\/h6>\n<p>Nous avons d\u00e9velopp\u00e9 <strong>les syst\u00e8mes d'extraction des fum\u00e9es adapt\u00e9s au banc d'essai de puissance<\/strong>.<\/p>\n<p><strong>Des diam\u00e8tres plus grands et plus de puissance<\/strong>pour un <strong>syst\u00e8me professionnel fiable et durable<\/strong>:<\/p>\n<p>- Moteur de 5,5 kW<br \/>\n- Diam\u00e8tre de la canalisation 250 mm, jusqu'\u00e0 1 200 \u00b0C<br \/>\n- Embouchures avec joints \u00e0 haute r\u00e9sistance<br \/>\n- Chariots mobiles sur roues avec freins, lest\u00e9s<\/p>\n<h6>REGARDS<\/h6>\n<ul>\n<li><strong><a href=\"https:\/\/motycs.it\/fr\/concepts-de-base-bancs-de-puissance\/\">D\u00e9couvrir les concepts de base des bancs d'essai pour moteurs et rouleaux<\/a><\/strong><\/li>\n<li><strong><a href=\"https:\/\/motycs.it\/fr\/bancs-dessai-4wd\/\">Avantages des bancs d'essai de puissance des essieux coupl\u00e9s 4RM<\/a><\/strong><\/li>\n<li><strong><a href=\"https:\/\/motycs.it\/fr\/bancs-de-puissance-monorouleau-biroll\/\">Bancs d'essai MONO-roller et BI-roller<\/a><\/strong><\/li>\n<li><a href=\"https:\/\/motycs.it\/fr\/puissance-dissipee-banques-etanches\/\"><strong>Dissipation de puissance<\/strong><\/a><\/li>\n<\/ul>","protected":false},"excerpt":{"rendered":"<h6>SALLES DE R\u00c9P\u00c9TITION INSONORIS\u00c9ES<\/h6>\n<p><strong>Nous concevons et fournissons des salles de r\u00e9p\u00e9tition enti\u00e8rement insonoris\u00e9es.<\/strong>pour tous les domaines d'essai des moteurs, qu'il s'agisse de bancs d'essai \u00e0 rouleaux ou de bancs d'essai de moteurs, \u00e9galement d\u00e9di\u00e9s au domaine de l'homologation.<\/p>\n<p><strong>Joints ad\u00e9quats, structure r\u00e9sistante, gestion appropri\u00e9e des flux d'air et des renouvellements d'air<\/strong>.<\/p>\n<p>Une salle d'essai de moteur n'a rien \u00e0 voir avec une simple cabine insonoris\u00e9e ; elle doit comporter d'importants flux d'air et des contraintes structurelles continues, dues au vide de fonctionnement, qui peuvent, avec le temps, compromettre ses performances.<\/p>\n<p>Il doit \u00e9galement veiller \u00e0 ce que<\/p>\n<ul>\n<li>S\u00e9curit\u00e9 et sant\u00e9 des op\u00e9rateurs<\/li>\n<li>Conditions environnementales constantes afin de ne pas influencer n\u00e9gativement les r\u00e9sultats des tests<\/li>\n<li>Durabilit\u00e9 dans le temps (les structures inad\u00e9quates peuvent \u00eatre d\u00e9form\u00e9es par le vide d'exploitation)<\/li>\n<\/ul>","protected":false},"featured_media":1082,"template":"","meta":[],"product_cat":[96],"product_tag":[114,115,116],"class_list":["post-1004","product","type-product","status-publish","has-post-thumbnail","hentry","product_cat-sale-prova","product_tag-sala-prova-motori","product_tag-sale-prova-banchi-motori","product_tag-sale-prova-insonorizzate"],"yoast_head":"<!-- This site is optimized with the Yoast SEO plugin v26.5 - https:\/\/yoast.com\/wordpress\/plugins\/seo\/ -->\n<title>Sale prova motori - MOTYCS<\/title>\n<meta name=\"description\" content=\"Progettiamo e realizziamo sale prova motori, appositamente realizzate per il tipo di applicazione ed ambito d&#039;uso. Dalla diagnosi alla omologazione veicoli\" \/>\n<meta name=\"robots\" content=\"index, follow, max-snippet:-1, max-image-preview:large, max-video-preview:-1\" \/>\n<link rel=\"canonical\" href=\"https:\/\/motycs.it\/fr\/product\/salieres\/\" \/>\n<meta property=\"og:locale\" content=\"fr_FR\" \/>\n<meta property=\"og:type\" content=\"article\" \/>\n<meta property=\"og:title\" content=\"Sale prova motori - MOTYCS\" \/>\n<meta property=\"og:description\" content=\"Progettiamo e realizziamo sale prova motori, appositamente realizzate per il tipo di applicazione ed ambito d&#039;uso. Dalla diagnosi alla omologazione veicoli\" \/>\n<meta property=\"og:url\" content=\"https:\/\/motycs.it\/fr\/product\/salieres\/\" \/>\n<meta property=\"og:site_name\" content=\"MOTYCS\" \/>\n<meta property=\"article:publisher\" content=\"https:\/\/www.facebook.com\/motycs\/\" \/>\n<meta property=\"article:modified_time\" content=\"2023-05-04T08:51:55+00:00\" \/>\n<meta property=\"og:image\" content=\"https:\/\/motycs.it\/wp-content\/uploads\/2022\/03\/engine-dyno-room.png\" \/>\n\t<meta property=\"og:image:width\" content=\"500\" \/>\n\t<meta property=\"og:image:height\" content=\"375\" \/>\n\t<meta property=\"og:image:type\" content=\"image\/png\" \/>\n<meta name=\"twitter:card\" content=\"summary_large_image\" \/>\n<meta name=\"twitter:label1\" content=\"Dur\u00e9e de lecture estim\u00e9e\" \/>\n\t<meta name=\"twitter:data1\" content=\"1 minute\" \/>\n<script type=\"application\/ld+json\" class=\"yoast-schema-graph\">{\"@context\":\"https:\/\/schema.org\",\"@graph\":[{\"@type\":\"WebPage\",\"@id\":\"https:\/\/motycs.it\/product\/saleprovamotori\/\",\"url\":\"https:\/\/motycs.it\/product\/saleprovamotori\/\",\"name\":\"Sale prova motori - MOTYCS\",\"isPartOf\":{\"@id\":\"https:\/\/motycs.it\/#website\"},\"primaryImageOfPage\":{\"@id\":\"https:\/\/motycs.it\/product\/saleprovamotori\/#primaryimage\"},\"image\":{\"@id\":\"https:\/\/motycs.it\/product\/saleprovamotori\/#primaryimage\"},\"thumbnailUrl\":\"https:\/\/motycs.it\/wp-content\/uploads\/2022\/03\/engine-dyno-room.png\",\"datePublished\":\"2022-03-17T17:50:09+00:00\",\"dateModified\":\"2023-05-04T08:51:55+00:00\",\"description\":\"Progettiamo e realizziamo sale prova motori, appositamente realizzate per il tipo di applicazione ed ambito d'uso. Dalla diagnosi alla omologazione veicoli\",\"breadcrumb\":{\"@id\":\"https:\/\/motycs.it\/product\/saleprovamotori\/#breadcrumb\"},\"inLanguage\":\"fr-FR\",\"potentialAction\":[{\"@type\":\"ReadAction\",\"target\":[\"https:\/\/motycs.it\/product\/saleprovamotori\/\"]}]},{\"@type\":\"ImageObject\",\"inLanguage\":\"fr-FR\",\"@id\":\"https:\/\/motycs.it\/product\/saleprovamotori\/#primaryimage\",\"url\":\"https:\/\/motycs.it\/wp-content\/uploads\/2022\/03\/engine-dyno-room.png\",\"contentUrl\":\"https:\/\/motycs.it\/wp-content\/uploads\/2022\/03\/engine-dyno-room.png\",\"width\":500,\"height\":375,\"caption\":\"dyno room motycs\"},{\"@type\":\"BreadcrumbList\",\"@id\":\"https:\/\/motycs.it\/product\/saleprovamotori\/#breadcrumb\",\"itemListElement\":[{\"@type\":\"ListItem\",\"position\":1,\"name\":\"Home\",\"item\":\"https:\/\/motycs.it\/\"},{\"@type\":\"ListItem\",\"position\":2,\"name\":\"Shop\",\"item\":\"https:\/\/motycs.it\/shop\/\"},{\"@type\":\"ListItem\",\"position\":3,\"name\":\"Sale prova motori\"}]},{\"@type\":\"WebSite\",\"@id\":\"https:\/\/motycs.it\/#website\",\"url\":\"https:\/\/motycs.it\/\",\"name\":\"MOTYCS\",\"description\":\"\",\"publisher\":{\"@id\":\"https:\/\/motycs.it\/#organization\"},\"potentialAction\":[{\"@type\":\"SearchAction\",\"target\":{\"@type\":\"EntryPoint\",\"urlTemplate\":\"https:\/\/motycs.it\/?s={search_term_string}\"},\"query-input\":{\"@type\":\"PropertyValueSpecification\",\"valueRequired\":true,\"valueName\":\"search_term_string\"}}],\"inLanguage\":\"fr-FR\"},{\"@type\":\"Organization\",\"@id\":\"https:\/\/motycs.it\/#organization\",\"name\":\"MOTYCS\",\"url\":\"https:\/\/motycs.it\/\",\"logo\":{\"@type\":\"ImageObject\",\"inLanguage\":\"fr-FR\",\"@id\":\"https:\/\/motycs.it\/#\/schema\/logo\/image\/\",\"url\":\"https:\/\/motycs.it\/wp-content\/uploads\/2022\/03\/orizz_bianc.jpg\",\"contentUrl\":\"https:\/\/motycs.it\/wp-content\/uploads\/2022\/03\/orizz_bianc.jpg\",\"width\":600,\"height\":159,\"caption\":\"MOTYCS\"},\"image\":{\"@id\":\"https:\/\/motycs.it\/#\/schema\/logo\/image\/\"},\"sameAs\":[\"https:\/\/www.facebook.com\/motycs\/\",\"https:\/\/www.instagram.com\/motycs.teq\/\",\"https:\/\/www.linkedin.com\/company\/motycs\/\",\"https:\/\/www.pinterest.it\/Motycsdynamometer\/\",\"https:\/\/www.youtube.com\/channel\/UCl_9nwLJn-fMI6UMZVc0tZw\"]}]}<\/script>\n<!-- \/ Yoast SEO plugin. -->","yoast_head_json":{"title":"Salles d'essai des moteurs - MOTYCS","description":"Nous concevons et construisons des salles d'essai de moteurs, sp\u00e9cifiquement adapt\u00e9es au type d'application et au domaine d'utilisation. Du diagnostic \u00e0 l'homologation des v\u00e9hicules","robots":{"index":"index","follow":"follow","max-snippet":"max-snippet:-1","max-image-preview":"max-image-preview:large","max-video-preview":"max-video-preview:-1"},"canonical":"https:\/\/motycs.it\/fr\/product\/salieres\/","og_locale":"fr_FR","og_type":"article","og_title":"Sale prova motori - MOTYCS","og_description":"Progettiamo e realizziamo sale prova motori, appositamente realizzate per il tipo di applicazione ed ambito d'uso. Dalla diagnosi alla omologazione veicoli","og_url":"https:\/\/motycs.it\/fr\/product\/salieres\/","og_site_name":"MOTYCS","article_publisher":"https:\/\/www.facebook.com\/motycs\/","article_modified_time":"2023-05-04T08:51:55+00:00","og_image":[{"width":500,"height":375,"url":"https:\/\/motycs.it\/wp-content\/uploads\/2022\/03\/engine-dyno-room.png","type":"image\/png"}],"twitter_card":"summary_large_image","twitter_misc":{"Dur\u00e9e de lecture estim\u00e9e":"1 minute"},"schema":{"@context":"https:\/\/schema.org","@graph":[{"@type":"WebPage","@id":"https:\/\/motycs.it\/product\/saleprovamotori\/","url":"https:\/\/motycs.it\/product\/saleprovamotori\/","name":"Salles d'essai des moteurs - MOTYCS","isPartOf":{"@id":"https:\/\/motycs.it\/#website"},"primaryImageOfPage":{"@id":"https:\/\/motycs.it\/product\/saleprovamotori\/#primaryimage"},"image":{"@id":"https:\/\/motycs.it\/product\/saleprovamotori\/#primaryimage"},"thumbnailUrl":"https:\/\/motycs.it\/wp-content\/uploads\/2022\/03\/engine-dyno-room.png","datePublished":"2022-03-17T17:50:09+00:00","dateModified":"2023-05-04T08:51:55+00:00","description":"Nous concevons et construisons des salles d'essai de moteurs, sp\u00e9cifiquement adapt\u00e9es au type d'application et au domaine d'utilisation. Du diagnostic \u00e0 l'homologation des v\u00e9hicules","breadcrumb":{"@id":"https:\/\/motycs.it\/product\/saleprovamotori\/#breadcrumb"},"inLanguage":"fr-FR","potentialAction":[{"@type":"ReadAction","target":["https:\/\/motycs.it\/product\/saleprovamotori\/"]}]},{"@type":"ImageObject","inLanguage":"fr-FR","@id":"https:\/\/motycs.it\/product\/saleprovamotori\/#primaryimage","url":"https:\/\/motycs.it\/wp-content\/uploads\/2022\/03\/engine-dyno-room.png","contentUrl":"https:\/\/motycs.it\/wp-content\/uploads\/2022\/03\/engine-dyno-room.png","width":500,"height":375,"caption":"dyno room motycs"},{"@type":"BreadcrumbList","@id":"https:\/\/motycs.it\/product\/saleprovamotori\/#breadcrumb","itemListElement":[{"@type":"ListItem","position":1,"name":"Home","item":"https:\/\/motycs.it\/"},{"@type":"ListItem","position":2,"name":"Shop","item":"https:\/\/motycs.it\/shop\/"},{"@type":"ListItem","position":3,"name":"Sale prova motori"}]},{"@type":"WebSite","@id":"https:\/\/motycs.it\/#website","url":"https:\/\/motycs.it\/","name":"MOTYCS","description":"","publisher":{"@id":"https:\/\/motycs.it\/#organization"},"potentialAction":[{"@type":"SearchAction","target":{"@type":"EntryPoint","urlTemplate":"https:\/\/motycs.it\/?s={search_term_string}"},"query-input":{"@type":"PropertyValueSpecification","valueRequired":true,"valueName":"search_term_string"}}],"inLanguage":"fr-FR"},{"@type":"Organization","@id":"https:\/\/motycs.it\/#organization","name":"MOTYCS","url":"https:\/\/motycs.it\/","logo":{"@type":"ImageObject","inLanguage":"fr-FR","@id":"https:\/\/motycs.it\/#\/schema\/logo\/image\/","url":"https:\/\/motycs.it\/wp-content\/uploads\/2022\/03\/orizz_bianc.jpg","contentUrl":"https:\/\/motycs.it\/wp-content\/uploads\/2022\/03\/orizz_bianc.jpg","width":600,"height":159,"caption":"MOTYCS"},"image":{"@id":"https:\/\/motycs.it\/#\/schema\/logo\/image\/"},"sameAs":["https:\/\/www.facebook.com\/motycs\/","https:\/\/www.instagram.com\/motycs.teq\/","https:\/\/www.linkedin.com\/company\/motycs\/","https:\/\/www.pinterest.it\/Motycsdynamometer\/","https:\/\/www.youtube.com\/channel\/UCl_9nwLJn-fMI6UMZVc0tZw"]}]}},"_links":{"self":[{"href":"https:\/\/motycs.it\/fr\/wp-json\/wp\/v2\/product\/1004","targetHints":{"allow":["GET"]}}],"collection":[{"href":"https:\/\/motycs.it\/fr\/wp-json\/wp\/v2\/product"}],"about":[{"href":"https:\/\/motycs.it\/fr\/wp-json\/wp\/v2\/types\/product"}],"wp:featuredmedia":[{"embeddable":true,"href":"https:\/\/motycs.it\/fr\/wp-json\/wp\/v2\/media\/1082"}],"wp:attachment":[{"href":"https:\/\/motycs.it\/fr\/wp-json\/wp\/v2\/media?parent=1004"}],"wp:term":[{"taxonomy":"product_cat","embeddable":true,"href":"https:\/\/motycs.it\/fr\/wp-json\/wp\/v2\/product_cat?post=1004"},{"taxonomy":"product_tag","embeddable":true,"href":"https:\/\/motycs.it\/fr\/wp-json\/wp\/v2\/product_tag?post=1004"}],"curies":[{"name":"wp","href":"https:\/\/api.w.org\/{rel}","templated":true}]}}