{"id":1003,"date":"2022-03-17T18:49:44","date_gmt":"2022-03-17T17:49:44","guid":{"rendered":"https:\/\/motycs.it\/?post_type=product&#038;p=1003"},"modified":"2023-05-04T10:55:02","modified_gmt":"2023-05-04T08:55:02","slug":"omologativi","status":"publish","type":"product","link":"https:\/\/motycs.it\/fr\/product\/homologue\/","title":{"rendered":"Syst\u00e8mes de l'homologation"},"content":{"rendered":"<h5><strong>SYST\u00c8MES DE CONTR\u00d4LE SUR LA PLATE-FORME \"INSTRUMENTS NATIONAUX\" (COMPACT-RIO)<\/strong><\/h5>\n<h6><strong>CARACT\u00c9RISTIQUES DU SYST\u00c8ME<\/strong><\/h6>\n<ul>\n<li>D\u00e9velopp\u00e9 le <strong>trois niveaux : FPGA, temps r\u00e9el, Windows.<\/strong><\/li>\n<li><strong>T\u00e9l\u00e9m\u00e9trie des temps de boucles parall\u00e8les avec des priorit\u00e9s diff\u00e9renci\u00e9es<\/strong><\/li>\n<li><strong>Hi\u00e9rarchie ascendante<\/strong> pour les flux d'entr\u00e9e et de sortie et pour les contr\u00f4les<\/li>\n<li><strong>Entr\u00e9es analogiques g\u00e9r\u00e9es individuellement<\/strong><\/li>\n<li><strong>Activation\/timing\/filtre<\/strong> (num\u00e9rique, statistique)<\/li>\n<li><strong>Raccordement du capteur de r\u00e9volution \u00e0 onde carr\u00e9e<\/strong><\/li>\n<li><strong>\u00c9tats d'alarme<\/strong> de la salle de r\u00e9p\u00e9tition<\/li>\n<li><strong>Sorties analogiques et num\u00e9riques<\/strong><\/li>\n<li><strong>Jeu de freins et d'acc\u00e9l\u00e9rateurs<\/strong> (haute dynamique)<\/li>\n<li><strong>Contr\u00f4le des vannes pour les fluides<\/strong> (faible dynamique)<\/li>\n<li><strong>Entr\u00e9es analogiques sp\u00e9ciales : haute d\u00e9finition<\/strong> (24 bits) par capteur<\/li>\n<li><strong>Haute d\u00e9finition (24 bits) pour les thermocouples\/thermor\u00e9sistances<\/strong><\/li>\n<li><strong>Ex\u00e9cute ce qui est \u00e9crit dans le fichier Excel + Exportation vers un fichier texte<\/strong><\/li>\n<li>Param\u00e9trage des constantes<\/li>\n<li>Limiter l'auto-apprentissage (grille)<\/li>\n<li>M\u00e9moire du comportement ant\u00e9rieur (uut)<\/li>\n<\/ul>\n<h6><strong>DOMAINES D'APPLICATION<\/strong><\/h6>\n<ul>\n<li>Automobile<\/li>\n<li>Agriculture<\/li>\n<li>Oledinamique<\/li>\n<li>Pneumatique<\/li>\n<li>Ateliers<\/li>\n<\/ul>\n<p>Pour en savoir plus <strong><a href=\"https:\/\/motycs.it\/fr\/systemes-homologues\/\">cette page<\/a><\/strong><\/p>\n<h6>REGARDS<\/h6>\n<ul>\n<li><strong><a href=\"https:\/\/motycs.it\/fr\/concepts-de-base-bancs-de-puissance\/\">D\u00e9couvrir les concepts de base des bancs d'essai pour moteurs et rouleaux<\/a><\/strong><\/li>\n<\/ul>","protected":false},"excerpt":{"rendered":"<p>Ils permettent \u00e0 l <strong>le reconditionnement ou la mise \u00e0 niveau des salles d'essai et des bancs d'essai existants<\/strong>s'adaptant \u00e0 tout type de m\u00e9canique (bancs d'essais \u00e0 rouleaux et moteurs). Enti\u00e8rement d\u00e9velopp\u00e9 pour <strong>offrir aux professionnels un maximum de flexibilit\u00e9 et d'adaptabilit\u00e9 aux diff\u00e9rents environnements de travail<\/strong>; d\u00e9velopp\u00e9 sur une plateforme industrielle <strong>National Instruments (NI) Compact-Rio<\/strong><\/p>\n<h6><strong>DIFF\u00c9RENTS DOMAINES D'APPLICATION<\/strong><\/h6>\n<ul>\n<li><strong>Bancs d'essai automobiles<\/strong><\/li>\n<li><strong>Bancs d'essai<\/strong> (R&amp;D, production)<\/li>\n<li><strong>Bancs pour v\u00e9hicules<\/strong> (roulement, \u00e9missions)<\/li>\n<li><strong>Test des composants<\/strong><\/li>\n<li><strong>Applications NVH<\/strong><\/li>\n<li><strong>ECU<\/strong> (acquisition, \u00e9talonnage, diagnostic)<\/li>\n<\/ul>\n<p>Pour en savoir plus, cliquez ici<strong> <a href=\"https:\/\/motycs.it\/fr\/systemes-homologues\/\">plus de d\u00e9tails et autres domaines d'application<\/a><\/strong><\/p>","protected":false},"featured_media":1075,"template":"","meta":[],"product_cat":[95],"product_tag":[117,118],"class_list":["post-1003","product","type-product","status-publish","has-post-thumbnail","hentry","product_cat-sistemi-di-controllo","product_tag-daq-omologativi","product_tag-sistemi-di-controllo-omologazione-veicoli"],"yoast_head":"<!-- This site is optimized with the Yoast SEO plugin v26.5 - https:\/\/yoast.com\/wordpress\/plugins\/seo\/ -->\n<title>Sistemi di controllo omologativi - MOTYCS<\/title>\n<meta name=\"description\" content=\"Rinnova i tuo banco prova, con il nostro sistema dedicato alla gestione di sale prova e banchi omologativi. Riconosciuto dal ministero dei trasporti\" \/>\n<meta name=\"robots\" content=\"index, follow, max-snippet:-1, max-image-preview:large, max-video-preview:-1\" \/>\n<link rel=\"canonical\" href=\"https:\/\/motycs.it\/fr\/product\/homologue\/\" \/>\n<meta property=\"og:locale\" content=\"fr_FR\" \/>\n<meta property=\"og:type\" content=\"article\" \/>\n<meta property=\"og:title\" content=\"Sistemi di controllo omologativi - MOTYCS\" \/>\n<meta property=\"og:description\" content=\"Rinnova i tuo banco prova, con il nostro sistema dedicato alla gestione di sale prova e banchi omologativi. Riconosciuto dal ministero dei trasporti\" \/>\n<meta property=\"og:url\" content=\"https:\/\/motycs.it\/fr\/product\/homologue\/\" \/>\n<meta property=\"og:site_name\" content=\"MOTYCS\" \/>\n<meta property=\"article:publisher\" content=\"https:\/\/www.facebook.com\/motycs\/\" \/>\n<meta property=\"article:modified_time\" content=\"2023-05-04T08:55:02+00:00\" \/>\n<meta property=\"og:image\" content=\"https:\/\/motycs.it\/wp-content\/uploads\/2022\/03\/SW_banchi-prova-cicli-w740.png\" \/>\n\t<meta property=\"og:image:width\" content=\"740\" \/>\n\t<meta property=\"og:image:height\" content=\"519\" \/>\n\t<meta property=\"og:image:type\" content=\"image\/png\" \/>\n<meta name=\"twitter:card\" content=\"summary_large_image\" \/>\n<meta name=\"twitter:label1\" content=\"Dur\u00e9e de lecture estim\u00e9e\" \/>\n\t<meta name=\"twitter:data1\" content=\"2 minutes\" \/>\n<script type=\"application\/ld+json\" class=\"yoast-schema-graph\">{\"@context\":\"https:\/\/schema.org\",\"@graph\":[{\"@type\":\"WebPage\",\"@id\":\"https:\/\/motycs.it\/product\/omologativi\/\",\"url\":\"https:\/\/motycs.it\/product\/omologativi\/\",\"name\":\"Sistemi di controllo omologativi - MOTYCS\",\"isPartOf\":{\"@id\":\"https:\/\/motycs.it\/#website\"},\"primaryImageOfPage\":{\"@id\":\"https:\/\/motycs.it\/product\/omologativi\/#primaryimage\"},\"image\":{\"@id\":\"https:\/\/motycs.it\/product\/omologativi\/#primaryimage\"},\"thumbnailUrl\":\"https:\/\/motycs.it\/wp-content\/uploads\/2022\/03\/SW_banchi-prova-cicli-w740.png\",\"datePublished\":\"2022-03-17T17:49:44+00:00\",\"dateModified\":\"2023-05-04T08:55:02+00:00\",\"description\":\"Rinnova i tuo banco prova, con il nostro sistema dedicato alla gestione di sale prova e banchi omologativi. Riconosciuto dal ministero dei trasporti\",\"breadcrumb\":{\"@id\":\"https:\/\/motycs.it\/product\/omologativi\/#breadcrumb\"},\"inLanguage\":\"fr-FR\",\"potentialAction\":[{\"@type\":\"ReadAction\",\"target\":[\"https:\/\/motycs.it\/product\/omologativi\/\"]}]},{\"@type\":\"ImageObject\",\"inLanguage\":\"fr-FR\",\"@id\":\"https:\/\/motycs.it\/product\/omologativi\/#primaryimage\",\"url\":\"https:\/\/motycs.it\/wp-content\/uploads\/2022\/03\/SW_banchi-prova-cicli-w740.png\",\"contentUrl\":\"https:\/\/motycs.it\/wp-content\/uploads\/2022\/03\/SW_banchi-prova-cicli-w740.png\",\"width\":740,\"height\":519},{\"@type\":\"BreadcrumbList\",\"@id\":\"https:\/\/motycs.it\/product\/omologativi\/#breadcrumb\",\"itemListElement\":[{\"@type\":\"ListItem\",\"position\":1,\"name\":\"Home\",\"item\":\"https:\/\/motycs.it\/\"},{\"@type\":\"ListItem\",\"position\":2,\"name\":\"Shop\",\"item\":\"https:\/\/motycs.it\/shop\/\"},{\"@type\":\"ListItem\",\"position\":3,\"name\":\"Sistemi di controllo omologativi\"}]},{\"@type\":\"WebSite\",\"@id\":\"https:\/\/motycs.it\/#website\",\"url\":\"https:\/\/motycs.it\/\",\"name\":\"MOTYCS\",\"description\":\"\",\"publisher\":{\"@id\":\"https:\/\/motycs.it\/#organization\"},\"potentialAction\":[{\"@type\":\"SearchAction\",\"target\":{\"@type\":\"EntryPoint\",\"urlTemplate\":\"https:\/\/motycs.it\/?s={search_term_string}\"},\"query-input\":{\"@type\":\"PropertyValueSpecification\",\"valueRequired\":true,\"valueName\":\"search_term_string\"}}],\"inLanguage\":\"fr-FR\"},{\"@type\":\"Organization\",\"@id\":\"https:\/\/motycs.it\/#organization\",\"name\":\"MOTYCS\",\"url\":\"https:\/\/motycs.it\/\",\"logo\":{\"@type\":\"ImageObject\",\"inLanguage\":\"fr-FR\",\"@id\":\"https:\/\/motycs.it\/#\/schema\/logo\/image\/\",\"url\":\"https:\/\/motycs.it\/wp-content\/uploads\/2022\/03\/orizz_bianc.jpg\",\"contentUrl\":\"https:\/\/motycs.it\/wp-content\/uploads\/2022\/03\/orizz_bianc.jpg\",\"width\":600,\"height\":159,\"caption\":\"MOTYCS\"},\"image\":{\"@id\":\"https:\/\/motycs.it\/#\/schema\/logo\/image\/\"},\"sameAs\":[\"https:\/\/www.facebook.com\/motycs\/\",\"https:\/\/www.instagram.com\/motycs.teq\/\",\"https:\/\/www.linkedin.com\/company\/motycs\/\",\"https:\/\/www.pinterest.it\/Motycsdynamometer\/\",\"https:\/\/www.youtube.com\/channel\/UCl_9nwLJn-fMI6UMZVc0tZw\"]}]}<\/script>\n<!-- \/ Yoast SEO plugin. -->","yoast_head_json":{"title":"Syst\u00e8mes de contr\u00f4le d'homologation - MOTYCS","description":"Renouvelez votre banc d'essai avec notre syst\u00e8me d\u00e9di\u00e9 \u00e0 la gestion des salles d'essai et des bancs d'homologation. Reconnu par le Minist\u00e8re des Transports","robots":{"index":"index","follow":"follow","max-snippet":"max-snippet:-1","max-image-preview":"max-image-preview:large","max-video-preview":"max-video-preview:-1"},"canonical":"https:\/\/motycs.it\/fr\/product\/homologue\/","og_locale":"fr_FR","og_type":"article","og_title":"Sistemi di controllo omologativi - MOTYCS","og_description":"Rinnova i tuo banco prova, con il nostro sistema dedicato alla gestione di sale prova e banchi omologativi. Riconosciuto dal ministero dei trasporti","og_url":"https:\/\/motycs.it\/fr\/product\/homologue\/","og_site_name":"MOTYCS","article_publisher":"https:\/\/www.facebook.com\/motycs\/","article_modified_time":"2023-05-04T08:55:02+00:00","og_image":[{"width":740,"height":519,"url":"https:\/\/motycs.it\/wp-content\/uploads\/2022\/03\/SW_banchi-prova-cicli-w740.png","type":"image\/png"}],"twitter_card":"summary_large_image","twitter_misc":{"Dur\u00e9e de lecture estim\u00e9e":"2 minutes"},"schema":{"@context":"https:\/\/schema.org","@graph":[{"@type":"WebPage","@id":"https:\/\/motycs.it\/product\/omologativi\/","url":"https:\/\/motycs.it\/product\/omologativi\/","name":"Syst\u00e8mes de contr\u00f4le d'homologation - MOTYCS","isPartOf":{"@id":"https:\/\/motycs.it\/#website"},"primaryImageOfPage":{"@id":"https:\/\/motycs.it\/product\/omologativi\/#primaryimage"},"image":{"@id":"https:\/\/motycs.it\/product\/omologativi\/#primaryimage"},"thumbnailUrl":"https:\/\/motycs.it\/wp-content\/uploads\/2022\/03\/SW_banchi-prova-cicli-w740.png","datePublished":"2022-03-17T17:49:44+00:00","dateModified":"2023-05-04T08:55:02+00:00","description":"Renouvelez votre banc d'essai avec notre syst\u00e8me d\u00e9di\u00e9 \u00e0 la gestion des salles d'essai et des bancs d'homologation. Reconnu par le Minist\u00e8re des Transports","breadcrumb":{"@id":"https:\/\/motycs.it\/product\/omologativi\/#breadcrumb"},"inLanguage":"fr-FR","potentialAction":[{"@type":"ReadAction","target":["https:\/\/motycs.it\/product\/omologativi\/"]}]},{"@type":"ImageObject","inLanguage":"fr-FR","@id":"https:\/\/motycs.it\/product\/omologativi\/#primaryimage","url":"https:\/\/motycs.it\/wp-content\/uploads\/2022\/03\/SW_banchi-prova-cicli-w740.png","contentUrl":"https:\/\/motycs.it\/wp-content\/uploads\/2022\/03\/SW_banchi-prova-cicli-w740.png","width":740,"height":519},{"@type":"BreadcrumbList","@id":"https:\/\/motycs.it\/product\/omologativi\/#breadcrumb","itemListElement":[{"@type":"ListItem","position":1,"name":"Home","item":"https:\/\/motycs.it\/"},{"@type":"ListItem","position":2,"name":"Shop","item":"https:\/\/motycs.it\/shop\/"},{"@type":"ListItem","position":3,"name":"Sistemi di controllo omologativi"}]},{"@type":"WebSite","@id":"https:\/\/motycs.it\/#website","url":"https:\/\/motycs.it\/","name":"MOTYCS","description":"","publisher":{"@id":"https:\/\/motycs.it\/#organization"},"potentialAction":[{"@type":"SearchAction","target":{"@type":"EntryPoint","urlTemplate":"https:\/\/motycs.it\/?s={search_term_string}"},"query-input":{"@type":"PropertyValueSpecification","valueRequired":true,"valueName":"search_term_string"}}],"inLanguage":"fr-FR"},{"@type":"Organization","@id":"https:\/\/motycs.it\/#organization","name":"MOTYCS","url":"https:\/\/motycs.it\/","logo":{"@type":"ImageObject","inLanguage":"fr-FR","@id":"https:\/\/motycs.it\/#\/schema\/logo\/image\/","url":"https:\/\/motycs.it\/wp-content\/uploads\/2022\/03\/orizz_bianc.jpg","contentUrl":"https:\/\/motycs.it\/wp-content\/uploads\/2022\/03\/orizz_bianc.jpg","width":600,"height":159,"caption":"MOTYCS"},"image":{"@id":"https:\/\/motycs.it\/#\/schema\/logo\/image\/"},"sameAs":["https:\/\/www.facebook.com\/motycs\/","https:\/\/www.instagram.com\/motycs.teq\/","https:\/\/www.linkedin.com\/company\/motycs\/","https:\/\/www.pinterest.it\/Motycsdynamometer\/","https:\/\/www.youtube.com\/channel\/UCl_9nwLJn-fMI6UMZVc0tZw"]}]}},"_links":{"self":[{"href":"https:\/\/motycs.it\/fr\/wp-json\/wp\/v2\/product\/1003","targetHints":{"allow":["GET"]}}],"collection":[{"href":"https:\/\/motycs.it\/fr\/wp-json\/wp\/v2\/product"}],"about":[{"href":"https:\/\/motycs.it\/fr\/wp-json\/wp\/v2\/types\/product"}],"wp:featuredmedia":[{"embeddable":true,"href":"https:\/\/motycs.it\/fr\/wp-json\/wp\/v2\/media\/1075"}],"wp:attachment":[{"href":"https:\/\/motycs.it\/fr\/wp-json\/wp\/v2\/media?parent=1003"}],"wp:term":[{"taxonomy":"product_cat","embeddable":true,"href":"https:\/\/motycs.it\/fr\/wp-json\/wp\/v2\/product_cat?post=1003"},{"taxonomy":"product_tag","embeddable":true,"href":"https:\/\/motycs.it\/fr\/wp-json\/wp\/v2\/product_tag?post=1003"}],"curies":[{"name":"wp","href":"https:\/\/api.w.org\/{rel}","templated":true}]}}