{"id":1002,"date":"2022-03-17T18:49:16","date_gmt":"2022-03-17T17:49:16","guid":{"rendered":"https:\/\/motycs.it\/?post_type=product&#038;p=1002"},"modified":"2023-05-26T10:30:54","modified_gmt":"2023-05-26T08:30:54","slug":"prova-potenza","status":"publish","type":"product","link":"https:\/\/motycs.it\/fr\/product\/test-de-puissance\/","title":{"rendered":"Diagnostic et \u00e9talonnage"},"content":{"rendered":"<p>Produits <strong>avanc\u00e9e, actualis\u00e9e et flexible<\/strong>; capable de <strong>s'adapter au professionnalisme, \u00e0 la comp\u00e9tence et aux besoins de nos clients<\/strong>.<\/p>\n<p><strong>R\u00e9p\u00e9tabilit\u00e9 des essais, personnalisation du mat\u00e9riel et du logiciel, compatibilit\u00e9 des sondes et des actionneurs, extensibilit\u00e9 totale du syst\u00e8me<\/strong>; e sont les principes sur lesquels nous avons toujours aim\u00e9 d\u00e9velopper nos syst\u00e8mes d'essai de moteurs.<\/p>\n<h6><strong>Large gamme d'accessoires d\u00e9di\u00e9s \u00e0 la salle d'essai des moteurs <\/strong>(selon le mod\u00e8le) :<\/h6>\n<ul>\n<li><strong>Interface OBDII<\/strong> v\u00e9hicule<\/li>\n<li><strong>Sondes lambda <\/strong>et contr\u00f4leur<\/li>\n<li>Entr\u00e9es <strong>thermocouples<\/strong><\/li>\n<li><strong>Jusqu'\u00e0 24 canaux<\/strong> analogique\/num\u00e9rique, extensible<\/li>\n<li><strong>Interfaces de connexion<\/strong><\/li>\n<li><strong>Entra\u00eenements servocommand\u00e9s<\/strong><\/li>\n<li><strong>Prises contr\u00f4l\u00e9es<\/strong><\/li>\n<li><strong>Pince inductive<\/strong><\/li>\n<li><strong>T\u00e9l\u00e9commande<\/strong><\/li>\n<\/ul>\n<p><em><strong>N.B. Tous les kits sont fournis avec les capteurs, le c\u00e2blage et les accessoires utiles et n\u00e9cessaires au montage.<\/strong>.<\/em><\/p>\n<h6><strong>CARACT\u00c9RISTIQUES DU LOGICIEL DE CONTR\u00d4LE POUR LES BANCS D'ESSAI <\/strong><strong>SPORT DEVICES<\/strong><\/h6>\n<ul>\n<li>Il peut \u00eatre <strong>install\u00e9s sur tous les types de bancs d'essai de puissance<\/strong> consacr\u00e9 au monde de la <strong>diagnostic et calibration du moteur<\/strong><\/li>\n<li><strong>Logiciel moderne, personnalisable, \u00e0 fen\u00eatre mobile, con\u00e7u pour faciliter le travail du d\u00e9veloppeur<\/strong> dans la gestion des sondes\/canaux et des donn\u00e9es, avec autant de flexibilit\u00e9 et d'efficacit\u00e9 que possible<\/li>\n<li><strong>Jusqu'\u00e0 3 \u00e9crans en temps r\u00e9el<\/strong> (n\u00e9cessite une carte vid\u00e9o d\u00e9di\u00e9e)<\/li>\n<li>Il permet <strong>comparer un nombre illimit\u00e9 de courbes<\/strong> lue dans la base de donn\u00e9es, \u00e0 laquelle est attribu\u00e9e une couleur diff\u00e9rente. Cela permet de <strong>\u00e9valuer les changements et les am\u00e9liorations avant et apr\u00e8s les modifications<\/strong>. Un pointeur automatique mesure la diff\u00e9rence entre les courbes sur l'ensemble du graphique en plus de leur mesure ponctuelle,<\/li>\n<li><strong>Facteurs de correction<\/strong>ISO1585, SAEJ1349, DIN70020, JISD1001, EC95-1, EWG 80\/ 1269 (<strong>Il permet \u00e9galement de corriger les courbes en fonction de la temp\u00e9rature d'entr\u00e9e de l'air.<\/strong>(par l'interm\u00e9diaire de l'interface OBD ou d'une sonde externe)<\/li>\n<li><strong>Possibilit\u00e9 de comparer les diff\u00e9rents tests effectu\u00e9s, en les superposant<\/strong><\/li>\n<li><strong>L'unit\u00e9 de mesure de la puissance (Kw, Cv), du couple (Kg *m, N*m)<\/strong> est s\u00e9lectionnable par l'utilisateur.<\/li>\n<li><a href=\"https:\/\/www.sportdevices.com\/sportdyno41-whats-new.php\">Mises \u00e0 jour du logiciel incluses et t\u00e9l\u00e9chargeables directement \u00e0 partir du site web<\/a><\/li>\n<li>Modes de test disponibles : <strong>Inertie, freinage constant, rampe, simulation routi\u00e8re, \u00e9tat stable<\/strong>.<\/li>\n<li><strong>Connexion Ethernet \u00e0 haut d\u00e9bit, CANBUS, Bluetooth (en option), RS232<\/strong>.<\/li>\n<li><strong>Interface de v\u00e9hicule OBDII, station m\u00e9t\u00e9orologique int\u00e9gr\u00e9e ou externe. <\/strong><\/li>\n<li><strong>Prise en charge de diff\u00e9rents mod\u00e8les d'analyseurs de gaz d'\u00e9chappement<\/strong><\/li>\n<li>Le syst\u00e8me met en \u0153uvre un <strong>commande de frein \"en boucle ferm\u00e9e<\/strong>. Il fonctionne \u00e9galement sans ordinateur (t\u00e9l\u00e9commande).<\/li>\n<li><strong>Commande \u00e0 distance de l'actionneur d'acc\u00e9l\u00e9rateur, de l'actionneur d'embrayage, de la bo\u00eete de vitesses, des ventilateurs<\/strong> etc. \u00e0 partir d'un logiciel PC.<\/li>\n<li><strong>Interface disponible en 10 langues<\/strong>, y compris French.<\/li>\n<\/ul>\n<p><a href=\"https:\/\/www.sportdevices.com\/sportdyno.php\" target=\"_blank\" rel=\"noopener\">Pour en savoir plus, cliquez ici <strong>plus de d\u00e9tails sur le logiciel<\/strong> de contr\u00f4le de Sportdyno<\/a> (lien vers le site de Sport Devices en anglais)<\/p>\n<p><a href=\"https:\/\/www.sportdevices.com\/download.php\" target=\"_blank\" rel=\"noopener\">Ici, vous pouvez <strong>t\u00e9l\u00e9charger et installer la derni\u00e8re version disponible<\/strong>, pour voir sa fonctionnalit\u00e9<\/a> (lien vers le site de Sport Devices en anglais)<\/p>\n<h6><strong>CANAUX D'ACQUISITION DE DONN\u00c9ES\u00a0<\/strong><\/h6>\n<ul>\n<li>Le syst\u00e8me de contr\u00f4le et d'acquisition de Sport Devices offre <strong>plusieurs cha\u00eenes \u00e9galement sous relais<\/strong>d\u00e9di\u00e9 \u00e0 l'acquisition de donn\u00e9es provenant de capteurs lambda, de pression et de thermocouples, qu'ils soient analogiques ou num\u00e9riques (les syst\u00e8mes offrent jusqu'\u00e0 24 canaux dans la version SP6). <strong>Il peut g\u00e9rer de mani\u00e8re autonome les diff\u00e9rents syst\u00e8mes de ventilation de la salle d'essai.<\/strong>, avec quatre prises contr\u00f4l\u00e9es, configurables et ind\u00e9pendantes.<\/li>\n<\/ul>\n<h6><strong>TESTS EX\u00c9CUTABLES<\/strong><\/h6>\n<ul>\n<li><strong>Mesures de puissance<\/strong> (\u00e0 la roue, \u00e0 l'arbre d'entra\u00eenement, dissiper)<\/li>\n<li><strong>Test d'acc\u00e9l\u00e9ration et de d\u00e9c\u00e9l\u00e9ration<\/strong> (Pour \u00e9valuer les performances du v\u00e9hicule lorsqu'il est soumis \u00e0 des charges externes)<\/li>\n<li><strong>Simulation de route<\/strong> (Pour v\u00e9rifier les performances du v\u00e9hicule, y compris \u00e0 l'aide d'outils de diagnostic)<\/li>\n<li><strong>Essais inertiels d'acc\u00e9l\u00e9ration et de d\u00e9c\u00e9l\u00e9ration<\/strong><\/li>\n<li><strong>Tests par \u00e9tapes, tours constants, tests programmables comme simulation de tour\/circuit<\/strong> (fichier CSV)<\/li>\n<\/ul>\n<p><a href=\"https:\/\/motycs.it\/wp-content\/uploads\/2023\/05\/dyno-daq-system-motycs.jpg\"><img loading=\"lazy\" decoding=\"async\" class=\"aligncenter wp-image-1589 size-full\" title=\"sportdevices spordyno test bench\" src=\"https:\/\/motycs.it\/wp-content\/uploads\/2023\/05\/dyno-daq-system-motycs.jpg\" alt=\"banc d&#039;essai logiciel dispositifs sportifs\" width=\"800\" height=\"800\" srcset=\"https:\/\/motycs.it\/wp-content\/uploads\/2023\/05\/dyno-daq-system-motycs.jpg 800w, https:\/\/motycs.it\/wp-content\/uploads\/2023\/05\/dyno-daq-system-motycs-300x300.jpg 300w, https:\/\/motycs.it\/wp-content\/uploads\/2023\/05\/dyno-daq-system-motycs-150x150.jpg 150w, https:\/\/motycs.it\/wp-content\/uploads\/2023\/05\/dyno-daq-system-motycs-768x768.jpg 768w, https:\/\/motycs.it\/wp-content\/uploads\/2023\/05\/dyno-daq-system-motycs-600x600.jpg 600w, https:\/\/motycs.it\/wp-content\/uploads\/2023\/05\/dyno-daq-system-motycs-100x100.jpg 100w\" sizes=\"auto, (max-width: 800px) 100vw, 800px\" \/><\/a><\/p>\n<h6>REGARDS<\/h6>\n<ul>\n<li><strong><a href=\"https:\/\/motycs.it\/fr\/concepts-de-base-bancs-de-puissance\/\">D\u00e9couvrir les concepts de base des bancs d'essai pour moteurs et rouleaux<\/a><\/strong><\/li>\n<li><strong><a href=\"https:\/\/motycs.it\/fr\/bancs-dessai-4wd\/\">Avantages des bancs d'essai de puissance des essieux coupl\u00e9s 4RM<\/a><\/strong><\/li>\n<li><strong><a href=\"https:\/\/motycs.it\/fr\/bancs-de-puissance-monorouleau-biroll\/\">Bancs d'essai MONO-roller et BI-roller<\/a><\/strong><\/li>\n<li><a href=\"https:\/\/motycs.it\/fr\/puissance-dissipee-banques-etanches\/\"><strong>Dissipation de puissance<\/strong><\/a><\/li>\n<\/ul>","protected":false},"excerpt":{"rendered":"<p><strong>METTRE \u00c0 JOUR VOTRE BANC D'ESSAI\u00a0<\/strong><\/p>\n<ul>\n<li><strong>Applicable \u00e0<\/strong> <strong>tout type de banc d'essai<\/strong> pouvoir<\/li>\n<li><strong>Logiciel de pointe<\/strong>avec panneaux mobiles<\/li>\n<li><strong>Jusqu'\u00e0 24 canaux analogiques\/num\u00e9riques<\/strong><\/li>\n<\/ul>\n<p>D\u00e9couvrez les mod\u00e8les disponibles (lien vers le site de Sport Devices)<\/p>\n<div class=\"page\" title=\"Page 4\">\n<div class=\"section\">\n<div class=\"layoutArea\">\n<div class=\"column\">\n<ul>\n<li><strong>2WD\/motos<\/strong> l'inertie :\u00a0 <em><a href=\"https:\/\/www.sportdevices.com\/sp1.php\" target=\"_blank\" rel=\"noopener\">Mod. <strong>SP1<\/strong><\/a><\/em><\/li>\n<li><strong>2WD\/motos<\/strong> frein\u00e9 : <em><a href=\"https:\/\/www.sportdevices.com\/sp1_plus.php\" target=\"_blank\" rel=\"noopener\">Mod. <strong>SP1+<\/strong><\/a><\/em><\/li>\n<li><strong>4RM<\/strong> l'inertie :\u00a0 <em><a href=\"http:\/\/sportdevices.com\/sp1_plus.php\">Mod.<strong>SP1 AWDI<\/strong><\/a><strong>\u00a0 <\/strong><\/em><\/li>\n<li><strong>4RM<\/strong> Freins :\u00a0 <em><a href=\"https:\/\/www.sportdevices.com\/sp5.php\">Mod : <strong>SP5<\/strong><\/a> \/ <strong><a href=\"https:\/\/www.sportdevices.com\/sp6.php\" target=\"_blank\" rel=\"noopener\">SP6<\/a><\/strong><\/em><\/li>\n<li><strong>2RM\/4RM frein\u00e9 aussi DYNO DU MOYEN<\/strong>: <a href=\"https:\/\/www.sportdevices.com\/sp6.php\"><em>Mod. <strong>SP6<\/strong><\/em><\/a><\/li>\n<li><strong>Bancs d'essai de moteurs :<\/strong> \u00a0<strong><em><a href=\"https:\/\/www.sportdevices.com\/sp1_plus.php\" target=\"_blank\" rel=\"noopener\">Mod. SP1+<\/a><\/em><\/strong> \/ <em><a href=\"https:\/\/www.sportdevices.com\/sp5.php\"><strong>SP5<\/strong><\/a> \/ <strong><a href=\"https:\/\/www.sportdevices.com\/sp6.php\" target=\"_blank\" rel=\"noopener\">SP6<\/a><\/strong><\/em><\/li>\n<\/ul>\n<\/div>\n<\/div>\n<\/div>\n<\/div>","protected":false},"featured_media":1146,"template":"","meta":[],"product_cat":[95],"product_tag":[108,107,143],"class_list":["post-1002","product","type-product","status-publish","has-post-thumbnail","hentry","product_cat-sistemi-di-controllo","product_tag-aggiornamento-banchi-prova-potenza","product_tag-sistemi-di-acquisizione","product_tag-software-banchi-prova"],"yoast_head":"<!-- This site is optimized with the Yoast SEO plugin v26.5 - https:\/\/yoast.com\/wordpress\/plugins\/seo\/ -->\n<title>Diagnosi e Calibrazione - MOTYCS<\/title>\n<meta name=\"description\" content=\"Rinnova il tuo banco prova potenza auto, moto o motore. Scopri i sistemi di controllo ed acquisizione Sport Devices. Contattaci per maggiori informazioni\" \/>\n<meta name=\"robots\" content=\"index, follow, max-snippet:-1, max-image-preview:large, max-video-preview:-1\" \/>\n<link rel=\"canonical\" href=\"https:\/\/motycs.it\/fr\/product\/test-de-puissance\/\" \/>\n<meta property=\"og:locale\" content=\"fr_FR\" \/>\n<meta property=\"og:type\" content=\"article\" \/>\n<meta property=\"og:title\" content=\"Diagnosi e Calibrazione - MOTYCS\" \/>\n<meta property=\"og:description\" content=\"Rinnova il tuo banco prova potenza auto, moto o motore. Scopri i sistemi di controllo ed acquisizione Sport Devices. Contattaci per maggiori informazioni\" \/>\n<meta property=\"og:url\" content=\"https:\/\/motycs.it\/fr\/product\/test-de-puissance\/\" \/>\n<meta property=\"og:site_name\" content=\"MOTYCS\" \/>\n<meta property=\"article:publisher\" content=\"https:\/\/www.facebook.com\/motycs\/\" \/>\n<meta property=\"article:modified_time\" content=\"2023-05-26T08:30:54+00:00\" \/>\n<meta property=\"og:image\" content=\"https:\/\/motycs.it\/wp-content\/uploads\/2022\/03\/SP5-motycs-bancoprovapotenza.jpeg\" \/>\n\t<meta property=\"og:image:width\" content=\"1200\" \/>\n\t<meta property=\"og:image:height\" content=\"846\" \/>\n\t<meta property=\"og:image:type\" content=\"image\/jpeg\" \/>\n<meta name=\"twitter:card\" content=\"summary_large_image\" \/>\n<meta name=\"twitter:label1\" content=\"Dur\u00e9e de lecture estim\u00e9e\" \/>\n\t<meta name=\"twitter:data1\" content=\"3 minutes\" \/>\n<script type=\"application\/ld+json\" class=\"yoast-schema-graph\">{\"@context\":\"https:\/\/schema.org\",\"@graph\":[{\"@type\":\"WebPage\",\"@id\":\"https:\/\/motycs.it\/product\/prova-potenza\/\",\"url\":\"https:\/\/motycs.it\/product\/prova-potenza\/\",\"name\":\"Diagnosi e Calibrazione - MOTYCS\",\"isPartOf\":{\"@id\":\"https:\/\/motycs.it\/#website\"},\"primaryImageOfPage\":{\"@id\":\"https:\/\/motycs.it\/product\/prova-potenza\/#primaryimage\"},\"image\":{\"@id\":\"https:\/\/motycs.it\/product\/prova-potenza\/#primaryimage\"},\"thumbnailUrl\":\"https:\/\/motycs.it\/wp-content\/uploads\/2022\/03\/SP5-motycs-bancoprovapotenza.jpeg\",\"datePublished\":\"2022-03-17T17:49:16+00:00\",\"dateModified\":\"2023-05-26T08:30:54+00:00\",\"description\":\"Rinnova il tuo banco prova potenza auto, moto o motore. Scopri i sistemi di controllo ed acquisizione Sport Devices. Contattaci per maggiori informazioni\",\"breadcrumb\":{\"@id\":\"https:\/\/motycs.it\/product\/prova-potenza\/#breadcrumb\"},\"inLanguage\":\"fr-FR\",\"potentialAction\":[{\"@type\":\"ReadAction\",\"target\":[\"https:\/\/motycs.it\/product\/prova-potenza\/\"]}]},{\"@type\":\"ImageObject\",\"inLanguage\":\"fr-FR\",\"@id\":\"https:\/\/motycs.it\/product\/prova-potenza\/#primaryimage\",\"url\":\"https:\/\/motycs.it\/wp-content\/uploads\/2022\/03\/SP5-motycs-bancoprovapotenza.jpeg\",\"contentUrl\":\"https:\/\/motycs.it\/wp-content\/uploads\/2022\/03\/SP5-motycs-bancoprovapotenza.jpeg\",\"width\":1200,\"height\":846},{\"@type\":\"BreadcrumbList\",\"@id\":\"https:\/\/motycs.it\/product\/prova-potenza\/#breadcrumb\",\"itemListElement\":[{\"@type\":\"ListItem\",\"position\":1,\"name\":\"Home\",\"item\":\"https:\/\/motycs.it\/\"},{\"@type\":\"ListItem\",\"position\":2,\"name\":\"Shop\",\"item\":\"https:\/\/motycs.it\/shop\/\"},{\"@type\":\"ListItem\",\"position\":3,\"name\":\"Diagnosi e Calibrazione\"}]},{\"@type\":\"WebSite\",\"@id\":\"https:\/\/motycs.it\/#website\",\"url\":\"https:\/\/motycs.it\/\",\"name\":\"MOTYCS\",\"description\":\"\",\"publisher\":{\"@id\":\"https:\/\/motycs.it\/#organization\"},\"potentialAction\":[{\"@type\":\"SearchAction\",\"target\":{\"@type\":\"EntryPoint\",\"urlTemplate\":\"https:\/\/motycs.it\/?s={search_term_string}\"},\"query-input\":{\"@type\":\"PropertyValueSpecification\",\"valueRequired\":true,\"valueName\":\"search_term_string\"}}],\"inLanguage\":\"fr-FR\"},{\"@type\":\"Organization\",\"@id\":\"https:\/\/motycs.it\/#organization\",\"name\":\"MOTYCS\",\"url\":\"https:\/\/motycs.it\/\",\"logo\":{\"@type\":\"ImageObject\",\"inLanguage\":\"fr-FR\",\"@id\":\"https:\/\/motycs.it\/#\/schema\/logo\/image\/\",\"url\":\"https:\/\/motycs.it\/wp-content\/uploads\/2022\/03\/orizz_bianc.jpg\",\"contentUrl\":\"https:\/\/motycs.it\/wp-content\/uploads\/2022\/03\/orizz_bianc.jpg\",\"width\":600,\"height\":159,\"caption\":\"MOTYCS\"},\"image\":{\"@id\":\"https:\/\/motycs.it\/#\/schema\/logo\/image\/\"},\"sameAs\":[\"https:\/\/www.facebook.com\/motycs\/\",\"https:\/\/www.instagram.com\/motycs.teq\/\",\"https:\/\/www.linkedin.com\/company\/motycs\/\",\"https:\/\/www.pinterest.it\/Motycsdynamometer\/\",\"https:\/\/www.youtube.com\/channel\/UCl_9nwLJn-fMI6UMZVc0tZw\"]}]}<\/script>\n<!-- \/ Yoast SEO plugin. -->","yoast_head_json":{"title":"Diagnostic et \u00e9talonnage - MOTYCS","description":"Renouvelez votre banc d'essai de puissance pour voiture, moto ou moteur. D\u00e9couvrez les syst\u00e8mes de contr\u00f4le et d'acquisition de Sport Devices. Contactez-nous pour plus d'informations","robots":{"index":"index","follow":"follow","max-snippet":"max-snippet:-1","max-image-preview":"max-image-preview:large","max-video-preview":"max-video-preview:-1"},"canonical":"https:\/\/motycs.it\/fr\/product\/test-de-puissance\/","og_locale":"fr_FR","og_type":"article","og_title":"Diagnosi e Calibrazione - MOTYCS","og_description":"Rinnova il tuo banco prova potenza auto, moto o motore. Scopri i sistemi di controllo ed acquisizione Sport Devices. Contattaci per maggiori informazioni","og_url":"https:\/\/motycs.it\/fr\/product\/test-de-puissance\/","og_site_name":"MOTYCS","article_publisher":"https:\/\/www.facebook.com\/motycs\/","article_modified_time":"2023-05-26T08:30:54+00:00","og_image":[{"width":1200,"height":846,"url":"https:\/\/motycs.it\/wp-content\/uploads\/2022\/03\/SP5-motycs-bancoprovapotenza.jpeg","type":"image\/jpeg"}],"twitter_card":"summary_large_image","twitter_misc":{"Dur\u00e9e de lecture estim\u00e9e":"3 minutes"},"schema":{"@context":"https:\/\/schema.org","@graph":[{"@type":"WebPage","@id":"https:\/\/motycs.it\/product\/prova-potenza\/","url":"https:\/\/motycs.it\/product\/prova-potenza\/","name":"Diagnostic et \u00e9talonnage - MOTYCS","isPartOf":{"@id":"https:\/\/motycs.it\/#website"},"primaryImageOfPage":{"@id":"https:\/\/motycs.it\/product\/prova-potenza\/#primaryimage"},"image":{"@id":"https:\/\/motycs.it\/product\/prova-potenza\/#primaryimage"},"thumbnailUrl":"https:\/\/motycs.it\/wp-content\/uploads\/2022\/03\/SP5-motycs-bancoprovapotenza.jpeg","datePublished":"2022-03-17T17:49:16+00:00","dateModified":"2023-05-26T08:30:54+00:00","description":"Renouvelez votre banc d'essai de puissance pour voiture, moto ou moteur. D\u00e9couvrez les syst\u00e8mes de contr\u00f4le et d'acquisition de Sport Devices. Contactez-nous pour plus d'informations","breadcrumb":{"@id":"https:\/\/motycs.it\/product\/prova-potenza\/#breadcrumb"},"inLanguage":"fr-FR","potentialAction":[{"@type":"ReadAction","target":["https:\/\/motycs.it\/product\/prova-potenza\/"]}]},{"@type":"ImageObject","inLanguage":"fr-FR","@id":"https:\/\/motycs.it\/product\/prova-potenza\/#primaryimage","url":"https:\/\/motycs.it\/wp-content\/uploads\/2022\/03\/SP5-motycs-bancoprovapotenza.jpeg","contentUrl":"https:\/\/motycs.it\/wp-content\/uploads\/2022\/03\/SP5-motycs-bancoprovapotenza.jpeg","width":1200,"height":846},{"@type":"BreadcrumbList","@id":"https:\/\/motycs.it\/product\/prova-potenza\/#breadcrumb","itemListElement":[{"@type":"ListItem","position":1,"name":"Home","item":"https:\/\/motycs.it\/"},{"@type":"ListItem","position":2,"name":"Shop","item":"https:\/\/motycs.it\/shop\/"},{"@type":"ListItem","position":3,"name":"Diagnosi e Calibrazione"}]},{"@type":"WebSite","@id":"https:\/\/motycs.it\/#website","url":"https:\/\/motycs.it\/","name":"MOTYCS","description":"","publisher":{"@id":"https:\/\/motycs.it\/#organization"},"potentialAction":[{"@type":"SearchAction","target":{"@type":"EntryPoint","urlTemplate":"https:\/\/motycs.it\/?s={search_term_string}"},"query-input":{"@type":"PropertyValueSpecification","valueRequired":true,"valueName":"search_term_string"}}],"inLanguage":"fr-FR"},{"@type":"Organization","@id":"https:\/\/motycs.it\/#organization","name":"MOTYCS","url":"https:\/\/motycs.it\/","logo":{"@type":"ImageObject","inLanguage":"fr-FR","@id":"https:\/\/motycs.it\/#\/schema\/logo\/image\/","url":"https:\/\/motycs.it\/wp-content\/uploads\/2022\/03\/orizz_bianc.jpg","contentUrl":"https:\/\/motycs.it\/wp-content\/uploads\/2022\/03\/orizz_bianc.jpg","width":600,"height":159,"caption":"MOTYCS"},"image":{"@id":"https:\/\/motycs.it\/#\/schema\/logo\/image\/"},"sameAs":["https:\/\/www.facebook.com\/motycs\/","https:\/\/www.instagram.com\/motycs.teq\/","https:\/\/www.linkedin.com\/company\/motycs\/","https:\/\/www.pinterest.it\/Motycsdynamometer\/","https:\/\/www.youtube.com\/channel\/UCl_9nwLJn-fMI6UMZVc0tZw"]}]}},"_links":{"self":[{"href":"https:\/\/motycs.it\/fr\/wp-json\/wp\/v2\/product\/1002","targetHints":{"allow":["GET"]}}],"collection":[{"href":"https:\/\/motycs.it\/fr\/wp-json\/wp\/v2\/product"}],"about":[{"href":"https:\/\/motycs.it\/fr\/wp-json\/wp\/v2\/types\/product"}],"wp:featuredmedia":[{"embeddable":true,"href":"https:\/\/motycs.it\/fr\/wp-json\/wp\/v2\/media\/1146"}],"wp:attachment":[{"href":"https:\/\/motycs.it\/fr\/wp-json\/wp\/v2\/media?parent=1002"}],"wp:term":[{"taxonomy":"product_cat","embeddable":true,"href":"https:\/\/motycs.it\/fr\/wp-json\/wp\/v2\/product_cat?post=1002"},{"taxonomy":"product_tag","embeddable":true,"href":"https:\/\/motycs.it\/fr\/wp-json\/wp\/v2\/product_tag?post=1002"}],"curies":[{"name":"wp","href":"https:\/\/api.w.org\/{rel}","templated":true}]}}