{"id":955,"date":"2022-03-15T19:14:52","date_gmt":"2022-03-15T18:14:52","guid":{"rendered":"https:\/\/motycs.it\/?page_id=955"},"modified":"2023-05-06T16:08:02","modified_gmt":"2023-05-06T14:08:02","slug":"chi-siamo","status":"publish","type":"page","link":"https:\/\/motycs.it\/fr\/qui-nous-sommes\/","title":{"rendered":"A propos de nous"},"content":{"rendered":"<div data-vc-full-width=\"true\" data-vc-full-width-init=\"false\" class=\"vc_row wpb_row vc_row-fluid vc_custom_1661159702438 vc_row-has-fill\"><div class=\"wpb_column vc_column_container vc_col-sm-12\"><div class=\"vc_column-inner\"><div class=\"wpb_wrapper\"><div class=\"sc_section margin_top_large margin_bottom_large\" data-animation=\"animated fadeInUp normal\" style=\"max-width: 1030px; margin: auto;\"><div class=\"sc_section_inner\"><h6 class=\"sc_section_subtitle sc_item_subtitle\">Bienvenue !<\/h6><h3 class=\"sc_section_title sc_item_title sc_item_title_without_descr\">\u00c0 propos de nous<\/h3><div class=\"sc_section_content_wrap\">\n\t<div class=\"wpb_text_column wpb_content_element  vc_custom_1682407524825\" >\n\t\t<div class=\"wpb_wrapper\">\n\t\t\t<p><strong>MOTYCS<\/strong> r\u00e9unit les <strong>20 ans d'exp\u00e9rience <\/strong>des r\u00e9alit\u00e9s n\u00e9es et \u00e9lev\u00e9es dans la <strong>MotorValley italienne de l'automobile<\/strong>, qui, elle aussi <strong>la passion au c\u0153ur de l'action<\/strong>, depuis toujours <strong>consacrent leurs ressources au monde des moteurs <\/strong>et le<strong>\u00a0mat\u00e9riel d'essai.<\/strong><\/p>\n<p>Au cours de ces plus de 20 ans d'exp\u00e9rience et de collaboration<strong>\u00a0avec des entreprises prestigieuses du secteur automobile<\/strong>, nous avons cr\u00e9\u00e9 <strong>projets importants <\/strong><strong>\u00e0 <a href=\"https:\/\/motycs.it\/fr\/systemes-homologues\/\">diff\u00e9rents domaines d'application<\/a>.<\/strong><\/p>\n\n\t\t<\/div>\n\t<\/div>\n<\/div><\/div><\/div><h4 class=\"sc_title sc_title_regular margin_bottom_small\">NOS PRODUITS ET SERVICES<\/h4><div class=\"sc_accordion\" data-active=\"0\"><div class=\"sc_accordion_item odd first\"><h5 class=\"sc_accordion_title\"><span class=\"sc_accordion_icon sc_accordion_icon_closed icon-plus\"><\/span><span class=\"sc_accordion_icon sc_accordion_icon_opened icon-minus\"><\/span>Bancs d'essai de puissance et enregistreurs de donn\u00e9es - Appareils de sport<\/h5><div class=\"sc_accordion_content\">\n\t<div class=\"wpb_text_column wpb_content_element\" >\n\t\t<div class=\"wpb_wrapper\">\n\t\t\t<p>Nous sommes <strong>distributeurs exclusifs de la marque <a href=\"https:\/\/www.sportdevices.com\/\">SPORT DEVICES<\/a>, qui d\u00e9veloppe depuis plus de 20 ans des \u00e9quipements pour les ateliers et les pr\u00e9parateurs, <\/strong>dont la gamme de produits comprend<\/p>\n<ul>\n<li><strong><a href=\"https:\/\/motycs.it\/fr\/product\/bancs-de-puissance-2wd\/\">Bancs de puissance pour voitures \u00e0 deux roues motrices<\/a><\/strong><\/li>\n<li><a href=\"https:\/\/motycs.it\/fr\/product\/test-de-puissance-4wd\/\"><strong>Bancs de puissance 4RM avec essieux reli\u00e9s<\/strong><\/a><\/li>\n<li><a href=\"https:\/\/motycs.it\/fr\/product\/essais-de-puissance-motocycles\/\"><strong>Bancs d'essai pour motos<\/strong><\/a><\/li>\n<li><a href=\"https:\/\/motycs.it\/fr\/product\/test-de-puissance\/\"><strong>Syst\u00e8mes de contr\u00f4le et d'acquisition<\/strong><\/a> (pour <strong>renouveler les bancs d'essai<\/strong>)<\/li>\n<li><strong><a href=\"https:\/\/motycs.it\/fr\/product\/machine-a-amortisseurs\/\">Bancs d'essai pour absorbeurs de chocs<\/a><\/strong><\/li>\n<\/ul>\n<p>Pour en savoir plus, cliquez ici <strong><a href=\"https:\/\/motycs.it\/fr\/installation-banque-test\/\">quelques-unes de nos derni\u00e8res installations et caract\u00e9ristiques de produits<\/a><\/strong><\/p>\n\n\t\t<\/div>\n\t<\/div>\n<\/div><\/div><div class=\"sc_accordion_item even\"><h5 class=\"sc_accordion_title\"><span class=\"sc_accordion_icon sc_accordion_icon_closed icon-plus\"><\/span><span class=\"sc_accordion_icon sc_accordion_icon_opened icon-minus\"><\/span>BANCE D'ESSAI POUR L'HOMOLOGATION<\/h5><div class=\"sc_accordion_content\">\n\t<div class=\"wpb_text_column wpb_content_element\" >\n\t\t<div class=\"wpb_wrapper\">\n\t\t\t<p><strong>Nous concevons, r\u00e9alisons et fournissons des solutions personnalis\u00e9es<\/strong>dans les diff\u00e9rents domaines d'application :<\/p>\n<ul>\n<li><a href=\"https:\/\/motycs.it\/fr\/product\/banchi-omologativi\/\"><strong>Bancs d'essai \u00e0 rouleaux pour l'homologation, la recherche et le d\u00e9veloppement, la fin de ligne<\/strong><\/a><\/li>\n<li><a href=\"https:\/\/motycs.it\/fr\/product\/homologue\/\"><strong>Syst\u00e8mes de contr\u00f4le et d'acquisition pour le secteur de l'homologation et de la fin de ligne<\/strong><\/a><\/li>\n<\/ul>\n<p>Tous les domaines dans lesquels un <strong>une int\u00e9gration pouss\u00e9e aux exigences du client, en termes d'acquisition et de gestion des donn\u00e9es, visant \u00e9galement l'int\u00e9gration des processus.<\/strong><\/p>\n<p><strong><a href=\"https:\/\/motycs.it\/fr\/systemes-homologues\/\">D\u00e9couvrez les diff\u00e9rents domaines d'application de nos solutions<\/a><\/strong><\/p>\n\n\t\t<\/div>\n\t<\/div>\n<\/div><\/div><div class=\"sc_accordion_item odd\"><h5 class=\"sc_accordion_title\"><span class=\"sc_accordion_icon sc_accordion_icon_closed icon-plus\"><\/span><span class=\"sc_accordion_icon sc_accordion_icon_opened icon-minus\"><\/span>SYST\u00c8MES DE BRUIT ET DE VIBRATION (NVH)<\/h5><div class=\"sc_accordion_content\">\n\t<div class=\"wpb_text_column wpb_content_element\" >\n\t\t<div class=\"wpb_wrapper\">\n\t\t\t<p>\u00c9galement d\u00e9fini dans le secteur automobile\u00a0<strong>Syst\u00e8mes NVH (Noise Vibration Harshness)<\/strong>\u00a0sont con\u00e7us pour le traitement num\u00e9rique et l'analyse des signaux dynamiques, pour le traitement de l'information et pour l'analyse des donn\u00e9es.\u00a0<strong>analyse acoustique et vibratoire<\/strong>, \u00e0 utiliser dans :<\/p>\n<ul>\n<li><strong>Laboratoire, recherche et d\u00e9veloppement<\/strong><\/li>\n<li><strong>Ligne de production (fin de ligne)<\/strong><\/li>\n<li><strong>Contr\u00f4le des installations, <\/strong><strong>le contr\u00f4le de la qualit\u00e9<\/strong><\/li>\n<\/ul>\n<p><a href=\"https:\/\/motycs.it\/fr\/product\/systemes-nvh\/\"><strong>Visitez la page des produits et syst\u00e8mes Noise Vibration Harshness<\/strong><\/a><\/p>\n\n\t\t<\/div>\n\t<\/div>\n<\/div><\/div><div id=\"sc_accordion_item_1661160449203_0\" class=\"sc_accordion_item even\"><h5 class=\"sc_accordion_title\"><span class=\"sc_accordion_icon sc_accordion_icon_closed icon-plus\"><\/span><span class=\"sc_accordion_icon sc_accordion_icon_opened icon-minus\"><\/span>SALLES D'ESSAI DES MOTEURS ET ACCESSOIRES<\/h5><div class=\"sc_accordion_content\">\n\t<div class=\"wpb_text_column wpb_content_element\" >\n\t\t<div class=\"wpb_wrapper\">\n\t\t\t<p>Nous concevons et fournissons <strong>salles de r\u00e9p\u00e9tition enti\u00e8rement insonoris\u00e9es et accessoires, <\/strong>pour tous les domaines d'essais, y compris les essais d\u00e9di\u00e9s<strong>, le champ d'application de l'homologation :<\/strong><\/p>\n<ul>\n<li><a href=\"https:\/\/motycs.it\/fr\/product\/salieres\/\"><strong>Salles d'essais moteurs insonoris\u00e9es et \u00e9quip\u00e9es de syst\u00e8mes de traitement de l'air<\/strong><\/a><\/li>\n<li><a href=\"https:\/\/motycs.it\/fr\/product\/extraction-de-la-fumee\/\"><strong>Syst\u00e8mes d'extraction des fum\u00e9es<\/strong><\/a> et <a href=\"https:\/\/motycs.it\/fr\/product\/ventilation\/\"><strong>ventilation du moteur<\/strong><\/a><\/li>\n<\/ul>\n<p>Les salles sont <strong>con\u00e7us pour r\u00e9pondre \u00e0 diff\u00e9rents besoins d'application<\/strong>, dans diff\u00e9rents secteurs (automobile, agriculture, hydraulique, etc.).<\/p>\n\n\t\t<\/div>\n\t<\/div>\n<\/div><\/div><div id=\"sc_accordion_item_1661160449203_0\" class=\"sc_accordion_item odd\"><h5 class=\"sc_accordion_title\"><span class=\"sc_accordion_icon sc_accordion_icon_closed icon-plus\"><\/span><span class=\"sc_accordion_icon sc_accordion_icon_opened icon-minus\"><\/span>CENTRE D'ESSAI DES MOTEURS ET DES V\u00c9HICULES<\/h5><div class=\"sc_accordion_content\">\n\t<div class=\"wpb_text_column wpb_content_element\" >\n\t\t<div class=\"wpb_wrapper\">\n\t\t\t<p><strong>Nous avons <a href=\"https:\/\/motycs.it\/fr\/services-moteurs-dessai\/#:~:text=SALE-,BANCHI,-PROVA MOTORE\">salles d'essai des moteurs<\/a>, \u00e9quip\u00e9 de bancs \u00e0 moteur et \u00e0 rouleaux, pour <a href=\"https:\/\/motycs.it\/fr\/services-moteurs-dessai\/#:~:text=BANCO PROVA A-,RULLI,-AUTO\">voitures<\/a> e <a href=\"https:\/\/motycs.it\/fr\/services-moteurs-dessai\/#:~:text=BANCO PROVA A-,RULLI,-PER MOTOCICLI\">motos<\/a>. <\/strong>Les installations \u00e9quip\u00e9es d'un<strong> gamme compl\u00e8te de capteurs de pointe<\/strong>. Nous avons \u00e9largi nos comp\u00e9tences et nos services au fil du temps : <strong>du prototype <\/strong>jusqu'\u00e0 ce que le<strong>l'analyse des donn\u00e9es de suivi <\/strong>e<strong> essais sur route :<\/strong><\/p>\n<ul>\n<li><strong>TESTS SUR BANCS D'ESSAI<\/strong> BANCS POUR MOTEURS ET ROULEAUX<\/li>\n<li><strong>PR\u00c9-APPROBATION <\/strong>ET<strong> HOMOLOGATION<\/strong> <strong>MOTEURS<\/strong>, <strong>CALIBRATION DE L'ECU<\/strong><\/li>\n<li><strong>\u00c9VALUATION <\/strong>ET<strong> L'AM\u00c9LIORATION DES PERFORMANCES<\/strong><\/li>\n<li><strong>LA V\u00c9RIFICATION DES \u00c9MISSIONS, <\/strong><strong>L'ACQUISITION DE DONN\u00c9ES, <\/strong><strong>TEST SUR ROUTE <\/strong>ET<strong> CIRCUIT<\/strong><\/li>\n<\/ul>\n<p><a href=\"https:\/\/motycs.it\/fr\/services-moteurs-dessai\/\"><strong>En savoir plus<\/strong> \u00e0 <strong>page d'essai du moteur.<\/strong><\/a><\/p>\n\n\t\t<\/div>\n\t<\/div>\n<\/div><\/div><\/div>\n\t<div class=\"wpb_text_column wpb_content_element  vc_custom_1683381752019\" >\n\t\t<div class=\"wpb_wrapper\">\n\t\t\t<h5><strong>LE SERVICE AVANT ET APR\u00c8S-VENTE<\/strong><\/h5>\n<p>Nous traitons des produits complexes et hautement personnalis\u00e9s. <strong>la valeur fondamentale d'\u00eatre en mesure de fournir \u00e0 nos clients un temps de r\u00e9ponse tr\u00e8s rapide<\/strong>, afin d'assurer une r\u00e9elle continuit\u00e9 op\u00e9rationnelle et la plus grande efficacit\u00e9 possible.<\/p>\n<p>Nous fournissons\u00a0 <strong>services d'installation, d'\u00e9talonnage et de maintenance <\/strong>pour l'ensemble de notre gamme de produits, <strong>dans toute l'Europe.<\/strong>.<\/p>\n<h5><strong>INDUSTRIE 4.0<\/strong><\/h5>\n<p><strong>Tous nos produits peuvent b\u00e9n\u00e9ficier des avantages suivants<\/strong> d\u00e9coulant des r\u00e9glementations relatives \u00e0 l'industrie 4.0. Nous pouvons \u00e9galement vous aider \u00e0 r\u00e9aliser <strong>une expertise sous serment pour \u00e9tayer le fait que les documents ont \u00e9t\u00e9 correctement remplis.<\/strong>.<\/p>\n<h5><strong>COLLABORATIONS<\/strong><\/h5>\n<div class=\"page\" title=\"Page 2\">\n<div class=\"section\">\n<div class=\"layoutArea\">\n<div class=\"column\">\n<p>Nous travaillons en <strong>une collaboration \u00e9troite avec certaines des entreprises les plus prestigieuses de la tradition automobile<\/strong>, s'engageant \u00e0 <strong>apporter une valeur ajout\u00e9e \u00e0 l'\u00e9tablissement de partenariats strat\u00e9giques<\/strong>; d\u00e9velopper des relations continues et de confiance avec les clients.<\/p>\n<h5>REGARDS<\/h5>\n<ul>\n<li><a href=\"https:\/\/motycs.it\/fr\/histoire-des-banques-de-puissance\/\"><strong>Histoire des bancs d'essai \u00e0 rouleaux<\/strong><\/a><\/li>\n<li><a href=\"https:\/\/motycs.it\/fr\/puissance-dissipee-banques-etanches\/\"><strong>Qu'est-ce que la dissipation de puissance ?<\/strong><\/a><\/li>\n<li><strong><a href=\"https:\/\/motycs.it\/fr\/bancs-dessai-4wd\/\">Avantages des bancs d'essai 4\u00d74 \u00e0 essieux coupl\u00e9s<\/a><\/strong><\/li>\n<li><a href=\"https:\/\/motycs.it\/fr\/facteurs-correction-pouvoir\/\"><b>Facteurs de correction de puissance DIN, CE, SAE...<\/b><\/a><\/li>\n<li><strong><a href=\"https:\/\/motycs.it\/fr\/systemes-homologues\/\">Homologation et bancs de fin de ligne<\/a><\/strong> domaines d'application<\/li>\n<\/ul>\n<p><strong><a href=\"https:\/\/motycs.it\/fr\/contacts\/\">Contactez-nous, sans engagement, pour plus d'informations <\/a><\/strong><\/p>\n<\/div>\n<\/div>\n<\/div>\n<\/div>\n\n\t\t<\/div>\n\t<\/div>\n<\/div><\/div><\/div><\/div><div class=\"vc_row-full-width vc_clearfix\"><\/div><div class=\"vc_row wpb_row vc_row-fluid\"><div class=\"wpb_column vc_column_container vc_col-sm-12\"><div class=\"vc_column-inner\"><div class=\"wpb_wrapper\"><div class=\"wpb_gallery wpb_content_element vc_clearfix\" ><div class=\"wpb_wrapper\"><h2 class=\"wpb_heading wpb_gallery_heading\">galerie<\/h2><div class=\"wpb_gallery_slides wpb_slider_nivo theme-default\" data-interval=\"3\"><div class=\"nivoSlider\"><img loading=\"lazy\" decoding=\"async\" class=\"\" src=\"https:\/\/motycs.it\/wp-content\/uploads\/2023\/05\/chassisdyno-4wd-linked-chassis-dynamometer-motycs.jpg\" width=\"800\" height=\"800\" alt=\"test bench-power-4x4-motycs\" title=\"chassisdyno-4wd-linked-chassis-dynamometer-motycs\" \/><img loading=\"lazy\" decoding=\"async\" class=\"\" src=\"https:\/\/motycs.it\/wp-content\/uploads\/2023\/05\/sistemacontrolloedacquisizione.jpg\" width=\"800\" height=\"800\" alt=\"Nos syst\u00e8mes d&#039;acquisition de donn\u00e9es\" title=\"syst\u00e8me de contr\u00f4le et d&#039;acquisition\" \/><img loading=\"lazy\" decoding=\"async\" class=\"\" src=\"https:\/\/motycs.it\/wp-content\/uploads\/2022\/09\/IMG_0809-800x800.jpg\" width=\"800\" height=\"800\" alt=\"IMG_0809\" title=\"IMG_0809\" \/><img loading=\"lazy\" decoding=\"async\" class=\"\" src=\"https:\/\/motycs.it\/wp-content\/uploads\/2023\/05\/dyno-controlo-room-motycs.jpg\" width=\"800\" height=\"800\" alt=\"syst\u00e8me de contr\u00f4le du banc d&#039;essai des moteurs\" title=\"dyno-controlo-room-motycs\" \/><img loading=\"lazy\" decoding=\"async\" class=\"\" src=\"https:\/\/motycs.it\/wp-content\/uploads\/2022\/03\/admtech-motycs-2wd-dynamometer-800x800.jpg\" width=\"800\" height=\"800\" alt=\"2wd dyno motycs sport devices\" title=\"admtech-motycs-2wd-dynamom\u00e8tre\" \/><img loading=\"lazy\" decoding=\"async\" class=\"\" src=\"https:\/\/motycs.it\/wp-content\/uploads\/2023\/05\/dyno-daq-system-motycs.jpg\" width=\"800\" height=\"800\" alt=\"banc d&#039;essai logiciel dispositifs sportifs\" title=\"dyno-daq-system-motycs\" \/><img loading=\"lazy\" decoding=\"async\" class=\"\" src=\"https:\/\/motycs.it\/wp-content\/uploads\/2023\/05\/2wd-banco-prova-potenza-motycs-dynamometer.jpg\" width=\"800\" height=\"800\" alt=\"2wd-bank-test-power-motycs-dynamometer\" title=\"2wd-bank-test-power-motycs-dynamometer\" \/><img loading=\"lazy\" decoding=\"async\" class=\"\" src=\"https:\/\/motycs.it\/wp-content\/uploads\/2022\/09\/IMG_0755-800x800.jpg\" width=\"800\" height=\"800\" alt=\"proca roller bench 3 screens\" title=\"IMG_0755\" \/><img loading=\"lazy\" decoding=\"async\" class=\"\" src=\"https:\/\/motycs.it\/wp-content\/uploads\/2023\/04\/Sonde_SP5-motycs-banco-prova-potenza.jpg\" width=\"800\" height=\"724\" alt=\"banc d&#039;essai interface dispositifs sportifs\" title=\"Sonde_SP5-motycs-bank-test-power\" \/><img loading=\"lazy\" decoding=\"async\" class=\"\" src=\"https:\/\/motycs.it\/wp-content\/uploads\/2023\/05\/4wd-banco-prova-potenza-motycs-master-tuning-dyno.jpg\" width=\"800\" height=\"800\" alt=\"banc d&#039;essai de puissance motycs mastertuning\" title=\"4wd-bank-test-power-motycs-master-tuning-dyno\" \/><\/div><\/div><\/div><\/div><\/div><\/div><\/div><\/div>","protected":false},"excerpt":{"rendered":"Bienvenue!A propos de nous MOTYCS r\u00e9unit les vingt ans d'exp\u00e9rience d'entreprises n\u00e9es et \u00e9lev\u00e9es dans la MotorValley italienne, qui, anim\u00e9es par la passion, ont toujours consacr\u00e9 leurs ressources au monde des moteurs et des \u00e9quipements d'essai. Au cours de ces plus de 20 ans d'exp\u00e9rience et de collaboration avec des entreprises prestigieuses du secteur automobile, nous avons r\u00e9alis\u00e9 d'importants projets dans le domaine de la [...]","protected":false},"author":1,"featured_media":0,"parent":0,"menu_order":0,"comment_status":"closed","ping_status":"closed","template":"","meta":{"footnotes":""},"class_list":["post-955","page","type-page","status-publish","hentry"],"yoast_head":"<!-- This site is optimized with the Yoast SEO plugin v26.5 - https:\/\/yoast.com\/wordpress\/plugins\/seo\/ -->\n<title>Motycs chi siamo<\/title>\n<meta name=\"description\" content=\"Da oltre 20 anni realizziamo banchi prova e servizi di testing motori ed altri sistemi. Siamo distributori esclusivi prodotti Sport Devices\" \/>\n<meta name=\"robots\" content=\"index, follow, max-snippet:-1, max-image-preview:large, max-video-preview:-1\" \/>\n<link rel=\"canonical\" href=\"https:\/\/motycs.it\/fr\/qui-nous-sommes\/\" \/>\n<meta property=\"og:locale\" content=\"fr_FR\" \/>\n<meta property=\"og:type\" content=\"article\" \/>\n<meta property=\"og:title\" content=\"Motycs chi siamo\" \/>\n<meta property=\"og:description\" content=\"Da oltre 20 anni realizziamo banchi prova e servizi di testing motori ed altri sistemi. Siamo distributori esclusivi prodotti Sport Devices\" \/>\n<meta property=\"og:url\" content=\"https:\/\/motycs.it\/fr\/qui-nous-sommes\/\" \/>\n<meta property=\"og:site_name\" content=\"MOTYCS\" \/>\n<meta property=\"article:publisher\" content=\"https:\/\/www.facebook.com\/motycs\/\" \/>\n<meta property=\"article:modified_time\" content=\"2023-05-06T14:08:02+00:00\" \/>\n<meta property=\"og:image\" content=\"https:\/\/motycs.it\/wp-content\/uploads\/2023\/05\/lancia-delta-integrale-banco-prova-potenza-dyno.jpg\" \/>\n\t<meta property=\"og:image:width\" content=\"800\" \/>\n\t<meta property=\"og:image:height\" content=\"800\" \/>\n\t<meta property=\"og:image:type\" content=\"image\/jpeg\" \/>\n<meta name=\"twitter:card\" content=\"summary_large_image\" \/>\n<meta name=\"twitter:label1\" content=\"Dur\u00e9e de lecture estim\u00e9e\" \/>\n\t<meta name=\"twitter:data1\" content=\"7 minutes\" \/>\n<script type=\"application\/ld+json\" class=\"yoast-schema-graph\">{\"@context\":\"https:\/\/schema.org\",\"@graph\":[{\"@type\":\"WebPage\",\"@id\":\"https:\/\/motycs.it\/chi-siamo\/\",\"url\":\"https:\/\/motycs.it\/chi-siamo\/\",\"name\":\"Motycs chi siamo\",\"isPartOf\":{\"@id\":\"https:\/\/motycs.it\/#website\"},\"datePublished\":\"2022-03-15T18:14:52+00:00\",\"dateModified\":\"2023-05-06T14:08:02+00:00\",\"description\":\"Da oltre 20 anni realizziamo banchi prova e servizi di testing motori ed altri sistemi. Siamo distributori esclusivi prodotti Sport Devices\",\"breadcrumb\":{\"@id\":\"https:\/\/motycs.it\/chi-siamo\/#breadcrumb\"},\"inLanguage\":\"fr-FR\",\"potentialAction\":[{\"@type\":\"ReadAction\",\"target\":[\"https:\/\/motycs.it\/chi-siamo\/\"]}]},{\"@type\":\"BreadcrumbList\",\"@id\":\"https:\/\/motycs.it\/chi-siamo\/#breadcrumb\",\"itemListElement\":[{\"@type\":\"ListItem\",\"position\":1,\"name\":\"Home\",\"item\":\"https:\/\/motycs.it\/\"},{\"@type\":\"ListItem\",\"position\":2,\"name\":\"Chi siamo\"}]},{\"@type\":\"WebSite\",\"@id\":\"https:\/\/motycs.it\/#website\",\"url\":\"https:\/\/motycs.it\/\",\"name\":\"MOTYCS\",\"description\":\"\",\"publisher\":{\"@id\":\"https:\/\/motycs.it\/#organization\"},\"potentialAction\":[{\"@type\":\"SearchAction\",\"target\":{\"@type\":\"EntryPoint\",\"urlTemplate\":\"https:\/\/motycs.it\/?s={search_term_string}\"},\"query-input\":{\"@type\":\"PropertyValueSpecification\",\"valueRequired\":true,\"valueName\":\"search_term_string\"}}],\"inLanguage\":\"fr-FR\"},{\"@type\":\"Organization\",\"@id\":\"https:\/\/motycs.it\/#organization\",\"name\":\"MOTYCS\",\"url\":\"https:\/\/motycs.it\/\",\"logo\":{\"@type\":\"ImageObject\",\"inLanguage\":\"fr-FR\",\"@id\":\"https:\/\/motycs.it\/#\/schema\/logo\/image\/\",\"url\":\"https:\/\/motycs.it\/wp-content\/uploads\/2022\/03\/orizz_bianc.jpg\",\"contentUrl\":\"https:\/\/motycs.it\/wp-content\/uploads\/2022\/03\/orizz_bianc.jpg\",\"width\":600,\"height\":159,\"caption\":\"MOTYCS\"},\"image\":{\"@id\":\"https:\/\/motycs.it\/#\/schema\/logo\/image\/\"},\"sameAs\":[\"https:\/\/www.facebook.com\/motycs\/\",\"https:\/\/www.instagram.com\/motycs.teq\/\",\"https:\/\/www.linkedin.com\/company\/motycs\/\",\"https:\/\/www.pinterest.it\/Motycsdynamometer\/\",\"https:\/\/www.youtube.com\/channel\/UCl_9nwLJn-fMI6UMZVc0tZw\"]}]}<\/script>\n<!-- \/ Yoast SEO plugin. -->","yoast_head_json":{"title":"Motycs qui nous sommes","description":"Depuis plus de 20 ans, nous fournissons des bancs d'essai et des services d'essai pour les moteurs et autres syst\u00e8mes. Nous sommes distributeurs exclusifs des produits Sport Devices","robots":{"index":"index","follow":"follow","max-snippet":"max-snippet:-1","max-image-preview":"max-image-preview:large","max-video-preview":"max-video-preview:-1"},"canonical":"https:\/\/motycs.it\/fr\/qui-nous-sommes\/","og_locale":"fr_FR","og_type":"article","og_title":"Motycs chi siamo","og_description":"Da oltre 20 anni realizziamo banchi prova e servizi di testing motori ed altri sistemi. Siamo distributori esclusivi prodotti Sport Devices","og_url":"https:\/\/motycs.it\/fr\/qui-nous-sommes\/","og_site_name":"MOTYCS","article_publisher":"https:\/\/www.facebook.com\/motycs\/","article_modified_time":"2023-05-06T14:08:02+00:00","og_image":[{"width":800,"height":800,"url":"https:\/\/motycs.it\/wp-content\/uploads\/2023\/05\/lancia-delta-integrale-banco-prova-potenza-dyno.jpg","type":"image\/jpeg"}],"twitter_card":"summary_large_image","twitter_misc":{"Dur\u00e9e de lecture estim\u00e9e":"7 minutes"},"schema":{"@context":"https:\/\/schema.org","@graph":[{"@type":"WebPage","@id":"https:\/\/motycs.it\/chi-siamo\/","url":"https:\/\/motycs.it\/chi-siamo\/","name":"Motycs qui nous sommes","isPartOf":{"@id":"https:\/\/motycs.it\/#website"},"datePublished":"2022-03-15T18:14:52+00:00","dateModified":"2023-05-06T14:08:02+00:00","description":"Depuis plus de 20 ans, nous fournissons des bancs d'essai et des services d'essai pour les moteurs et autres syst\u00e8mes. Nous sommes distributeurs exclusifs des produits Sport Devices","breadcrumb":{"@id":"https:\/\/motycs.it\/chi-siamo\/#breadcrumb"},"inLanguage":"fr-FR","potentialAction":[{"@type":"ReadAction","target":["https:\/\/motycs.it\/chi-siamo\/"]}]},{"@type":"BreadcrumbList","@id":"https:\/\/motycs.it\/chi-siamo\/#breadcrumb","itemListElement":[{"@type":"ListItem","position":1,"name":"Home","item":"https:\/\/motycs.it\/"},{"@type":"ListItem","position":2,"name":"Chi siamo"}]},{"@type":"WebSite","@id":"https:\/\/motycs.it\/#website","url":"https:\/\/motycs.it\/","name":"MOTYCS","description":"","publisher":{"@id":"https:\/\/motycs.it\/#organization"},"potentialAction":[{"@type":"SearchAction","target":{"@type":"EntryPoint","urlTemplate":"https:\/\/motycs.it\/?s={search_term_string}"},"query-input":{"@type":"PropertyValueSpecification","valueRequired":true,"valueName":"search_term_string"}}],"inLanguage":"fr-FR"},{"@type":"Organization","@id":"https:\/\/motycs.it\/#organization","name":"MOTYCS","url":"https:\/\/motycs.it\/","logo":{"@type":"ImageObject","inLanguage":"fr-FR","@id":"https:\/\/motycs.it\/#\/schema\/logo\/image\/","url":"https:\/\/motycs.it\/wp-content\/uploads\/2022\/03\/orizz_bianc.jpg","contentUrl":"https:\/\/motycs.it\/wp-content\/uploads\/2022\/03\/orizz_bianc.jpg","width":600,"height":159,"caption":"MOTYCS"},"image":{"@id":"https:\/\/motycs.it\/#\/schema\/logo\/image\/"},"sameAs":["https:\/\/www.facebook.com\/motycs\/","https:\/\/www.instagram.com\/motycs.teq\/","https:\/\/www.linkedin.com\/company\/motycs\/","https:\/\/www.pinterest.it\/Motycsdynamometer\/","https:\/\/www.youtube.com\/channel\/UCl_9nwLJn-fMI6UMZVc0tZw"]}]}},"_links":{"self":[{"href":"https:\/\/motycs.it\/fr\/wp-json\/wp\/v2\/pages\/955","targetHints":{"allow":["GET"]}}],"collection":[{"href":"https:\/\/motycs.it\/fr\/wp-json\/wp\/v2\/pages"}],"about":[{"href":"https:\/\/motycs.it\/fr\/wp-json\/wp\/v2\/types\/page"}],"author":[{"embeddable":true,"href":"https:\/\/motycs.it\/fr\/wp-json\/wp\/v2\/users\/1"}],"replies":[{"embeddable":true,"href":"https:\/\/motycs.it\/fr\/wp-json\/wp\/v2\/comments?post=955"}],"version-history":[{"count":97,"href":"https:\/\/motycs.it\/fr\/wp-json\/wp\/v2\/pages\/955\/revisions"}],"predecessor-version":[{"id":1643,"href":"https:\/\/motycs.it\/fr\/wp-json\/wp\/v2\/pages\/955\/revisions\/1643"}],"wp:attachment":[{"href":"https:\/\/motycs.it\/fr\/wp-json\/wp\/v2\/media?parent=955"}],"curies":[{"name":"wp","href":"https:\/\/api.w.org\/{rel}","templated":true}]}}