{"id":4,"date":"2016-09-12T08:33:47","date_gmt":"2016-09-12T08:33:47","guid":{"rendered":"https:\/\/motycs.it\/?page_id=4"},"modified":"2023-05-30T08:40:46","modified_gmt":"2023-05-30T06:40:46","slug":"motycs-banchi-prova-homepage","status":"publish","type":"page","link":"https:\/\/motycs.it\/fr\/","title":{"rendered":"Bancs d'essai des rouleaux et salles d'essai des moteurs"},"content":{"rendered":"<div class=\"vc_row wpb_row vc_row-fluid vc_custom_1474275685317\"><div class=\"wpb_column vc_column_container vc_col-sm-12 vc_col-has-fill\"><div class=\"vc_column-inner vc_custom_1646748953323\"><div class=\"wpb_wrapper\"><div class=\"columns_wrap sc_columns columns_nofluid no_margins sc_columns_count_12\" data-animation=\"animated fadeIn normal\"><div class=\"column-5_12 sc_column_item sc_column_item_1 odd first span_5\" style=\"text-align:center;\"><div class=\"sc_section margin_top_null section_style_call_section scheme_original aligncenter\" style=\"font-size:1.15em; line-height: 1.3em;font-weight:400;\"><div class=\"sc_section_inner\"><h6 class=\"sc_section_subtitle sc_item_subtitle\">BIENVENUE !<\/h6><div class=\"sc_section_descr sc_item_descr\">Nous avons accumul\u00e9 \u00e0 Motycs, plus de 20 ans d'exp\u00e9rience dans les essais de moteurs et d'\u00e9quipements<br \/>\nNous concevons, fabriquons et fournissons des bancs d'essai et des syst\u00e8mes de contr\u00f4le pour les secteurs de l'homologation, de la fin de ligne, de l'\u00e9talonnage des moteurs et du diagnostic.<\/div><div class=\"sc_section_content_wrap\"><\/div><div class=\"sc_section_button sc_item_button\"><a href=\"https:\/\/motycs.it\/fr\/qui-nous-sommes\/\" class=\"sc_button sc_button_square sc_button_style_filled sc_button_size_large\">qui nous sommes<\/a><\/div><\/div><\/div><\/div><div class=\"column-7_12 sc_column_item sc_column_item_6 even span_7\"><\/div><\/div><div class=\"vc_empty_space\"   style=\"height: 64px\"><span class=\"vc_empty_space_inner\"><\/span><\/div><\/div><\/div><\/div><\/div><div data-vc-full-width=\"true\" data-vc-full-width-init=\"false\" data-vc-stretch-content=\"true\" class=\"vc_row wpb_row vc_row-fluid vc_custom_1661426092543 vc_row-has-fill vc_row-no-padding\"><div class=\"wpb_column vc_column_container vc_col-sm-12\"><div class=\"vc_column-inner\"><div class=\"wpb_wrapper\"><div class=\"columns_wrap sc_columns columns_nofluid no_margins sc_columns_count_3\" data-equal-height=\".sc_column_item\"><div class=\"column-1_3 sc_column_item sc_column_item_1 odd first\" data-animation=\"animated fadeInLeft normal\"><div class=\"sc_section no-repeat margin_bottom_null section_style_promo_section\" style=\"height:100%;background-image:url(https:\/\/motycs.it\/wp-content\/uploads\/2022\/03\/banco-prova-potenza-motycs_A6_rett-DEF-2.jpg);background-repeat:repeat;font-size:16px; line-height: 1.3em;\"><div class=\"sc_section_inner\"><div class=\"sc_section_overlay\" style=\"\"><div class=\"sc_section_content padding_on\" style=\"\"><h3 class=\"sc_section_title sc_item_title sc_item_title_without_descr\">Bancs d'essai de puissance<\/h3><div class=\"sc_section_descr sc_item_descr\">Pour le diagnostic et l'homologation des v\u00e9hicules<\/div><div class=\"sc_section_content_wrap\"><\/div><div class=\"sc_section_button sc_item_button\"><a href=\"https:\/\/motycs.it\/fr\/product-category\/banchi-prova-potenza\/\" class=\"sc_button sc_button_square sc_button_style_filled sc_button_size_large\">d\u00e9couvrir<\/a><\/div><\/div><\/div><\/div><\/div><\/div><div class=\"column-1_3 sc_column_item sc_column_item_2 even\" data-animation=\"animated fadeInUp normal\"><div class=\"sc_section no-repeat margin_bottom_null section_style_promo_section\" style=\"height:100%;background-image:url(https:\/\/motycs.it\/wp-content\/uploads\/2022\/03\/sala_prova_completa_rett-DEF.jpg);background-repeat:repeat;font-size:16px; line-height: 1.3em;\"><div class=\"sc_section_inner\"><div class=\"sc_section_overlay\" style=\"\"><div class=\"sc_section_content padding_on\" style=\"\"><h3 class=\"sc_section_title sc_item_title sc_item_title_without_descr\">Salles de r\u00e9p\u00e9tition insonoris\u00e9es<\/h3><div class=\"sc_section_descr sc_item_descr\">D\u00e9velopp\u00e9 pour les essais de moteurs et de v\u00e9hicules<\/div><div class=\"sc_section_content_wrap\"><\/div><div class=\"sc_section_button sc_item_button\"><a href=\"https:\/\/motycs.it\/fr\/product\/salieres\/\" class=\"sc_button sc_button_square sc_button_style_filled sc_button_size_large\">d\u00e9couvrir<\/a><\/div><\/div><\/div><\/div><\/div><\/div><div class=\"column-1_3 sc_column_item sc_column_item_3 odd\" data-animation=\"animated fadeInRight normal\"><div class=\"sc_section no-repeat margin_bottom_null section_style_promo_section\" style=\"height:100%;background-image:url(https:\/\/motycs.it\/wp-content\/uploads\/2022\/03\/SP5_scontornata-200-rett-2.png);background-repeat:repeat;font-size:16px; line-height: 1.3em;\"><div class=\"sc_section_inner\"><div class=\"sc_section_overlay\" style=\"\"><div class=\"sc_section_content padding_on\" style=\"\"><h3 class=\"sc_section_title sc_item_title sc_item_title_without_descr\">Syst\u00e8mes de contr\u00f4le et d'acquisition<\/h3><div class=\"sc_section_descr sc_item_descr\">Renouvelez votre banc d'essai de moteurs ou de rouleaux<\/div><div class=\"sc_section_content_wrap\"><\/div><div class=\"sc_section_button sc_item_button\"><a href=\"https:\/\/motycs.it\/fr\/product\/test-de-puissance\/\" class=\"sc_button sc_button_square sc_button_style_filled sc_button_size_large\">d\u00e9couvrir<\/a><\/div><\/div><\/div><\/div><\/div><\/div><\/div><div class=\"vc_empty_space  vc_custom_1669154349652\"   style=\"height: 64px\"><span class=\"vc_empty_space_inner\"><\/span><\/div><\/div><\/div><\/div><\/div><div class=\"vc_row-full-width vc_clearfix\"><\/div><div id=\"bg-left-home\" data-vc-full-width=\"true\" data-vc-full-width-init=\"false\" class=\"vc_row wpb_row vc_row-fluid row-in vc_custom_1668795794383 vc_row-has-fill\"><div class=\"wpb_column vc_column_container vc_col-sm-12\"><div class=\"vc_column-inner vc_custom_1474034149683\"><div class=\"wpb_wrapper\"><div class=\"sc_section\"><div class=\"sc_section_inner\"><div class=\"sc_section_content_wrap\"><div class=\"columns_wrap sc_columns columns_nofluid sc_columns_count_2\" data-equal-height=\".sc_column_item\"><div class=\"column-1_2 sc_column_item sc_column_item_1 odd first\" data-animation=\"animated fadeInLeft normal\"><div class=\"sc_section sc_section_block margin_top_huge margin_bottom_huge margin_left_large\"><div class=\"sc_section_inner\"><div class=\"sc_section_content_wrap\"><div id=\"sc_call_to_action_329255554\" class=\"sc_call_to_action sc_call_to_action_style_1 sc_call_to_action_align_left\" style=\"width:100%;\"><div class=\"sc_call_to_action_info\"><h2 class=\"sc_call_to_action_title sc_item_title sc_item_title_without_descr\">Technique et th\u00e9orie<\/h2><div class=\"sc_call_to_action_descr sc_item_descr\">Bancs d'essai de puissance pour le secteur automobile<\/div><div class=\"sc_call_to_action_buttons sc_item_buttons\"><div class=\"sc_call_to_action_button sc_item_button\"><a href=\"https:\/\/motycs.it\/fr\/histoire-des-banques-de-puissance\/\" class=\"sc_button sc_button_square sc_button_style_filled sc_button_size_large\">Histoire des bancs d'essai<\/a><\/div><div class=\"sc_call_to_action_button sc_item_button\"><a href=\"https:\/\/motycs.it\/fr\/bancs-de-puissance-monorouleau-biroll\/\" class=\"sc_button sc_button_square sc_button_style_filled sc_button_size_large\">Mono-rouleau VS Bi-rouleau<\/a><\/div><\/div><\/div><\/div><div class=\"vc_empty_space\"   style=\"height: 0.5rem\"><span class=\"vc_empty_space_inner\"><\/span><\/div><a href=\"https:\/\/motycs.it\/fr\/concepts-de-base-bancs-de-puissance\/\" class=\"sc_button sc_button_square sc_button_style_filled_light sc_button_size_large margin_top_small\">Concepts de base<\/a><\/div><\/div><\/div><\/div><div class=\"column-1_2 sc_column_item sc_column_item_2 even\" data-animation=\"animated fadeInRight normal\"><div class=\"sc_section sc_section_block margin_top_huge margin_bottom_huge margin_left_huge\"><div class=\"sc_section_inner\"><div class=\"sc_section_content_wrap\"><div id=\"sc_call_to_action_1423252122\" class=\"sc_call_to_action sc_call_to_action_style_1 sc_call_to_action_align_right\" style=\"width:100%;\"><div class=\"sc_call_to_action_info\"><h2 class=\"sc_call_to_action_title sc_item_title sc_item_title_without_descr\">Am\u00e9liorez votre banc<\/h2><div class=\"sc_call_to_action_descr sc_item_descr\">Avec un syst\u00e8me avanc\u00e9 de contr\u00f4le et d'acquisition de donn\u00e9es<\/div><div class=\"sc_call_to_action_buttons sc_item_buttons\"><div class=\"sc_call_to_action_button sc_item_button\"><a href=\"https:\/\/motycs.it\/fr\/product\/test-de-puissance\/\" class=\"sc_button sc_button_square sc_button_style_filled sc_button_size_large\">Banc puissance - SportDevices<\/a><\/div><div class=\"sc_call_to_action_button sc_item_button\"><a href=\"https:\/\/motycs.it\/fr\/product\/homologue\/\" class=\"sc_button sc_button_square sc_button_style_filled sc_button_size_large\">Bancs d'homologation<\/a><\/div><\/div><\/div><\/div><div class=\"vc_empty_space\"   style=\"height: 0.5rem\"><span class=\"vc_empty_space_inner\"><\/span><\/div><a href=\"https:\/\/motycs.it\/fr\/renouveler-votre-test-bancaire\/\" class=\"sc_button sc_button_square sc_button_style_filled_light_hover sc_button_size_large margin_top_small\">Caract\u00e9ristiques des syst\u00e8mes<\/a><\/div><\/div><\/div><\/div><\/div><\/div><\/div><\/div><\/div><\/div><\/div><\/div><div class=\"vc_row-full-width vc_clearfix\"><\/div><div data-vc-full-width=\"true\" data-vc-full-width-init=\"false\" class=\"vc_row wpb_row vc_row-fluid vc_custom_1473675002313 vc_row-has-fill\"><div class=\"wpb_column vc_column_container vc_col-sm-12\"><div class=\"vc_column-inner\"><div class=\"wpb_wrapper\"><div id=\"sc_testimonials_501834087\" class=\"sc_testimonials sc_testimonials_style_testimonials-1\" style=\"width:100%;\"><h6 class=\"sc_testimonials_subtitle sc_item_subtitle\">R\u00c9F\u00c9RENCES<\/h6><h3 class=\"sc_testimonials_title sc_item_title sc_item_title_without_descr\">Installations<\/h3><div class=\"sc_slider_swiper swiper-slider-container sc_slider_nopagination sc_slider_controls sc_slider_controls_side\" data-interval=\"3000\" data-slides-per-view=\"3\" data-slides-space=\"50\" data-slides-min-width=\"250\"><div class=\"slides swiper-wrapper\"><div class=\"swiper-slide\" data-style=\"width:100%;\" style=\"width:100%;\">\t\t\t<div id=\"sc_testimonials_501834087_1\" class=\"sc_testimonial_item\">\n                <div class=\"sc_testimonial_items\">\n                                    <div class=\"sc_testimonial_image\"><img loading=\"lazy\" decoding=\"async\" class=\"wp-post-image\" width=\"370\" height=\"240\" alt=\"Diagnostic S. (RC)\" src=\"https:\/\/motycs.it\/wp-content\/uploads\/2023\/05\/chassisdyno-4wd-linked-chassis-dynamometer-motycs-370x240.jpg\"><\/div>\n                \n                <div class=\"sc_testimonial_content\"><strong>Banc d'essai 4wd<\/strong>\n<strong>Rouleaux de 500 mm<\/strong>\n\n                                            <div class=\"sc_testimonial_author\"><a href=\"https:\/\/www.facebook.com\/Mastertuninggioiatauro\/\" class=\"sc_testimonial_author_name\">Diagnostic S. (RC)<\/a><\/div>\n                                    <\/div>\n                <\/div>\n\n\t\t\t<\/div>\n\t\t<\/div><div class=\"swiper-slide\" data-style=\"width:100%;\" style=\"width:100%;\">\t\t\t<div id=\"sc_testimonials_501834087_2\" class=\"sc_testimonial_item\">\n                <div class=\"sc_testimonial_items\">\n                                    <div class=\"sc_testimonial_image\"><img loading=\"lazy\" decoding=\"async\" class=\"wp-post-image\" width=\"370\" height=\"240\" alt=\"Ecupassion (TV)\" src=\"https:\/\/motycs.it\/wp-content\/uploads\/2023\/05\/2wd-dyno-motycs-dynamometer-370x240.jpg\"><\/div>\n                \n                <div class=\"sc_testimonial_content\"><strong>Banc d'essai 2wd<\/strong>\n<strong>Rouleaux de 500 mm<\/strong>\n\n                                            <div class=\"sc_testimonial_author\"><a href=\"https:\/\/www.ecupassion.it\/\" class=\"sc_testimonial_author_name\">Ecupassion (TV)<\/a><\/div>\n                                    <\/div>\n                <\/div>\n\n\t\t\t<\/div>\n\t\t<\/div><div class=\"swiper-slide\" data-style=\"width:100%;\" style=\"width:100%;\">\t\t\t<div id=\"sc_testimonials_501834087_3\" class=\"sc_testimonial_item\">\n                <div class=\"sc_testimonial_items\">\n                                    <div class=\"sc_testimonial_image\"><img loading=\"lazy\" decoding=\"async\" class=\"wp-post-image\" width=\"370\" height=\"240\" alt=\"Gozzoli (Maranello)\" src=\"https:\/\/motycs.it\/wp-content\/uploads\/2022\/09\/ferrai512bb-dyno-motycs-sportdevices-370x240.jpg\"><\/div>\n                \n                <div class=\"sc_testimonial_content\"><strong>Banc d'essai 4wd\u00a0<\/strong>\n<strong>avec essieux li\u00e9s<\/strong>\n\n                                            <div class=\"sc_testimonial_author\"><a href=\"http:\/\/autotrasformazionigozzoli.it\/dyno-room-4x4.html\" class=\"sc_testimonial_author_name\">Gozzoli (Maranello)<\/a><\/div>\n                                    <\/div>\n                <\/div>\n\n\t\t\t<\/div>\n\t\t<\/div><div class=\"swiper-slide\" data-style=\"width:100%;\" style=\"width:100%;\">\t\t\t<div id=\"sc_testimonials_501834087_4\" class=\"sc_testimonial_item\">\n                <div class=\"sc_testimonial_items\">\n                                    <div class=\"sc_testimonial_image\"><img loading=\"lazy\" decoding=\"async\" class=\"wp-post-image\" width=\"370\" height=\"240\" alt=\"Superrace (PD)\" src=\"https:\/\/motycs.it\/wp-content\/uploads\/2023\/05\/IMG_2887-370x240.jpg\"><\/div>\n                \n                <div class=\"sc_testimonial_content\"><strong>Banc d'essai 2wd<\/strong>\n<strong>Rouleaux de 500 mm<\/strong>\n\n                                            <div class=\"sc_testimonial_author\"><a href=\"https:\/\/www.facebook.com\/SuperRace-Tuning-183906124959331\" class=\"sc_testimonial_author_name\">SuperRace (PD)<\/a><\/div>\n                                    <\/div>\n                <\/div>\n\n\t\t\t<\/div>\n\t\t<\/div><\/div><div class=\"sc_slider_controls_wrap\"><a class=\"sc_slider_prev\" href=\"#\"><\/a><a class=\"sc_slider_next\" href=\"#\"><\/a><\/div><div class=\"sc_slider_pagination_wrap\"><\/div><\/div><\/div><div class=\"sc_section section_style_promo_section aligncenter\" data-animation=\"animated fadeInUp normal\" style=\"font-size:14px; line-height: 1.3em;font-weight:300;\"><div class=\"sc_section_inner\"><div class=\"sc_section_content_wrap\"><a href=\"https:\/\/motycs.it\/fr\/installazioni\/\" class=\"sc_button sc_button_square sc_button_style_filled sc_button_size_large margin_bottom_large  sc_button_iconed none\">Voir plus d'installations<\/a><\/div><\/div><\/div><\/div><\/div><\/div><\/div><div class=\"vc_row-full-width vc_clearfix\"><\/div>","protected":false},"excerpt":{"rendered":"Banc d'essai 2wd rouleaux de 500 mm","protected":false},"author":1,"featured_media":1591,"parent":0,"menu_order":0,"comment_status":"closed","ping_status":"closed","template":"","meta":{"footnotes":""},"class_list":["post-4","page","type-page","status-publish","has-post-thumbnail","hentry"],"yoast_head":"<!-- This site is optimized with the Yoast SEO plugin v26.5 - https:\/\/yoast.com\/wordpress\/plugins\/seo\/ -->\n<title>Banchi prova potenza e sale prova motori<\/title>\n<meta name=\"description\" content=\"Da 20 anni progettiamo e forniamo banchi prova potenza e sale prova, in ambito diagnostico ed omologativo. Scopri la nostra gamma prodotti\" \/>\n<meta name=\"robots\" content=\"index, follow, max-snippet:-1, max-image-preview:large, max-video-preview:-1\" \/>\n<link rel=\"canonical\" href=\"https:\/\/motycs.it\/fr\/\" \/>\n<meta property=\"og:locale\" content=\"fr_FR\" \/>\n<meta property=\"og:type\" content=\"article\" \/>\n<meta property=\"og:title\" content=\"Motycs Facebook\" \/>\n<meta property=\"og:description\" content=\"Rimani aggiornato sui nostri canali social media\" \/>\n<meta property=\"og:url\" content=\"https:\/\/motycs.it\/fr\/\" \/>\n<meta property=\"og:site_name\" content=\"MOTYCS\" \/>\n<meta property=\"article:publisher\" content=\"https:\/\/www.facebook.com\/motycs\/\" \/>\n<meta property=\"article:modified_time\" content=\"2023-05-30T06:40:46+00:00\" \/>\n<meta property=\"og:image\" content=\"https:\/\/motycs.it\/wp-content\/uploads\/2023\/04\/mercedes-awd-dyno-motycs-sportdevices.jpg\" \/>\n\t<meta property=\"og:image:width\" content=\"800\" \/>\n\t<meta property=\"og:image:height\" content=\"800\" \/>\n\t<meta property=\"og:image:type\" content=\"image\/jpeg\" \/>\n<meta name=\"twitter:card\" content=\"summary_large_image\" \/>\n<meta name=\"twitter:label1\" content=\"Dur\u00e9e de lecture estim\u00e9e\" \/>\n\t<meta name=\"twitter:data1\" content=\"2 minutes\" \/>\n<script type=\"application\/ld+json\" class=\"yoast-schema-graph\">{\"@context\":\"https:\/\/schema.org\",\"@graph\":[{\"@type\":\"WebPage\",\"@id\":\"https:\/\/motycs.it\/\",\"url\":\"https:\/\/motycs.it\/\",\"name\":\"Banchi prova potenza e sale prova motori\",\"isPartOf\":{\"@id\":\"https:\/\/motycs.it\/#website\"},\"primaryImageOfPage\":{\"@id\":\"https:\/\/motycs.it\/#primaryimage\"},\"image\":{\"@id\":\"https:\/\/motycs.it\/#primaryimage\"},\"thumbnailUrl\":\"https:\/\/motycs.it\/wp-content\/uploads\/2023\/05\/lancia-delta-integrale-banco-prova-potenza-dyno.jpg\",\"datePublished\":\"2016-09-12T08:33:47+00:00\",\"dateModified\":\"2023-05-30T06:40:46+00:00\",\"description\":\"Da 20 anni progettiamo e forniamo banchi prova potenza e sale prova, in ambito diagnostico ed omologativo. Scopri la nostra gamma prodotti\",\"breadcrumb\":{\"@id\":\"https:\/\/motycs.it\/#breadcrumb\"},\"inLanguage\":\"fr-FR\",\"potentialAction\":[{\"@type\":\"ReadAction\",\"target\":[\"https:\/\/motycs.it\/\"]}]},{\"@type\":\"ImageObject\",\"inLanguage\":\"fr-FR\",\"@id\":\"https:\/\/motycs.it\/#primaryimage\",\"url\":\"https:\/\/motycs.it\/wp-content\/uploads\/2023\/05\/lancia-delta-integrale-banco-prova-potenza-dyno.jpg\",\"contentUrl\":\"https:\/\/motycs.it\/wp-content\/uploads\/2023\/05\/lancia-delta-integrale-banco-prova-potenza-dyno.jpg\",\"width\":800,\"height\":800,\"caption\":\"lancia-delta-banco-prova-potenza-motycs\"},{\"@type\":\"BreadcrumbList\",\"@id\":\"https:\/\/motycs.it\/#breadcrumb\",\"itemListElement\":[{\"@type\":\"ListItem\",\"position\":1,\"name\":\"Home\",\"item\":\"https:\/\/motycs.it\/\"},{\"@type\":\"ListItem\",\"position\":2,\"name\":\"Banchi prova a rulli e sale prova motori\"}]},{\"@type\":\"WebSite\",\"@id\":\"https:\/\/motycs.it\/#website\",\"url\":\"https:\/\/motycs.it\/\",\"name\":\"MOTYCS\",\"description\":\"\",\"publisher\":{\"@id\":\"https:\/\/motycs.it\/#organization\"},\"potentialAction\":[{\"@type\":\"SearchAction\",\"target\":{\"@type\":\"EntryPoint\",\"urlTemplate\":\"https:\/\/motycs.it\/?s={search_term_string}\"},\"query-input\":{\"@type\":\"PropertyValueSpecification\",\"valueRequired\":true,\"valueName\":\"search_term_string\"}}],\"inLanguage\":\"fr-FR\"},{\"@type\":\"Organization\",\"@id\":\"https:\/\/motycs.it\/#organization\",\"name\":\"MOTYCS\",\"url\":\"https:\/\/motycs.it\/\",\"logo\":{\"@type\":\"ImageObject\",\"inLanguage\":\"fr-FR\",\"@id\":\"https:\/\/motycs.it\/#\/schema\/logo\/image\/\",\"url\":\"https:\/\/motycs.it\/wp-content\/uploads\/2022\/03\/orizz_bianc.jpg\",\"contentUrl\":\"https:\/\/motycs.it\/wp-content\/uploads\/2022\/03\/orizz_bianc.jpg\",\"width\":600,\"height\":159,\"caption\":\"MOTYCS\"},\"image\":{\"@id\":\"https:\/\/motycs.it\/#\/schema\/logo\/image\/\"},\"sameAs\":[\"https:\/\/www.facebook.com\/motycs\/\",\"https:\/\/www.instagram.com\/motycs.teq\/\",\"https:\/\/www.linkedin.com\/company\/motycs\/\",\"https:\/\/www.pinterest.it\/Motycsdynamometer\/\",\"https:\/\/www.youtube.com\/channel\/UCl_9nwLJn-fMI6UMZVc0tZw\"]}]}<\/script>\n<!-- \/ Yoast SEO plugin. -->","yoast_head_json":{"title":"Bancs d'essai de puissance et salles d'essai des moteurs","description":"Depuis 20 ans, nous concevons et fournissons des bancs de puissance, dans les domaines du diagnostic et de l'homologation. D\u00e9couvrez notre gamme de produits","robots":{"index":"index","follow":"follow","max-snippet":"max-snippet:-1","max-image-preview":"max-image-preview:large","max-video-preview":"max-video-preview:-1"},"canonical":"https:\/\/motycs.it\/fr\/","og_locale":"fr_FR","og_type":"article","og_title":"Motycs Facebook","og_description":"Rimani aggiornato sui nostri canali social media","og_url":"https:\/\/motycs.it\/fr\/","og_site_name":"MOTYCS","article_publisher":"https:\/\/www.facebook.com\/motycs\/","article_modified_time":"2023-05-30T06:40:46+00:00","og_image":[{"width":800,"height":800,"url":"https:\/\/motycs.it\/wp-content\/uploads\/2023\/04\/mercedes-awd-dyno-motycs-sportdevices.jpg","type":"image\/jpeg"}],"twitter_card":"summary_large_image","twitter_misc":{"Dur\u00e9e de lecture estim\u00e9e":"2 minutes"},"schema":{"@context":"https:\/\/schema.org","@graph":[{"@type":"WebPage","@id":"https:\/\/motycs.it\/","url":"https:\/\/motycs.it\/","name":"Bancs d'essai de puissance et salles d'essai des moteurs","isPartOf":{"@id":"https:\/\/motycs.it\/#website"},"primaryImageOfPage":{"@id":"https:\/\/motycs.it\/#primaryimage"},"image":{"@id":"https:\/\/motycs.it\/#primaryimage"},"thumbnailUrl":"https:\/\/motycs.it\/wp-content\/uploads\/2023\/05\/lancia-delta-integrale-banco-prova-potenza-dyno.jpg","datePublished":"2016-09-12T08:33:47+00:00","dateModified":"2023-05-30T06:40:46+00:00","description":"Depuis 20 ans, nous concevons et fournissons des bancs de puissance, dans les domaines du diagnostic et de l'homologation. D\u00e9couvrez notre gamme de produits","breadcrumb":{"@id":"https:\/\/motycs.it\/#breadcrumb"},"inLanguage":"fr-FR","potentialAction":[{"@type":"ReadAction","target":["https:\/\/motycs.it\/"]}]},{"@type":"ImageObject","inLanguage":"fr-FR","@id":"https:\/\/motycs.it\/#primaryimage","url":"https:\/\/motycs.it\/wp-content\/uploads\/2023\/05\/lancia-delta-integrale-banco-prova-potenza-dyno.jpg","contentUrl":"https:\/\/motycs.it\/wp-content\/uploads\/2023\/05\/lancia-delta-integrale-banco-prova-potenza-dyno.jpg","width":800,"height":800,"caption":"lancia-delta-banco-prova-potenza-motycs"},{"@type":"BreadcrumbList","@id":"https:\/\/motycs.it\/#breadcrumb","itemListElement":[{"@type":"ListItem","position":1,"name":"Home","item":"https:\/\/motycs.it\/"},{"@type":"ListItem","position":2,"name":"Banchi prova a rulli e sale prova motori"}]},{"@type":"WebSite","@id":"https:\/\/motycs.it\/#website","url":"https:\/\/motycs.it\/","name":"MOTYCS","description":"","publisher":{"@id":"https:\/\/motycs.it\/#organization"},"potentialAction":[{"@type":"SearchAction","target":{"@type":"EntryPoint","urlTemplate":"https:\/\/motycs.it\/?s={search_term_string}"},"query-input":{"@type":"PropertyValueSpecification","valueRequired":true,"valueName":"search_term_string"}}],"inLanguage":"fr-FR"},{"@type":"Organization","@id":"https:\/\/motycs.it\/#organization","name":"MOTYCS","url":"https:\/\/motycs.it\/","logo":{"@type":"ImageObject","inLanguage":"fr-FR","@id":"https:\/\/motycs.it\/#\/schema\/logo\/image\/","url":"https:\/\/motycs.it\/wp-content\/uploads\/2022\/03\/orizz_bianc.jpg","contentUrl":"https:\/\/motycs.it\/wp-content\/uploads\/2022\/03\/orizz_bianc.jpg","width":600,"height":159,"caption":"MOTYCS"},"image":{"@id":"https:\/\/motycs.it\/#\/schema\/logo\/image\/"},"sameAs":["https:\/\/www.facebook.com\/motycs\/","https:\/\/www.instagram.com\/motycs.teq\/","https:\/\/www.linkedin.com\/company\/motycs\/","https:\/\/www.pinterest.it\/Motycsdynamometer\/","https:\/\/www.youtube.com\/channel\/UCl_9nwLJn-fMI6UMZVc0tZw"]}]}},"_links":{"self":[{"href":"https:\/\/motycs.it\/fr\/wp-json\/wp\/v2\/pages\/4","targetHints":{"allow":["GET"]}}],"collection":[{"href":"https:\/\/motycs.it\/fr\/wp-json\/wp\/v2\/pages"}],"about":[{"href":"https:\/\/motycs.it\/fr\/wp-json\/wp\/v2\/types\/page"}],"author":[{"embeddable":true,"href":"https:\/\/motycs.it\/fr\/wp-json\/wp\/v2\/users\/1"}],"replies":[{"embeddable":true,"href":"https:\/\/motycs.it\/fr\/wp-json\/wp\/v2\/comments?post=4"}],"version-history":[{"count":136,"href":"https:\/\/motycs.it\/fr\/wp-json\/wp\/v2\/pages\/4\/revisions"}],"predecessor-version":[{"id":1801,"href":"https:\/\/motycs.it\/fr\/wp-json\/wp\/v2\/pages\/4\/revisions\/1801"}],"wp:featuredmedia":[{"embeddable":true,"href":"https:\/\/motycs.it\/fr\/wp-json\/wp\/v2\/media\/1591"}],"wp:attachment":[{"href":"https:\/\/motycs.it\/fr\/wp-json\/wp\/v2\/media?parent=4"}],"curies":[{"name":"wp","href":"https:\/\/api.w.org\/{rel}","templated":true}]}}