{"id":1381,"date":"2023-03-09T09:42:02","date_gmt":"2023-03-09T08:42:02","guid":{"rendered":"https:\/\/motycs.it\/?page_id=1381"},"modified":"2023-05-09T09:40:38","modified_gmt":"2023-05-09T07:40:38","slug":"servizi-testing-motori","status":"publish","type":"page","link":"https:\/\/motycs.it\/fr\/services-moteurs-dessai\/","title":{"rendered":"Essais de moteurs et de v\u00e9hicules"},"content":{"rendered":"<div data-vc-full-width=\"true\" data-vc-full-width-init=\"false\" class=\"vc_row wpb_row vc_row-fluid vc_custom_1661159702438 vc_row-has-fill\"><div class=\"wpb_column vc_column_container vc_col-sm-12\"><div class=\"vc_column-inner\"><div class=\"wpb_wrapper\"><div class=\"sc_section margin_top_large margin_bottom_large\" data-animation=\"animated fadeInUp normal\" style=\"max-width: 1030px; margin: auto;\"><div class=\"sc_section_inner\"><h6 class=\"sc_section_subtitle sc_item_subtitle\">Services<\/h6><h3 class=\"sc_section_title sc_item_title sc_item_title_without_descr\">Essais de moteurs et de v\u00e9hicules<\/h3><div class=\"sc_section_content_wrap\">\n\t<div class=\"wpb_text_column wpb_content_element  vc_custom_1680864912958\" >\n\t\t<div class=\"wpb_wrapper\">\n\t\t\t\n\t\t<\/div>\n\t<\/div>\n<\/div><\/div><\/div><h4 class=\"sc_title sc_title_regular margin_bottom_small\"><\/h4><div class=\"sc_accordion\" data-active=\"0\"><div class=\"sc_accordion_item odd first\"><h5 class=\"sc_accordion_title\"><span class=\"sc_accordion_icon sc_accordion_icon_closed icon-plus\"><\/span><span class=\"sc_accordion_icon sc_accordion_icon_opened icon-minus\"><\/span>BANCS D'ESSAI DE MOTEURS<\/h5><div class=\"sc_accordion_content\">\n\t<div class=\"wpb_text_column wpb_content_element\" >\n\t\t<div class=\"wpb_wrapper\">\n\t\t\t<p><strong>Disponibilit\u00e9 d'une salle d'essai des moteurs<\/strong> \u00e9quip\u00e9 d'un banc d'essai configur\u00e9 en <strong>Solution TANDEM<\/strong>avec<strong> moteur asynchrone.<\/strong><\/p>\n<p><strong>Chaque dispositif d'essai est con\u00e7u sur mesure<\/strong> pour r\u00e9pondre aux besoins du client. Nous mettons l'accent sur<strong> la r\u00e9p\u00e9tabilit\u00e9 et la ponctualit\u00e9 des mesures<\/strong>:<br \/>\nnous avons mis en place des syst\u00e8mes de contr\u00f4le automatique \"en temps r\u00e9el\", afin de pouvoir effectuer <strong>des cycles personnalis\u00e9s avec une extr\u00eame pr\u00e9cision.<\/strong><\/p>\n<p><strong>Nous pouvons configurer la cellule de test \u00e0 diff\u00e9rents niveaux ; <\/strong>nous avons <strong>outils int\u00e9gr\u00e9s au syst\u00e8me <\/strong>comme :<\/p>\n<ul>\n<li><strong>Configuration \"tandem\" avec moteur asynchrone coaxial\u00a0<\/strong><\/li>\n<li><strong>Mesure du couple et de la puissance par bride dynamom\u00e9trique et cellule de charge<\/strong><\/li>\n<li><strong>Compteur Blowby <\/strong>e <strong>Compteur de consommation instantan\u00e9e.<\/strong><\/li>\n<li><strong>Actionneurs m\u00e9caniques contr\u00f4l\u00e9s, <\/strong>une large disponibilit\u00e9 des<strong> capteurs<\/strong><\/li>\n<li><strong>Configuration du syst\u00e8me d'\u00e9chappement ; <\/strong><strong>ventilation r\u00e9glable<\/strong><\/li>\n<li><strong>Climatisation des combustibles et de la combustion<\/strong><\/li>\n<\/ul>\n<p><a href=\"https:\/\/motycs.it\/fr\/contacts\/\"><strong>Contactez-nous pour plus d'informations et de d\u00e9tails sur nos salles de r\u00e9p\u00e9tition.<\/strong><\/a><\/p>\n\n\t\t<\/div>\n\t<\/div>\n<\/div><\/div><div class=\"sc_accordion_item even\"><h5 class=\"sc_accordion_title\"><span class=\"sc_accordion_icon sc_accordion_icon_closed icon-plus\"><\/span><span class=\"sc_accordion_icon sc_accordion_icon_opened icon-minus\"><\/span>SALLE DE BANC D'ESSAI \u00c0 ROULEAUX POUR LES MOTOS<\/h5><div class=\"sc_accordion_content\">\n\t<div class=\"wpb_text_column wpb_content_element\" >\n\t\t<div class=\"wpb_wrapper\">\n\t\t\t<p>Disponibilit\u00e9 d'un <strong>salle \u00e9quip\u00e9e d'un banc d'essai \u00e0 rouleaux, avec actionneurs m\u00e9caniques, pour les motos.<\/strong><\/p>\n<p><strong>Notre salle d\u00e9di\u00e9e aux deux-roues propose des actionneurs m\u00e9caniques et un guidage automatis\u00e9, pour des essais pouvant durer jusqu'\u00e0 12 heures en continu. <\/strong>Nous utilisons les deux solutions (banc moteur et banc \u00e0 rouleaux) \u00e0 notre guise, que ce soit pour des tests de puissance unique ou pour des t\u00e2ches plus complexes et articul\u00e9es.<\/p>\n<p>Nous sommes \u00e9galement en mesure de <strong>personnaliser nos bancs \u00e0 rouleaux, y compris sur le plan m\u00e9canique, <\/strong>pour la simulation du cycle de conduite, l'homologation et les exigences de pr\u00e9-homologation sp\u00e9cifiques<strong>.<\/strong><\/p>\n<p><a href=\"https:\/\/motycs.it\/fr\/contacts\/\"><strong>Contactez-nous pour plus d'informations et de d\u00e9tails sur nos salles de r\u00e9p\u00e9tition.<\/strong><\/a><\/p>\n\n\t\t<\/div>\n\t<\/div>\n<\/div><\/div><div id=\"sc_accordion_item_1661160449203_0\" class=\"sc_accordion_item odd\"><h5 class=\"sc_accordion_title\"><span class=\"sc_accordion_icon sc_accordion_icon_closed icon-plus\"><\/span><span class=\"sc_accordion_icon sc_accordion_icon_opened icon-minus\"><\/span>SALLE DU BANC D'ESSAI DES ROULEAUX DE VOITURE<\/h5><div class=\"sc_accordion_content\">\n\t<div class=\"wpb_text_column wpb_content_element\" >\n\t\t<div class=\"wpb_wrapper\">\n\t\t\t<p>Mise \u00e0 disposition d'une chambre \u00e9quip\u00e9e de <strong>banc d'essai \u00e0 rouleaux pour v\u00e9hicules \u00e0 moteur.<\/strong><\/p>\n<p><strong>Le banc \u00e0 rouleaux est une alternative viable au placement du moteur seul, <\/strong>Les avantages ne se limitent pas \u00e0 la ma\u00eetrise des co\u00fbts et \u00e0 la rapidit\u00e9 d'ex\u00e9cution, mais s'\u00e9tendent \u00e9galement au fait de compl\u00e9ter les tests par une \u00e9valuation de la qualit\u00e9 de l'eau et de la qualit\u00e9 de l'air. <strong>la sensibilit\u00e9 \u00e0 la conduite \"humaine', typique de l'utilisation de la route.<\/strong><\/p>\n<p><strong>Nous pouvons \u00e9galement personnaliser m\u00e9caniquement nos bancs \u00e0 rouleaux, <\/strong>pour les exigences sp\u00e9cifiques en mati\u00e8re de simulation du cycle de conduite, d'homologation et de pr\u00e9-homologation.<\/p>\n<p><a href=\"https:\/\/motycs.it\/fr\/contacts\/\"><strong>Contactez-nous pour plus d'informations et de d\u00e9tails sur nos salles de r\u00e9p\u00e9tition.<\/strong><\/a><\/p>\n\n\t\t<\/div>\n\t<\/div>\n<\/div><\/div><div id=\"sc_accordion_item_1661160449203_0\" class=\"sc_accordion_item even\"><h5 class=\"sc_accordion_title\"><span class=\"sc_accordion_icon sc_accordion_icon_closed icon-plus\"><\/span><span class=\"sc_accordion_icon sc_accordion_icon_opened icon-minus\"><\/span>\u00c9TALONNAGE DE LA COMMANDE DU MOTEUR<\/h5><div class=\"sc_accordion_content\">\n\t<div class=\"wpb_text_column wpb_content_element\" >\n\t\t<div class=\"wpb_wrapper\">\n\t\t\t<p><strong>La complexit\u00e9 accrue du syst\u00e8me moteur (v\u00e9hicules hybrides et \u00e9lectriques) combin\u00e9e \u00e0 la n\u00e9cessit\u00e9 d'optimiser les ressources, <\/strong>ont d\u00e9termin\u00e9 les<strong> besoin de m\u00e9thodes et de syst\u00e8mes d'\u00e9talonnage de l'unit\u00e9 de commande du moteur de plus en plus efficaces<\/strong>.<\/p>\n<p>Nos valeurs ajout\u00e9es :<\/p>\n<ul>\n<li><strong>\u00c9talonnage du moteur et de l'ECU<\/strong>, dans des environnements d'essai personnalisables<\/li>\n<li><strong>Connaissance de l'optimisation de base du moteur, de l'aptitude \u00e0 la conduite, des \u00e9missions<\/strong><\/li>\n<li><strong>Outils professionnels pour le traitement automatis\u00e9 et l'\u00e9tablissement de rapports<\/strong><\/li>\n<li>Forte de <strong>des ann\u00e9es d'exp\u00e9rience et une grande vari\u00e9t\u00e9 d'applications d'\u00e9talonnage et de validation de calculateurs<\/strong> (syst\u00e8mes de gestion du moteur), nous nous proposons de d\u00e9velopper des syst\u00e8mes de contr\u00f4le, avec des outils professionnels sp\u00e9cifiques et des logiciels d\u00e9di\u00e9s, <strong>y compris ETAS Inca<\/strong><\/li>\n<\/ul>\n<p><a href=\"https:\/\/motycs.it\/fr\/contacts\/\"><strong>Contactez-nous pour plus d'informations et de d\u00e9tails sur nos salles de r\u00e9p\u00e9tition.<\/strong><\/a><\/p>\n\n\t\t<\/div>\n\t<\/div>\n<\/div><\/div><div id=\"sc_accordion_item_1661160449203_0\" class=\"sc_accordion_item odd\"><h5 class=\"sc_accordion_title\"><span class=\"sc_accordion_icon sc_accordion_icon_closed icon-plus\"><\/span><span class=\"sc_accordion_icon sc_accordion_icon_opened icon-minus\"><\/span>ACQUISITION DE DONN\u00c9ES ET \u00c9LECTRONIQUE<\/h5><div class=\"sc_accordion_content\">\n\t<div class=\"wpb_text_column wpb_content_element\" >\n\t\t<div class=\"wpb_wrapper\">\n\t\t\t<p>Un \u00e9l\u00e9ment fondamental de tout type d'essai est l'\u00e9valuation de l'efficacit\u00e9 des tests.<strong> l'enregistrement et le traitement correct des donn\u00e9es produites.<\/strong> Nous consid\u00e9rons qu'il est indispensable<strong> conna\u00eetre le ph\u00e9nom\u00e8ne en d\u00e9tail pour pouvoir intervenir ;<\/strong> nous avons <strong>plusieurs syst\u00e8mes d'acquisition, fixes et portables, interfac\u00e9s avec les plateformes principales, ainsi qu'une large gamme de capteurs configurables<\/strong>. Tous nos bancs d'essai sont <strong>configurable \u00e0 tout point de vue<\/strong>\u00e9galement gr\u00e2ce \u00e0 la <strong>la disponibilit\u00e9 interne d'un laboratoire de d\u00e9veloppement, d'int\u00e9gration et de d\u00e9bogage \u00e9lectronique.<\/strong><\/p>\n<p>Nous r\u00e9alisons en interne des salles d'essai, des syst\u00e8mes de mesure et des acquisitions ; <strong>en veillant \u00e0 tous les d\u00e9tails n\u00e9cessaires pour obtenir le meilleur r\u00e9sultat.<\/strong><\/p>\n<p><a href=\"https:\/\/motycs.it\/fr\/contacts\/\"><strong>Contactez-nous pour plus d'informations et de d\u00e9tails sur nos salles de r\u00e9p\u00e9tition.<\/strong><\/a><\/p>\n\n\t\t<\/div>\n\t<\/div>\n<\/div><\/div><div id=\"sc_accordion_item_1661160449203_0\" class=\"sc_accordion_item even\"><h5 class=\"sc_accordion_title\"><span class=\"sc_accordion_icon sc_accordion_icon_closed icon-plus\"><\/span><span class=\"sc_accordion_icon sc_accordion_icon_opened icon-minus\"><\/span>LABORATOIRES INTERNES<\/h5><div class=\"sc_accordion_content\">\n\t<div class=\"wpb_text_column wpb_content_element\" >\n\t\t<div class=\"wpb_wrapper\">\n\t\t\t<p>Disponibilit\u00e9 de laboratoires internes pour aider les diff\u00e9rentes activit\u00e9s de l'entreprise. Ces laboratoires <strong>nous permettre d'exercer un contr\u00f4le total sur les activit\u00e9s de test, avec autant de flexibilit\u00e9 que possible :<\/strong><\/p>\n<ul>\n<li><strong>LABORATOIRE D'\u00c9LECTRONIQUE<\/strong><\/li>\n<li><strong>CARACT\u00c9RISATION DES COMPOSANTS<\/strong><\/li>\n<li><strong>D\u00c9BITOM\u00c8TRE<\/strong><\/li>\n<li><strong>EQUIPEMENT, <\/strong><strong>SOUDURE<\/strong><\/li>\n<li><strong>BANCS D'ASSEMBLAGE<\/strong><\/li>\n<\/ul>\n<p><a href=\"https:\/\/motycs.it\/fr\/contacts\/\"><strong>Contactez-nous pour plus d'informations et de d\u00e9tails sur nos services de test.<\/strong><\/a><\/p>\n\n\t\t<\/div>\n\t<\/div>\n<\/div><\/div><\/div>\n\t<div class=\"wpb_text_column wpb_content_element  vc_custom_1683230348847\" >\n\t\t<div class=\"wpb_wrapper\">\n\t\t\t<h5><strong>COLLABORATIONS<\/strong><\/h5>\n<div class=\"page\" title=\"Page 2\">\n<div class=\"section\">\n<div class=\"layoutArea\">\n<div class=\"column\">\n<p>Nous travaillons en <strong>une collaboration \u00e9troite avec certaines des entreprises les plus prestigieuses de la tradition automobile<\/strong>, s'engageant \u00e0 <strong>apporter une valeur ajout\u00e9e \u00e0 l'\u00e9tablissement de partenariats strat\u00e9giques<\/strong>; d\u00e9velopper des relations continues et de confiance avec les clients.<\/p>\n<p><strong>Contactez-nous pour plus d'informations : <a href=\"mailto:info@motycs.it\">info@motycs.it<\/a><\/strong><\/p>\n<\/div>\n<h6><strong>D\u00c9COUVRIR PLUS<\/strong><\/h6>\n<ul>\n<li><a href=\"https:\/\/motycs.it\/fr\/concepts-de-base-bancs-de-puissance\/\"><strong>Concepts de base des bancs d'essai<\/strong><\/a><\/li>\n<li><a href=\"https:\/\/motycs.it\/fr\/facteurs-correction-pouvoir\/\"><strong>Facteurs de correction de puissance DIN, CE, SAE...<\/strong><\/a><\/li>\n<li><a href=\"https:\/\/motycs.it\/fr\/histoire-des-banques-de-puissance\/\"><strong>Histoire des bancs d'essai \u00e0 rouleaux<\/strong><\/a><\/li>\n<li><a href=\"https:\/\/motycs.it\/fr\/product\/homologue\/\"><strong>Syst\u00e8me de contr\u00f4le et d'acquisition, pour les syst\u00e8mes d'homologation<\/strong><\/a><\/li>\n<\/ul>\n<\/div>\n<\/div>\n<\/div>\n\n\t\t<\/div>\n\t<\/div>\n<\/div><\/div><\/div><\/div><div class=\"vc_row-full-width vc_clearfix\"><\/div><div class=\"vc_row wpb_row vc_row-fluid\"><div class=\"wpb_column vc_column_container vc_col-sm-12\"><div class=\"vc_column-inner\"><div class=\"wpb_wrapper\"><div class=\"wpb_gallery wpb_content_element vc_clearfix\" ><div class=\"wpb_wrapper\"><h2 class=\"wpb_heading wpb_gallery_heading\">galerie<\/h2><div class=\"wpb_gallery_slides wpb_slider_nivo theme-default\" data-interval=\"3\"><div class=\"nivoSlider\"><img loading=\"lazy\" decoding=\"async\" class=\"\" src=\"https:\/\/motycs.it\/wp-content\/uploads\/2023\/05\/sistemacontrolloedacquisizione.jpg\" width=\"800\" height=\"800\" alt=\"Nos syst\u00e8mes d&#039;acquisition de donn\u00e9es\" title=\"syst\u00e8me de contr\u00f4le et d&#039;acquisition\" \/><img loading=\"lazy\" decoding=\"async\" class=\"\" src=\"https:\/\/motycs.it\/wp-content\/uploads\/2023\/05\/engine-dynamoemter-motycs.jpg\" width=\"800\" height=\"800\" alt=\"moteur-dynamoemter-motycs\" title=\"moteur-dynamoemter-motycs\" \/><img loading=\"lazy\" decoding=\"async\" class=\"\" src=\"https:\/\/motycs.it\/wp-content\/uploads\/2023\/05\/dyno-controlo-room-motycs.jpg\" width=\"800\" height=\"800\" alt=\"syst\u00e8me de contr\u00f4le du banc d&#039;essai des moteurs\" title=\"dyno-controlo-room-motycs\" \/><img loading=\"lazy\" decoding=\"async\" class=\"\" src=\"https:\/\/motycs.it\/wp-content\/uploads\/2022\/08\/sala-prova-motori-motycs.jpg\" width=\"800\" height=\"800\" alt=\"salle d&#039;essai des moteurs-motocycles\" title=\"salle d&#039;essai des moteurs-motocycles\" \/><img loading=\"lazy\" decoding=\"async\" class=\"\" src=\"https:\/\/motycs.it\/wp-content\/uploads\/2022\/08\/banco-a-rulli-moto-motycs-prova-potenza.jpg\" width=\"800\" height=\"800\" alt=\"banc d&#039;essai de puissance pour motocyclettes motycs\" title=\"banc-\u00e0-rouleau-moto-motocycles-puissance-de-v\u00e9rification\" \/><img loading=\"lazy\" decoding=\"async\" class=\"\" src=\"https:\/\/motycs.it\/wp-content\/uploads\/2022\/08\/immagine-INCA-motycs-ecu.jpg\" width=\"800\" height=\"800\" alt=\"Un syst\u00e8me d&#039;homologation Interface SW\" title=\"image-INCA-motycs-ecu\" \/><img loading=\"lazy\" decoding=\"async\" class=\"\" src=\"https:\/\/motycs.it\/wp-content\/uploads\/2023\/05\/4wd-banco-prova-potenza-motycs-dynamometer.jpg\" width=\"800\" height=\"800\" alt=\"4wd-bank-test-power-motycs-dynamometer\" title=\"4wd-bank-test-power-motycs-dynamometer\" \/><\/div><\/div><\/div><\/div><\/div><\/div><\/div><\/div>","protected":false},"excerpt":{"rendered":"ServicesEssais de moteurs et de v\u00e9hicules SALLE D'ESSAIS DE MOTEURS Mise \u00e0 disposition d'une salle d'essais de moteurs \u00e9quip\u00e9e d'un banc d'essais configur\u00e9 en solution TANDEM, avec moteur asynchrone. Chaque installation d'essai est con\u00e7ue sur mesure pour r\u00e9pondre aux besoins du client. Nous accordons une grande importance \u00e0 la r\u00e9p\u00e9tabilit\u00e9 et \u00e0 la ponctualit\u00e9 des mesures : nous avons mis en place des syst\u00e8mes de contr\u00f4le \"en temps r\u00e9el\" [...]","protected":false},"author":1,"featured_media":0,"parent":0,"menu_order":0,"comment_status":"closed","ping_status":"closed","template":"","meta":{"footnotes":""},"class_list":["post-1381","page","type-page","status-publish","hentry"],"yoast_head":"<!-- This site is optimized with the Yoast SEO plugin v26.5 - https:\/\/yoast.com\/wordpress\/plugins\/seo\/ -->\n<title>Testing motori e veicoli - MOTYCS<\/title>\n<meta name=\"description\" content=\"Da oltre 20 anni forniamo servizi di testing motori, calibrazione motore, omologazione, cicli di guida secondo le diverse normative\" \/>\n<meta name=\"robots\" content=\"index, follow, max-snippet:-1, max-image-preview:large, max-video-preview:-1\" \/>\n<link rel=\"canonical\" href=\"https:\/\/motycs.it\/fr\/services-moteurs-dessai\/\" \/>\n<meta property=\"og:locale\" content=\"fr_FR\" \/>\n<meta property=\"og:type\" content=\"article\" \/>\n<meta property=\"og:title\" content=\"Testing motori e veicoli - MOTYCS\" \/>\n<meta property=\"og:description\" content=\"Da oltre 20 anni forniamo servizi di testing motori, calibrazione motore, omologazione, cicli di guida secondo le diverse normative\" \/>\n<meta property=\"og:url\" content=\"https:\/\/motycs.it\/fr\/services-moteurs-dessai\/\" \/>\n<meta property=\"og:site_name\" content=\"MOTYCS\" \/>\n<meta property=\"article:publisher\" content=\"https:\/\/www.facebook.com\/motycs\/\" \/>\n<meta property=\"article:modified_time\" content=\"2023-05-09T07:40:38+00:00\" \/>\n<meta property=\"og:image\" content=\"https:\/\/motycs.it\/wp-content\/uploads\/2023\/05\/lancia-delta-integrale-banco-prova-potenza-dyno.jpg\" \/>\n\t<meta property=\"og:image:width\" content=\"800\" \/>\n\t<meta property=\"og:image:height\" content=\"800\" \/>\n\t<meta property=\"og:image:type\" content=\"image\/jpeg\" \/>\n<meta name=\"twitter:card\" content=\"summary_large_image\" \/>\n<meta name=\"twitter:label1\" content=\"Dur\u00e9e de lecture estim\u00e9e\" \/>\n\t<meta name=\"twitter:data1\" content=\"11 minutes\" \/>\n<script type=\"application\/ld+json\" class=\"yoast-schema-graph\">{\"@context\":\"https:\/\/schema.org\",\"@graph\":[{\"@type\":\"WebPage\",\"@id\":\"https:\/\/motycs.it\/servizi-testing-motori\/\",\"url\":\"https:\/\/motycs.it\/servizi-testing-motori\/\",\"name\":\"Testing motori e veicoli - MOTYCS\",\"isPartOf\":{\"@id\":\"https:\/\/motycs.it\/#website\"},\"datePublished\":\"2023-03-09T08:42:02+00:00\",\"dateModified\":\"2023-05-09T07:40:38+00:00\",\"description\":\"Da oltre 20 anni forniamo servizi di testing motori, calibrazione motore, omologazione, cicli di guida secondo le diverse normative\",\"breadcrumb\":{\"@id\":\"https:\/\/motycs.it\/servizi-testing-motori\/#breadcrumb\"},\"inLanguage\":\"fr-FR\",\"potentialAction\":[{\"@type\":\"ReadAction\",\"target\":[\"https:\/\/motycs.it\/servizi-testing-motori\/\"]}]},{\"@type\":\"BreadcrumbList\",\"@id\":\"https:\/\/motycs.it\/servizi-testing-motori\/#breadcrumb\",\"itemListElement\":[{\"@type\":\"ListItem\",\"position\":1,\"name\":\"Home\",\"item\":\"https:\/\/motycs.it\/\"},{\"@type\":\"ListItem\",\"position\":2,\"name\":\"Testing motori e veicoli\"}]},{\"@type\":\"WebSite\",\"@id\":\"https:\/\/motycs.it\/#website\",\"url\":\"https:\/\/motycs.it\/\",\"name\":\"MOTYCS\",\"description\":\"\",\"publisher\":{\"@id\":\"https:\/\/motycs.it\/#organization\"},\"potentialAction\":[{\"@type\":\"SearchAction\",\"target\":{\"@type\":\"EntryPoint\",\"urlTemplate\":\"https:\/\/motycs.it\/?s={search_term_string}\"},\"query-input\":{\"@type\":\"PropertyValueSpecification\",\"valueRequired\":true,\"valueName\":\"search_term_string\"}}],\"inLanguage\":\"fr-FR\"},{\"@type\":\"Organization\",\"@id\":\"https:\/\/motycs.it\/#organization\",\"name\":\"MOTYCS\",\"url\":\"https:\/\/motycs.it\/\",\"logo\":{\"@type\":\"ImageObject\",\"inLanguage\":\"fr-FR\",\"@id\":\"https:\/\/motycs.it\/#\/schema\/logo\/image\/\",\"url\":\"https:\/\/motycs.it\/wp-content\/uploads\/2022\/03\/orizz_bianc.jpg\",\"contentUrl\":\"https:\/\/motycs.it\/wp-content\/uploads\/2022\/03\/orizz_bianc.jpg\",\"width\":600,\"height\":159,\"caption\":\"MOTYCS\"},\"image\":{\"@id\":\"https:\/\/motycs.it\/#\/schema\/logo\/image\/\"},\"sameAs\":[\"https:\/\/www.facebook.com\/motycs\/\",\"https:\/\/www.instagram.com\/motycs.teq\/\",\"https:\/\/www.linkedin.com\/company\/motycs\/\",\"https:\/\/www.pinterest.it\/Motycsdynamometer\/\",\"https:\/\/www.youtube.com\/channel\/UCl_9nwLJn-fMI6UMZVc0tZw\"]}]}<\/script>\n<!-- \/ Yoast SEO plugin. -->","yoast_head_json":{"title":"Essais de moteurs et de v\u00e9hicules - MOTYCS","description":"Depuis plus de 20 ans, nous r\u00e9alisons des essais de moteurs, des \u00e9talonnages de moteurs, des homologations et des cycles de conduite conform\u00e9ment aux diff\u00e9rentes r\u00e9glementations.","robots":{"index":"index","follow":"follow","max-snippet":"max-snippet:-1","max-image-preview":"max-image-preview:large","max-video-preview":"max-video-preview:-1"},"canonical":"https:\/\/motycs.it\/fr\/services-moteurs-dessai\/","og_locale":"fr_FR","og_type":"article","og_title":"Testing motori e veicoli - MOTYCS","og_description":"Da oltre 20 anni forniamo servizi di testing motori, calibrazione motore, omologazione, cicli di guida secondo le diverse normative","og_url":"https:\/\/motycs.it\/fr\/services-moteurs-dessai\/","og_site_name":"MOTYCS","article_publisher":"https:\/\/www.facebook.com\/motycs\/","article_modified_time":"2023-05-09T07:40:38+00:00","og_image":[{"width":800,"height":800,"url":"https:\/\/motycs.it\/wp-content\/uploads\/2023\/05\/lancia-delta-integrale-banco-prova-potenza-dyno.jpg","type":"image\/jpeg"}],"twitter_card":"summary_large_image","twitter_misc":{"Dur\u00e9e de lecture estim\u00e9e":"11 minutes"},"schema":{"@context":"https:\/\/schema.org","@graph":[{"@type":"WebPage","@id":"https:\/\/motycs.it\/servizi-testing-motori\/","url":"https:\/\/motycs.it\/servizi-testing-motori\/","name":"Essais de moteurs et de v\u00e9hicules - MOTYCS","isPartOf":{"@id":"https:\/\/motycs.it\/#website"},"datePublished":"2023-03-09T08:42:02+00:00","dateModified":"2023-05-09T07:40:38+00:00","description":"Depuis plus de 20 ans, nous r\u00e9alisons des essais de moteurs, des \u00e9talonnages de moteurs, des homologations et des cycles de conduite conform\u00e9ment aux diff\u00e9rentes r\u00e9glementations.","breadcrumb":{"@id":"https:\/\/motycs.it\/servizi-testing-motori\/#breadcrumb"},"inLanguage":"fr-FR","potentialAction":[{"@type":"ReadAction","target":["https:\/\/motycs.it\/servizi-testing-motori\/"]}]},{"@type":"BreadcrumbList","@id":"https:\/\/motycs.it\/servizi-testing-motori\/#breadcrumb","itemListElement":[{"@type":"ListItem","position":1,"name":"Home","item":"https:\/\/motycs.it\/"},{"@type":"ListItem","position":2,"name":"Testing motori e veicoli"}]},{"@type":"WebSite","@id":"https:\/\/motycs.it\/#website","url":"https:\/\/motycs.it\/","name":"MOTYCS","description":"","publisher":{"@id":"https:\/\/motycs.it\/#organization"},"potentialAction":[{"@type":"SearchAction","target":{"@type":"EntryPoint","urlTemplate":"https:\/\/motycs.it\/?s={search_term_string}"},"query-input":{"@type":"PropertyValueSpecification","valueRequired":true,"valueName":"search_term_string"}}],"inLanguage":"fr-FR"},{"@type":"Organization","@id":"https:\/\/motycs.it\/#organization","name":"MOTYCS","url":"https:\/\/motycs.it\/","logo":{"@type":"ImageObject","inLanguage":"fr-FR","@id":"https:\/\/motycs.it\/#\/schema\/logo\/image\/","url":"https:\/\/motycs.it\/wp-content\/uploads\/2022\/03\/orizz_bianc.jpg","contentUrl":"https:\/\/motycs.it\/wp-content\/uploads\/2022\/03\/orizz_bianc.jpg","width":600,"height":159,"caption":"MOTYCS"},"image":{"@id":"https:\/\/motycs.it\/#\/schema\/logo\/image\/"},"sameAs":["https:\/\/www.facebook.com\/motycs\/","https:\/\/www.instagram.com\/motycs.teq\/","https:\/\/www.linkedin.com\/company\/motycs\/","https:\/\/www.pinterest.it\/Motycsdynamometer\/","https:\/\/www.youtube.com\/channel\/UCl_9nwLJn-fMI6UMZVc0tZw"]}]}},"_links":{"self":[{"href":"https:\/\/motycs.it\/fr\/wp-json\/wp\/v2\/pages\/1381","targetHints":{"allow":["GET"]}}],"collection":[{"href":"https:\/\/motycs.it\/fr\/wp-json\/wp\/v2\/pages"}],"about":[{"href":"https:\/\/motycs.it\/fr\/wp-json\/wp\/v2\/types\/page"}],"author":[{"embeddable":true,"href":"https:\/\/motycs.it\/fr\/wp-json\/wp\/v2\/users\/1"}],"replies":[{"embeddable":true,"href":"https:\/\/motycs.it\/fr\/wp-json\/wp\/v2\/comments?post=1381"}],"version-history":[{"count":22,"href":"https:\/\/motycs.it\/fr\/wp-json\/wp\/v2\/pages\/1381\/revisions"}],"predecessor-version":[{"id":1676,"href":"https:\/\/motycs.it\/fr\/wp-json\/wp\/v2\/pages\/1381\/revisions\/1676"}],"wp:attachment":[{"href":"https:\/\/motycs.it\/fr\/wp-json\/wp\/v2\/media?parent=1381"}],"curies":[{"name":"wp","href":"https:\/\/api.w.org\/{rel}","templated":true}]}}