{"id":1014,"date":"2022-03-17T18:56:07","date_gmt":"2022-03-17T17:56:07","guid":{"rendered":"https:\/\/motycs.it\/?page_id=1014"},"modified":"2023-05-26T08:38:37","modified_gmt":"2023-05-26T06:38:37","slug":"sistemi-omologativi","status":"publish","type":"page","link":"https:\/\/motycs.it\/fr\/systemes-homologues\/","title":{"rendered":"Bancs de v\u00e9lo d'homologation"},"content":{"rendered":"<div data-vc-full-width=\"true\" data-vc-full-width-init=\"false\" class=\"vc_row wpb_row vc_row-fluid vc_custom_1473769871896 vc_row-has-fill\"><div class=\"wpb_column vc_column_container vc_col-sm-12\"><div class=\"vc_column-inner\"><div class=\"wpb_wrapper\"><div class=\"sc_section margin_top_large margin_bottom_huge\" data-animation=\"animated fadeInUp normal\" style=\"max-width: 1030px; margin: auto;\"><div class=\"sc_section_inner\"><h6 class=\"sc_section_subtitle sc_item_subtitle\">Th\u00e9orie<\/h6><h3 class=\"sc_section_title sc_item_title sc_item_title_without_descr\">Homologation et syst\u00e8mes de fin de ligne<\/h3><div class=\"sc_section_content_wrap\">\n\t<div class=\"wpb_text_column wpb_content_element  vc_custom_1685083110967\" >\n\t\t<div class=\"wpb_wrapper\">\n\t\t\t<h5><strong>LA CONCEPTION ET LA CONSTRUCTION DE BANCS D'ESSAI<\/strong><\/h5>\n<p><strong>MOTYCS<\/strong> r\u00e9unit les <strong>20 ans d'exp\u00e9rience des entreprises sp\u00e9cialis\u00e9es dans les essais<\/strong>, dans la conception et la r\u00e9alisation de <strong>bancs d'essai pour la r\u00e9alisation des cycles d'homologation <\/strong>,,<strong> bancs de fin de ligne<\/strong>, y compris, en <strong>Automobile<\/strong>:<\/p>\n<ul>\n<li><strong>V\u00c9RIFICATION DES \u00c9MISSIONS<\/strong><\/li>\n<li><strong>CYCLES DE CONDUITE (WLTP)<\/strong><\/li>\n<li><strong>CYCLES DE DUR\u00c9E<\/strong><\/li>\n<li><strong>LES TESTS DE PERFORMANCE OU DE PUISSANCE<\/strong><\/li>\n<li><strong>ESSAIS DE DURABILIT\u00c9\/CONSOMMATION<\/strong><\/li>\n<li><strong>L'\u00c9TALONNAGE DES SYST\u00c8MES DE CONTR\u00d4LE<\/strong><\/li>\n<li><strong>SIMULATION ROUTI\u00c8RE<\/strong><\/li>\n<\/ul>\n<p>S'y ajoutent <strong>applications dans d'autres secteurs<\/strong>:<\/p>\n<ul>\n<li><strong>LA RECHERCHE ET LE D\u00c9VELOPPEMENT<\/strong><\/li>\n<li><strong>TEST DE FIN DE LIGNE<\/strong><\/li>\n<li><strong>COP TEST<\/strong><\/li>\n<\/ul>\n<p>Travailler en <strong>collaboration \u00e9troite avec des entreprises prestigieuses de la tradition automobile<\/strong>, <strong>nous avons d\u00e9velopp\u00e9 des produits et des solutions cibl\u00e9s<\/strong>, sp\u00e9cialement con\u00e7u pour une large gamme d'applications.<\/p>\n<p>Se concentrer sur la<strong>\u00a0la ponctualit\u00e9 de la mesure<\/strong>, nous avons mis en \u0153uvre <strong>les syst\u00e8mes de contr\u00f4le automatique en temps r\u00e9el ; <\/strong>Elles permettent l'ex\u00e9cution de <strong>cycles personnalis\u00e9s<\/strong>, avec le <strong>une pr\u00e9cision et une r\u00e9p\u00e9tabilit\u00e9 maximales<\/strong>.<\/p>\n<div id=\"attachment_1572\" style=\"width: 810px\" class=\"wp-caption aligncenter\"><a href=\"https:\/\/motycs.it\/wp-content\/uploads\/2023\/05\/dyno-controlo-room-motycs.jpg\"><img loading=\"lazy\" decoding=\"async\" aria-describedby=\"caption-attachment-1572\" class=\"wp-image-1572 size-full\" title=\"syst\u00e8me de contr\u00f4le du banc d&#039;essai\" src=\"https:\/\/motycs.it\/wp-content\/uploads\/2023\/05\/dyno-controlo-room-motycs.jpg\" alt=\"syst\u00e8me de contr\u00f4le du banc d&#039;essai des moteurs\" width=\"800\" height=\"800\" srcset=\"https:\/\/motycs.it\/wp-content\/uploads\/2023\/05\/dyno-controlo-room-motycs.jpg 800w, https:\/\/motycs.it\/wp-content\/uploads\/2023\/05\/dyno-controlo-room-motycs-300x300.jpg 300w, https:\/\/motycs.it\/wp-content\/uploads\/2023\/05\/dyno-controlo-room-motycs-150x150.jpg 150w, https:\/\/motycs.it\/wp-content\/uploads\/2023\/05\/dyno-controlo-room-motycs-768x768.jpg 768w, https:\/\/motycs.it\/wp-content\/uploads\/2023\/05\/dyno-controlo-room-motycs-600x600.jpg 600w, https:\/\/motycs.it\/wp-content\/uploads\/2023\/05\/dyno-controlo-room-motycs-100x100.jpg 100w\" sizes=\"auto, (max-width: 800px) 100vw, 800px\" \/><\/a><p id=\"caption-attachment-1572\" class=\"wp-caption-text\">Salle de contr\u00f4le du banc d'essai<\/p><\/div>\n<h5>BANCS D'ESSAI INDUSTRIELS<\/h5>\n<p>Nous avons acquis des exp\u00e9riences diff\u00e9rentes, dans des domaines diff\u00e9rents :<\/p>\n<ul>\n<li><strong>Syst\u00e8mes nautiques \"sur mesure<\/strong><\/li>\n<li><strong>Syst\u00e8mes personnalis\u00e9s pour le secteur agricole<\/strong><\/li>\n<li><strong>Syst\u00e8mes hydrauliques personnalis\u00e9s<\/strong><\/li>\n<li><strong>Bancs d'essai \u00e0 rouleaux pour le secteur automobile \"sur mesure<\/strong><\/li>\n<li><strong>Renouvellement des bancs d'essai des moteurs<\/strong> pour le secteur automobile<\/li>\n<li><strong>Mesures et essais industriels et sur le terrain<\/strong><\/li>\n<li><strong>\u00c9quipement pour la ligne de production et le laboratoire<\/strong><\/li>\n<li><strong>Syst\u00e8mes de soufflerie climatique<\/strong><\/li>\n<li><strong>Solutions distribu\u00e9es, m\u00eame sur des sites \u00e9loign\u00e9s<\/strong><\/li>\n<li><strong>Acquisition \u00e0 partir de capteurs et de bus de terrain<\/strong><\/li>\n<\/ul>\n<h5><strong>SYST\u00c8MES DE BRUIT ET DE VIBRATION (NVH)<\/strong><\/h5>\n<p>Nous disposons de syst\u00e8mes \"bruit et vibrations\", \u00e9galement d\u00e9finis dans le secteur automobile. <strong>Syst\u00e8mes NVH (Noise Vibration Harshness).<\/strong><\/p>\n<p>Ils sont con\u00e7us pour le traitement num\u00e9rique et l'analyse de signaux dynamiques dans le cadre de <strong>l'analyse acoustique et vibratoire.\u00a0<\/strong>Syst\u00e8mes normalement utilis\u00e9s dans :<\/p>\n<ul>\n<li><strong>Laboratoire, recherche et d\u00e9veloppement<\/strong><\/li>\n<li><strong>Ligne de production (fin de ligne)<\/strong><\/li>\n<li><strong>Surveillance des installations<\/strong><\/li>\n<li><strong>Contr\u00f4le de la qualit\u00e9<\/strong><\/li>\n<\/ul>\n<p><strong><a href=\"https:\/\/motycs.it\/fr\/product\/systemes-nvh\/\">Pour en savoir plus, consultez la page sur les syst\u00e8mes NVH<\/a><\/strong><\/p>\n<h6><strong>R\u00c9DUIRE LES D\u00c9LAIS DE MISE SUR LE MARCH\u00c9<\/strong><\/h6>\n<p>Les \u00e9quipementiers sont soumis \u00e0 une pression croissante pour <strong>r\u00e9duire le d\u00e9lai de commercialisation des nouveaux v\u00e9hicules en \u00e9conomisant sur les co\u00fbts de d\u00e9veloppement<\/strong>.<\/p>\n<p>Il en r\u00e9sulte que le <strong>la n\u00e9cessit\u00e9 d'un processus de d\u00e9veloppement de produits plus efficace.<\/strong><\/p>\n<p><strong>Nos plateformes de collecte et d'analyse sont capables de :<\/strong><\/p>\n<ul>\n<li><strong> Exporter et g\u00e9rer toutes les donn\u00e9es dans les formats habituellement utilis\u00e9s par les clients<\/strong><\/li>\n<li><strong>Permet une meilleure gestion au sein des diff\u00e9rents flux de travail de l'entreprise<\/strong><\/li>\n<\/ul>\n<h6><strong>INDUSTRIE 4.0<\/strong><\/h6>\n<div class=\"page\" title=\"Page 2\">\n<div class=\"section\">\n<div class=\"layoutArea\">\n<div class=\"column\">\n<p>Tous les mod\u00e8les de la gamme<strong>, peuvent b\u00e9n\u00e9ficier deles avantages de la l\u00e9gislation relative \u00e0 l'industrie 4.0.<\/strong>.<\/p>\n<p>Nous pouvons vous aider \u00e0 fournir des rapports d'experts asserment\u00e9s pour vous aider \u00e0 remplir correctement les formalit\u00e9s administratives.<\/p>\n<h6><strong>REGARDS<\/strong><\/h6>\n<ul>\n<li><strong><a href=\"https:\/\/motycs.it\/fr\/bancs-dessai-4wd\/\">Avantages des bancs d'essai 4\u00d74 \u00e0 essieux coupl\u00e9s<\/a><\/strong><\/li>\n<li><a href=\"https:\/\/motycs.it\/fr\/facteurs-correction-pouvoir\/\"><b>Facteurs de correction de puissance DIN, CE, SAE...<\/b><\/a><\/li>\n<\/ul>\n<h6><strong>NOS PRODUITS ET SERVICES<\/strong><\/h6>\n<ul>\n<li><a href=\"https:\/\/motycs.it\/fr\/product-category\/banchi-prova-potenza\/\"><strong>Notre gamme de bancs d'essai<\/strong><\/a><\/li>\n<li><a href=\"https:\/\/motycs.it\/fr\/product-category\/sistemi-di-controllo\/\"><strong>Syst\u00e8mes de contr\u00f4le et d'acquisition<\/strong><\/a><\/li>\n<li><a href=\"https:\/\/motycs.it\/fr\/product\/salieres\/\"><strong>Insonorisation des salles d'essai des moteurs<\/strong><\/a><\/li>\n<li><strong><a href=\"https:\/\/motycs.it\/fr\/product\/ventilation\/\">Ventilateurs de refroidissement du moteur<\/a><\/strong><\/li>\n<li><a href=\"https:\/\/motycs.it\/fr\/product\/extraction-de-la-fumee\/\"><strong>Syst\u00e8mes d'extraction des fum\u00e9es<\/strong><\/a><\/li>\n<li><a href=\"https:\/\/motycs.it\/fr\/services-moteurs-dessai\/\"><strong>SERVICES D'ESSAIS DE MOTEURS ET DE V\u00c9HICULES<\/strong><\/a><\/li>\n<\/ul>\n<p><a href=\"https:\/\/motycs.it\/fr\/contacts\/\"><strong>Contactez-nous pour plus d'informations<\/strong><\/a><\/p>\n<\/div>\n<div class=\"column\">\n<div class=\"page\" title=\"Page 2\">\n<div class=\"section\">\n<div class=\"layoutArea\">\n<div class=\"column\">\n<div id=\"attachment_1267\" style=\"width: 810px\" class=\"wp-caption aligncenter\"><a href=\"https:\/\/motycs.it\/wp-content\/uploads\/2022\/08\/banco-a-rulli-moto-motycs-prova-potenza.jpg\"><img loading=\"lazy\" decoding=\"async\" aria-describedby=\"caption-attachment-1267\" class=\"wp-image-1267 size-full\" src=\"https:\/\/motycs.it\/wp-content\/uploads\/2022\/08\/banco-a-rulli-moto-motycs-prova-potenza.jpg\" alt=\"banc d&#039;essai de puissance pour motocyclettes motycs\" width=\"800\" height=\"800\" srcset=\"https:\/\/motycs.it\/wp-content\/uploads\/2022\/08\/banco-a-rulli-moto-motycs-prova-potenza.jpg 800w, https:\/\/motycs.it\/wp-content\/uploads\/2022\/08\/banco-a-rulli-moto-motycs-prova-potenza-300x300.jpg 300w, https:\/\/motycs.it\/wp-content\/uploads\/2022\/08\/banco-a-rulli-moto-motycs-prova-potenza-150x150.jpg 150w, https:\/\/motycs.it\/wp-content\/uploads\/2022\/08\/banco-a-rulli-moto-motycs-prova-potenza-768x768.jpg 768w, https:\/\/motycs.it\/wp-content\/uploads\/2022\/08\/banco-a-rulli-moto-motycs-prova-potenza-600x600.jpg 600w, https:\/\/motycs.it\/wp-content\/uploads\/2022\/08\/banco-a-rulli-moto-motycs-prova-potenza-100x100.jpg 100w\" sizes=\"auto, (max-width: 800px) 100vw, 800px\" \/><\/a><p id=\"caption-attachment-1267\" class=\"wp-caption-text\">Salle de test d'homologation interne<\/p><\/div>\n<\/div>\n<\/div>\n<\/div>\n<\/div>\n<\/div>\n<\/div>\n<\/div>\n<\/div>\n\n\t\t<\/div>\n\t<\/div>\n<\/div><\/div><\/div><\/div><\/div><\/div><\/div><div class=\"vc_row-full-width vc_clearfix\"><\/div>","protected":false},"excerpt":{"rendered":"Th\u00e9orieSyst\u00e8mes de fin de ligne et d'homologation CONCEPTION ET MISE EN OEUVRE DE BANCS D'ESSAIS MOTYCS r\u00e9unit les vingt ann\u00e9es d'exp\u00e9rience d'entreprises sp\u00e9cialis\u00e9es dans les essais pour la conception et la fabrication de bancs d'essais pour les cycles d'homologation ou les bancs de fin de ligne, dont, dans le secteur automobile : CYCLE DE CONDUITE ESSAIS D'EMISSIONS (WLTP) CYCLES DE DUR\u00c9E ESSAIS DE PERFORMANCES [...].","protected":false},"author":1,"featured_media":0,"parent":0,"menu_order":0,"comment_status":"closed","ping_status":"closed","template":"","meta":{"footnotes":""},"class_list":["post-1014","page","type-page","status-publish","hentry"],"yoast_head":"<!-- This site is optimized with the Yoast SEO plugin v26.5 - https:\/\/yoast.com\/wordpress\/plugins\/seo\/ -->\n<title>DAQ omologativi<\/title>\n<meta name=\"description\" content=\"Progettiamo e realizziamo banchi a rulli, sale prova ed accessori per l&#039;omologazione veicoli, secondo i diversi standard o normative locali\" \/>\n<meta name=\"robots\" content=\"index, follow, max-snippet:-1, max-image-preview:large, max-video-preview:-1\" \/>\n<link rel=\"canonical\" href=\"https:\/\/motycs.it\/fr\/systemes-homologues\/\" \/>\n<meta property=\"og:locale\" content=\"fr_FR\" \/>\n<meta property=\"og:type\" content=\"article\" \/>\n<meta property=\"og:title\" content=\"DAQ omologativi\" \/>\n<meta property=\"og:description\" content=\"Progettiamo e realizziamo banchi a rulli, sale prova ed accessori per l&#039;omologazione veicoli, secondo i diversi standard o normative locali\" \/>\n<meta property=\"og:url\" content=\"https:\/\/motycs.it\/fr\/systemes-homologues\/\" \/>\n<meta property=\"og:site_name\" content=\"MOTYCS\" \/>\n<meta property=\"article:publisher\" content=\"https:\/\/www.facebook.com\/motycs\/\" \/>\n<meta property=\"article:modified_time\" content=\"2023-05-26T06:38:37+00:00\" \/>\n<meta property=\"og:image\" content=\"https:\/\/motycs.it\/wp-content\/uploads\/2023\/05\/dyno-controlo-room-motycs.jpg\" \/>\n<meta name=\"twitter:card\" content=\"summary_large_image\" \/>\n<meta name=\"twitter:label1\" content=\"Dur\u00e9e de lecture estim\u00e9e\" \/>\n\t<meta name=\"twitter:data1\" content=\"2 minutes\" \/>\n<script type=\"application\/ld+json\" class=\"yoast-schema-graph\">{\"@context\":\"https:\/\/schema.org\",\"@graph\":[{\"@type\":\"WebPage\",\"@id\":\"https:\/\/motycs.it\/sistemi-omologativi\/\",\"url\":\"https:\/\/motycs.it\/sistemi-omologativi\/\",\"name\":\"DAQ omologativi\",\"isPartOf\":{\"@id\":\"https:\/\/motycs.it\/#website\"},\"primaryImageOfPage\":{\"@id\":\"https:\/\/motycs.it\/sistemi-omologativi\/#primaryimage\"},\"image\":{\"@id\":\"https:\/\/motycs.it\/sistemi-omologativi\/#primaryimage\"},\"thumbnailUrl\":\"https:\/\/motycs.it\/wp-content\/uploads\/2023\/05\/dyno-controlo-room-motycs.jpg\",\"datePublished\":\"2022-03-17T17:56:07+00:00\",\"dateModified\":\"2023-05-26T06:38:37+00:00\",\"description\":\"Progettiamo e realizziamo banchi a rulli, sale prova ed accessori per l'omologazione veicoli, secondo i diversi standard o normative locali\",\"breadcrumb\":{\"@id\":\"https:\/\/motycs.it\/sistemi-omologativi\/#breadcrumb\"},\"inLanguage\":\"fr-FR\",\"potentialAction\":[{\"@type\":\"ReadAction\",\"target\":[\"https:\/\/motycs.it\/sistemi-omologativi\/\"]}]},{\"@type\":\"ImageObject\",\"inLanguage\":\"fr-FR\",\"@id\":\"https:\/\/motycs.it\/sistemi-omologativi\/#primaryimage\",\"url\":\"https:\/\/motycs.it\/wp-content\/uploads\/2023\/05\/dyno-controlo-room-motycs.jpg\",\"contentUrl\":\"https:\/\/motycs.it\/wp-content\/uploads\/2023\/05\/dyno-controlo-room-motycs.jpg\"},{\"@type\":\"BreadcrumbList\",\"@id\":\"https:\/\/motycs.it\/sistemi-omologativi\/#breadcrumb\",\"itemListElement\":[{\"@type\":\"ListItem\",\"position\":1,\"name\":\"Home\",\"item\":\"https:\/\/motycs.it\/\"},{\"@type\":\"ListItem\",\"position\":2,\"name\":\"Banchi per cicli omologativi\"}]},{\"@type\":\"WebSite\",\"@id\":\"https:\/\/motycs.it\/#website\",\"url\":\"https:\/\/motycs.it\/\",\"name\":\"MOTYCS\",\"description\":\"\",\"publisher\":{\"@id\":\"https:\/\/motycs.it\/#organization\"},\"potentialAction\":[{\"@type\":\"SearchAction\",\"target\":{\"@type\":\"EntryPoint\",\"urlTemplate\":\"https:\/\/motycs.it\/?s={search_term_string}\"},\"query-input\":{\"@type\":\"PropertyValueSpecification\",\"valueRequired\":true,\"valueName\":\"search_term_string\"}}],\"inLanguage\":\"fr-FR\"},{\"@type\":\"Organization\",\"@id\":\"https:\/\/motycs.it\/#organization\",\"name\":\"MOTYCS\",\"url\":\"https:\/\/motycs.it\/\",\"logo\":{\"@type\":\"ImageObject\",\"inLanguage\":\"fr-FR\",\"@id\":\"https:\/\/motycs.it\/#\/schema\/logo\/image\/\",\"url\":\"https:\/\/motycs.it\/wp-content\/uploads\/2022\/03\/orizz_bianc.jpg\",\"contentUrl\":\"https:\/\/motycs.it\/wp-content\/uploads\/2022\/03\/orizz_bianc.jpg\",\"width\":600,\"height\":159,\"caption\":\"MOTYCS\"},\"image\":{\"@id\":\"https:\/\/motycs.it\/#\/schema\/logo\/image\/\"},\"sameAs\":[\"https:\/\/www.facebook.com\/motycs\/\",\"https:\/\/www.instagram.com\/motycs.teq\/\",\"https:\/\/www.linkedin.com\/company\/motycs\/\",\"https:\/\/www.pinterest.it\/Motycsdynamometer\/\",\"https:\/\/www.youtube.com\/channel\/UCl_9nwLJn-fMI6UMZVc0tZw\"]}]}<\/script>\n<!-- \/ Yoast SEO plugin. -->","yoast_head_json":{"title":"Homologation DAQ","description":"Nous concevons et fabriquons des bancs \u00e0 rouleaux, des salles d'essai et des accessoires pour l'homologation des v\u00e9hicules, conform\u00e9ment aux diff\u00e9rentes normes ou r\u00e9glementations locales.","robots":{"index":"index","follow":"follow","max-snippet":"max-snippet:-1","max-image-preview":"max-image-preview:large","max-video-preview":"max-video-preview:-1"},"canonical":"https:\/\/motycs.it\/fr\/systemes-homologues\/","og_locale":"fr_FR","og_type":"article","og_title":"DAQ omologativi","og_description":"Progettiamo e realizziamo banchi a rulli, sale prova ed accessori per l'omologazione veicoli, secondo i diversi standard o normative locali","og_url":"https:\/\/motycs.it\/fr\/systemes-homologues\/","og_site_name":"MOTYCS","article_publisher":"https:\/\/www.facebook.com\/motycs\/","article_modified_time":"2023-05-26T06:38:37+00:00","og_image":[{"url":"https:\/\/motycs.it\/wp-content\/uploads\/2023\/05\/dyno-controlo-room-motycs.jpg","type":"","width":"","height":""}],"twitter_card":"summary_large_image","twitter_misc":{"Dur\u00e9e de lecture estim\u00e9e":"2 minutes"},"schema":{"@context":"https:\/\/schema.org","@graph":[{"@type":"WebPage","@id":"https:\/\/motycs.it\/sistemi-omologativi\/","url":"https:\/\/motycs.it\/sistemi-omologativi\/","name":"Homologation DAQ","isPartOf":{"@id":"https:\/\/motycs.it\/#website"},"primaryImageOfPage":{"@id":"https:\/\/motycs.it\/sistemi-omologativi\/#primaryimage"},"image":{"@id":"https:\/\/motycs.it\/sistemi-omologativi\/#primaryimage"},"thumbnailUrl":"https:\/\/motycs.it\/wp-content\/uploads\/2023\/05\/dyno-controlo-room-motycs.jpg","datePublished":"2022-03-17T17:56:07+00:00","dateModified":"2023-05-26T06:38:37+00:00","description":"Nous concevons et fabriquons des bancs \u00e0 rouleaux, des salles d'essai et des accessoires pour l'homologation des v\u00e9hicules, conform\u00e9ment aux diff\u00e9rentes normes ou r\u00e9glementations locales.","breadcrumb":{"@id":"https:\/\/motycs.it\/sistemi-omologativi\/#breadcrumb"},"inLanguage":"fr-FR","potentialAction":[{"@type":"ReadAction","target":["https:\/\/motycs.it\/sistemi-omologativi\/"]}]},{"@type":"ImageObject","inLanguage":"fr-FR","@id":"https:\/\/motycs.it\/sistemi-omologativi\/#primaryimage","url":"https:\/\/motycs.it\/wp-content\/uploads\/2023\/05\/dyno-controlo-room-motycs.jpg","contentUrl":"https:\/\/motycs.it\/wp-content\/uploads\/2023\/05\/dyno-controlo-room-motycs.jpg"},{"@type":"BreadcrumbList","@id":"https:\/\/motycs.it\/sistemi-omologativi\/#breadcrumb","itemListElement":[{"@type":"ListItem","position":1,"name":"Home","item":"https:\/\/motycs.it\/"},{"@type":"ListItem","position":2,"name":"Banchi per cicli omologativi"}]},{"@type":"WebSite","@id":"https:\/\/motycs.it\/#website","url":"https:\/\/motycs.it\/","name":"MOTYCS","description":"","publisher":{"@id":"https:\/\/motycs.it\/#organization"},"potentialAction":[{"@type":"SearchAction","target":{"@type":"EntryPoint","urlTemplate":"https:\/\/motycs.it\/?s={search_term_string}"},"query-input":{"@type":"PropertyValueSpecification","valueRequired":true,"valueName":"search_term_string"}}],"inLanguage":"fr-FR"},{"@type":"Organization","@id":"https:\/\/motycs.it\/#organization","name":"MOTYCS","url":"https:\/\/motycs.it\/","logo":{"@type":"ImageObject","inLanguage":"fr-FR","@id":"https:\/\/motycs.it\/#\/schema\/logo\/image\/","url":"https:\/\/motycs.it\/wp-content\/uploads\/2022\/03\/orizz_bianc.jpg","contentUrl":"https:\/\/motycs.it\/wp-content\/uploads\/2022\/03\/orizz_bianc.jpg","width":600,"height":159,"caption":"MOTYCS"},"image":{"@id":"https:\/\/motycs.it\/#\/schema\/logo\/image\/"},"sameAs":["https:\/\/www.facebook.com\/motycs\/","https:\/\/www.instagram.com\/motycs.teq\/","https:\/\/www.linkedin.com\/company\/motycs\/","https:\/\/www.pinterest.it\/Motycsdynamometer\/","https:\/\/www.youtube.com\/channel\/UCl_9nwLJn-fMI6UMZVc0tZw"]}]}},"_links":{"self":[{"href":"https:\/\/motycs.it\/fr\/wp-json\/wp\/v2\/pages\/1014","targetHints":{"allow":["GET"]}}],"collection":[{"href":"https:\/\/motycs.it\/fr\/wp-json\/wp\/v2\/pages"}],"about":[{"href":"https:\/\/motycs.it\/fr\/wp-json\/wp\/v2\/types\/page"}],"author":[{"embeddable":true,"href":"https:\/\/motycs.it\/fr\/wp-json\/wp\/v2\/users\/1"}],"replies":[{"embeddable":true,"href":"https:\/\/motycs.it\/fr\/wp-json\/wp\/v2\/comments?post=1014"}],"version-history":[{"count":27,"href":"https:\/\/motycs.it\/fr\/wp-json\/wp\/v2\/pages\/1014\/revisions"}],"predecessor-version":[{"id":1759,"href":"https:\/\/motycs.it\/fr\/wp-json\/wp\/v2\/pages\/1014\/revisions\/1759"}],"wp:attachment":[{"href":"https:\/\/motycs.it\/fr\/wp-json\/wp\/v2\/media?parent=1014"}],"curies":[{"name":"wp","href":"https:\/\/api.w.org\/{rel}","templated":true}]}}