{"id":1010,"date":"2022-03-17T18:55:05","date_gmt":"2022-03-17T17:55:05","guid":{"rendered":"https:\/\/motycs.it\/?page_id=1010"},"modified":"2023-06-02T23:21:22","modified_gmt":"2023-06-02T21:21:22","slug":"rinnova-il-tuo-banco-prova","status":"publish","type":"page","link":"https:\/\/motycs.it\/fr\/renouveler-votre-test-bancaire\/","title":{"rendered":"Renouvelez votre banc d'essai"},"content":{"rendered":"<div data-vc-full-width=\"true\" data-vc-full-width-init=\"false\" class=\"vc_row wpb_row vc_row-fluid vc_custom_1473769871896 vc_row-has-fill\"><div class=\"wpb_column vc_column_container vc_col-sm-12\"><div class=\"vc_column-inner\"><div class=\"wpb_wrapper\"><div class=\"sc_section margin_top_large margin_bottom_huge\" data-animation=\"animated fadeInUp normal\" style=\"max-width: 1030px; margin: auto;\"><div class=\"sc_section_inner\"><h6 class=\"sc_section_subtitle sc_item_subtitle\">Th\u00e9orie<\/h6><h3 class=\"sc_section_title sc_item_title sc_item_title_without_descr\">Renouvelez votre banc d'essai<\/h3><div class=\"sc_section_content_wrap\">\n\t<div class=\"wpb_text_column wpb_content_element  vc_custom_1685740878221\" >\n\t\t<div class=\"wpb_wrapper\">\n\t\t\t<p>Nous avons <strong>des syst\u00e8mes de contr\u00f4le et d'acquisition pour mettre \u00e0 niveau diff\u00e9rents types de bancs d'essai<\/strong>:<\/p>\n<ul>\n<li><a href=\"https:\/\/motycs.it\/fr\/product\/test-de-puissance\/\"><strong>\u00c9tendue du diagnostic et de la pr\u00e9paration sportive<\/strong> (Produits  Sport Devices)<\/a><\/li>\n<\/ul>\n<p><a href=\"https:\/\/motycs.it\/fr\/installation-banque-test\/\"><strong>D\u00e9couvrez quelques applications ici<\/strong><\/a> et caract\u00e9ristiques des syst\u00e8mes d'appareils de sport<\/p>\n<ul>\n<li><a href=\"https:\/\/motycs.it\/fr\/product\/homologue\/\"><strong>Homologation, recherche et d\u00e9veloppement, fin de ligne.<\/strong><\/a><\/li>\n<\/ul>\n<p><strong>Applicable \u00e0 tout type de banc d'essai de puissance<\/strong>, <strong>ils mettent \u00e0 jour <\/strong>et<strong> d'\u00e9tendre la fonctionnalit\u00e9 \u00e0 un syst\u00e8me de pointe.<\/strong><\/p>\n<p>Ils peuvent \u00eatre utilis\u00e9s dans le <strong>r\u00e9cup\u00e9ration et reconditionnement<\/strong> par <strong>des salles ou des bancs d'essai qui ne fonctionnent plus<\/strong>pour lequel le <strong>peut n\u00e9cessiter des travaux tr\u00e8s co\u00fbteux de restauration et de mise \u00e0 jour.<\/strong>.<\/p>\n<p>Pour plus d'informations, \u00e9crivez-nous \u00e0 <a href=\"mailto:info@motycs.it\">i<strong>info@motycs.it<\/strong><\/a><\/p>\n<h5><a href=\"https:\/\/motycs.it\/fr\/product\/test-de-puissance\/\"><strong>SYST\u00c8ME DE BANC DE TEST DE PUISSANCE (Diagnostic et pr\u00e9paration - mod\u00e8les Sport Devices)<\/strong><\/a><\/h5>\n<ul>\n<li><strong>Jusqu'\u00e0 3 \u00e9crans en temps r\u00e9el<\/strong><\/li>\n<li><strong>Mises \u00e0 jour du logiciel incluses et t\u00e9l\u00e9chargeables directement \u00e0 partir du site web<\/strong><\/li>\n<li>Il permet <strong>comparer un nombre illimit\u00e9 de courbes lues dans la base de donn\u00e9es<\/strong>une couleur diff\u00e9rente. Cela permet d'\u00e9valuer les changements et les am\u00e9liorations avant et apr\u00e8s les modifications.<\/li>\n<li><strong>Facteurs de correction<\/strong>ISO1585, SAEJ1349, DIN70020, JISD1001, EC95-1, EWG 80\/1269 (permet \u00e9galement de corriger les courbes en fonction de la temp\u00e9rature d'admission d'air, via l'interface OBD ou une sonde externe).<\/li>\n<li>Possibilit\u00e9 de <strong>comparer les diff\u00e9rents tests effectu\u00e9s<\/strong>, les faire se chevaucher<\/li>\n<li>L'unit\u00e9 de mesure de la puissance (Kw, Cv), du couple (Kg *m, N*m) est s\u00e9lectionnable par l'utilisateur.<\/li>\n<li><strong>Modes de test disponibles<\/strong>: Inertie, freinage constant, rampe, simulation routi\u00e8re, \u00e9tat stable.<\/li>\n<li>Connexion <strong>Ethernet<\/strong> \u00e0 grande vitesse, <strong>CANBUS, Bluetooth (en option), RS232<\/strong>.<\/li>\n<li><strong>Interface OBDII du v\u00e9hicule<\/strong>, station m\u00e9t\u00e9orologique int\u00e9gr\u00e9e ou externe. Prend en charge diff\u00e9rents mod\u00e8les d'analyseurs de gaz d'\u00e9chappement<\/li>\n<li>Le syst\u00e8me met en \u0153uvre un <strong>commande de frein \"en boucle ferm\u00e9e<\/strong>.<\/li>\n<li><strong>Fonctionne \u00e9galement sans ordinateur (t\u00e9l\u00e9commande)<\/strong><\/li>\n<li><strong>Commande \u00e0 distance de l'actionneur d'acc\u00e9l\u00e9rateur, de l'actionneur d'embrayage, de la bo\u00eete de vitesses, des ventilateurs<\/strong> etc. \u00e0 partir d'un logiciel PC.<\/li>\n<\/ul>\n<p>&nbsp;<\/p>\n<ul>\n<li>D\u00e9couvrez les <a href=\"https:\/\/motycs.it\/fr\/product\/test-de-puissance\/\"><strong>Syst\u00e8mes Sport Devices pour renouveler votre banc d'essai de puissance<\/strong><\/a><\/li>\n<li><a href=\"https:\/\/www.sportdevices.com\/sportdyno.php\" target=\"_blank\" rel=\"noopener\">Pour en savoir plus, cliquez ici <strong>plus de d\u00e9tails sur le logiciel de contr\u00f4le SPORTDYNO<\/strong><\/a>\u00a0(lien vers le site de Sport Devices en anglais)<\/li>\n<li><a href=\"https:\/\/www.sportdevices.com\/download.php\" target=\"_blank\" rel=\"noopener\">Ici, vous pouvez <strong>t\u00e9l\u00e9charger et installer la derni\u00e8re version du logiciel<\/strong> <strong>d'\u00e9valuer sa fonctionnalit\u00e9<\/strong><\/a><strong>\u00a0<\/strong>(lien vers le site de Sport Devices en anglais)<\/li>\n<\/ul>\n<p><a href=\"https:\/\/motycs.it\/wp-content\/uploads\/2022\/03\/sp1-motycs-dyno-banco-prova-potenza-2.jpg\"><img loading=\"lazy\" decoding=\"async\" class=\"wp-image-1159 size-full\" src=\"https:\/\/motycs.it\/wp-content\/uploads\/2022\/03\/sp1-motycs-dyno-banco-prova-potenza-2.jpg\" alt=\"DAQ SP1 Sport Devices Motycs pour les bancs d&#039;essai de puissance\" width=\"800\" height=\"527\" srcset=\"https:\/\/motycs.it\/wp-content\/uploads\/2022\/03\/sp1-motycs-dyno-banco-prova-potenza-2.jpg 800w, https:\/\/motycs.it\/wp-content\/uploads\/2022\/03\/sp1-motycs-dyno-banco-prova-potenza-2-300x198.jpg 300w, https:\/\/motycs.it\/wp-content\/uploads\/2022\/03\/sp1-motycs-dyno-banco-prova-potenza-2-768x506.jpg 768w, https:\/\/motycs.it\/wp-content\/uploads\/2022\/03\/sp1-motycs-dyno-banco-prova-potenza-2-600x395.jpg 600w\" sizes=\"auto, (max-width: 800px) 100vw, 800px\" \/><\/a><\/p>\n<h5><a href=\"https:\/\/motycs.it\/fr\/product\/homologue\/\"><strong>SYST\u00c8ME DE BANCS D'ESSAI D'HOMOLOGATION<\/strong><\/a><\/h5>\n<p>Notre syst\u00e8me d'homologation est <strong>con\u00e7u et mis en \u0153uvre sur la plate-forme Compact-Rio<\/strong> de l'instrument national.<\/p>\n<p><strong>Il garantit ainsi la fiabilit\u00e9 typiquement r\u00e9serv\u00e9e aux installations du secteur industriel<\/strong>.<\/p>\n<h6>CARACT\u00c9RISTIQUES TECHNIQUES<\/h6>\n<ul>\n<li>T\u00e9l\u00e9m\u00e9trie des temps de boucles parall\u00e8les avec des priorit\u00e9s diff\u00e9renci\u00e9es<\/li>\n<li>Hi\u00e9rarchie \"ascendante\" pour les flux d'entr\u00e9e\/sortie et les contr\u00f4les<\/li>\n<li>Entr\u00e9es analogiques g\u00e9r\u00e9es individuellement<\/li>\n<li>Activation - timing - filtre (num\u00e9rique, statistique)<\/li>\n<li>Entr\u00e9es num\u00e9riques<\/li>\n<li>Raccordement du capteur de r\u00e9volution \u00e0 onde carr\u00e9e<\/li>\n<li>\u00c9tats d'alarme de la salle d'essai<\/li>\n<li>Sorties analogiques et num\u00e9riques<\/li>\n<li>R\u00e9glage du frein et de l'acc\u00e9l\u00e9rateur (haute dynamique)<\/li>\n<li>Contr\u00f4le des vannes pour les fluides (faible dynamique)<\/li>\n<li>Entr\u00e9es analogiques sp\u00e9ciales : haute d\u00e9finition (24 bits) pour cellule de charge<\/li>\n<li>Haute d\u00e9finition (24 bits) pour les thermocouples \/ thermom\u00e8tres \u00e0 r\u00e9sistance<\/li>\n<li>Ex\u00e9cute ce qui est \u00e9crit dans le fichier Excel + Exportation vers un fichier texte<\/li>\n<li>Param\u00e9trage des constantes<\/li>\n<li>Limiter l'auto-apprentissage (grille)<\/li>\n<li>M\u00e9moire du comportement ant\u00e9rieur (uut)<\/li>\n<\/ul>\n<h6><strong>DOMAINES D'APPLICATION (HOMOLOGATION ET RECHERCHE ET D\u00c9VELOPPEMENT)<\/strong><\/h6>\n<p>- Diff\u00e9rents types de bancs d'essai<br \/>\n- moteurs (R&amp;D, production)<br \/>\n- v\u00e9hicule (roulement, \u00e9missions)<br \/>\n- composants<br \/>\n- ECU (acquisition, \u00e9talonnage, diagnostic)<br \/>\n- DOE (Design On Experiment)<\/p>\n<p><strong><a href=\"https:\/\/motycs.it\/fr\/product\/homologue\/\" target=\"_blank\" rel=\"noopener\">Visitez notre page de produits d'homologation ici<\/a><\/strong><a href=\"https:\/\/motycs.it\/fr\/product\/homologue\/\" target=\"_blank\" rel=\"noopener\">\u00a0<\/a><\/p>\n<div id=\"attachment_1265\" style=\"width: 810px\" class=\"wp-caption aligncenter\"><a href=\"https:\/\/motycs.it\/wp-content\/uploads\/2022\/08\/immagine-INCA-motycs-ecu.jpg\"><img loading=\"lazy\" decoding=\"async\" aria-describedby=\"caption-attachment-1265\" class=\"wp-image-1265 size-full\" src=\"https:\/\/motycs.it\/wp-content\/uploads\/2022\/08\/immagine-INCA-motycs-ecu.jpg\" alt=\"\" width=\"800\" height=\"800\" srcset=\"https:\/\/motycs.it\/wp-content\/uploads\/2022\/08\/immagine-INCA-motycs-ecu.jpg 800w, https:\/\/motycs.it\/wp-content\/uploads\/2022\/08\/immagine-INCA-motycs-ecu-300x300.jpg 300w, https:\/\/motycs.it\/wp-content\/uploads\/2022\/08\/immagine-INCA-motycs-ecu-150x150.jpg 150w, https:\/\/motycs.it\/wp-content\/uploads\/2022\/08\/immagine-INCA-motycs-ecu-768x768.jpg 768w, https:\/\/motycs.it\/wp-content\/uploads\/2022\/08\/immagine-INCA-motycs-ecu-600x600.jpg 600w, https:\/\/motycs.it\/wp-content\/uploads\/2022\/08\/immagine-INCA-motycs-ecu-100x100.jpg 100w\" sizes=\"auto, (max-width: 800px) 100vw, 800px\" \/><\/a><p id=\"caption-attachment-1265\" class=\"wp-caption-text\">Un syst\u00e8me d'homologation Interface SW<\/p><\/div>\n<h6><a href=\"https:\/\/motycs.it\/fr\/histoire-des-banques-de-puissance\/\"><strong>REGARDS<\/strong><\/a><\/h6>\n<ul>\n<li><a href=\"https:\/\/motycs.it\/fr\/histoire-des-banques-de-puissance\/\"><strong>D\u00e9couvrez les<\/strong>\u00a0<strong>concepts de base des bancs d'essai<\/strong><\/a><\/li>\n<li><a href=\"https:\/\/motycs.it\/fr\/histoire-des-banques-de-puissance\/\"><strong>Histoire des bancs d'essai \u00e0 rouleaux<\/strong><\/a><\/li>\n<li><a href=\"https:\/\/motycs.it\/fr\/histoire-des-banques-de-puissance\/\"><strong>Contactez-nous pour plus d'informations<\/strong><\/a><\/li>\n<li><a href=\"https:\/\/motycs.it\/fr\/bancs-de-puissance-monorouleau-biroll\/\"><strong>Bancs d'essai \u00e0 rouleaux simples et doubles, quel choix faire ?<\/strong><\/a><\/li>\n<li><a href=\"https:\/\/motycs.it\/fr\/puissance-dissipee-banques-etanches\/\"><strong>Qu'est-ce que la dissipation de puissance ?<\/strong><\/a><\/li>\n<li><a href=\"https:\/\/motycs.it\/fr\/bancs-dessai-4wd\/\"><strong>Bancs d'essai d'essieux li\u00e9s, d\u00e9couvrez les avantages<\/strong><\/a><\/li>\n<\/ul>\n\n\t\t<\/div>\n\t<\/div>\n<\/div><\/div><\/div><\/div><\/div><\/div><\/div><div class=\"vc_row-full-width vc_clearfix\"><\/div>","protected":false},"excerpt":{"rendered":"TeoriaRenouvelez votre banc d'essai Nous disposons de syst\u00e8mes de contr\u00f4le et d'acquisition pour mettre \u00e0 niveau diff\u00e9rents types de bancs d'essai : Zone de diagnostic et de pr\u00e9paration sportive (produits Sport Devices) D\u00e9couvrez ici quelques applications et caract\u00e9ristiques des syst\u00e8mes Sport Devices Homologation, recherche et d\u00e9veloppement, zones de fin de ligne. Applicables \u00e0 tout type de banc de puissance, ils mettent \u00e0 jour et [...]","protected":false},"author":1,"featured_media":0,"parent":0,"menu_order":0,"comment_status":"closed","ping_status":"closed","template":"","meta":{"footnotes":""},"class_list":["post-1010","page","type-page","status-publish","hentry"],"yoast_head":"<!-- This site is optimized with the Yoast SEO plugin v26.5 - https:\/\/yoast.com\/wordpress\/plugins\/seo\/ -->\n<title>Rinnova il tuo banco prova - MOTYCS<\/title>\n<meta name=\"description\" content=\"Aggiornare il tuo vecchio banco prova potenza. inerziale o frenato, ad un sistema di ultima generazione. Fino a 3 schermi in real time\" \/>\n<meta name=\"robots\" content=\"index, follow, max-snippet:-1, max-image-preview:large, max-video-preview:-1\" \/>\n<link rel=\"canonical\" href=\"https:\/\/motycs.it\/fr\/renouveler-votre-test-bancaire\/\" \/>\n<meta property=\"og:locale\" content=\"fr_FR\" \/>\n<meta property=\"og:type\" content=\"article\" \/>\n<meta property=\"og:title\" content=\"Rinnova il tuo banco prova - MOTYCS\" \/>\n<meta property=\"og:description\" content=\"Aggiornare il tuo vecchio banco prova potenza. inerziale o frenato, ad un sistema di ultima generazione. Fino a 3 schermi in real time\" \/>\n<meta property=\"og:url\" content=\"https:\/\/motycs.it\/fr\/renouveler-votre-test-bancaire\/\" \/>\n<meta property=\"og:site_name\" content=\"MOTYCS\" \/>\n<meta property=\"article:publisher\" content=\"https:\/\/www.facebook.com\/motycs\/\" \/>\n<meta property=\"article:modified_time\" content=\"2023-06-02T21:21:22+00:00\" \/>\n<meta property=\"og:image\" content=\"https:\/\/motycs.it\/wp-content\/uploads\/2022\/03\/sp1-motycs-dyno-banco-prova-potenza-2.jpg\" \/>\n<meta name=\"twitter:card\" content=\"summary_large_image\" \/>\n<meta name=\"twitter:label1\" content=\"Dur\u00e9e de lecture estim\u00e9e\" \/>\n\t<meta name=\"twitter:data1\" content=\"4 minutes\" \/>\n<script type=\"application\/ld+json\" class=\"yoast-schema-graph\">{\"@context\":\"https:\/\/schema.org\",\"@graph\":[{\"@type\":\"WebPage\",\"@id\":\"https:\/\/motycs.it\/rinnova-il-tuo-banco-prova\/\",\"url\":\"https:\/\/motycs.it\/rinnova-il-tuo-banco-prova\/\",\"name\":\"Rinnova il tuo banco prova - MOTYCS\",\"isPartOf\":{\"@id\":\"https:\/\/motycs.it\/#website\"},\"primaryImageOfPage\":{\"@id\":\"https:\/\/motycs.it\/rinnova-il-tuo-banco-prova\/#primaryimage\"},\"image\":{\"@id\":\"https:\/\/motycs.it\/rinnova-il-tuo-banco-prova\/#primaryimage\"},\"thumbnailUrl\":\"https:\/\/motycs.it\/wp-content\/uploads\/2022\/03\/sp1-motycs-dyno-banco-prova-potenza-2.jpg\",\"datePublished\":\"2022-03-17T17:55:05+00:00\",\"dateModified\":\"2023-06-02T21:21:22+00:00\",\"description\":\"Aggiornare il tuo vecchio banco prova potenza. inerziale o frenato, ad un sistema di ultima generazione. Fino a 3 schermi in real time\",\"breadcrumb\":{\"@id\":\"https:\/\/motycs.it\/rinnova-il-tuo-banco-prova\/#breadcrumb\"},\"inLanguage\":\"fr-FR\",\"potentialAction\":[{\"@type\":\"ReadAction\",\"target\":[\"https:\/\/motycs.it\/rinnova-il-tuo-banco-prova\/\"]}]},{\"@type\":\"ImageObject\",\"inLanguage\":\"fr-FR\",\"@id\":\"https:\/\/motycs.it\/rinnova-il-tuo-banco-prova\/#primaryimage\",\"url\":\"https:\/\/motycs.it\/wp-content\/uploads\/2022\/03\/sp1-motycs-dyno-banco-prova-potenza-2.jpg\",\"contentUrl\":\"https:\/\/motycs.it\/wp-content\/uploads\/2022\/03\/sp1-motycs-dyno-banco-prova-potenza-2.jpg\"},{\"@type\":\"BreadcrumbList\",\"@id\":\"https:\/\/motycs.it\/rinnova-il-tuo-banco-prova\/#breadcrumb\",\"itemListElement\":[{\"@type\":\"ListItem\",\"position\":1,\"name\":\"Home\",\"item\":\"https:\/\/motycs.it\/\"},{\"@type\":\"ListItem\",\"position\":2,\"name\":\"Rinnova il tuo banco prova\"}]},{\"@type\":\"WebSite\",\"@id\":\"https:\/\/motycs.it\/#website\",\"url\":\"https:\/\/motycs.it\/\",\"name\":\"MOTYCS\",\"description\":\"\",\"publisher\":{\"@id\":\"https:\/\/motycs.it\/#organization\"},\"potentialAction\":[{\"@type\":\"SearchAction\",\"target\":{\"@type\":\"EntryPoint\",\"urlTemplate\":\"https:\/\/motycs.it\/?s={search_term_string}\"},\"query-input\":{\"@type\":\"PropertyValueSpecification\",\"valueRequired\":true,\"valueName\":\"search_term_string\"}}],\"inLanguage\":\"fr-FR\"},{\"@type\":\"Organization\",\"@id\":\"https:\/\/motycs.it\/#organization\",\"name\":\"MOTYCS\",\"url\":\"https:\/\/motycs.it\/\",\"logo\":{\"@type\":\"ImageObject\",\"inLanguage\":\"fr-FR\",\"@id\":\"https:\/\/motycs.it\/#\/schema\/logo\/image\/\",\"url\":\"https:\/\/motycs.it\/wp-content\/uploads\/2022\/03\/orizz_bianc.jpg\",\"contentUrl\":\"https:\/\/motycs.it\/wp-content\/uploads\/2022\/03\/orizz_bianc.jpg\",\"width\":600,\"height\":159,\"caption\":\"MOTYCS\"},\"image\":{\"@id\":\"https:\/\/motycs.it\/#\/schema\/logo\/image\/\"},\"sameAs\":[\"https:\/\/www.facebook.com\/motycs\/\",\"https:\/\/www.instagram.com\/motycs.teq\/\",\"https:\/\/www.linkedin.com\/company\/motycs\/\",\"https:\/\/www.pinterest.it\/Motycsdynamometer\/\",\"https:\/\/www.youtube.com\/channel\/UCl_9nwLJn-fMI6UMZVc0tZw\"]}]}<\/script>\n<!-- \/ Yoast SEO plugin. -->","yoast_head_json":{"title":"Renouvelez votre banc d'essai - MOTYCS","description":"Faites \u00e9voluer votre ancien banc d'essai de puissance, inertiel ou frein\u00e9, vers un syst\u00e8me de pointe. Jusqu'\u00e0 3 \u00e9crans en temps r\u00e9el","robots":{"index":"index","follow":"follow","max-snippet":"max-snippet:-1","max-image-preview":"max-image-preview:large","max-video-preview":"max-video-preview:-1"},"canonical":"https:\/\/motycs.it\/fr\/renouveler-votre-test-bancaire\/","og_locale":"fr_FR","og_type":"article","og_title":"Rinnova il tuo banco prova - MOTYCS","og_description":"Aggiornare il tuo vecchio banco prova potenza. inerziale o frenato, ad un sistema di ultima generazione. Fino a 3 schermi in real time","og_url":"https:\/\/motycs.it\/fr\/renouveler-votre-test-bancaire\/","og_site_name":"MOTYCS","article_publisher":"https:\/\/www.facebook.com\/motycs\/","article_modified_time":"2023-06-02T21:21:22+00:00","og_image":[{"url":"https:\/\/motycs.it\/wp-content\/uploads\/2022\/03\/sp1-motycs-dyno-banco-prova-potenza-2.jpg","type":"","width":"","height":""}],"twitter_card":"summary_large_image","twitter_misc":{"Dur\u00e9e de lecture estim\u00e9e":"4 minutes"},"schema":{"@context":"https:\/\/schema.org","@graph":[{"@type":"WebPage","@id":"https:\/\/motycs.it\/rinnova-il-tuo-banco-prova\/","url":"https:\/\/motycs.it\/rinnova-il-tuo-banco-prova\/","name":"Renouvelez votre banc d'essai - MOTYCS","isPartOf":{"@id":"https:\/\/motycs.it\/#website"},"primaryImageOfPage":{"@id":"https:\/\/motycs.it\/rinnova-il-tuo-banco-prova\/#primaryimage"},"image":{"@id":"https:\/\/motycs.it\/rinnova-il-tuo-banco-prova\/#primaryimage"},"thumbnailUrl":"https:\/\/motycs.it\/wp-content\/uploads\/2022\/03\/sp1-motycs-dyno-banco-prova-potenza-2.jpg","datePublished":"2022-03-17T17:55:05+00:00","dateModified":"2023-06-02T21:21:22+00:00","description":"Faites \u00e9voluer votre ancien banc d'essai de puissance, inertiel ou frein\u00e9, vers un syst\u00e8me de pointe. Jusqu'\u00e0 3 \u00e9crans en temps r\u00e9el","breadcrumb":{"@id":"https:\/\/motycs.it\/rinnova-il-tuo-banco-prova\/#breadcrumb"},"inLanguage":"fr-FR","potentialAction":[{"@type":"ReadAction","target":["https:\/\/motycs.it\/rinnova-il-tuo-banco-prova\/"]}]},{"@type":"ImageObject","inLanguage":"fr-FR","@id":"https:\/\/motycs.it\/rinnova-il-tuo-banco-prova\/#primaryimage","url":"https:\/\/motycs.it\/wp-content\/uploads\/2022\/03\/sp1-motycs-dyno-banco-prova-potenza-2.jpg","contentUrl":"https:\/\/motycs.it\/wp-content\/uploads\/2022\/03\/sp1-motycs-dyno-banco-prova-potenza-2.jpg"},{"@type":"BreadcrumbList","@id":"https:\/\/motycs.it\/rinnova-il-tuo-banco-prova\/#breadcrumb","itemListElement":[{"@type":"ListItem","position":1,"name":"Home","item":"https:\/\/motycs.it\/"},{"@type":"ListItem","position":2,"name":"Rinnova il tuo banco prova"}]},{"@type":"WebSite","@id":"https:\/\/motycs.it\/#website","url":"https:\/\/motycs.it\/","name":"MOTYCS","description":"","publisher":{"@id":"https:\/\/motycs.it\/#organization"},"potentialAction":[{"@type":"SearchAction","target":{"@type":"EntryPoint","urlTemplate":"https:\/\/motycs.it\/?s={search_term_string}"},"query-input":{"@type":"PropertyValueSpecification","valueRequired":true,"valueName":"search_term_string"}}],"inLanguage":"fr-FR"},{"@type":"Organization","@id":"https:\/\/motycs.it\/#organization","name":"MOTYCS","url":"https:\/\/motycs.it\/","logo":{"@type":"ImageObject","inLanguage":"fr-FR","@id":"https:\/\/motycs.it\/#\/schema\/logo\/image\/","url":"https:\/\/motycs.it\/wp-content\/uploads\/2022\/03\/orizz_bianc.jpg","contentUrl":"https:\/\/motycs.it\/wp-content\/uploads\/2022\/03\/orizz_bianc.jpg","width":600,"height":159,"caption":"MOTYCS"},"image":{"@id":"https:\/\/motycs.it\/#\/schema\/logo\/image\/"},"sameAs":["https:\/\/www.facebook.com\/motycs\/","https:\/\/www.instagram.com\/motycs.teq\/","https:\/\/www.linkedin.com\/company\/motycs\/","https:\/\/www.pinterest.it\/Motycsdynamometer\/","https:\/\/www.youtube.com\/channel\/UCl_9nwLJn-fMI6UMZVc0tZw"]}]}},"_links":{"self":[{"href":"https:\/\/motycs.it\/fr\/wp-json\/wp\/v2\/pages\/1010","targetHints":{"allow":["GET"]}}],"collection":[{"href":"https:\/\/motycs.it\/fr\/wp-json\/wp\/v2\/pages"}],"about":[{"href":"https:\/\/motycs.it\/fr\/wp-json\/wp\/v2\/types\/page"}],"author":[{"embeddable":true,"href":"https:\/\/motycs.it\/fr\/wp-json\/wp\/v2\/users\/1"}],"replies":[{"embeddable":true,"href":"https:\/\/motycs.it\/fr\/wp-json\/wp\/v2\/comments?post=1010"}],"version-history":[{"count":19,"href":"https:\/\/motycs.it\/fr\/wp-json\/wp\/v2\/pages\/1010\/revisions"}],"predecessor-version":[{"id":1817,"href":"https:\/\/motycs.it\/fr\/wp-json\/wp\/v2\/pages\/1010\/revisions\/1817"}],"wp:attachment":[{"href":"https:\/\/motycs.it\/fr\/wp-json\/wp\/v2\/media?parent=1010"}],"curies":[{"name":"wp","href":"https:\/\/api.w.org\/{rel}","templated":true}]}}