{"id":994,"date":"2022-03-17T18:45:16","date_gmt":"2022-03-17T17:45:16","guid":{"rendered":"https:\/\/motycs.it\/?post_type=product&#038;p=994"},"modified":"2023-05-04T10:59:32","modified_gmt":"2023-05-04T08:59:32","slug":"estrazione-fumi","status":"publish","type":"product","link":"https:\/\/motycs.it\/de\/product\/entrauchung\/","title":{"rendered":"Entrauchung"},"content":{"rendered":"<p>Besonders wichtig in einem Maschinenraum ist die<strong>Rauchgasabsaugung<\/strong>.<\/p>\n<p>Wir antworteten mit <strong>L\u00f6sungen, die sich aus den spezifischen Bed\u00fcrfnissen ergeben<\/strong>f\u00fcr unsere Kunden gemacht:<\/p>\n<ul>\n<li><strong>Unterirdische Systeme<\/strong> mit verdecktem Rauchabzugskasten<\/li>\n<li>Komponenten f\u00fcr die <strong>Realisierung von Entrauchungsanlagen<\/strong><\/li>\n<li><strong>Komplettsysteme mit umrichtergesteuerten oder nicht umrichtergesteuerten Absaugventilatoren<\/strong>an der Decke montierte S\u00e4ulen, die mit unterirdischen Kan\u00e4len mit Auffangwannen verbunden sind, die speziell f\u00fcr unsere Systeme entwickelt wurden und aus Wagen, Rohren und D\u00fcsen bestehen, die sich an alle Fahrzeug- und\/oder Motoranforderungen anpassen lassen<\/li>\n<li><strong>Komplette Absauganlagen, invertergesteuert<\/strong>komplett mit D\u00fcsenschl\u00e4uchen und St\u00fctzwagen (plus Schalld\u00e4mpfer und Aussto\u00dfkan\u00e4le)<\/li>\n<\/ul>\n<p><a href=\"https:\/\/motycs.it\/de\/product\/beluftung\/\"><strong>Entdecken Sie hier die speziellen L\u00fcftersysteme f\u00fcr die Motork\u00fchlung<\/strong><\/a><\/p>\n<p><a href=\"https:\/\/motycs.it\/de\/product\/salztopfe\/\"><strong>Entdecken Sie hier schallisolierte Motorenpr\u00fcfr\u00e4ume<\/strong><\/a><\/p>\n<h6>INSIGHTS<\/h6>\n<ul>\n<li><strong><a href=\"https:\/\/motycs.it\/de\/grundkonzepte-von-pruefstaenden\/\">Entdecken Sie die grundlegenden Konzepte von Motor- und Rollenpr\u00fcfst\u00e4nden<\/a><\/strong><\/li>\n<li><strong><a href=\"https:\/\/motycs.it\/de\/prufstande-4wd\/\">Vorteile der 4WD-Verbundachsen-Leistungspr\u00fcfst\u00e4nde<\/a><\/strong><\/li>\n<li><strong><a href=\"https:\/\/motycs.it\/de\/einzelrollen-biroll-leistungspruefstaende\/\">MONO-Rollen- und BI-Rollenpr\u00fcfst\u00e4nde<\/a><\/strong><\/li>\n<li><a href=\"https:\/\/motycs.it\/de\/stromunabhangig-banksicher\/\"><strong>Verlustleistung<\/strong><\/a><\/li>\n<\/ul>","protected":false},"excerpt":{"rendered":"<div class=\"page\" title=\"Seite 10\">\n<div class=\"layoutArea\">\n<div class=\"column\">\n<p>RAUCHGASABSAUG- UND -BEHANDLUNGSSYSTEME<\/p>\n<p>Wir haben entwickelt <strong>Rauchabzugssysteme, die f\u00fcr die Verwendung mit Leistungspr\u00fcfst\u00e4nden geeignet sind<\/strong>.<\/p>\n<p><strong>Gr\u00f6\u00dfere Durchmesser und mehr Leistung<\/strong>f\u00fcr zuverl\u00e4ssige und langlebige professionelle Systeme:<\/p>\n<ul>\n<li>Motoren von <strong>5,5 kW<\/strong><\/li>\n<li>Pipelines <strong>250 mm Durchmesser<\/strong>mit Schl\u00e4uchen, Manschetten und <strong>Hochtemperaturdichtungen<\/strong>bis zu 1.200 \u00b0C<\/li>\n<li><strong>Mundst\u00fccke mit hochfesten Gelenken<\/strong><\/li>\n<li><strong>Mobile Wagen<\/strong> auf R\u00e4dern mit Bremsen, mit Ballast versehen<\/li>\n<\/ul>\n<p><strong>Alle Absauganlagen k\u00f6nnen standardm\u00e4\u00dfig oder nach Kundenwunsch geliefert werden.<\/strong><\/p>\n<\/div>\n<\/div>\n<\/div>","protected":false},"featured_media":902,"template":"","meta":[],"product_cat":[94],"product_tag":[112,111,113],"class_list":["post-994","product","type-product","status-publish","has-post-thumbnail","hentry","product_cat-accessori","product_tag-accessori-sala-prova-motori","product_tag-estrazione-fumi","product_tag-trattamento-gas-di-scarico"],"yoast_head":"<!-- This site is optimized with the Yoast SEO plugin v26.5 - https:\/\/yoast.com\/wordpress\/plugins\/seo\/ -->\n<title>Estrazione fumi - MOTYCS<\/title>\n<meta name=\"description\" content=\"Realizziamo sistemi di estrazione fumi, appositamente pensati e progettati per la sala prova motori o veicoli. Garantiamo efficacia e resistenza nel tempo\" \/>\n<meta name=\"robots\" content=\"index, follow, max-snippet:-1, max-image-preview:large, max-video-preview:-1\" \/>\n<link rel=\"canonical\" href=\"https:\/\/motycs.it\/de\/product\/entrauchung\/\" \/>\n<meta property=\"og:locale\" content=\"de_DE\" \/>\n<meta property=\"og:type\" content=\"article\" \/>\n<meta property=\"og:title\" content=\"Estrazione fumi - MOTYCS\" \/>\n<meta property=\"og:description\" content=\"Realizziamo sistemi di estrazione fumi, appositamente pensati e progettati per la sala prova motori o veicoli. Garantiamo efficacia e resistenza nel tempo\" \/>\n<meta property=\"og:url\" content=\"https:\/\/motycs.it\/de\/product\/entrauchung\/\" \/>\n<meta property=\"og:site_name\" content=\"MOTYCS\" \/>\n<meta property=\"article:publisher\" content=\"https:\/\/www.facebook.com\/motycs\/\" \/>\n<meta property=\"article:modified_time\" content=\"2023-05-04T08:59:32+00:00\" \/>\n<meta property=\"og:image\" content=\"https:\/\/motycs.it\/wp-content\/uploads\/2022\/03\/WhatsApp-Image-2022-03-15-at-00.34.26-6.jpeg\" \/>\n\t<meta property=\"og:image:width\" content=\"1440\" \/>\n\t<meta property=\"og:image:height\" content=\"1440\" \/>\n\t<meta property=\"og:image:type\" content=\"image\/jpeg\" \/>\n<meta name=\"twitter:card\" content=\"summary_large_image\" \/>\n<meta name=\"twitter:label1\" content=\"Gesch\u00e4tzte Lesezeit\" \/>\n\t<meta name=\"twitter:data1\" content=\"1\u00a0Minute\" \/>\n<script type=\"application\/ld+json\" class=\"yoast-schema-graph\">{\"@context\":\"https:\/\/schema.org\",\"@graph\":[{\"@type\":\"WebPage\",\"@id\":\"https:\/\/motycs.it\/product\/estrazione-fumi\/\",\"url\":\"https:\/\/motycs.it\/product\/estrazione-fumi\/\",\"name\":\"Estrazione fumi - MOTYCS\",\"isPartOf\":{\"@id\":\"https:\/\/motycs.it\/#website\"},\"primaryImageOfPage\":{\"@id\":\"https:\/\/motycs.it\/product\/estrazione-fumi\/#primaryimage\"},\"image\":{\"@id\":\"https:\/\/motycs.it\/product\/estrazione-fumi\/#primaryimage\"},\"thumbnailUrl\":\"https:\/\/motycs.it\/wp-content\/uploads\/2022\/03\/WhatsApp-Image-2022-03-15-at-00.34.26-6.jpeg\",\"datePublished\":\"2022-03-17T17:45:16+00:00\",\"dateModified\":\"2023-05-04T08:59:32+00:00\",\"description\":\"Realizziamo sistemi di estrazione fumi, appositamente pensati e progettati per la sala prova motori o veicoli. Garantiamo efficacia e resistenza nel tempo\",\"breadcrumb\":{\"@id\":\"https:\/\/motycs.it\/product\/estrazione-fumi\/#breadcrumb\"},\"inLanguage\":\"de\",\"potentialAction\":[{\"@type\":\"ReadAction\",\"target\":[\"https:\/\/motycs.it\/product\/estrazione-fumi\/\"]}]},{\"@type\":\"ImageObject\",\"inLanguage\":\"de\",\"@id\":\"https:\/\/motycs.it\/product\/estrazione-fumi\/#primaryimage\",\"url\":\"https:\/\/motycs.it\/wp-content\/uploads\/2022\/03\/WhatsApp-Image-2022-03-15-at-00.34.26-6.jpeg\",\"contentUrl\":\"https:\/\/motycs.it\/wp-content\/uploads\/2022\/03\/WhatsApp-Image-2022-03-15-at-00.34.26-6.jpeg\",\"width\":1440,\"height\":1440,\"caption\":\"estrazione fumi e gas di scarico\"},{\"@type\":\"BreadcrumbList\",\"@id\":\"https:\/\/motycs.it\/product\/estrazione-fumi\/#breadcrumb\",\"itemListElement\":[{\"@type\":\"ListItem\",\"position\":1,\"name\":\"Home\",\"item\":\"https:\/\/motycs.it\/\"},{\"@type\":\"ListItem\",\"position\":2,\"name\":\"Shop\",\"item\":\"https:\/\/motycs.it\/shop\/\"},{\"@type\":\"ListItem\",\"position\":3,\"name\":\"Estrazione fumi\"}]},{\"@type\":\"WebSite\",\"@id\":\"https:\/\/motycs.it\/#website\",\"url\":\"https:\/\/motycs.it\/\",\"name\":\"MOTYCS\",\"description\":\"\",\"publisher\":{\"@id\":\"https:\/\/motycs.it\/#organization\"},\"potentialAction\":[{\"@type\":\"SearchAction\",\"target\":{\"@type\":\"EntryPoint\",\"urlTemplate\":\"https:\/\/motycs.it\/?s={search_term_string}\"},\"query-input\":{\"@type\":\"PropertyValueSpecification\",\"valueRequired\":true,\"valueName\":\"search_term_string\"}}],\"inLanguage\":\"de\"},{\"@type\":\"Organization\",\"@id\":\"https:\/\/motycs.it\/#organization\",\"name\":\"MOTYCS\",\"url\":\"https:\/\/motycs.it\/\",\"logo\":{\"@type\":\"ImageObject\",\"inLanguage\":\"de\",\"@id\":\"https:\/\/motycs.it\/#\/schema\/logo\/image\/\",\"url\":\"https:\/\/motycs.it\/wp-content\/uploads\/2022\/03\/orizz_bianc.jpg\",\"contentUrl\":\"https:\/\/motycs.it\/wp-content\/uploads\/2022\/03\/orizz_bianc.jpg\",\"width\":600,\"height\":159,\"caption\":\"MOTYCS\"},\"image\":{\"@id\":\"https:\/\/motycs.it\/#\/schema\/logo\/image\/\"},\"sameAs\":[\"https:\/\/www.facebook.com\/motycs\/\",\"https:\/\/www.instagram.com\/motycs.teq\/\",\"https:\/\/www.linkedin.com\/company\/motycs\/\",\"https:\/\/www.pinterest.it\/Motycsdynamometer\/\",\"https:\/\/www.youtube.com\/channel\/UCl_9nwLJn-fMI6UMZVc0tZw\"]}]}<\/script>\n<!-- \/ Yoast SEO plugin. -->","yoast_head_json":{"title":"Entrauchung - MOTYCS","description":"Wir stellen Rauchabzugsanlagen her, die speziell f\u00fcr den Motor- oder Fahrzeugpr\u00fcfstand entwickelt und konstruiert wurden. Wir garantieren Wirksamkeit und Haltbarkeit","robots":{"index":"index","follow":"follow","max-snippet":"max-snippet:-1","max-image-preview":"max-image-preview:large","max-video-preview":"max-video-preview:-1"},"canonical":"https:\/\/motycs.it\/de\/product\/entrauchung\/","og_locale":"de_DE","og_type":"article","og_title":"Estrazione fumi - MOTYCS","og_description":"Realizziamo sistemi di estrazione fumi, appositamente pensati e progettati per la sala prova motori o veicoli. Garantiamo efficacia e resistenza nel tempo","og_url":"https:\/\/motycs.it\/de\/product\/entrauchung\/","og_site_name":"MOTYCS","article_publisher":"https:\/\/www.facebook.com\/motycs\/","article_modified_time":"2023-05-04T08:59:32+00:00","og_image":[{"width":1440,"height":1440,"url":"https:\/\/motycs.it\/wp-content\/uploads\/2022\/03\/WhatsApp-Image-2022-03-15-at-00.34.26-6.jpeg","type":"image\/jpeg"}],"twitter_card":"summary_large_image","twitter_misc":{"Gesch\u00e4tzte Lesezeit":"1\u00a0Minute"},"schema":{"@context":"https:\/\/schema.org","@graph":[{"@type":"WebPage","@id":"https:\/\/motycs.it\/product\/estrazione-fumi\/","url":"https:\/\/motycs.it\/product\/estrazione-fumi\/","name":"Entrauchung - MOTYCS","isPartOf":{"@id":"https:\/\/motycs.it\/#website"},"primaryImageOfPage":{"@id":"https:\/\/motycs.it\/product\/estrazione-fumi\/#primaryimage"},"image":{"@id":"https:\/\/motycs.it\/product\/estrazione-fumi\/#primaryimage"},"thumbnailUrl":"https:\/\/motycs.it\/wp-content\/uploads\/2022\/03\/WhatsApp-Image-2022-03-15-at-00.34.26-6.jpeg","datePublished":"2022-03-17T17:45:16+00:00","dateModified":"2023-05-04T08:59:32+00:00","description":"Wir stellen Rauchabzugsanlagen her, die speziell f\u00fcr den Motor- oder Fahrzeugpr\u00fcfstand entwickelt und konstruiert wurden. Wir garantieren Wirksamkeit und Haltbarkeit","breadcrumb":{"@id":"https:\/\/motycs.it\/product\/estrazione-fumi\/#breadcrumb"},"inLanguage":"de","potentialAction":[{"@type":"ReadAction","target":["https:\/\/motycs.it\/product\/estrazione-fumi\/"]}]},{"@type":"ImageObject","inLanguage":"de","@id":"https:\/\/motycs.it\/product\/estrazione-fumi\/#primaryimage","url":"https:\/\/motycs.it\/wp-content\/uploads\/2022\/03\/WhatsApp-Image-2022-03-15-at-00.34.26-6.jpeg","contentUrl":"https:\/\/motycs.it\/wp-content\/uploads\/2022\/03\/WhatsApp-Image-2022-03-15-at-00.34.26-6.jpeg","width":1440,"height":1440,"caption":"estrazione fumi e gas di scarico"},{"@type":"BreadcrumbList","@id":"https:\/\/motycs.it\/product\/estrazione-fumi\/#breadcrumb","itemListElement":[{"@type":"ListItem","position":1,"name":"Home","item":"https:\/\/motycs.it\/"},{"@type":"ListItem","position":2,"name":"Shop","item":"https:\/\/motycs.it\/shop\/"},{"@type":"ListItem","position":3,"name":"Estrazione fumi"}]},{"@type":"WebSite","@id":"https:\/\/motycs.it\/#website","url":"https:\/\/motycs.it\/","name":"MOTYCS","description":"","publisher":{"@id":"https:\/\/motycs.it\/#organization"},"potentialAction":[{"@type":"SearchAction","target":{"@type":"EntryPoint","urlTemplate":"https:\/\/motycs.it\/?s={search_term_string}"},"query-input":{"@type":"PropertyValueSpecification","valueRequired":true,"valueName":"search_term_string"}}],"inLanguage":"de"},{"@type":"Organization","@id":"https:\/\/motycs.it\/#organization","name":"MOTYCS","url":"https:\/\/motycs.it\/","logo":{"@type":"ImageObject","inLanguage":"de","@id":"https:\/\/motycs.it\/#\/schema\/logo\/image\/","url":"https:\/\/motycs.it\/wp-content\/uploads\/2022\/03\/orizz_bianc.jpg","contentUrl":"https:\/\/motycs.it\/wp-content\/uploads\/2022\/03\/orizz_bianc.jpg","width":600,"height":159,"caption":"MOTYCS"},"image":{"@id":"https:\/\/motycs.it\/#\/schema\/logo\/image\/"},"sameAs":["https:\/\/www.facebook.com\/motycs\/","https:\/\/www.instagram.com\/motycs.teq\/","https:\/\/www.linkedin.com\/company\/motycs\/","https:\/\/www.pinterest.it\/Motycsdynamometer\/","https:\/\/www.youtube.com\/channel\/UCl_9nwLJn-fMI6UMZVc0tZw"]}]}},"_links":{"self":[{"href":"https:\/\/motycs.it\/de\/wp-json\/wp\/v2\/product\/994","targetHints":{"allow":["GET"]}}],"collection":[{"href":"https:\/\/motycs.it\/de\/wp-json\/wp\/v2\/product"}],"about":[{"href":"https:\/\/motycs.it\/de\/wp-json\/wp\/v2\/types\/product"}],"wp:featuredmedia":[{"embeddable":true,"href":"https:\/\/motycs.it\/de\/wp-json\/wp\/v2\/media\/902"}],"wp:attachment":[{"href":"https:\/\/motycs.it\/de\/wp-json\/wp\/v2\/media?parent=994"}],"wp:term":[{"taxonomy":"product_cat","embeddable":true,"href":"https:\/\/motycs.it\/de\/wp-json\/wp\/v2\/product_cat?post=994"},{"taxonomy":"product_tag","embeddable":true,"href":"https:\/\/motycs.it\/de\/wp-json\/wp\/v2\/product_tag?post=994"}],"curies":[{"name":"wp","href":"https:\/\/api.w.org\/{rel}","templated":true}]}}