{"id":993,"date":"2022-03-17T18:44:36","date_gmt":"2022-03-17T17:44:36","guid":{"rendered":"https:\/\/motycs.it\/?post_type=product&#038;p=993"},"modified":"2023-05-04T10:41:31","modified_gmt":"2023-05-04T08:41:31","slug":"ventilazione","status":"publish","type":"product","link":"https:\/\/motycs.it\/de\/product\/beluftung\/","title":{"rendered":"Bel\u00fcftung"},"content":{"rendered":"<p>Alle Motorl\u00fcftungssysteme f\u00fcr Leistungspr\u00fcfst\u00e4nde arbeiten mit 380 V.<\/p>\n<p><strong>Konzipiert und gestaltet f\u00fcr unterschiedliche Anwendungsbereiche<\/strong>von der Fahrzeugdiagnose in der Werkstatt bis hin zur Homologation von Motoren zur Erf\u00fcllung bestimmter Vorschriften.<\/p>\n<p>Unsere Techniker beraten Sie bei der Auswahl der besten L\u00f6sung <strong><a href=\"mailto:info@motycs.it\">info@motycs.it<\/a><\/strong><\/p>\n<h6>INSIGHTS<\/h6>\n<ul>\n<li><strong><a href=\"https:\/\/motycs.it\/de\/grundkonzepte-von-pruefstaenden\/\">Entdecken Sie die grundlegenden Konzepte von Motor- und Rollenpr\u00fcfst\u00e4nden<\/a><\/strong><\/li>\n<li><strong><a href=\"https:\/\/motycs.it\/de\/prufstande-4wd\/\">Vorteile der 4WD-Verbundachsen-Leistungspr\u00fcfst\u00e4nde<\/a><\/strong><\/li>\n<li><strong><a href=\"https:\/\/motycs.it\/de\/einzelrollen-biroll-leistungspruefstaende\/\">MONO-Rollen- und BI-Rollenpr\u00fcfst\u00e4nde<\/a><\/strong><\/li>\n<li><a href=\"https:\/\/motycs.it\/de\/stromunabhangig-banksicher\/\"><strong>Verlustleistung<\/strong><\/a><\/li>\n<\/ul>\n<p>&nbsp;<\/p>","protected":false},"excerpt":{"rendered":"<p><strong>Wir entwerfen und bauen L\u00fcftungs- und Motork\u00fchlsysteme,<\/strong> konstruiert zur Erzeugung eines Luftstroms (mit konstanter oder variabler Geschwindigkeit) mit hohem Durchsatz, der auf den vorderen K\u00fchlk\u00f6rper des Fahrzeugs gerichtet wird, w\u00e4hrend er auf dem Rollenpr\u00fcfstand in Betrieb ist.<\/p>\n<p>Damit die <strong>gute W\u00e4rmeableitung<\/strong> und damit die sichere Durchf\u00fchrung von Leistungstests oder Stra\u00dfensimulationen (bei gleichzeitiger Beherrschung der Betriebstemperaturen des Fahrzeugs).<\/p>\n<p><strong>Alle Gebl\u00e4sesysteme k\u00f6nnen \u00fcber den Pr\u00fcfstand und unsere Steuerungs- und Erfassungssysteme gesteuert werden;<\/strong> auch mit proportionaler Geschwindigkeitsregelung (zu der des Fahrzeugs auf dem Rollenpr\u00fcfstand).<\/p>\n<p>Es sind verschiedene Versionen und Konfigurationen erh\u00e4ltlich, die allen Anforderungen gerecht werden:<\/p>\n<ul>\n<li>Einl\u00fcftermodelle mit geringem Durchfluss (15.000 oder 25.000 m3\/h)<\/li>\n<li>Modelle mit einem Hochleistungsventilator (30.000 oder 50.000 m3\/h)<\/li>\n<li>Installierte Leistung: 2,2 bis 11 kW<\/li>\n<li>Konische D\u00fcsen mit rechteckigem Auslass (B 600 x H 400 mm)<\/li>\n<li>Optional: einstellbare Drehzahl (Steuerumrichter) auch im Proportionalbetrieb<\/li>\n<li>Optional: h\u00f6henverstellbarer St\u00fctzwagen auf gebremsten R\u00e4dern<\/li>\n<li>Optional: D\u00fcse mit Durchflussgleichrichter und einziehbarem B\u00fcgel f\u00fcr die Durchflusskontrolle unter dem Fahrzeug<\/li>\n<\/ul>","protected":false},"featured_media":1098,"template":"","meta":[],"product_cat":[94],"product_tag":[110,109],"class_list":["post-993","product","type-product","status-publish","has-post-thumbnail","hentry","product_cat-accessori","product_tag-raffreddamento-motore","product_tag-sistemi-di-ventilazione"],"yoast_head":"<!-- This site is optimized with the Yoast SEO plugin v26.5 - https:\/\/yoast.com\/wordpress\/plugins\/seo\/ -->\n<title>Ventilazione - MOTYCS<\/title>\n<meta name=\"description\" content=\"Sistemi di ventilazione e raffreddamento motore per sale prova motori e veicoli. Specificatamente realizzati per i diversi ambiti normativi\" \/>\n<meta name=\"robots\" content=\"index, follow, max-snippet:-1, max-image-preview:large, max-video-preview:-1\" \/>\n<link rel=\"canonical\" href=\"https:\/\/motycs.it\/de\/product\/beluftung\/\" \/>\n<meta property=\"og:locale\" content=\"de_DE\" \/>\n<meta property=\"og:type\" content=\"article\" \/>\n<meta property=\"og:title\" content=\"Ventilazione - MOTYCS\" \/>\n<meta property=\"og:description\" content=\"Sistemi di ventilazione e raffreddamento motore per sale prova motori e veicoli. Specificatamente realizzati per i diversi ambiti normativi\" \/>\n<meta property=\"og:url\" content=\"https:\/\/motycs.it\/de\/product\/beluftung\/\" \/>\n<meta property=\"og:site_name\" content=\"MOTYCS\" \/>\n<meta property=\"article:publisher\" content=\"https:\/\/www.facebook.com\/motycs\/\" \/>\n<meta property=\"article:modified_time\" content=\"2023-05-04T08:41:31+00:00\" \/>\n<meta property=\"og:image\" content=\"https:\/\/motycs.it\/wp-content\/uploads\/2022\/03\/h0634hd6.jpg\" \/>\n\t<meta property=\"og:image:width\" content=\"853\" \/>\n\t<meta property=\"og:image:height\" content=\"640\" \/>\n\t<meta property=\"og:image:type\" content=\"image\/jpeg\" \/>\n<meta name=\"twitter:card\" content=\"summary_large_image\" \/>\n<meta name=\"twitter:label1\" content=\"Gesch\u00e4tzte Lesezeit\" \/>\n\t<meta name=\"twitter:data1\" content=\"1\u00a0Minute\" \/>\n<script type=\"application\/ld+json\" class=\"yoast-schema-graph\">{\"@context\":\"https:\/\/schema.org\",\"@graph\":[{\"@type\":\"WebPage\",\"@id\":\"https:\/\/motycs.it\/product\/ventilazione\/\",\"url\":\"https:\/\/motycs.it\/product\/ventilazione\/\",\"name\":\"Ventilazione - MOTYCS\",\"isPartOf\":{\"@id\":\"https:\/\/motycs.it\/#website\"},\"primaryImageOfPage\":{\"@id\":\"https:\/\/motycs.it\/product\/ventilazione\/#primaryimage\"},\"image\":{\"@id\":\"https:\/\/motycs.it\/product\/ventilazione\/#primaryimage\"},\"thumbnailUrl\":\"https:\/\/motycs.it\/wp-content\/uploads\/2022\/03\/h0634hd6.jpg\",\"datePublished\":\"2022-03-17T17:44:36+00:00\",\"dateModified\":\"2023-05-04T08:41:31+00:00\",\"description\":\"Sistemi di ventilazione e raffreddamento motore per sale prova motori e veicoli. Specificatamente realizzati per i diversi ambiti normativi\",\"breadcrumb\":{\"@id\":\"https:\/\/motycs.it\/product\/ventilazione\/#breadcrumb\"},\"inLanguage\":\"de\",\"potentialAction\":[{\"@type\":\"ReadAction\",\"target\":[\"https:\/\/motycs.it\/product\/ventilazione\/\"]}]},{\"@type\":\"ImageObject\",\"inLanguage\":\"de\",\"@id\":\"https:\/\/motycs.it\/product\/ventilazione\/#primaryimage\",\"url\":\"https:\/\/motycs.it\/wp-content\/uploads\/2022\/03\/h0634hd6.jpg\",\"contentUrl\":\"https:\/\/motycs.it\/wp-content\/uploads\/2022\/03\/h0634hd6.jpg\",\"width\":853,\"height\":640,\"caption\":\"dyno fan motycs\"},{\"@type\":\"BreadcrumbList\",\"@id\":\"https:\/\/motycs.it\/product\/ventilazione\/#breadcrumb\",\"itemListElement\":[{\"@type\":\"ListItem\",\"position\":1,\"name\":\"Home\",\"item\":\"https:\/\/motycs.it\/\"},{\"@type\":\"ListItem\",\"position\":2,\"name\":\"Shop\",\"item\":\"https:\/\/motycs.it\/shop\/\"},{\"@type\":\"ListItem\",\"position\":3,\"name\":\"Ventilazione\"}]},{\"@type\":\"WebSite\",\"@id\":\"https:\/\/motycs.it\/#website\",\"url\":\"https:\/\/motycs.it\/\",\"name\":\"MOTYCS\",\"description\":\"\",\"publisher\":{\"@id\":\"https:\/\/motycs.it\/#organization\"},\"potentialAction\":[{\"@type\":\"SearchAction\",\"target\":{\"@type\":\"EntryPoint\",\"urlTemplate\":\"https:\/\/motycs.it\/?s={search_term_string}\"},\"query-input\":{\"@type\":\"PropertyValueSpecification\",\"valueRequired\":true,\"valueName\":\"search_term_string\"}}],\"inLanguage\":\"de\"},{\"@type\":\"Organization\",\"@id\":\"https:\/\/motycs.it\/#organization\",\"name\":\"MOTYCS\",\"url\":\"https:\/\/motycs.it\/\",\"logo\":{\"@type\":\"ImageObject\",\"inLanguage\":\"de\",\"@id\":\"https:\/\/motycs.it\/#\/schema\/logo\/image\/\",\"url\":\"https:\/\/motycs.it\/wp-content\/uploads\/2022\/03\/orizz_bianc.jpg\",\"contentUrl\":\"https:\/\/motycs.it\/wp-content\/uploads\/2022\/03\/orizz_bianc.jpg\",\"width\":600,\"height\":159,\"caption\":\"MOTYCS\"},\"image\":{\"@id\":\"https:\/\/motycs.it\/#\/schema\/logo\/image\/\"},\"sameAs\":[\"https:\/\/www.facebook.com\/motycs\/\",\"https:\/\/www.instagram.com\/motycs.teq\/\",\"https:\/\/www.linkedin.com\/company\/motycs\/\",\"https:\/\/www.pinterest.it\/Motycsdynamometer\/\",\"https:\/\/www.youtube.com\/channel\/UCl_9nwLJn-fMI6UMZVc0tZw\"]}]}<\/script>\n<!-- \/ Yoast SEO plugin. -->","yoast_head_json":{"title":"Bel\u00fcftung - MOTYCS","description":"Bel\u00fcftungs- und Motork\u00fchlsysteme f\u00fcr Motor- und Fahrzeugpr\u00fcfr\u00e4ume. Speziell gefertigt f\u00fcr unterschiedliche","robots":{"index":"index","follow":"follow","max-snippet":"max-snippet:-1","max-image-preview":"max-image-preview:large","max-video-preview":"max-video-preview:-1"},"canonical":"https:\/\/motycs.it\/de\/product\/beluftung\/","og_locale":"de_DE","og_type":"article","og_title":"Ventilazione - MOTYCS","og_description":"Sistemi di ventilazione e raffreddamento motore per sale prova motori e veicoli. Specificatamente realizzati per i diversi ambiti normativi","og_url":"https:\/\/motycs.it\/de\/product\/beluftung\/","og_site_name":"MOTYCS","article_publisher":"https:\/\/www.facebook.com\/motycs\/","article_modified_time":"2023-05-04T08:41:31+00:00","og_image":[{"width":853,"height":640,"url":"https:\/\/motycs.it\/wp-content\/uploads\/2022\/03\/h0634hd6.jpg","type":"image\/jpeg"}],"twitter_card":"summary_large_image","twitter_misc":{"Gesch\u00e4tzte Lesezeit":"1\u00a0Minute"},"schema":{"@context":"https:\/\/schema.org","@graph":[{"@type":"WebPage","@id":"https:\/\/motycs.it\/product\/ventilazione\/","url":"https:\/\/motycs.it\/product\/ventilazione\/","name":"Bel\u00fcftung - MOTYCS","isPartOf":{"@id":"https:\/\/motycs.it\/#website"},"primaryImageOfPage":{"@id":"https:\/\/motycs.it\/product\/ventilazione\/#primaryimage"},"image":{"@id":"https:\/\/motycs.it\/product\/ventilazione\/#primaryimage"},"thumbnailUrl":"https:\/\/motycs.it\/wp-content\/uploads\/2022\/03\/h0634hd6.jpg","datePublished":"2022-03-17T17:44:36+00:00","dateModified":"2023-05-04T08:41:31+00:00","description":"Bel\u00fcftungs- und Motork\u00fchlsysteme f\u00fcr Motor- und Fahrzeugpr\u00fcfr\u00e4ume. Speziell gefertigt f\u00fcr unterschiedliche","breadcrumb":{"@id":"https:\/\/motycs.it\/product\/ventilazione\/#breadcrumb"},"inLanguage":"de","potentialAction":[{"@type":"ReadAction","target":["https:\/\/motycs.it\/product\/ventilazione\/"]}]},{"@type":"ImageObject","inLanguage":"de","@id":"https:\/\/motycs.it\/product\/ventilazione\/#primaryimage","url":"https:\/\/motycs.it\/wp-content\/uploads\/2022\/03\/h0634hd6.jpg","contentUrl":"https:\/\/motycs.it\/wp-content\/uploads\/2022\/03\/h0634hd6.jpg","width":853,"height":640,"caption":"dyno fan motycs"},{"@type":"BreadcrumbList","@id":"https:\/\/motycs.it\/product\/ventilazione\/#breadcrumb","itemListElement":[{"@type":"ListItem","position":1,"name":"Home","item":"https:\/\/motycs.it\/"},{"@type":"ListItem","position":2,"name":"Shop","item":"https:\/\/motycs.it\/shop\/"},{"@type":"ListItem","position":3,"name":"Ventilazione"}]},{"@type":"WebSite","@id":"https:\/\/motycs.it\/#website","url":"https:\/\/motycs.it\/","name":"MOTYCS","description":"","publisher":{"@id":"https:\/\/motycs.it\/#organization"},"potentialAction":[{"@type":"SearchAction","target":{"@type":"EntryPoint","urlTemplate":"https:\/\/motycs.it\/?s={search_term_string}"},"query-input":{"@type":"PropertyValueSpecification","valueRequired":true,"valueName":"search_term_string"}}],"inLanguage":"de"},{"@type":"Organization","@id":"https:\/\/motycs.it\/#organization","name":"MOTYCS","url":"https:\/\/motycs.it\/","logo":{"@type":"ImageObject","inLanguage":"de","@id":"https:\/\/motycs.it\/#\/schema\/logo\/image\/","url":"https:\/\/motycs.it\/wp-content\/uploads\/2022\/03\/orizz_bianc.jpg","contentUrl":"https:\/\/motycs.it\/wp-content\/uploads\/2022\/03\/orizz_bianc.jpg","width":600,"height":159,"caption":"MOTYCS"},"image":{"@id":"https:\/\/motycs.it\/#\/schema\/logo\/image\/"},"sameAs":["https:\/\/www.facebook.com\/motycs\/","https:\/\/www.instagram.com\/motycs.teq\/","https:\/\/www.linkedin.com\/company\/motycs\/","https:\/\/www.pinterest.it\/Motycsdynamometer\/","https:\/\/www.youtube.com\/channel\/UCl_9nwLJn-fMI6UMZVc0tZw"]}]}},"_links":{"self":[{"href":"https:\/\/motycs.it\/de\/wp-json\/wp\/v2\/product\/993","targetHints":{"allow":["GET"]}}],"collection":[{"href":"https:\/\/motycs.it\/de\/wp-json\/wp\/v2\/product"}],"about":[{"href":"https:\/\/motycs.it\/de\/wp-json\/wp\/v2\/types\/product"}],"wp:featuredmedia":[{"embeddable":true,"href":"https:\/\/motycs.it\/de\/wp-json\/wp\/v2\/media\/1098"}],"wp:attachment":[{"href":"https:\/\/motycs.it\/de\/wp-json\/wp\/v2\/media?parent=993"}],"wp:term":[{"taxonomy":"product_cat","embeddable":true,"href":"https:\/\/motycs.it\/de\/wp-json\/wp\/v2\/product_cat?post=993"},{"taxonomy":"product_tag","embeddable":true,"href":"https:\/\/motycs.it\/de\/wp-json\/wp\/v2\/product_tag?post=993"}],"curies":[{"name":"wp","href":"https:\/\/api.w.org\/{rel}","templated":true}]}}