{"id":989,"date":"2022-03-17T18:39:40","date_gmt":"2022-03-17T17:39:40","guid":{"rendered":"https:\/\/motycs.it\/?post_type=product&#038;p=989"},"modified":"2024-06-29T22:41:05","modified_gmt":"2024-06-29T20:41:05","slug":"banchi-prova-motore","status":"publish","type":"product","link":"https:\/\/motycs.it\/de\/product\/homologationsbanke\/","title":{"rendered":"Motorpr\u00fcfst\u00e4nde"},"content":{"rendered":"<div class=\"page\" title=\"Seite 7\">\n<div class=\"section\">\n<div class=\"layoutArea\">\n<div class=\"column\">\n<p>FUNKTIONALIT\u00c4T UNSERES HOMOLOGATIONSKONTROLLSYSTEMS<\/p>\n<ul>\n<li><strong>Bremse PID-Management<\/strong> (Drehzahl, Drehmoment, Prozentsatz) R\u00fcckmeldung in 3ms mit Pr\u00e4diktor<\/li>\n<li><strong>Beschleuniger PID-Management<\/strong> (Drehzahl, Drehmoment, Prozentsatz) R\u00fcckmeldung in 3 ms mit Pr\u00e4diktor<\/li>\n<li><strong>PID-Temperaturmanagement<\/strong> (Wasser, \u00d6l, Luftzufuhr, Umwelt)<\/li>\n<li><strong>PID-Druckmanagement<\/strong> (auch Einlass und Auslass)<\/li>\n<li>Kommunikationsmanagement \u00fcber <strong>doppelter CAN-Bus<\/strong> (Steuerger\u00e4te, Sensoren, ...)<\/li>\n<li><strong>Alarmverwaltung<\/strong> sowohl die Umwelt als auch die zu pr\u00fcfende Einheit<\/li>\n<li><strong>Modularit\u00e4t<\/strong> f\u00fcr unterschiedliche Anwendungen<\/li>\n<li><strong>Ausf\u00fchrung von dynamischen Profilen<\/strong> f\u00fcr Pr\u00fcfstand-Typgenehmigungszyklen<\/li>\n<li><strong>Schnittstelle<\/strong> zu \u00dcberwachungsprogrammen<\/li>\n<li><strong>Autonomie bei der Anpassung von Anwendungen<\/strong> (Bewahrung von Know-how)<\/li>\n<li>skalierbare Hardware-\/Software-Konfigurationen<\/li>\n<li>Budget durch inkrementelle Schritte verbessert<\/li>\n<\/ul>\n<\/div>\n<\/div>\n<\/div>\n<\/div>","protected":false},"excerpt":{"rendered":"<p><strong>WIRBELSTROM-MOTORLEISTUNGSPR\u00dcFST\u00c4NDE<\/strong><\/p>\n<p>Wir entwerfen und implementieren <strong>Motorpr\u00fcfst\u00e4nde sowie Steuerungs- und Datenerfassungssysteme f\u00fcr Diagnose- und Motorsportpr\u00fcfst\u00e4nde<\/strong>.<\/p>\n<p>Bereiche, in denen unterschiedliche Bed\u00fcrfnisse nebeneinander bestehen, die von <strong>ein einfaches und intuitives Steuerungs- und Erfassungssystem<\/strong>, <strong>geeignet f\u00fcr Diagnose- und Motorsportanwendungen<\/strong>zu Kontexten, in denen ein <strong>tiefe Integration in die Kundenbed\u00fcrfnisse in Bezug auf Datenerfassung und -management, auch mit dem Ziel der Prozessintegration<\/strong>.<\/p>\n<p>Wir verf\u00fcgen \u00fcber mehrere Kontroll- und Erfassungssysteme:<\/p>\n<ul>\n<li><strong>Systeme zur Produktionssteuerung und -erfassung <a href=\"https:\/\/motycs.it\/de\/product\/leistungstests\/\">SPORT DEVICES<\/a>, <\/strong>f\u00fcr diagnostische und motorsportliche Anwendungen.<\/li>\n<li>Kontroll- und Erfassungssysteme auf <strong>Technologie von National Instruments, Compact-RIO-Plattform.<\/strong> Unser Kontroll- und Erfassungssystem eignet sich auch hervorragend f\u00fcr die <strong><a href=\"https:\/\/motycs.it\/de\/product\/homologativ\/\">Instandsetzung bestehender Pr\u00fcfr\u00e4ume<\/a><\/strong>. <strong>Heute in mehreren landesweit bekannten Realit\u00e4ten verwendet<\/strong>, ist bereits <strong>von den zust\u00e4ndigen Stellen als Beschaffungssystem f\u00fcr Homologationsverfahren anerkannt <\/strong>unter <strong><a href=\"https:\/\/motycs.it\/de\/system-homologe\/\">verschiedene Branchen.<\/a><\/strong>.<\/li>\n<\/ul>\n<p><strong>ANPASSUNGEN<\/strong><br \/>\nJeder einzelne Aspekt auf der Softwareseite kann individuell angepasst werden. <strong>kann f\u00fcr jede Art von Pr\u00fcfstand verwendet werden, ob Motorpr\u00fcfstand oder Rollenpr\u00fcfstand<\/strong>. Alle unsere Pr\u00fcfst\u00e4nde und Kontrollsysteme k\u00f6nnen von der <strong>Vorteile der Industrie 4.0-Gesetzgebung<\/strong>. Wir k\u00f6nnen auch ein vereidigtes Sachverst\u00e4ndigengutachten erstellen, um die korrekte und optimale Bearbeitung der Papiere zu unterst\u00fctzen.<\/p>\n<p>Entdecken Sie <a href=\"https:\/\/motycs.it\/de\/system-homologe\/\"><strong>andere Eigenschaften und Anwendungsbereiche<\/strong><\/a><\/p>","protected":false},"featured_media":1266,"template":"","meta":[],"product_cat":[93],"product_tag":[92],"class_list":["post-989","product","type-product","status-publish","has-post-thumbnail","hentry","product_cat-banchi-prova-potenza","product_tag-prova-potenza-banco-2wd"],"yoast_head":"<!-- This site is optimized with the Yoast SEO plugin v26.5 - https:\/\/yoast.com\/wordpress\/plugins\/seo\/ -->\n<title>banchi prova motore<\/title>\n<meta name=\"description\" content=\"Progettiamo e forniamo banchi prova motore per i settori motorsport ed omologativo. . Contattaci per maggiori informazioni\" \/>\n<meta name=\"robots\" content=\"index, follow, max-snippet:-1, max-image-preview:large, max-video-preview:-1\" \/>\n<link rel=\"canonical\" href=\"https:\/\/motycs.it\/de\/product\/homologationsbanke\/\" \/>\n<meta property=\"og:locale\" content=\"de_DE\" \/>\n<meta property=\"og:type\" content=\"article\" \/>\n<meta property=\"og:title\" content=\"banchi prova motore\" \/>\n<meta property=\"og:description\" content=\"Progettiamo e forniamo banchi prova motore per i settori motorsport ed omologativo. . Contattaci per maggiori informazioni\" \/>\n<meta property=\"og:url\" content=\"https:\/\/motycs.it\/de\/product\/homologationsbanke\/\" \/>\n<meta property=\"og:site_name\" content=\"MOTYCS\" \/>\n<meta property=\"article:publisher\" content=\"https:\/\/www.facebook.com\/motycs\/\" \/>\n<meta property=\"article:modified_time\" content=\"2024-06-29T20:41:05+00:00\" \/>\n<meta property=\"og:image\" content=\"https:\/\/motycs.it\/wp-content\/uploads\/2022\/08\/engine-banco-prova-motore-motycs.jpg\" \/>\n\t<meta property=\"og:image:width\" content=\"800\" \/>\n\t<meta property=\"og:image:height\" content=\"800\" \/>\n\t<meta property=\"og:image:type\" content=\"image\/jpeg\" \/>\n<meta name=\"twitter:card\" content=\"summary_large_image\" \/>\n<meta name=\"twitter:label1\" content=\"Gesch\u00e4tzte Lesezeit\" \/>\n\t<meta name=\"twitter:data1\" content=\"1\u00a0Minute\" \/>\n<script type=\"application\/ld+json\" class=\"yoast-schema-graph\">{\"@context\":\"https:\/\/schema.org\",\"@graph\":[{\"@type\":\"WebPage\",\"@id\":\"https:\/\/motycs.it\/product\/banchi-prova-motore\/\",\"url\":\"https:\/\/motycs.it\/product\/banchi-prova-motore\/\",\"name\":\"banchi prova motore\",\"isPartOf\":{\"@id\":\"https:\/\/motycs.it\/#website\"},\"primaryImageOfPage\":{\"@id\":\"https:\/\/motycs.it\/product\/banchi-prova-motore\/#primaryimage\"},\"image\":{\"@id\":\"https:\/\/motycs.it\/product\/banchi-prova-motore\/#primaryimage\"},\"thumbnailUrl\":\"https:\/\/motycs.it\/wp-content\/uploads\/2022\/08\/engine-banco-prova-motore-motycs.jpg\",\"datePublished\":\"2022-03-17T17:39:40+00:00\",\"dateModified\":\"2024-06-29T20:41:05+00:00\",\"description\":\"Progettiamo e forniamo banchi prova motore per i settori motorsport ed omologativo. . Contattaci per maggiori informazioni\",\"breadcrumb\":{\"@id\":\"https:\/\/motycs.it\/product\/banchi-prova-motore\/#breadcrumb\"},\"inLanguage\":\"de\",\"potentialAction\":[{\"@type\":\"ReadAction\",\"target\":[\"https:\/\/motycs.it\/product\/banchi-prova-motore\/\"]}]},{\"@type\":\"ImageObject\",\"inLanguage\":\"de\",\"@id\":\"https:\/\/motycs.it\/product\/banchi-prova-motore\/#primaryimage\",\"url\":\"https:\/\/motycs.it\/wp-content\/uploads\/2022\/08\/engine-banco-prova-motore-motycs.jpg\",\"contentUrl\":\"https:\/\/motycs.it\/wp-content\/uploads\/2022\/08\/engine-banco-prova-motore-motycs.jpg\",\"width\":800,\"height\":800,\"caption\":\"Il nostro banco prova motori\"},{\"@type\":\"BreadcrumbList\",\"@id\":\"https:\/\/motycs.it\/product\/banchi-prova-motore\/#breadcrumb\",\"itemListElement\":[{\"@type\":\"ListItem\",\"position\":1,\"name\":\"Home\",\"item\":\"https:\/\/motycs.it\/\"},{\"@type\":\"ListItem\",\"position\":2,\"name\":\"Shop\",\"item\":\"https:\/\/motycs.it\/shop\/\"},{\"@type\":\"ListItem\",\"position\":3,\"name\":\"Banchi prova motore\"}]},{\"@type\":\"WebSite\",\"@id\":\"https:\/\/motycs.it\/#website\",\"url\":\"https:\/\/motycs.it\/\",\"name\":\"MOTYCS\",\"description\":\"\",\"publisher\":{\"@id\":\"https:\/\/motycs.it\/#organization\"},\"potentialAction\":[{\"@type\":\"SearchAction\",\"target\":{\"@type\":\"EntryPoint\",\"urlTemplate\":\"https:\/\/motycs.it\/?s={search_term_string}\"},\"query-input\":{\"@type\":\"PropertyValueSpecification\",\"valueRequired\":true,\"valueName\":\"search_term_string\"}}],\"inLanguage\":\"de\"},{\"@type\":\"Organization\",\"@id\":\"https:\/\/motycs.it\/#organization\",\"name\":\"MOTYCS\",\"url\":\"https:\/\/motycs.it\/\",\"logo\":{\"@type\":\"ImageObject\",\"inLanguage\":\"de\",\"@id\":\"https:\/\/motycs.it\/#\/schema\/logo\/image\/\",\"url\":\"https:\/\/motycs.it\/wp-content\/uploads\/2022\/03\/orizz_bianc.jpg\",\"contentUrl\":\"https:\/\/motycs.it\/wp-content\/uploads\/2022\/03\/orizz_bianc.jpg\",\"width\":600,\"height\":159,\"caption\":\"MOTYCS\"},\"image\":{\"@id\":\"https:\/\/motycs.it\/#\/schema\/logo\/image\/\"},\"sameAs\":[\"https:\/\/www.facebook.com\/motycs\/\",\"https:\/\/www.instagram.com\/motycs.teq\/\",\"https:\/\/www.linkedin.com\/company\/motycs\/\",\"https:\/\/www.pinterest.it\/Motycsdynamometer\/\",\"https:\/\/www.youtube.com\/channel\/UCl_9nwLJn-fMI6UMZVc0tZw\"]}]}<\/script>\n<!-- \/ Yoast SEO plugin. -->","yoast_head_json":{"title":"Motorenpr\u00fcfst\u00e4nde","description":"Wir entwickeln und liefern Motorpr\u00fcfst\u00e4nde f\u00fcr den Motorsport und die Homologation. . Kontaktieren Sie uns f\u00fcr weitere Informationen","robots":{"index":"index","follow":"follow","max-snippet":"max-snippet:-1","max-image-preview":"max-image-preview:large","max-video-preview":"max-video-preview:-1"},"canonical":"https:\/\/motycs.it\/de\/product\/homologationsbanke\/","og_locale":"de_DE","og_type":"article","og_title":"banchi prova motore","og_description":"Progettiamo e forniamo banchi prova motore per i settori motorsport ed omologativo. . Contattaci per maggiori informazioni","og_url":"https:\/\/motycs.it\/de\/product\/homologationsbanke\/","og_site_name":"MOTYCS","article_publisher":"https:\/\/www.facebook.com\/motycs\/","article_modified_time":"2024-06-29T20:41:05+00:00","og_image":[{"width":800,"height":800,"url":"https:\/\/motycs.it\/wp-content\/uploads\/2022\/08\/engine-banco-prova-motore-motycs.jpg","type":"image\/jpeg"}],"twitter_card":"summary_large_image","twitter_misc":{"Gesch\u00e4tzte Lesezeit":"1\u00a0Minute"},"schema":{"@context":"https:\/\/schema.org","@graph":[{"@type":"WebPage","@id":"https:\/\/motycs.it\/product\/banchi-prova-motore\/","url":"https:\/\/motycs.it\/product\/banchi-prova-motore\/","name":"Motorenpr\u00fcfst\u00e4nde","isPartOf":{"@id":"https:\/\/motycs.it\/#website"},"primaryImageOfPage":{"@id":"https:\/\/motycs.it\/product\/banchi-prova-motore\/#primaryimage"},"image":{"@id":"https:\/\/motycs.it\/product\/banchi-prova-motore\/#primaryimage"},"thumbnailUrl":"https:\/\/motycs.it\/wp-content\/uploads\/2022\/08\/engine-banco-prova-motore-motycs.jpg","datePublished":"2022-03-17T17:39:40+00:00","dateModified":"2024-06-29T20:41:05+00:00","description":"Wir entwickeln und liefern Motorpr\u00fcfst\u00e4nde f\u00fcr den Motorsport und die Homologation. . Kontaktieren Sie uns f\u00fcr weitere Informationen","breadcrumb":{"@id":"https:\/\/motycs.it\/product\/banchi-prova-motore\/#breadcrumb"},"inLanguage":"de","potentialAction":[{"@type":"ReadAction","target":["https:\/\/motycs.it\/product\/banchi-prova-motore\/"]}]},{"@type":"ImageObject","inLanguage":"de","@id":"https:\/\/motycs.it\/product\/banchi-prova-motore\/#primaryimage","url":"https:\/\/motycs.it\/wp-content\/uploads\/2022\/08\/engine-banco-prova-motore-motycs.jpg","contentUrl":"https:\/\/motycs.it\/wp-content\/uploads\/2022\/08\/engine-banco-prova-motore-motycs.jpg","width":800,"height":800,"caption":"Il nostro banco prova motori"},{"@type":"BreadcrumbList","@id":"https:\/\/motycs.it\/product\/banchi-prova-motore\/#breadcrumb","itemListElement":[{"@type":"ListItem","position":1,"name":"Home","item":"https:\/\/motycs.it\/"},{"@type":"ListItem","position":2,"name":"Shop","item":"https:\/\/motycs.it\/shop\/"},{"@type":"ListItem","position":3,"name":"Banchi prova motore"}]},{"@type":"WebSite","@id":"https:\/\/motycs.it\/#website","url":"https:\/\/motycs.it\/","name":"MOTYCS","description":"","publisher":{"@id":"https:\/\/motycs.it\/#organization"},"potentialAction":[{"@type":"SearchAction","target":{"@type":"EntryPoint","urlTemplate":"https:\/\/motycs.it\/?s={search_term_string}"},"query-input":{"@type":"PropertyValueSpecification","valueRequired":true,"valueName":"search_term_string"}}],"inLanguage":"de"},{"@type":"Organization","@id":"https:\/\/motycs.it\/#organization","name":"MOTYCS","url":"https:\/\/motycs.it\/","logo":{"@type":"ImageObject","inLanguage":"de","@id":"https:\/\/motycs.it\/#\/schema\/logo\/image\/","url":"https:\/\/motycs.it\/wp-content\/uploads\/2022\/03\/orizz_bianc.jpg","contentUrl":"https:\/\/motycs.it\/wp-content\/uploads\/2022\/03\/orizz_bianc.jpg","width":600,"height":159,"caption":"MOTYCS"},"image":{"@id":"https:\/\/motycs.it\/#\/schema\/logo\/image\/"},"sameAs":["https:\/\/www.facebook.com\/motycs\/","https:\/\/www.instagram.com\/motycs.teq\/","https:\/\/www.linkedin.com\/company\/motycs\/","https:\/\/www.pinterest.it\/Motycsdynamometer\/","https:\/\/www.youtube.com\/channel\/UCl_9nwLJn-fMI6UMZVc0tZw"]}]}},"_links":{"self":[{"href":"https:\/\/motycs.it\/de\/wp-json\/wp\/v2\/product\/989","targetHints":{"allow":["GET"]}}],"collection":[{"href":"https:\/\/motycs.it\/de\/wp-json\/wp\/v2\/product"}],"about":[{"href":"https:\/\/motycs.it\/de\/wp-json\/wp\/v2\/types\/product"}],"wp:featuredmedia":[{"embeddable":true,"href":"https:\/\/motycs.it\/de\/wp-json\/wp\/v2\/media\/1266"}],"wp:attachment":[{"href":"https:\/\/motycs.it\/de\/wp-json\/wp\/v2\/media?parent=989"}],"wp:term":[{"taxonomy":"product_cat","embeddable":true,"href":"https:\/\/motycs.it\/de\/wp-json\/wp\/v2\/product_cat?post=989"},{"taxonomy":"product_tag","embeddable":true,"href":"https:\/\/motycs.it\/de\/wp-json\/wp\/v2\/product_tag?post=989"}],"curies":[{"name":"wp","href":"https:\/\/api.w.org\/{rel}","templated":true}]}}