{"id":987,"date":"2022-03-17T18:38:23","date_gmt":"2022-03-17T17:38:23","guid":{"rendered":"https:\/\/motycs.it\/?post_type=product&#038;p=987"},"modified":"2023-06-02T20:52:26","modified_gmt":"2023-06-02T18:52:26","slug":"prova-potenza-4wd","status":"publish","type":"product","link":"https:\/\/motycs.it\/de\/product\/leistungstest-4wd\/","title":{"rendered":"4WD Pr\u00fcfst\u00e4nde"},"content":{"rendered":"<ul>\n<li><strong>Hochfeste mechanische Konstruktion<\/strong>mit 6\/8 mm Platten.<\/li>\n<li><strong>Ausgestattet mit <a href=\"https:\/\/motycs.it\/de\/prufstande-4wd\/\" target=\"_blank\" rel=\"noopener\">mechanische Verbindung der Achsen<\/a> vorne und hinten mit ausziehbarem Teleskop-Kardangelenk, abschaltbar.<\/strong><\/li>\n<li><strong>Zwei leistungsstarke Wirbelstrombremsen mit je 2.600 N\u00a0<\/strong><\/li>\n<li>Es bietet als Zubeh\u00f6r die <strong>zus\u00e4tzliche St\u00fctz- und Fahrzeugpositionierungsrollen.<\/strong><\/li>\n<li><strong>Farbe nach Wahl des Kunden inklusive<\/strong> (RAL-Skala).<\/li>\n<li>Sie kann sein <strong>in das Loch oder das Podium eingebaut<\/strong> (\u00dcberschneidungen).<\/li>\n<li><strong>Pulverbeschichtet.<\/strong><\/li>\n<\/ul>\n<h5><strong>FUNKTIONEN DER STEUERUNGSSOFTWARE <a href=\"https:\/\/motycs.it\/de\/product\/leistungstests\/\">SPORT DEVICES<\/a><\/strong><\/h5>\n<p><strong>Sport Devices SP6 Pr\u00fcfstandskontrollsysteme<\/strong> <strong>geh\u00f6ren zu den fortschrittlichsten auf dem Markt<\/strong>. Ein weiterentwickeltes Produkt, <strong>st\u00e4ndig entsprechend den Bed\u00fcrfnissen unserer Kunden aktualisiert. <\/strong>Entdecken Sie die Merkmale des Modells SP6, mit dem alle 4\u00d74-Autopr\u00fcfstandsmodelle ausgestattet sind:<\/p>\n<ul>\n<li><strong><a href=\"https:\/\/www.sportdevices.com\/sportdyno41-whats-new.php\">Kostenlose Software-Updates<\/a> <\/strong>und kann direkt von der Sport Devices-Website heruntergeladen werden.<\/li>\n<li>Verf\u00fcgbare Testmodi: <strong>Inertial, konstantes Bremsen, Rampe, Stra\u00dfensimulation, station\u00e4rer Zustand, Fahrzyklen.<\/strong><\/li>\n<li>Sie erm\u00f6glicht <strong>eine unbegrenzte Anzahl von Kurven vergleichen<\/strong> aus der Datenbank gelesen, die eine andere Farbe erh\u00e4lt. Dies erm\u00f6glicht es, \u00c4nderungen und Verbesserungen vor und nach den \u00c4nderungen zu bewerten. Ein automatischer Zeiger misst die Differenz zwischen den Kurven entlang des gesamten Graphen.<\/li>\n<li><strong>Berechnen und Anzeigen von Durchschnittswerten zwischen Tests<\/strong> oder innerhalb eines bestimmten Bereichs.<\/li>\n<li><strong>Bis zu<\/strong> <strong>3 Bildschirme in REAL-TIME<\/strong> (PC mit dedizierter Grafikkarte erforderlich).<\/li>\n<li><strong>Berichtigungsfaktoren<\/strong>ISO1585, SAEJ1349, DIN70020, JISD1001, EC95-1, EWG 80\/ 1269 (Erm\u00f6glicht auch die Korrektur der Kurven entsprechend der Ansaugtemperatur \u00fcber die OBD-Schnittstelle oder eine externe Sonde).<\/li>\n<li><strong>Ma\u00dfeinheiten f\u00fcr die Leistung<\/strong> (Kw,hp), Drehmoment (Kg *m, N*m) ist vom Benutzer w\u00e4hlbar.<\/li>\n<li><strong>Konfigurierbare gesch\u00e4tzte \u00dcbersetzungsverh\u00e4ltnisse:<\/strong> Motorzange, OBDII \/ xDS \/ ECU, oder Sch\u00e4tzung anhand des Drehzahlmessers des Fahrzeugs.<\/li>\n<li><strong>Vollst\u00e4ndig konfigurierbare analoge Kan\u00e4le<\/strong>, entweder durch Skalierung\/Offset oder durch Verwendung einer Interpolationstabelle.<\/li>\n<li>Verbindung <strong>Hochgeschwindigkeits-Ethernet, CANBUS, Bluetooth (optional), RS232<\/strong>.<\/li>\n<li><strong>OBDII-Schnittstelle des Fahrzeugs, <\/strong>integrierte oder externe Wetterstation.<\/li>\n<li><strong>Unterst\u00fctzt verschiedene Modelle von Abgasanalysatoren.<\/strong><\/li>\n<li>Das System implementiert ein <strong>Bremssteuerung \"closed-loop<\/strong>. Es funktioniert auch ohne Computer (Fernsteuerung).<\/li>\n<li><strong>Fernsteuerung des Gaspedals, des Kupplungsaktors, des Getriebes und der L\u00fcfter<\/strong> usw. aus der PC-Software.<\/li>\n<li><strong>Verschiedene Optionen zur Konfiguration des Berechnungsprozesses<\/strong> von Leistung und Fahrzeugmerkmalen, wie z. B.:\n<ul>\n<li>Deaktivierung der W\u00e4gezelle beim Abbremsen<\/li>\n<li>Maximaler Kupplungsfilter: Erm\u00f6glicht bei einigen Fahrzeugen das Auskuppeln der Kupplung und optimiert so ihr Management<\/li>\n<\/ul>\n<\/li>\n<li><strong>Alarmfunktion<\/strong> (Kanal\u00fcberwachung).<\/li>\n<li><strong>Schnittstelle in 10 Sprachen verf\u00fcgbar<\/strong>einschlie\u00dflich Italienisch.<\/li>\n<\/ul>\n<h6><strong>DATENERFASSUNG<\/strong><\/h6>\n<ul>\n<li>Das Sport Devices SP6 Steuerungs- und Erfassungssystem bietet mehrere Kan\u00e4le (auch unter Relais)<strong> f\u00fcr die Datenerfassung von Lambda-, Druck- und Thermoelement-Sonden, ob analog oder digital, <\/strong>System bietet <strong>bis zu 24 Kan\u00e4le in der Standardversion, erweiterbar mit externen Rekordern auf bis zu 112 Kan\u00e4le.<\/strong><\/li>\n<li><strong>Es kann Folgendes verarbeiten<\/strong> unabh\u00e4ngig die <strong>Bel\u00fcftungssysteme im Testraum dank 6 kontrollierter, konfigurierbarer und unabh\u00e4ngiger Ausl\u00e4sse.<\/strong><\/li>\n<li><strong>Bis zu 20 vom Benutzer berechnete Kan\u00e4le.<\/strong> Die Funktion als Radschlupf (basierend auf dem Motordrehzahlkanal).<\/li>\n<li><strong>Ziel-Lambda-Korrektur<\/strong> , <strong>Energieeffizienz (bei Elektromotoren)<\/strong> k\u00f6nnen automatisiert werden.<\/li>\n<\/ul>\n<h6><strong>AUSF\u00dcHRBARE TESTS<\/strong><\/h6>\n<ul>\n<li><strong>Leistungsmessungen<\/strong> (am Rad, an der Antriebswelle, ableiten).<\/li>\n<li><strong>Beschleunigungs- und Verz\u00f6gerungstest<\/strong> (Zur Bewertung der Leistung, wenn das Fahrzeug externen Belastungen ausgesetzt ist).<\/li>\n<li><strong>Stra\u00dfen-Simulation<\/strong> (Zur \u00dcberpr\u00fcfung der Fahrzeugleistung, auch mit Diagnoseger\u00e4ten).<\/li>\n<li><strong>Tr\u00e4gheitspr\u00fcfungen<\/strong> der Beschleunigung und Abbremsung.<\/li>\n<li><strong>Stufentests, konstante Umdrehungen, programmierbare Tests<\/strong> als Runden-\/Kreislaufsimulation (CSV-Datei).<\/li>\n<\/ul>\n<h6>INSIGHTS<\/h6>\n<ul>\n<li style=\"list-style-type: none;\">\n<ul>\n<li><strong><a href=\"https:\/\/motycs.it\/de\/grundkonzepte-von-pruefstaenden\/\">Grundlegende Konzepte von Motor- und Rollenpr\u00fcfst\u00e4nden<\/a><\/strong><\/li>\n<li><strong><a href=\"https:\/\/motycs.it\/de\/prufstande-4wd\/\">Vorteile der 4WD-Verbundachsen-Leistungspr\u00fcfst\u00e4nde<\/a><\/strong><\/li>\n<li><a href=\"https:\/\/motycs.it\/de\/einzelrollen-biroll-leistungspruefstaende\/\"><strong>Wie wichtig ist der Rollendurchmesser?<\/strong><\/a><\/li>\n<li><strong><a href=\"https:\/\/motycs.it\/de\/einzelrollen-biroll-leistungspruefstaende\/\">MONO-Rollen- und BI-Rollenpr\u00fcfst\u00e4nde<\/a><\/strong><\/li>\n<li><a href=\"https:\/\/motycs.it\/de\/stromunabhangig-banksicher\/\"><strong>Verlustleistung<\/strong><\/a><\/li>\n<li><strong><a href=\"https:\/\/www.sportdevices.com\/sportdyno.php\">Mehr Details zur SPORTDYNO Steuerungssoftware<\/a> (Link zur Website von Sport Devices auf ENGLISCH)<\/strong><\/li>\n<li><strong><a href=\"https:\/\/www.sportdevices.com\/download.php\" target=\"_blank\" rel=\"noopener\">Laden Sie die letzte verf\u00fcgbare Version von SPORTDYNO SW herunter und installieren Sie sie.<\/a>,<\/strong> <strong>um seine Funktionsweise zu sehen<\/strong><\/li>\n<\/ul>\n<\/li>\n<\/ul>","protected":false},"excerpt":{"rendered":"<p><strong>4WD Kraftpr\u00fcfst\u00e4nde, Einzelrollen<\/strong>, <strong>mit verbundenen Achsen<\/strong>, <strong>in verschiedenen Versionen erh\u00e4ltlich:<\/strong><\/p>\n<ul>\n<li><strong>500 mm Rollen - H\u00f6chstgeschwindigkeit 330 km\/h<\/strong><\/li>\n<li><strong>635 mm Rollen - H\u00f6chstgeschwindigkeit 420 km\/h<\/strong><\/li>\n<\/ul>\n<h5>WICHTIGSTE EIGENSCHAFTEN<\/h5>\n<ul>\n<li><b>Ausgestattet mit<\/b>\u00a0<strong><a href=\"https:\/\/motycs.it\/de\/prufstande-4wd\/\" target=\"_blank\" rel=\"noopener\">mechanische Verbindung der Achsen<\/a> <\/strong>vorne und hinten<\/li>\n<li><strong>Leistungsstarke Wirbelstrombremsen, je 2.600 N <\/strong>(1 pro Achse)<\/li>\n<li><a href=\"https:\/\/motycs.it\/de\/product\/leistungstests\/\"><strong>SP6 Steuerungs- und Erfassungssystem<\/strong><\/a>, kostenlose SW-Updates.<\/li>\n<li>Moderne Steuerung SW mit beweglichen Fenstern, Griffen <strong>bis zu 3 Bildschirme in Echtzeit.<\/strong><\/li>\n<li><strong>Fahrzeugtr\u00e4ger und Positionierungsrollen<\/strong> (Durchmesser 200 mm)<\/li>\n<\/ul>\n<p><a href=\"https:\/\/motycs.it\/de\/einzelrollen-biroll-leistungspruefstaende\/\"><strong>Entdecken Sie die Bedeutung des Rollendurchmessers in einem Automobilpr\u00fcfstand<\/strong><\/a><\/p>","protected":false},"featured_media":1591,"template":"","meta":[],"product_cat":[93],"product_tag":[100,102,101],"class_list":["post-987","product","type-product","status-publish","has-post-thumbnail","hentry","product_cat-banchi-prova-potenza","product_tag-banco-a-rulli-4wd","product_tag-banco-prova-collegato","product_tag-banco-prova-potenza-4wd"],"yoast_head":"<!-- This site is optimized with the Yoast SEO plugin v26.5 - https:\/\/yoast.com\/wordpress\/plugins\/seo\/ -->\n<title>banchi prova 4wd<\/title>\n<meta name=\"description\" content=\"Banchi prova potenza 4wd Sport Devices, dotati di collegamento meccanico degli assi anteriore e posteriore. Una nuova generazione di banchi per sviluppatori\" \/>\n<meta name=\"robots\" content=\"index, follow, max-snippet:-1, max-image-preview:large, max-video-preview:-1\" \/>\n<link rel=\"canonical\" href=\"https:\/\/motycs.it\/de\/product\/leistungstest-4wd\/\" \/>\n<meta property=\"og:locale\" content=\"de_DE\" \/>\n<meta property=\"og:type\" content=\"article\" \/>\n<meta property=\"og:title\" content=\"banchi prova 4wd\" \/>\n<meta property=\"og:description\" content=\"Banchi prova potenza 4wd Sport Devices, dotati di collegamento meccanico degli assi anteriore e posteriore. Una nuova generazione di banchi per sviluppatori\" \/>\n<meta property=\"og:url\" content=\"https:\/\/motycs.it\/de\/product\/leistungstest-4wd\/\" \/>\n<meta property=\"og:site_name\" content=\"MOTYCS\" \/>\n<meta property=\"article:publisher\" content=\"https:\/\/www.facebook.com\/motycs\/\" \/>\n<meta property=\"article:modified_time\" content=\"2023-06-02T18:52:26+00:00\" \/>\n<meta property=\"og:image\" content=\"https:\/\/motycs.it\/wp-content\/uploads\/2023\/05\/lancia-delta-integrale-banco-prova-potenza-dyno.jpg\" \/>\n\t<meta property=\"og:image:width\" content=\"800\" \/>\n\t<meta property=\"og:image:height\" content=\"800\" \/>\n\t<meta property=\"og:image:type\" content=\"image\/jpeg\" \/>\n<meta name=\"twitter:card\" content=\"summary_large_image\" \/>\n<meta name=\"twitter:label1\" content=\"Gesch\u00e4tzte Lesezeit\" \/>\n\t<meta name=\"twitter:data1\" content=\"3\u00a0Minuten\" \/>\n<script type=\"application\/ld+json\" class=\"yoast-schema-graph\">{\"@context\":\"https:\/\/schema.org\",\"@graph\":[{\"@type\":\"WebPage\",\"@id\":\"https:\/\/motycs.it\/product\/prova-potenza-4wd\/\",\"url\":\"https:\/\/motycs.it\/product\/prova-potenza-4wd\/\",\"name\":\"banchi prova 4wd\",\"isPartOf\":{\"@id\":\"https:\/\/motycs.it\/#website\"},\"primaryImageOfPage\":{\"@id\":\"https:\/\/motycs.it\/product\/prova-potenza-4wd\/#primaryimage\"},\"image\":{\"@id\":\"https:\/\/motycs.it\/product\/prova-potenza-4wd\/#primaryimage\"},\"thumbnailUrl\":\"https:\/\/motycs.it\/wp-content\/uploads\/2023\/05\/lancia-delta-integrale-banco-prova-potenza-dyno.jpg\",\"datePublished\":\"2022-03-17T17:38:23+00:00\",\"dateModified\":\"2023-06-02T18:52:26+00:00\",\"description\":\"Banchi prova potenza 4wd Sport Devices, dotati di collegamento meccanico degli assi anteriore e posteriore. Una nuova generazione di banchi per sviluppatori\",\"breadcrumb\":{\"@id\":\"https:\/\/motycs.it\/product\/prova-potenza-4wd\/#breadcrumb\"},\"inLanguage\":\"de\",\"potentialAction\":[{\"@type\":\"ReadAction\",\"target\":[\"https:\/\/motycs.it\/product\/prova-potenza-4wd\/\"]}]},{\"@type\":\"ImageObject\",\"inLanguage\":\"de\",\"@id\":\"https:\/\/motycs.it\/product\/prova-potenza-4wd\/#primaryimage\",\"url\":\"https:\/\/motycs.it\/wp-content\/uploads\/2023\/05\/lancia-delta-integrale-banco-prova-potenza-dyno.jpg\",\"contentUrl\":\"https:\/\/motycs.it\/wp-content\/uploads\/2023\/05\/lancia-delta-integrale-banco-prova-potenza-dyno.jpg\",\"width\":800,\"height\":800,\"caption\":\"lancia-delta-banco-prova-potenza-motycs\"},{\"@type\":\"BreadcrumbList\",\"@id\":\"https:\/\/motycs.it\/product\/prova-potenza-4wd\/#breadcrumb\",\"itemListElement\":[{\"@type\":\"ListItem\",\"position\":1,\"name\":\"Home\",\"item\":\"https:\/\/motycs.it\/\"},{\"@type\":\"ListItem\",\"position\":2,\"name\":\"Shop\",\"item\":\"https:\/\/motycs.it\/shop\/\"},{\"@type\":\"ListItem\",\"position\":3,\"name\":\"Banchi prova 4WD\"}]},{\"@type\":\"WebSite\",\"@id\":\"https:\/\/motycs.it\/#website\",\"url\":\"https:\/\/motycs.it\/\",\"name\":\"MOTYCS\",\"description\":\"\",\"publisher\":{\"@id\":\"https:\/\/motycs.it\/#organization\"},\"potentialAction\":[{\"@type\":\"SearchAction\",\"target\":{\"@type\":\"EntryPoint\",\"urlTemplate\":\"https:\/\/motycs.it\/?s={search_term_string}\"},\"query-input\":{\"@type\":\"PropertyValueSpecification\",\"valueRequired\":true,\"valueName\":\"search_term_string\"}}],\"inLanguage\":\"de\"},{\"@type\":\"Organization\",\"@id\":\"https:\/\/motycs.it\/#organization\",\"name\":\"MOTYCS\",\"url\":\"https:\/\/motycs.it\/\",\"logo\":{\"@type\":\"ImageObject\",\"inLanguage\":\"de\",\"@id\":\"https:\/\/motycs.it\/#\/schema\/logo\/image\/\",\"url\":\"https:\/\/motycs.it\/wp-content\/uploads\/2022\/03\/orizz_bianc.jpg\",\"contentUrl\":\"https:\/\/motycs.it\/wp-content\/uploads\/2022\/03\/orizz_bianc.jpg\",\"width\":600,\"height\":159,\"caption\":\"MOTYCS\"},\"image\":{\"@id\":\"https:\/\/motycs.it\/#\/schema\/logo\/image\/\"},\"sameAs\":[\"https:\/\/www.facebook.com\/motycs\/\",\"https:\/\/www.instagram.com\/motycs.teq\/\",\"https:\/\/www.linkedin.com\/company\/motycs\/\",\"https:\/\/www.pinterest.it\/Motycsdynamometer\/\",\"https:\/\/www.youtube.com\/channel\/UCl_9nwLJn-fMI6UMZVc0tZw\"]}]}<\/script>\n<!-- \/ Yoast SEO plugin. -->","yoast_head_json":{"title":"4wd-Pr\u00fcfst\u00e4nde","description":"4wd Sport Devices Leistungspr\u00fcfst\u00e4nde, ausgestattet mit mechanischer Verbindung der Vorder- und Hinterachse. Eine neue Generation von Pr\u00fcfst\u00e4nden f\u00fcr Entwickler","robots":{"index":"index","follow":"follow","max-snippet":"max-snippet:-1","max-image-preview":"max-image-preview:large","max-video-preview":"max-video-preview:-1"},"canonical":"https:\/\/motycs.it\/de\/product\/leistungstest-4wd\/","og_locale":"de_DE","og_type":"article","og_title":"banchi prova 4wd","og_description":"Banchi prova potenza 4wd Sport Devices, dotati di collegamento meccanico degli assi anteriore e posteriore. Una nuova generazione di banchi per sviluppatori","og_url":"https:\/\/motycs.it\/de\/product\/leistungstest-4wd\/","og_site_name":"MOTYCS","article_publisher":"https:\/\/www.facebook.com\/motycs\/","article_modified_time":"2023-06-02T18:52:26+00:00","og_image":[{"width":800,"height":800,"url":"https:\/\/motycs.it\/wp-content\/uploads\/2023\/05\/lancia-delta-integrale-banco-prova-potenza-dyno.jpg","type":"image\/jpeg"}],"twitter_card":"summary_large_image","twitter_misc":{"Gesch\u00e4tzte Lesezeit":"3\u00a0Minuten"},"schema":{"@context":"https:\/\/schema.org","@graph":[{"@type":"WebPage","@id":"https:\/\/motycs.it\/product\/prova-potenza-4wd\/","url":"https:\/\/motycs.it\/product\/prova-potenza-4wd\/","name":"4wd-Pr\u00fcfst\u00e4nde","isPartOf":{"@id":"https:\/\/motycs.it\/#website"},"primaryImageOfPage":{"@id":"https:\/\/motycs.it\/product\/prova-potenza-4wd\/#primaryimage"},"image":{"@id":"https:\/\/motycs.it\/product\/prova-potenza-4wd\/#primaryimage"},"thumbnailUrl":"https:\/\/motycs.it\/wp-content\/uploads\/2023\/05\/lancia-delta-integrale-banco-prova-potenza-dyno.jpg","datePublished":"2022-03-17T17:38:23+00:00","dateModified":"2023-06-02T18:52:26+00:00","description":"4wd Sport Devices Leistungspr\u00fcfst\u00e4nde, ausgestattet mit mechanischer Verbindung der Vorder- und Hinterachse. Eine neue Generation von Pr\u00fcfst\u00e4nden f\u00fcr Entwickler","breadcrumb":{"@id":"https:\/\/motycs.it\/product\/prova-potenza-4wd\/#breadcrumb"},"inLanguage":"de","potentialAction":[{"@type":"ReadAction","target":["https:\/\/motycs.it\/product\/prova-potenza-4wd\/"]}]},{"@type":"ImageObject","inLanguage":"de","@id":"https:\/\/motycs.it\/product\/prova-potenza-4wd\/#primaryimage","url":"https:\/\/motycs.it\/wp-content\/uploads\/2023\/05\/lancia-delta-integrale-banco-prova-potenza-dyno.jpg","contentUrl":"https:\/\/motycs.it\/wp-content\/uploads\/2023\/05\/lancia-delta-integrale-banco-prova-potenza-dyno.jpg","width":800,"height":800,"caption":"lancia-delta-banco-prova-potenza-motycs"},{"@type":"BreadcrumbList","@id":"https:\/\/motycs.it\/product\/prova-potenza-4wd\/#breadcrumb","itemListElement":[{"@type":"ListItem","position":1,"name":"Home","item":"https:\/\/motycs.it\/"},{"@type":"ListItem","position":2,"name":"Shop","item":"https:\/\/motycs.it\/shop\/"},{"@type":"ListItem","position":3,"name":"Banchi prova 4WD"}]},{"@type":"WebSite","@id":"https:\/\/motycs.it\/#website","url":"https:\/\/motycs.it\/","name":"MOTYCS","description":"","publisher":{"@id":"https:\/\/motycs.it\/#organization"},"potentialAction":[{"@type":"SearchAction","target":{"@type":"EntryPoint","urlTemplate":"https:\/\/motycs.it\/?s={search_term_string}"},"query-input":{"@type":"PropertyValueSpecification","valueRequired":true,"valueName":"search_term_string"}}],"inLanguage":"de"},{"@type":"Organization","@id":"https:\/\/motycs.it\/#organization","name":"MOTYCS","url":"https:\/\/motycs.it\/","logo":{"@type":"ImageObject","inLanguage":"de","@id":"https:\/\/motycs.it\/#\/schema\/logo\/image\/","url":"https:\/\/motycs.it\/wp-content\/uploads\/2022\/03\/orizz_bianc.jpg","contentUrl":"https:\/\/motycs.it\/wp-content\/uploads\/2022\/03\/orizz_bianc.jpg","width":600,"height":159,"caption":"MOTYCS"},"image":{"@id":"https:\/\/motycs.it\/#\/schema\/logo\/image\/"},"sameAs":["https:\/\/www.facebook.com\/motycs\/","https:\/\/www.instagram.com\/motycs.teq\/","https:\/\/www.linkedin.com\/company\/motycs\/","https:\/\/www.pinterest.it\/Motycsdynamometer\/","https:\/\/www.youtube.com\/channel\/UCl_9nwLJn-fMI6UMZVc0tZw"]}]}},"_links":{"self":[{"href":"https:\/\/motycs.it\/de\/wp-json\/wp\/v2\/product\/987","targetHints":{"allow":["GET"]}}],"collection":[{"href":"https:\/\/motycs.it\/de\/wp-json\/wp\/v2\/product"}],"about":[{"href":"https:\/\/motycs.it\/de\/wp-json\/wp\/v2\/types\/product"}],"wp:featuredmedia":[{"embeddable":true,"href":"https:\/\/motycs.it\/de\/wp-json\/wp\/v2\/media\/1591"}],"wp:attachment":[{"href":"https:\/\/motycs.it\/de\/wp-json\/wp\/v2\/media?parent=987"}],"wp:term":[{"taxonomy":"product_cat","embeddable":true,"href":"https:\/\/motycs.it\/de\/wp-json\/wp\/v2\/product_cat?post=987"},{"taxonomy":"product_tag","embeddable":true,"href":"https:\/\/motycs.it\/de\/wp-json\/wp\/v2\/product_tag?post=987"}],"curies":[{"name":"wp","href":"https:\/\/api.w.org\/{rel}","templated":true}]}}