{"id":1629,"date":"2023-05-06T12:36:49","date_gmt":"2023-05-06T10:36:49","guid":{"rendered":"https:\/\/motycs.it\/?post_type=product&#038;p=1629"},"modified":"2023-05-06T13:45:38","modified_gmt":"2023-05-06T11:45:38","slug":"sistemi-noise-and-vibration","status":"publish","type":"product","link":"https:\/\/motycs.it\/de\/product\/laerm-und-vibrationssysteme\/","title":{"rendered":"L\u00e4rm- und Vibrationsschutzsysteme"},"content":{"rendered":"<div class=\"page\" title=\"Seite 7\">\n<div class=\"section\">\n<div class=\"layoutArea\">\n<div class=\"column\">\n<p>Das System besteht aus einem <strong>System zur Erfassung und Aufbereitung von Wandlersignalen und einem Personal Computer - Notebook oder einem industriellen PXI-System<\/strong>. Typische Konfiguration:<\/p>\n<ul>\n<li>Analoge Eing\u00e4nge<\/li>\n<li>Anzahl der Eingangskan\u00e4le: 1 bis 64;<\/li>\n<li>AD-Wandler: 12, 16, 18 oder 24 Bit Aufl\u00f6sung mit mpx- oder Delta-Sigma-Technologie und Anti-Aliasing-Filter;<\/li>\n<li>Bandbreite: w\u00e4hlbar von 500 Hz bis 100 kHz pro Kanal;<\/li>\n<li>Eingangsimpedanz: &gt; 1 MOhm;<\/li>\n<li>Signalverst\u00e4rker: unabh\u00e4ngig programmierbare Verst\u00e4rkung f\u00fcr jeden Kanal von +\/- 10 mV bis +\/-10V;<\/li>\n<li>Dynamikbereich: 70 dB bis 120 dB.<\/li>\n<li>Signalaufbereitung<\/li>\n<li>Spannungseing\u00e4nge, Stromeing\u00e4nge, Eing\u00e4nge Typ ICP f\u00fcr Mikrofone und\/oder Beschleunigungsaufnehmer, Eing\u00e4nge f\u00fcr Dehnungsmessstreifen-Br\u00fccken<\/li>\n<li>Vorverst\u00e4rkte Eing\u00e4nge f\u00fcr vorpolarisierte Elektret-Mikrofone;<\/li>\n<li>Optoisolierte digitale E\/A f\u00fcr die Synchronisierung mit der SPS.<\/li>\n<\/ul>\n<h5>Welche Produkte wir in NVH-Anwendungen verarbeiten<\/h5>\n<ul>\n<li>Mikrofone<\/li>\n<li>Beschleunigungssensoren<\/li>\n<li>Akustische Quellen<\/li>\n<li>R\u00fcttler und Sch\u00fcttler<\/li>\n<li>Kundtsche R\u00f6hre<\/li>\n<li>Signalaufbereiter<\/li>\n<li>Integrierte CMS \/ HMS-Systeme<\/li>\n<\/ul>\n<h5>Die von uns durchgef\u00fchrten Aktivit\u00e4ten<\/h5>\n<ul>\n<li>Entwurf von Messmethoden<\/li>\n<li>Integration und Entwicklung von Hardware und Software<\/li>\n<li>OEM'-Messsysteme<\/li>\n<li>OEM\"-Messumformer<\/li>\n<li>Beratung und Schulung<\/li>\n<\/ul>\n<h5>Einige Beispiele f\u00fcr realisierte Anwendungen<\/h5>\n<ul>\n<li>Schwingungsbelastungspr\u00fcfsysteme<\/li>\n<li>Shaker-Vibrationstests f\u00fcr automatische Vibrationsbelastungstests nach internationalen Normen (MIL-STD-810 und andere)<\/li>\n<li>Messung und Analyse von \u00dcbertragungsfunktionen bei der Anregung von Strukturen durch Hammer- oder R\u00fcttelschl\u00e4ge.<\/li>\n<li>Messung der abgestrahlten Schallleistung in einem Halbschall- und Hallraum, Messung der T60 und der akustischen Eigenschaften von Materialien (Kundt-Rohr).<\/li>\n<li>Messung der L\u00e4rmbelastung von Callcenter-Mitarbeitern. Messung der wahrgenommenen akustischen Qualit\u00e4t.<\/li>\n<li>Messung und Zulassung von an das Telefonnetz angeschlossenen Ger\u00e4ten<\/li>\n<li>PSTN-Vermittlung gem\u00e4\u00df den internationalen Normen (CTR21 - TBR38 - FCC68) f\u00fcr die elektrische und elektroakustische Pr\u00fcfung<\/li>\n<li>Integriertes Funktionstestsystem f\u00fcr die Qualit\u00e4tskontrolle elektronischer Ger\u00e4te und integrierte Test- und Messsysteme f\u00fcr \"Home Automation\"-Ger\u00e4te.<\/li>\n<\/ul>\n<h5>ENTDECKEN SIE UNSERE PRODUKTE UND DIENSTLEISTUNGEN<\/h5>\n<ul>\n<li><a href=\"https:\/\/motycs.it\/de\/product-category\/banchi-prova-potenza\/\"><strong>Unser Angebot an Pr\u00fcfst\u00e4nden<\/strong><\/a><\/li>\n<li><a href=\"https:\/\/motycs.it\/de\/product-category\/sistemi-di-controllo\/\"><strong>Kontroll und Erfassungssysteme<\/strong><\/a><\/li>\n<li><a href=\"https:\/\/motycs.it\/de\/product\/salztopfe\/\"><strong>Schallisolierte Motorenpr\u00fcfr\u00e4ume<\/strong><\/a><\/li>\n<li><strong><a href=\"https:\/\/motycs.it\/de\/product\/beluftung\/\">Motorl\u00fcfterbaugruppen<\/a><\/strong><\/li>\n<li><a href=\"https:\/\/motycs.it\/de\/product\/entrauchung\/\"><strong>Systeme zur Rauchgasabsaugung<\/strong><\/a><\/li>\n<li><a href=\"https:\/\/motycs.it\/de\/dienstleistungen-prufmaschinen\/\"><strong>Motor- und Fahrzeugpr\u00fcfdienste<\/strong><\/a><\/li>\n<\/ul>\n<p><a href=\"https:\/\/motycs.it\/de\/kontakte\/\"><strong>Kontaktieren Sie uns f\u00fcr weitere Informationen<\/strong><\/a><\/p>\n<\/div>\n<\/div>\n<\/div>\n<\/div>","protected":false},"excerpt":{"rendered":"<p>Auch im Automobilsektor definiert <strong>NVH-Systeme (Noise Vibration Harshness)<\/strong> sind f\u00fcr die numerische Verarbeitung und dynamische Signalanalyse konzipiert, f\u00fcr die <strong>Akustik- und Vibrationsanalyse. <\/strong>Systeme, die normalerweise in:<\/p>\n<ul>\n<li><strong>Labor, Forschung und Entwicklung<\/strong><\/li>\n<li><strong>Produktionslinie (Ende der Linie)<\/strong><\/li>\n<li><strong>\u00dcberwachung der Anlagen<\/strong><\/li>\n<li><strong>Qualit\u00e4tskontrolle<\/strong><\/li>\n<\/ul>\n<h6>Anwendungssektoren<\/h6>\n<ul>\n<li>Automobilindustrie und Luft- und Raumfahrt<\/li>\n<li>Zivil- und Hochbau<\/li>\n<li>Elektronik, Elektrotechnik und Telekommunikation<\/li>\n<li>Industrieller Anlagenbau<\/li>\n<li>Mechanik<\/li>\n<li>Besondere Maschinen<\/li>\n<\/ul>","protected":false},"featured_media":1630,"template":"","meta":[],"product_cat":[139],"product_tag":[140,141,142],"class_list":["post-1629","product","type-product","status-publish","has-post-thumbnail","hentry","product_cat-noise-and-vibration","product_tag-noise-and-vibration","product_tag-nvh","product_tag-sistemi-nvh"],"yoast_head":"<!-- This site is optimized with the Yoast SEO plugin v26.5 - https:\/\/yoast.com\/wordpress\/plugins\/seo\/ -->\n<title>Sistemi Noise and Vibration - MOTYCS<\/title>\n<meta name=\"description\" content=\"Progettiamo e realizziamo sistemi NVH, Noise Vibration Harshness, per diversi settori applicativi ed ambiti industriali. Visita la nostra pagina web\" \/>\n<meta name=\"robots\" content=\"index, follow, max-snippet:-1, max-image-preview:large, max-video-preview:-1\" \/>\n<link rel=\"canonical\" href=\"https:\/\/motycs.it\/de\/product\/laerm-und-vibrationssysteme\/\" \/>\n<meta property=\"og:locale\" content=\"de_DE\" \/>\n<meta property=\"og:type\" content=\"article\" \/>\n<meta property=\"og:title\" content=\"Sistemi Noise and Vibration - MOTYCS\" \/>\n<meta property=\"og:description\" content=\"Progettiamo e realizziamo sistemi NVH, Noise Vibration Harshness, per diversi settori applicativi ed ambiti industriali. Visita la nostra pagina web\" \/>\n<meta property=\"og:url\" content=\"https:\/\/motycs.it\/de\/product\/laerm-und-vibrationssysteme\/\" \/>\n<meta property=\"og:site_name\" content=\"MOTYCS\" \/>\n<meta property=\"article:publisher\" content=\"https:\/\/www.facebook.com\/motycs\/\" \/>\n<meta property=\"article:modified_time\" content=\"2023-05-06T11:45:38+00:00\" \/>\n<meta property=\"og:image\" content=\"https:\/\/motycs.it\/wp-content\/uploads\/2023\/05\/noise-vibration-nvh-motycs-3-analisi-vibrazioni.jpg\" \/>\n\t<meta property=\"og:image:width\" content=\"800\" \/>\n\t<meta property=\"og:image:height\" content=\"800\" \/>\n\t<meta property=\"og:image:type\" content=\"image\/jpeg\" \/>\n<meta name=\"twitter:card\" content=\"summary_large_image\" \/>\n<meta name=\"twitter:label1\" content=\"Gesch\u00e4tzte Lesezeit\" \/>\n\t<meta name=\"twitter:data1\" content=\"1\u00a0Minute\" \/>\n<script type=\"application\/ld+json\" class=\"yoast-schema-graph\">{\"@context\":\"https:\/\/schema.org\",\"@graph\":[{\"@type\":\"WebPage\",\"@id\":\"https:\/\/motycs.it\/product\/sistemi-noise-and-vibration\/\",\"url\":\"https:\/\/motycs.it\/product\/sistemi-noise-and-vibration\/\",\"name\":\"Sistemi Noise and Vibration - MOTYCS\",\"isPartOf\":{\"@id\":\"https:\/\/motycs.it\/#website\"},\"primaryImageOfPage\":{\"@id\":\"https:\/\/motycs.it\/product\/sistemi-noise-and-vibration\/#primaryimage\"},\"image\":{\"@id\":\"https:\/\/motycs.it\/product\/sistemi-noise-and-vibration\/#primaryimage\"},\"thumbnailUrl\":\"https:\/\/motycs.it\/wp-content\/uploads\/2023\/05\/noise-vibration-nvh-motycs-3-analisi-vibrazioni.jpg\",\"datePublished\":\"2023-05-06T10:36:49+00:00\",\"dateModified\":\"2023-05-06T11:45:38+00:00\",\"description\":\"Progettiamo e realizziamo sistemi NVH, Noise Vibration Harshness, per diversi settori applicativi ed ambiti industriali. Visita la nostra pagina web\",\"breadcrumb\":{\"@id\":\"https:\/\/motycs.it\/product\/sistemi-noise-and-vibration\/#breadcrumb\"},\"inLanguage\":\"de\",\"potentialAction\":[{\"@type\":\"ReadAction\",\"target\":[\"https:\/\/motycs.it\/product\/sistemi-noise-and-vibration\/\"]}]},{\"@type\":\"ImageObject\",\"inLanguage\":\"de\",\"@id\":\"https:\/\/motycs.it\/product\/sistemi-noise-and-vibration\/#primaryimage\",\"url\":\"https:\/\/motycs.it\/wp-content\/uploads\/2023\/05\/noise-vibration-nvh-motycs-3-analisi-vibrazioni.jpg\",\"contentUrl\":\"https:\/\/motycs.it\/wp-content\/uploads\/2023\/05\/noise-vibration-nvh-motycs-3-analisi-vibrazioni.jpg\",\"width\":800,\"height\":800,\"caption\":\"noise and vibration nvh sistemi\"},{\"@type\":\"BreadcrumbList\",\"@id\":\"https:\/\/motycs.it\/product\/sistemi-noise-and-vibration\/#breadcrumb\",\"itemListElement\":[{\"@type\":\"ListItem\",\"position\":1,\"name\":\"Home\",\"item\":\"https:\/\/motycs.it\/\"},{\"@type\":\"ListItem\",\"position\":2,\"name\":\"Shop\",\"item\":\"https:\/\/motycs.it\/shop\/\"},{\"@type\":\"ListItem\",\"position\":3,\"name\":\"Sistemi Noise and Vibration\"}]},{\"@type\":\"WebSite\",\"@id\":\"https:\/\/motycs.it\/#website\",\"url\":\"https:\/\/motycs.it\/\",\"name\":\"MOTYCS\",\"description\":\"\",\"publisher\":{\"@id\":\"https:\/\/motycs.it\/#organization\"},\"potentialAction\":[{\"@type\":\"SearchAction\",\"target\":{\"@type\":\"EntryPoint\",\"urlTemplate\":\"https:\/\/motycs.it\/?s={search_term_string}\"},\"query-input\":{\"@type\":\"PropertyValueSpecification\",\"valueRequired\":true,\"valueName\":\"search_term_string\"}}],\"inLanguage\":\"de\"},{\"@type\":\"Organization\",\"@id\":\"https:\/\/motycs.it\/#organization\",\"name\":\"MOTYCS\",\"url\":\"https:\/\/motycs.it\/\",\"logo\":{\"@type\":\"ImageObject\",\"inLanguage\":\"de\",\"@id\":\"https:\/\/motycs.it\/#\/schema\/logo\/image\/\",\"url\":\"https:\/\/motycs.it\/wp-content\/uploads\/2022\/03\/orizz_bianc.jpg\",\"contentUrl\":\"https:\/\/motycs.it\/wp-content\/uploads\/2022\/03\/orizz_bianc.jpg\",\"width\":600,\"height\":159,\"caption\":\"MOTYCS\"},\"image\":{\"@id\":\"https:\/\/motycs.it\/#\/schema\/logo\/image\/\"},\"sameAs\":[\"https:\/\/www.facebook.com\/motycs\/\",\"https:\/\/www.instagram.com\/motycs.teq\/\",\"https:\/\/www.linkedin.com\/company\/motycs\/\",\"https:\/\/www.pinterest.it\/Motycsdynamometer\/\",\"https:\/\/www.youtube.com\/channel\/UCl_9nwLJn-fMI6UMZVc0tZw\"]}]}<\/script>\n<!-- \/ Yoast SEO plugin. -->","yoast_head_json":{"title":"L\u00e4rm- und Vibrationssysteme - MOTYCS","description":"Wir entwickeln und fertigen NVH-Systeme (Noise Vibration Harshness) f\u00fcr verschiedene Anwendungsbereiche und Branchen. Besuchen Sie unsere Website","robots":{"index":"index","follow":"follow","max-snippet":"max-snippet:-1","max-image-preview":"max-image-preview:large","max-video-preview":"max-video-preview:-1"},"canonical":"https:\/\/motycs.it\/de\/product\/laerm-und-vibrationssysteme\/","og_locale":"de_DE","og_type":"article","og_title":"Sistemi Noise and Vibration - MOTYCS","og_description":"Progettiamo e realizziamo sistemi NVH, Noise Vibration Harshness, per diversi settori applicativi ed ambiti industriali. Visita la nostra pagina web","og_url":"https:\/\/motycs.it\/de\/product\/laerm-und-vibrationssysteme\/","og_site_name":"MOTYCS","article_publisher":"https:\/\/www.facebook.com\/motycs\/","article_modified_time":"2023-05-06T11:45:38+00:00","og_image":[{"width":800,"height":800,"url":"https:\/\/motycs.it\/wp-content\/uploads\/2023\/05\/noise-vibration-nvh-motycs-3-analisi-vibrazioni.jpg","type":"image\/jpeg"}],"twitter_card":"summary_large_image","twitter_misc":{"Gesch\u00e4tzte Lesezeit":"1\u00a0Minute"},"schema":{"@context":"https:\/\/schema.org","@graph":[{"@type":"WebPage","@id":"https:\/\/motycs.it\/product\/sistemi-noise-and-vibration\/","url":"https:\/\/motycs.it\/product\/sistemi-noise-and-vibration\/","name":"L\u00e4rm- und Vibrationssysteme - MOTYCS","isPartOf":{"@id":"https:\/\/motycs.it\/#website"},"primaryImageOfPage":{"@id":"https:\/\/motycs.it\/product\/sistemi-noise-and-vibration\/#primaryimage"},"image":{"@id":"https:\/\/motycs.it\/product\/sistemi-noise-and-vibration\/#primaryimage"},"thumbnailUrl":"https:\/\/motycs.it\/wp-content\/uploads\/2023\/05\/noise-vibration-nvh-motycs-3-analisi-vibrazioni.jpg","datePublished":"2023-05-06T10:36:49+00:00","dateModified":"2023-05-06T11:45:38+00:00","description":"Wir entwickeln und fertigen NVH-Systeme (Noise Vibration Harshness) f\u00fcr verschiedene Anwendungsbereiche und Branchen. Besuchen Sie unsere Website","breadcrumb":{"@id":"https:\/\/motycs.it\/product\/sistemi-noise-and-vibration\/#breadcrumb"},"inLanguage":"de","potentialAction":[{"@type":"ReadAction","target":["https:\/\/motycs.it\/product\/sistemi-noise-and-vibration\/"]}]},{"@type":"ImageObject","inLanguage":"de","@id":"https:\/\/motycs.it\/product\/sistemi-noise-and-vibration\/#primaryimage","url":"https:\/\/motycs.it\/wp-content\/uploads\/2023\/05\/noise-vibration-nvh-motycs-3-analisi-vibrazioni.jpg","contentUrl":"https:\/\/motycs.it\/wp-content\/uploads\/2023\/05\/noise-vibration-nvh-motycs-3-analisi-vibrazioni.jpg","width":800,"height":800,"caption":"noise and vibration nvh sistemi"},{"@type":"BreadcrumbList","@id":"https:\/\/motycs.it\/product\/sistemi-noise-and-vibration\/#breadcrumb","itemListElement":[{"@type":"ListItem","position":1,"name":"Home","item":"https:\/\/motycs.it\/"},{"@type":"ListItem","position":2,"name":"Shop","item":"https:\/\/motycs.it\/shop\/"},{"@type":"ListItem","position":3,"name":"Sistemi Noise and Vibration"}]},{"@type":"WebSite","@id":"https:\/\/motycs.it\/#website","url":"https:\/\/motycs.it\/","name":"MOTYCS","description":"","publisher":{"@id":"https:\/\/motycs.it\/#organization"},"potentialAction":[{"@type":"SearchAction","target":{"@type":"EntryPoint","urlTemplate":"https:\/\/motycs.it\/?s={search_term_string}"},"query-input":{"@type":"PropertyValueSpecification","valueRequired":true,"valueName":"search_term_string"}}],"inLanguage":"de"},{"@type":"Organization","@id":"https:\/\/motycs.it\/#organization","name":"MOTYCS","url":"https:\/\/motycs.it\/","logo":{"@type":"ImageObject","inLanguage":"de","@id":"https:\/\/motycs.it\/#\/schema\/logo\/image\/","url":"https:\/\/motycs.it\/wp-content\/uploads\/2022\/03\/orizz_bianc.jpg","contentUrl":"https:\/\/motycs.it\/wp-content\/uploads\/2022\/03\/orizz_bianc.jpg","width":600,"height":159,"caption":"MOTYCS"},"image":{"@id":"https:\/\/motycs.it\/#\/schema\/logo\/image\/"},"sameAs":["https:\/\/www.facebook.com\/motycs\/","https:\/\/www.instagram.com\/motycs.teq\/","https:\/\/www.linkedin.com\/company\/motycs\/","https:\/\/www.pinterest.it\/Motycsdynamometer\/","https:\/\/www.youtube.com\/channel\/UCl_9nwLJn-fMI6UMZVc0tZw"]}]}},"_links":{"self":[{"href":"https:\/\/motycs.it\/de\/wp-json\/wp\/v2\/product\/1629","targetHints":{"allow":["GET"]}}],"collection":[{"href":"https:\/\/motycs.it\/de\/wp-json\/wp\/v2\/product"}],"about":[{"href":"https:\/\/motycs.it\/de\/wp-json\/wp\/v2\/types\/product"}],"wp:featuredmedia":[{"embeddable":true,"href":"https:\/\/motycs.it\/de\/wp-json\/wp\/v2\/media\/1630"}],"wp:attachment":[{"href":"https:\/\/motycs.it\/de\/wp-json\/wp\/v2\/media?parent=1629"}],"wp:term":[{"taxonomy":"product_cat","embeddable":true,"href":"https:\/\/motycs.it\/de\/wp-json\/wp\/v2\/product_cat?post=1629"},{"taxonomy":"product_tag","embeddable":true,"href":"https:\/\/motycs.it\/de\/wp-json\/wp\/v2\/product_tag?post=1629"}],"curies":[{"name":"wp","href":"https:\/\/api.w.org\/{rel}","templated":true}]}}