{"id":1003,"date":"2022-03-17T18:49:44","date_gmt":"2022-03-17T17:49:44","guid":{"rendered":"https:\/\/motycs.it\/?post_type=product&#038;p=1003"},"modified":"2023-05-04T10:55:02","modified_gmt":"2023-05-04T08:55:02","slug":"omologativi","status":"publish","type":"product","link":"https:\/\/motycs.it\/de\/product\/homologativ\/","title":{"rendered":"Homologation DAQ"},"content":{"rendered":"<h5><strong>KONTROLLSYSTEME AUF DER PLATTFORM NI \"NATIONALE INSTRUMENTE\" (COMPACT-RIO)<\/strong><\/h5>\n<h6><strong>SYSTEMEIGENSCHAFTEN<\/strong><\/h6>\n<ul>\n<li>Entwickelt am <strong>drei Ebenen: FPGA, Echtzeit, Windows.<\/strong><\/li>\n<li><strong>Telemetrie von parallelen Schleifenzeiten mit differenzierten Priorit\u00e4ten<\/strong><\/li>\n<li><strong>Hierarchie von oben nach unten<\/strong> f\u00fcr Eingangs-\/Ausgangsstr\u00f6me und f\u00fcr Kontrollen<\/li>\n<li><strong>Individuell verwaltete Analogeing\u00e4nge<\/strong><\/li>\n<li><strong>Aktivierung\/Timing\/Filter<\/strong> (digital, statistisch)<\/li>\n<li><strong>Anschlie\u00dfen des Rechteckwellen-Drehzahlsensors<\/strong><\/li>\n<li><strong>Alarmzust\u00e4nde<\/strong> des Proberaums<\/li>\n<li><strong>Analoge und digitale Ausg\u00e4nge<\/strong><\/li>\n<li><strong>Bremse und Gaspedal Set<\/strong> (hohe Dynamik)<\/li>\n<li><strong>Ventilsteuerung f\u00fcr Fluide<\/strong> (geringe Dynamik)<\/li>\n<li><strong>Spezielle analoge Eing\u00e4nge: High Definition<\/strong> (24 Bit) pro W\u00e4gezelle<\/li>\n<li><strong>Hohe Aufl\u00f6sung (24 Bit) f\u00fcr Thermoelemente\/Thermowiderst\u00e4nde<\/strong><\/li>\n<li><strong>F\u00fchrt aus, was in die Excel-Datei geschrieben wurde + Exportiert in eine Textdatei<\/strong><\/li>\n<li>Parametrisierung von Konstanten<\/li>\n<li>Begrenzung des Selbstlernens (Gitter)<\/li>\n<li>Erinnerung an fr\u00fcheres Verhalten (uut)<\/li>\n<\/ul>\n<h6><strong>ANWENDUNGSBEREICHE<\/strong><\/h6>\n<ul>\n<li>Automobilindustrie<\/li>\n<li>Landwirtschaft<\/li>\n<li>Oledinamics<\/li>\n<li>Pneumatik<\/li>\n<li>Werkst\u00e4tten<\/li>\n<\/ul>\n<p>Weitere Informationen finden Sie unter <strong><a href=\"https:\/\/motycs.it\/de\/system-homologe\/\">diese Seite<\/a><\/strong><\/p>\n<h6>INSIGHTS<\/h6>\n<ul>\n<li><strong><a href=\"https:\/\/motycs.it\/de\/grundkonzepte-von-pruefstaenden\/\">Entdecken Sie die grundlegenden Konzepte von Motor- und Rollenpr\u00fcfst\u00e4nden<\/a><\/strong><\/li>\n<\/ul>","protected":false},"excerpt":{"rendered":"<p>Sie erm\u00f6glichen die <strong>\u00dcberholung oder Aufr\u00fcstung bestehender Pr\u00fcfr\u00e4ume und Pr\u00fcfst\u00e4nde<\/strong>Anpassung an jede Art von Mechanik (sowohl Rollen- als auch Motorpr\u00fcfst\u00e4nde). V\u00f6llig entwickelt f\u00fcr <strong>den Fachleuten ein H\u00f6chstma\u00df an Flexibilit\u00e4t und Anpassungsf\u00e4higkeit an unterschiedliche Arbeitsumgebungen bieten<\/strong>entwickelt auf einer industriellen Plattform <strong>National Instruments (NI) Kompakt-Rio<\/strong><\/p>\n<h6><strong>VERSCHIEDENE ANWENDUNGSBEREICHE<\/strong><\/h6>\n<ul>\n<li><strong>Pr\u00fcfst\u00e4nde f\u00fcr die Automobilindustrie<\/strong><\/li>\n<li><strong>Maschinenb\u00e4nke<\/strong> (F&amp;E, Produktion)<\/li>\n<li><strong>Fahrzeugb\u00e4nke<\/strong> (Rolle, Emissionen)<\/li>\n<li><strong>Bauteilpr\u00fcfung<\/strong><\/li>\n<li><strong>NVH-Anwendungen<\/strong><\/li>\n<li><strong>ECU<\/strong> (Erfassung, Kalibrierung, Diagnose)<\/li>\n<\/ul>\n<p>Hier erfahren Sie mehr<strong> <a href=\"https:\/\/motycs.it\/de\/system-homologe\/\">weitere Details und andere Anwendungsbereiche<\/a><\/strong><\/p>","protected":false},"featured_media":1075,"template":"","meta":[],"product_cat":[95],"product_tag":[117,118],"class_list":["post-1003","product","type-product","status-publish","has-post-thumbnail","hentry","product_cat-sistemi-di-controllo","product_tag-daq-omologativi","product_tag-sistemi-di-controllo-omologazione-veicoli"],"yoast_head":"<!-- This site is optimized with the Yoast SEO plugin v26.5 - https:\/\/yoast.com\/wordpress\/plugins\/seo\/ -->\n<title>Sistemi di controllo omologativi - MOTYCS<\/title>\n<meta name=\"description\" content=\"Rinnova i tuo banco prova, con il nostro sistema dedicato alla gestione di sale prova e banchi omologativi. Riconosciuto dal ministero dei trasporti\" \/>\n<meta name=\"robots\" content=\"index, follow, max-snippet:-1, max-image-preview:large, max-video-preview:-1\" \/>\n<link rel=\"canonical\" href=\"https:\/\/motycs.it\/de\/product\/homologativ\/\" \/>\n<meta property=\"og:locale\" content=\"de_DE\" \/>\n<meta property=\"og:type\" content=\"article\" \/>\n<meta property=\"og:title\" content=\"Sistemi di controllo omologativi - MOTYCS\" \/>\n<meta property=\"og:description\" content=\"Rinnova i tuo banco prova, con il nostro sistema dedicato alla gestione di sale prova e banchi omologativi. Riconosciuto dal ministero dei trasporti\" \/>\n<meta property=\"og:url\" content=\"https:\/\/motycs.it\/de\/product\/homologativ\/\" \/>\n<meta property=\"og:site_name\" content=\"MOTYCS\" \/>\n<meta property=\"article:publisher\" content=\"https:\/\/www.facebook.com\/motycs\/\" \/>\n<meta property=\"article:modified_time\" content=\"2023-05-04T08:55:02+00:00\" \/>\n<meta property=\"og:image\" content=\"https:\/\/motycs.it\/wp-content\/uploads\/2022\/03\/SW_banchi-prova-cicli-w740.png\" \/>\n\t<meta property=\"og:image:width\" content=\"740\" \/>\n\t<meta property=\"og:image:height\" content=\"519\" \/>\n\t<meta property=\"og:image:type\" content=\"image\/png\" \/>\n<meta name=\"twitter:card\" content=\"summary_large_image\" \/>\n<meta name=\"twitter:label1\" content=\"Gesch\u00e4tzte Lesezeit\" \/>\n\t<meta name=\"twitter:data1\" content=\"2\u00a0Minuten\" \/>\n<script type=\"application\/ld+json\" class=\"yoast-schema-graph\">{\"@context\":\"https:\/\/schema.org\",\"@graph\":[{\"@type\":\"WebPage\",\"@id\":\"https:\/\/motycs.it\/product\/omologativi\/\",\"url\":\"https:\/\/motycs.it\/product\/omologativi\/\",\"name\":\"Sistemi di controllo omologativi - MOTYCS\",\"isPartOf\":{\"@id\":\"https:\/\/motycs.it\/#website\"},\"primaryImageOfPage\":{\"@id\":\"https:\/\/motycs.it\/product\/omologativi\/#primaryimage\"},\"image\":{\"@id\":\"https:\/\/motycs.it\/product\/omologativi\/#primaryimage\"},\"thumbnailUrl\":\"https:\/\/motycs.it\/wp-content\/uploads\/2022\/03\/SW_banchi-prova-cicli-w740.png\",\"datePublished\":\"2022-03-17T17:49:44+00:00\",\"dateModified\":\"2023-05-04T08:55:02+00:00\",\"description\":\"Rinnova i tuo banco prova, con il nostro sistema dedicato alla gestione di sale prova e banchi omologativi. Riconosciuto dal ministero dei trasporti\",\"breadcrumb\":{\"@id\":\"https:\/\/motycs.it\/product\/omologativi\/#breadcrumb\"},\"inLanguage\":\"de\",\"potentialAction\":[{\"@type\":\"ReadAction\",\"target\":[\"https:\/\/motycs.it\/product\/omologativi\/\"]}]},{\"@type\":\"ImageObject\",\"inLanguage\":\"de\",\"@id\":\"https:\/\/motycs.it\/product\/omologativi\/#primaryimage\",\"url\":\"https:\/\/motycs.it\/wp-content\/uploads\/2022\/03\/SW_banchi-prova-cicli-w740.png\",\"contentUrl\":\"https:\/\/motycs.it\/wp-content\/uploads\/2022\/03\/SW_banchi-prova-cicli-w740.png\",\"width\":740,\"height\":519},{\"@type\":\"BreadcrumbList\",\"@id\":\"https:\/\/motycs.it\/product\/omologativi\/#breadcrumb\",\"itemListElement\":[{\"@type\":\"ListItem\",\"position\":1,\"name\":\"Home\",\"item\":\"https:\/\/motycs.it\/\"},{\"@type\":\"ListItem\",\"position\":2,\"name\":\"Shop\",\"item\":\"https:\/\/motycs.it\/shop\/\"},{\"@type\":\"ListItem\",\"position\":3,\"name\":\"Sistemi di controllo omologativi\"}]},{\"@type\":\"WebSite\",\"@id\":\"https:\/\/motycs.it\/#website\",\"url\":\"https:\/\/motycs.it\/\",\"name\":\"MOTYCS\",\"description\":\"\",\"publisher\":{\"@id\":\"https:\/\/motycs.it\/#organization\"},\"potentialAction\":[{\"@type\":\"SearchAction\",\"target\":{\"@type\":\"EntryPoint\",\"urlTemplate\":\"https:\/\/motycs.it\/?s={search_term_string}\"},\"query-input\":{\"@type\":\"PropertyValueSpecification\",\"valueRequired\":true,\"valueName\":\"search_term_string\"}}],\"inLanguage\":\"de\"},{\"@type\":\"Organization\",\"@id\":\"https:\/\/motycs.it\/#organization\",\"name\":\"MOTYCS\",\"url\":\"https:\/\/motycs.it\/\",\"logo\":{\"@type\":\"ImageObject\",\"inLanguage\":\"de\",\"@id\":\"https:\/\/motycs.it\/#\/schema\/logo\/image\/\",\"url\":\"https:\/\/motycs.it\/wp-content\/uploads\/2022\/03\/orizz_bianc.jpg\",\"contentUrl\":\"https:\/\/motycs.it\/wp-content\/uploads\/2022\/03\/orizz_bianc.jpg\",\"width\":600,\"height\":159,\"caption\":\"MOTYCS\"},\"image\":{\"@id\":\"https:\/\/motycs.it\/#\/schema\/logo\/image\/\"},\"sameAs\":[\"https:\/\/www.facebook.com\/motycs\/\",\"https:\/\/www.instagram.com\/motycs.teq\/\",\"https:\/\/www.linkedin.com\/company\/motycs\/\",\"https:\/\/www.pinterest.it\/Motycsdynamometer\/\",\"https:\/\/www.youtube.com\/channel\/UCl_9nwLJn-fMI6UMZVc0tZw\"]}]}<\/script>\n<!-- \/ Yoast SEO plugin. -->","yoast_head_json":{"title":"Kontrollsysteme f\u00fcr die Typgenehmigung - MOTYCS","description":"Erneuern Sie Ihren Pr\u00fcfstand mit unserem speziellen System f\u00fcr die Verwaltung von Pr\u00fcfr\u00e4umen und Homologationspr\u00fcfst\u00e4nden. Anerkannt durch das Verkehrsministerium","robots":{"index":"index","follow":"follow","max-snippet":"max-snippet:-1","max-image-preview":"max-image-preview:large","max-video-preview":"max-video-preview:-1"},"canonical":"https:\/\/motycs.it\/de\/product\/homologativ\/","og_locale":"de_DE","og_type":"article","og_title":"Sistemi di controllo omologativi - MOTYCS","og_description":"Rinnova i tuo banco prova, con il nostro sistema dedicato alla gestione di sale prova e banchi omologativi. Riconosciuto dal ministero dei trasporti","og_url":"https:\/\/motycs.it\/de\/product\/homologativ\/","og_site_name":"MOTYCS","article_publisher":"https:\/\/www.facebook.com\/motycs\/","article_modified_time":"2023-05-04T08:55:02+00:00","og_image":[{"width":740,"height":519,"url":"https:\/\/motycs.it\/wp-content\/uploads\/2022\/03\/SW_banchi-prova-cicli-w740.png","type":"image\/png"}],"twitter_card":"summary_large_image","twitter_misc":{"Gesch\u00e4tzte Lesezeit":"2\u00a0Minuten"},"schema":{"@context":"https:\/\/schema.org","@graph":[{"@type":"WebPage","@id":"https:\/\/motycs.it\/product\/omologativi\/","url":"https:\/\/motycs.it\/product\/omologativi\/","name":"Kontrollsysteme f\u00fcr die Typgenehmigung - MOTYCS","isPartOf":{"@id":"https:\/\/motycs.it\/#website"},"primaryImageOfPage":{"@id":"https:\/\/motycs.it\/product\/omologativi\/#primaryimage"},"image":{"@id":"https:\/\/motycs.it\/product\/omologativi\/#primaryimage"},"thumbnailUrl":"https:\/\/motycs.it\/wp-content\/uploads\/2022\/03\/SW_banchi-prova-cicli-w740.png","datePublished":"2022-03-17T17:49:44+00:00","dateModified":"2023-05-04T08:55:02+00:00","description":"Erneuern Sie Ihren Pr\u00fcfstand mit unserem speziellen System f\u00fcr die Verwaltung von Pr\u00fcfr\u00e4umen und Homologationspr\u00fcfst\u00e4nden. Anerkannt durch das Verkehrsministerium","breadcrumb":{"@id":"https:\/\/motycs.it\/product\/omologativi\/#breadcrumb"},"inLanguage":"de","potentialAction":[{"@type":"ReadAction","target":["https:\/\/motycs.it\/product\/omologativi\/"]}]},{"@type":"ImageObject","inLanguage":"de","@id":"https:\/\/motycs.it\/product\/omologativi\/#primaryimage","url":"https:\/\/motycs.it\/wp-content\/uploads\/2022\/03\/SW_banchi-prova-cicli-w740.png","contentUrl":"https:\/\/motycs.it\/wp-content\/uploads\/2022\/03\/SW_banchi-prova-cicli-w740.png","width":740,"height":519},{"@type":"BreadcrumbList","@id":"https:\/\/motycs.it\/product\/omologativi\/#breadcrumb","itemListElement":[{"@type":"ListItem","position":1,"name":"Home","item":"https:\/\/motycs.it\/"},{"@type":"ListItem","position":2,"name":"Shop","item":"https:\/\/motycs.it\/shop\/"},{"@type":"ListItem","position":3,"name":"Sistemi di controllo omologativi"}]},{"@type":"WebSite","@id":"https:\/\/motycs.it\/#website","url":"https:\/\/motycs.it\/","name":"MOTYCS","description":"","publisher":{"@id":"https:\/\/motycs.it\/#organization"},"potentialAction":[{"@type":"SearchAction","target":{"@type":"EntryPoint","urlTemplate":"https:\/\/motycs.it\/?s={search_term_string}"},"query-input":{"@type":"PropertyValueSpecification","valueRequired":true,"valueName":"search_term_string"}}],"inLanguage":"de"},{"@type":"Organization","@id":"https:\/\/motycs.it\/#organization","name":"MOTYCS","url":"https:\/\/motycs.it\/","logo":{"@type":"ImageObject","inLanguage":"de","@id":"https:\/\/motycs.it\/#\/schema\/logo\/image\/","url":"https:\/\/motycs.it\/wp-content\/uploads\/2022\/03\/orizz_bianc.jpg","contentUrl":"https:\/\/motycs.it\/wp-content\/uploads\/2022\/03\/orizz_bianc.jpg","width":600,"height":159,"caption":"MOTYCS"},"image":{"@id":"https:\/\/motycs.it\/#\/schema\/logo\/image\/"},"sameAs":["https:\/\/www.facebook.com\/motycs\/","https:\/\/www.instagram.com\/motycs.teq\/","https:\/\/www.linkedin.com\/company\/motycs\/","https:\/\/www.pinterest.it\/Motycsdynamometer\/","https:\/\/www.youtube.com\/channel\/UCl_9nwLJn-fMI6UMZVc0tZw"]}]}},"_links":{"self":[{"href":"https:\/\/motycs.it\/de\/wp-json\/wp\/v2\/product\/1003","targetHints":{"allow":["GET"]}}],"collection":[{"href":"https:\/\/motycs.it\/de\/wp-json\/wp\/v2\/product"}],"about":[{"href":"https:\/\/motycs.it\/de\/wp-json\/wp\/v2\/types\/product"}],"wp:featuredmedia":[{"embeddable":true,"href":"https:\/\/motycs.it\/de\/wp-json\/wp\/v2\/media\/1075"}],"wp:attachment":[{"href":"https:\/\/motycs.it\/de\/wp-json\/wp\/v2\/media?parent=1003"}],"wp:term":[{"taxonomy":"product_cat","embeddable":true,"href":"https:\/\/motycs.it\/de\/wp-json\/wp\/v2\/product_cat?post=1003"},{"taxonomy":"product_tag","embeddable":true,"href":"https:\/\/motycs.it\/de\/wp-json\/wp\/v2\/product_tag?post=1003"}],"curies":[{"name":"wp","href":"https:\/\/api.w.org\/{rel}","templated":true}]}}