{"id":1002,"date":"2022-03-17T18:49:16","date_gmt":"2022-03-17T17:49:16","guid":{"rendered":"https:\/\/motycs.it\/?post_type=product&#038;p=1002"},"modified":"2023-05-26T10:30:54","modified_gmt":"2023-05-26T08:30:54","slug":"prova-potenza","status":"publish","type":"product","link":"https:\/\/motycs.it\/de\/product\/leistungstests\/","title":{"rendered":"Diagnose und Kalibrierung"},"content":{"rendered":"<p>Produkte <strong>fortschrittlich, aktuell und flexibel<\/strong>; f\u00e4hig zu <strong>sich an die Professionalit\u00e4t, die Kompetenz und die Bed\u00fcrfnisse unserer Kunden anzupassen<\/strong>.<\/p>\n<p><strong>Wiederholbarkeit der Pr\u00fcfungen, Anpassung von Hard- und Software, Kompatibilit\u00e4t von Sonden und Aktoren, Erweiterbarkeit des Gesamtsystems<\/strong>; nach diesen Grunds\u00e4tzen haben wir schon immer gerne unsere Motorpr\u00fcfsysteme entwickelt.<\/p>\n<h6><strong>Gro\u00dfe Auswahl an Zubeh\u00f6r f\u00fcr den Motorpr\u00fcfstand <\/strong>(je nach Modell):<\/h6>\n<ul>\n<li><strong>OBDII-Schnittstelle<\/strong> Fahrzeug<\/li>\n<li><strong>Lambda-Sonden <\/strong>und Controller<\/li>\n<li>Eingaben <strong>Thermoelemente<\/strong><\/li>\n<li><strong>Bis zu 24 Kan\u00e4le<\/strong> analog\/digital, erweiterbar<\/li>\n<li><strong>Verbindungsschnittstellen<\/strong><\/li>\n<li><strong>Servogesteuerte Antriebe<\/strong><\/li>\n<li><strong>Kontrollierte Steckdosen<\/strong><\/li>\n<li><strong>Induktive Zange<\/strong><\/li>\n<li><strong>Fernsteuerung<\/strong><\/li>\n<\/ul>\n<p><em><strong>N.B. Alle Baus\u00e4tze werden komplett mit Sensoren, Verkabelung und Zubeh\u00f6r geliefert, das f\u00fcr die Montage n\u00fctzlich und notwendig ist.<\/strong>.<\/em><\/p>\n<h6><strong>FUNKTIONEN DER STEUERUNGSSOFTWARE F\u00dcR PR\u00dcFST\u00c4NDE <\/strong><strong>SPORT DEVICES<\/strong><\/h6>\n<ul>\n<li>Sie kann sein <strong>installiert auf allen Arten von Leistungspr\u00fcfst\u00e4nden<\/strong> gewidmet der Welt der <strong>Motordiagnose und -kalibrierung<\/strong><\/li>\n<li><strong>Moderne, anpassbare Software mit beweglichen Fenstern, die die Arbeit des Entwicklers erleichtert<\/strong> bei der Verwaltung von Sonden\/Kan\u00e4len und Daten mit so viel Flexibilit\u00e4t und Effizienz wie m\u00f6glich<\/li>\n<li><strong>Bis zu 3 Bildschirme in Echtzeit<\/strong> (erfordert eine spezielle Grafikkarte)<\/li>\n<li>Sie erm\u00f6glicht <strong>eine unbegrenzte Anzahl von Kurven vergleichen<\/strong> aus der Datenbank gelesen, die eine andere Farbe erh\u00e4lt. Dies macht es m\u00f6glich <strong>Bewertung von \u00c4nderungen und Verbesserungen vor und nach den \u00c4nderungen<\/strong>. Ein automatischer Zeiger misst die Differenz zwischen den Kurven entlang der gesamten Kurve zus\u00e4tzlich zu ihrer Punktmessung,<\/li>\n<li><strong>Berichtigungsfaktoren<\/strong>ISO1585, SAEJ1349, DIN70020, JISD1001, EC95-1, EWG 80\/ 1269 (<strong>Es erm\u00f6glicht auch die Korrektur der Kurven je nach Ansaugtemperatur<\/strong>(\u00fcber OBD-Schnittstelle oder externe Sonde)<\/li>\n<li><strong>M\u00f6glichkeit, die verschiedenen durchgef\u00fchrten Tests zu vergleichen und sie zu \u00fcberlagern<\/strong><\/li>\n<li><strong>Die Ma\u00dfeinheit f\u00fcr Leistung (Kw,Cv), Drehmoment (Kg *m, N*m)<\/strong> ist vom Benutzer w\u00e4hlbar.<\/li>\n<li><a href=\"https:\/\/www.sportdevices.com\/sportdyno41-whats-new.php\">Software-Updates enthalten und direkt von der Website herunterladbar<\/a><\/li>\n<li>Verf\u00fcgbare Testmodi: <strong>Inertial, konstantes Bremsen, Rampe, Stra\u00dfensimulation, station\u00e4rer Zustand<\/strong>.<\/li>\n<li><strong>Hochgeschwindigkeits-Ethernet-Anschluss, CANBUS, Bluetooth (optional), RS232<\/strong>.<\/li>\n<li><strong>OBDII-Fahrzeugschnittstelle, integrierte oder externe Wetterstation. <\/strong><\/li>\n<li><strong>Unterst\u00fctzt verschiedene Modelle von Abgasanalysatoren<\/strong><\/li>\n<li>Das System implementiert ein <strong>Bremssteuerung \"closed-loop<\/strong>. Es funktioniert auch ohne Computer (Fernsteuerung)<\/li>\n<li><strong>Fernsteuerung des Gaspedals, des Kupplungsaktors, des Getriebes und der L\u00fcfter<\/strong> usw. aus der PC-Software.<\/li>\n<li><strong>Schnittstelle in 10 Sprachen verf\u00fcgbar<\/strong>, einschlie\u00dflich Deutch.<\/li>\n<\/ul>\n<p><a href=\"https:\/\/www.sportdevices.com\/sportdyno.php\" target=\"_blank\" rel=\"noopener\">Hier erfahren Sie mehr <strong>mehr Details zur Software<\/strong> der Sportdyno-Steuerung<\/a> (Link zur Website von Sport Devices auf ENGLISCH)<\/p>\n<p><a href=\"https:\/\/www.sportdevices.com\/download.php\" target=\"_blank\" rel=\"noopener\">Hier k\u00f6nnen Sie <strong>die neueste verf\u00fcgbare Version herunterladen und installieren<\/strong>, um seine Funktionsweise zu sehen<\/a> (Link zur Website von Sport Devices auf ENGLISCH)<\/p>\n<h6><strong>DATENERFASSUNGSKAN\u00c4LE\u00a0<\/strong><\/h6>\n<ul>\n<li>Das Steuerungs- und Erfassungssystem von Sport Devices bietet <strong>mehrere Kan\u00e4le auch unter Relais<\/strong>f\u00fcr die Erfassung von Daten von Lambda-, Druck- und Thermoelement-Sensoren, ob analog oder digital (die Systeme bieten bis zu 24 Kan\u00e4le in der SP6-Version). <strong>Es kann die verschiedenen Bel\u00fcftungssysteme im Testraum unabh\u00e4ngig voneinander steuern<\/strong>, mit vier kontrollierten, konfigurierbaren und unabh\u00e4ngigen Steckdosen.<\/li>\n<\/ul>\n<h6><strong>AUSF\u00dcHRBARE TESTS<\/strong><\/h6>\n<ul>\n<li><strong>Leistungsmessungen<\/strong> (am Rad, an der Antriebswelle, ableiten)<\/li>\n<li><strong>Beschleunigungs- und Verz\u00f6gerungstest<\/strong> (Zur Bewertung der Leistung, wenn das Fahrzeug externen Belastungen ausgesetzt ist)<\/li>\n<li><strong>Stra\u00dfen-Simulation<\/strong> (Zur \u00dcberpr\u00fcfung der Fahrzeugleistung, auch mit Diagnoseger\u00e4ten)<\/li>\n<li><strong>Tr\u00e4gheitsversuche zur Beschleunigung und Verz\u00f6gerung<\/strong><\/li>\n<li><strong>Stufentests, konstante Runden, programmierbare Tests als Runden-\/Kreislaufsimulation<\/strong> (CSV-Datei)<\/li>\n<\/ul>\n<p><a href=\"https:\/\/motycs.it\/wp-content\/uploads\/2023\/05\/dyno-daq-system-motycs.jpg\"><img loading=\"lazy\" decoding=\"async\" class=\"aligncenter wp-image-1589 size-full\" title=\"sportdevices spordyno Pr\u00fcfstand\" src=\"https:\/\/motycs.it\/wp-content\/uploads\/2023\/05\/dyno-daq-system-motycs.jpg\" alt=\"Softwarepr\u00fcfstand Sportger\u00e4te\" width=\"800\" height=\"800\" srcset=\"https:\/\/motycs.it\/wp-content\/uploads\/2023\/05\/dyno-daq-system-motycs.jpg 800w, https:\/\/motycs.it\/wp-content\/uploads\/2023\/05\/dyno-daq-system-motycs-300x300.jpg 300w, https:\/\/motycs.it\/wp-content\/uploads\/2023\/05\/dyno-daq-system-motycs-150x150.jpg 150w, https:\/\/motycs.it\/wp-content\/uploads\/2023\/05\/dyno-daq-system-motycs-768x768.jpg 768w, https:\/\/motycs.it\/wp-content\/uploads\/2023\/05\/dyno-daq-system-motycs-600x600.jpg 600w, https:\/\/motycs.it\/wp-content\/uploads\/2023\/05\/dyno-daq-system-motycs-100x100.jpg 100w\" sizes=\"auto, (max-width: 800px) 100vw, 800px\" \/><\/a><\/p>\n<h6>INSIGHTS<\/h6>\n<ul>\n<li><strong><a href=\"https:\/\/motycs.it\/de\/grundkonzepte-von-pruefstaenden\/\">Entdecken Sie die grundlegenden Konzepte von Motor- und Rollenpr\u00fcfst\u00e4nden<\/a><\/strong><\/li>\n<li><strong><a href=\"https:\/\/motycs.it\/de\/prufstande-4wd\/\">Vorteile der 4WD-Verbundachsen-Leistungspr\u00fcfst\u00e4nde<\/a><\/strong><\/li>\n<li><strong><a href=\"https:\/\/motycs.it\/de\/einzelrollen-biroll-leistungspruefstaende\/\">MONO-Rollen- und BI-Rollenpr\u00fcfst\u00e4nde<\/a><\/strong><\/li>\n<li><a href=\"https:\/\/motycs.it\/de\/stromunabhangig-banksicher\/\"><strong>Verlustleistung<\/strong><\/a><\/li>\n<\/ul>","protected":false},"excerpt":{"rendered":"<p><strong>IHREN PR\u00dcFSTAND AKTUALISIEREN\u00a0<\/strong><\/p>\n<ul>\n<li><strong>Anwendbar auf<\/strong> <strong>jede Art von Pr\u00fcfstand<\/strong> Macht<\/li>\n<li><strong>Software auf dem neuesten Stand der Technik<\/strong>mit beweglichen Platten<\/li>\n<li><strong>Bis zu 24 analoge\/digitale Kan\u00e4le<\/strong><\/li>\n<\/ul>\n<p>Entdecken Sie die verf\u00fcgbaren Modelle (Link zur Website von Sport Devices)<\/p>\n<div class=\"page\" title=\"Seite 4\">\n<div class=\"section\">\n<div class=\"layoutArea\">\n<div class=\"column\">\n<ul>\n<li><strong>2WD\/Motorr\u00e4der<\/strong> Tr\u00e4gheit:\u00a0 <em><a href=\"https:\/\/www.sportdevices.com\/sp1.php\" target=\"_blank\" rel=\"noopener\">Mod. <strong>SP1<\/strong><\/a><\/em><\/li>\n<li><strong>2WD\/Motorr\u00e4der<\/strong> gebremst: <em><a href=\"https:\/\/www.sportdevices.com\/sp1_plus.php\" target=\"_blank\" rel=\"noopener\">Mod. <strong>SP1+<\/strong><\/a><\/em><\/li>\n<li><strong>ALLRADANTRIEB<\/strong> Tr\u00e4gheit:\u00a0 <em><a href=\"http:\/\/sportdevices.com\/sp1_plus.php\">Mod.<strong>SP1 AWDI<\/strong><\/a><strong>\u00a0 <\/strong><\/em><\/li>\n<li><strong>ALLRADANTRIEB<\/strong> Bremsen:\u00a0 <em><a href=\"https:\/\/www.sportdevices.com\/sp5.php\">Mod: <strong>SP5<\/strong><\/a> \/ <strong><a href=\"https:\/\/www.sportdevices.com\/sp6.php\" target=\"_blank\" rel=\"noopener\">SP6<\/a><\/strong><\/em><\/li>\n<li><strong>2WD\/4WD gebremst auch HUB DYNO<\/strong>: <a href=\"https:\/\/www.sportdevices.com\/sp6.php\"><em>Mod. <strong>SP6<\/strong><\/em><\/a><\/li>\n<li><strong>Pr\u00fcfst\u00e4nde f\u00fcr Motoren:<\/strong> \u00a0<strong><em><a href=\"https:\/\/www.sportdevices.com\/sp1_plus.php\" target=\"_blank\" rel=\"noopener\">Mod. SP1+<\/a><\/em><\/strong> \/ <em><a href=\"https:\/\/www.sportdevices.com\/sp5.php\"><strong>SP5<\/strong><\/a> \/ <strong><a href=\"https:\/\/www.sportdevices.com\/sp6.php\" target=\"_blank\" rel=\"noopener\">SP6<\/a><\/strong><\/em><\/li>\n<\/ul>\n<\/div>\n<\/div>\n<\/div>\n<\/div>","protected":false},"featured_media":1146,"template":"","meta":[],"product_cat":[95],"product_tag":[108,107,143],"class_list":["post-1002","product","type-product","status-publish","has-post-thumbnail","hentry","product_cat-sistemi-di-controllo","product_tag-aggiornamento-banchi-prova-potenza","product_tag-sistemi-di-acquisizione","product_tag-software-banchi-prova"],"yoast_head":"<!-- This site is optimized with the Yoast SEO plugin v26.5 - https:\/\/yoast.com\/wordpress\/plugins\/seo\/ -->\n<title>Diagnosi e Calibrazione - MOTYCS<\/title>\n<meta name=\"description\" content=\"Rinnova il tuo banco prova potenza auto, moto o motore. Scopri i sistemi di controllo ed acquisizione Sport Devices. Contattaci per maggiori informazioni\" \/>\n<meta name=\"robots\" content=\"index, follow, max-snippet:-1, max-image-preview:large, max-video-preview:-1\" \/>\n<link rel=\"canonical\" href=\"https:\/\/motycs.it\/de\/product\/leistungstests\/\" \/>\n<meta property=\"og:locale\" content=\"de_DE\" \/>\n<meta property=\"og:type\" content=\"article\" \/>\n<meta property=\"og:title\" content=\"Diagnosi e Calibrazione - MOTYCS\" \/>\n<meta property=\"og:description\" content=\"Rinnova il tuo banco prova potenza auto, moto o motore. Scopri i sistemi di controllo ed acquisizione Sport Devices. Contattaci per maggiori informazioni\" \/>\n<meta property=\"og:url\" content=\"https:\/\/motycs.it\/de\/product\/leistungstests\/\" \/>\n<meta property=\"og:site_name\" content=\"MOTYCS\" \/>\n<meta property=\"article:publisher\" content=\"https:\/\/www.facebook.com\/motycs\/\" \/>\n<meta property=\"article:modified_time\" content=\"2023-05-26T08:30:54+00:00\" \/>\n<meta property=\"og:image\" content=\"https:\/\/motycs.it\/wp-content\/uploads\/2022\/03\/SP5-motycs-bancoprovapotenza.jpeg\" \/>\n\t<meta property=\"og:image:width\" content=\"1200\" \/>\n\t<meta property=\"og:image:height\" content=\"846\" \/>\n\t<meta property=\"og:image:type\" content=\"image\/jpeg\" \/>\n<meta name=\"twitter:card\" content=\"summary_large_image\" \/>\n<meta name=\"twitter:label1\" content=\"Gesch\u00e4tzte Lesezeit\" \/>\n\t<meta name=\"twitter:data1\" content=\"3\u00a0Minuten\" \/>\n<script type=\"application\/ld+json\" class=\"yoast-schema-graph\">{\"@context\":\"https:\/\/schema.org\",\"@graph\":[{\"@type\":\"WebPage\",\"@id\":\"https:\/\/motycs.it\/product\/prova-potenza\/\",\"url\":\"https:\/\/motycs.it\/product\/prova-potenza\/\",\"name\":\"Diagnosi e Calibrazione - MOTYCS\",\"isPartOf\":{\"@id\":\"https:\/\/motycs.it\/#website\"},\"primaryImageOfPage\":{\"@id\":\"https:\/\/motycs.it\/product\/prova-potenza\/#primaryimage\"},\"image\":{\"@id\":\"https:\/\/motycs.it\/product\/prova-potenza\/#primaryimage\"},\"thumbnailUrl\":\"https:\/\/motycs.it\/wp-content\/uploads\/2022\/03\/SP5-motycs-bancoprovapotenza.jpeg\",\"datePublished\":\"2022-03-17T17:49:16+00:00\",\"dateModified\":\"2023-05-26T08:30:54+00:00\",\"description\":\"Rinnova il tuo banco prova potenza auto, moto o motore. Scopri i sistemi di controllo ed acquisizione Sport Devices. Contattaci per maggiori informazioni\",\"breadcrumb\":{\"@id\":\"https:\/\/motycs.it\/product\/prova-potenza\/#breadcrumb\"},\"inLanguage\":\"de\",\"potentialAction\":[{\"@type\":\"ReadAction\",\"target\":[\"https:\/\/motycs.it\/product\/prova-potenza\/\"]}]},{\"@type\":\"ImageObject\",\"inLanguage\":\"de\",\"@id\":\"https:\/\/motycs.it\/product\/prova-potenza\/#primaryimage\",\"url\":\"https:\/\/motycs.it\/wp-content\/uploads\/2022\/03\/SP5-motycs-bancoprovapotenza.jpeg\",\"contentUrl\":\"https:\/\/motycs.it\/wp-content\/uploads\/2022\/03\/SP5-motycs-bancoprovapotenza.jpeg\",\"width\":1200,\"height\":846},{\"@type\":\"BreadcrumbList\",\"@id\":\"https:\/\/motycs.it\/product\/prova-potenza\/#breadcrumb\",\"itemListElement\":[{\"@type\":\"ListItem\",\"position\":1,\"name\":\"Home\",\"item\":\"https:\/\/motycs.it\/\"},{\"@type\":\"ListItem\",\"position\":2,\"name\":\"Shop\",\"item\":\"https:\/\/motycs.it\/shop\/\"},{\"@type\":\"ListItem\",\"position\":3,\"name\":\"Diagnosi e Calibrazione\"}]},{\"@type\":\"WebSite\",\"@id\":\"https:\/\/motycs.it\/#website\",\"url\":\"https:\/\/motycs.it\/\",\"name\":\"MOTYCS\",\"description\":\"\",\"publisher\":{\"@id\":\"https:\/\/motycs.it\/#organization\"},\"potentialAction\":[{\"@type\":\"SearchAction\",\"target\":{\"@type\":\"EntryPoint\",\"urlTemplate\":\"https:\/\/motycs.it\/?s={search_term_string}\"},\"query-input\":{\"@type\":\"PropertyValueSpecification\",\"valueRequired\":true,\"valueName\":\"search_term_string\"}}],\"inLanguage\":\"de\"},{\"@type\":\"Organization\",\"@id\":\"https:\/\/motycs.it\/#organization\",\"name\":\"MOTYCS\",\"url\":\"https:\/\/motycs.it\/\",\"logo\":{\"@type\":\"ImageObject\",\"inLanguage\":\"de\",\"@id\":\"https:\/\/motycs.it\/#\/schema\/logo\/image\/\",\"url\":\"https:\/\/motycs.it\/wp-content\/uploads\/2022\/03\/orizz_bianc.jpg\",\"contentUrl\":\"https:\/\/motycs.it\/wp-content\/uploads\/2022\/03\/orizz_bianc.jpg\",\"width\":600,\"height\":159,\"caption\":\"MOTYCS\"},\"image\":{\"@id\":\"https:\/\/motycs.it\/#\/schema\/logo\/image\/\"},\"sameAs\":[\"https:\/\/www.facebook.com\/motycs\/\",\"https:\/\/www.instagram.com\/motycs.teq\/\",\"https:\/\/www.linkedin.com\/company\/motycs\/\",\"https:\/\/www.pinterest.it\/Motycsdynamometer\/\",\"https:\/\/www.youtube.com\/channel\/UCl_9nwLJn-fMI6UMZVc0tZw\"]}]}<\/script>\n<!-- \/ Yoast SEO plugin. -->","yoast_head_json":{"title":"Diagnose und Kalibrierung - MOTYCS","description":"Erneuern Sie Ihren Leistungspr\u00fcfstand f\u00fcr Autos, Motorr\u00e4der oder Motoren. Entdecken Sie die Kontroll- und Erfassungssysteme von Sport Devices. Kontaktieren Sie uns f\u00fcr mehr Informationen","robots":{"index":"index","follow":"follow","max-snippet":"max-snippet:-1","max-image-preview":"max-image-preview:large","max-video-preview":"max-video-preview:-1"},"canonical":"https:\/\/motycs.it\/de\/product\/leistungstests\/","og_locale":"de_DE","og_type":"article","og_title":"Diagnosi e Calibrazione - MOTYCS","og_description":"Rinnova il tuo banco prova potenza auto, moto o motore. Scopri i sistemi di controllo ed acquisizione Sport Devices. Contattaci per maggiori informazioni","og_url":"https:\/\/motycs.it\/de\/product\/leistungstests\/","og_site_name":"MOTYCS","article_publisher":"https:\/\/www.facebook.com\/motycs\/","article_modified_time":"2023-05-26T08:30:54+00:00","og_image":[{"width":1200,"height":846,"url":"https:\/\/motycs.it\/wp-content\/uploads\/2022\/03\/SP5-motycs-bancoprovapotenza.jpeg","type":"image\/jpeg"}],"twitter_card":"summary_large_image","twitter_misc":{"Gesch\u00e4tzte Lesezeit":"3\u00a0Minuten"},"schema":{"@context":"https:\/\/schema.org","@graph":[{"@type":"WebPage","@id":"https:\/\/motycs.it\/product\/prova-potenza\/","url":"https:\/\/motycs.it\/product\/prova-potenza\/","name":"Diagnose und Kalibrierung - MOTYCS","isPartOf":{"@id":"https:\/\/motycs.it\/#website"},"primaryImageOfPage":{"@id":"https:\/\/motycs.it\/product\/prova-potenza\/#primaryimage"},"image":{"@id":"https:\/\/motycs.it\/product\/prova-potenza\/#primaryimage"},"thumbnailUrl":"https:\/\/motycs.it\/wp-content\/uploads\/2022\/03\/SP5-motycs-bancoprovapotenza.jpeg","datePublished":"2022-03-17T17:49:16+00:00","dateModified":"2023-05-26T08:30:54+00:00","description":"Erneuern Sie Ihren Leistungspr\u00fcfstand f\u00fcr Autos, Motorr\u00e4der oder Motoren. Entdecken Sie die Kontroll- und Erfassungssysteme von Sport Devices. Kontaktieren Sie uns f\u00fcr mehr Informationen","breadcrumb":{"@id":"https:\/\/motycs.it\/product\/prova-potenza\/#breadcrumb"},"inLanguage":"de","potentialAction":[{"@type":"ReadAction","target":["https:\/\/motycs.it\/product\/prova-potenza\/"]}]},{"@type":"ImageObject","inLanguage":"de","@id":"https:\/\/motycs.it\/product\/prova-potenza\/#primaryimage","url":"https:\/\/motycs.it\/wp-content\/uploads\/2022\/03\/SP5-motycs-bancoprovapotenza.jpeg","contentUrl":"https:\/\/motycs.it\/wp-content\/uploads\/2022\/03\/SP5-motycs-bancoprovapotenza.jpeg","width":1200,"height":846},{"@type":"BreadcrumbList","@id":"https:\/\/motycs.it\/product\/prova-potenza\/#breadcrumb","itemListElement":[{"@type":"ListItem","position":1,"name":"Home","item":"https:\/\/motycs.it\/"},{"@type":"ListItem","position":2,"name":"Shop","item":"https:\/\/motycs.it\/shop\/"},{"@type":"ListItem","position":3,"name":"Diagnosi e Calibrazione"}]},{"@type":"WebSite","@id":"https:\/\/motycs.it\/#website","url":"https:\/\/motycs.it\/","name":"MOTYCS","description":"","publisher":{"@id":"https:\/\/motycs.it\/#organization"},"potentialAction":[{"@type":"SearchAction","target":{"@type":"EntryPoint","urlTemplate":"https:\/\/motycs.it\/?s={search_term_string}"},"query-input":{"@type":"PropertyValueSpecification","valueRequired":true,"valueName":"search_term_string"}}],"inLanguage":"de"},{"@type":"Organization","@id":"https:\/\/motycs.it\/#organization","name":"MOTYCS","url":"https:\/\/motycs.it\/","logo":{"@type":"ImageObject","inLanguage":"de","@id":"https:\/\/motycs.it\/#\/schema\/logo\/image\/","url":"https:\/\/motycs.it\/wp-content\/uploads\/2022\/03\/orizz_bianc.jpg","contentUrl":"https:\/\/motycs.it\/wp-content\/uploads\/2022\/03\/orizz_bianc.jpg","width":600,"height":159,"caption":"MOTYCS"},"image":{"@id":"https:\/\/motycs.it\/#\/schema\/logo\/image\/"},"sameAs":["https:\/\/www.facebook.com\/motycs\/","https:\/\/www.instagram.com\/motycs.teq\/","https:\/\/www.linkedin.com\/company\/motycs\/","https:\/\/www.pinterest.it\/Motycsdynamometer\/","https:\/\/www.youtube.com\/channel\/UCl_9nwLJn-fMI6UMZVc0tZw"]}]}},"_links":{"self":[{"href":"https:\/\/motycs.it\/de\/wp-json\/wp\/v2\/product\/1002","targetHints":{"allow":["GET"]}}],"collection":[{"href":"https:\/\/motycs.it\/de\/wp-json\/wp\/v2\/product"}],"about":[{"href":"https:\/\/motycs.it\/de\/wp-json\/wp\/v2\/types\/product"}],"wp:featuredmedia":[{"embeddable":true,"href":"https:\/\/motycs.it\/de\/wp-json\/wp\/v2\/media\/1146"}],"wp:attachment":[{"href":"https:\/\/motycs.it\/de\/wp-json\/wp\/v2\/media?parent=1002"}],"wp:term":[{"taxonomy":"product_cat","embeddable":true,"href":"https:\/\/motycs.it\/de\/wp-json\/wp\/v2\/product_cat?post=1002"},{"taxonomy":"product_tag","embeddable":true,"href":"https:\/\/motycs.it\/de\/wp-json\/wp\/v2\/product_tag?post=1002"}],"curies":[{"name":"wp","href":"https:\/\/api.w.org\/{rel}","templated":true}]}}