{"id":955,"date":"2022-03-15T19:14:52","date_gmt":"2022-03-15T18:14:52","guid":{"rendered":"https:\/\/motycs.it\/?page_id=955"},"modified":"2023-05-06T16:08:02","modified_gmt":"2023-05-06T14:08:02","slug":"chi-siamo","status":"publish","type":"page","link":"https:\/\/motycs.it\/de\/wer-wir-sind\/","title":{"rendered":"\u00dcber uns"},"content":{"rendered":"<div data-vc-full-width=\"true\" data-vc-full-width-init=\"false\" class=\"vc_row wpb_row vc_row-fluid vc_custom_1661159702438 vc_row-has-fill\"><div class=\"wpb_column vc_column_container vc_col-sm-12\"><div class=\"vc_column-inner\"><div class=\"wpb_wrapper\"><div class=\"sc_section margin_top_large margin_bottom_large\" data-animation=\"animated fadeInUp normal\" style=\"max-width: 1030px; margin: auto;\"><div class=\"sc_section_inner\"><h6 class=\"sc_section_subtitle sc_item_subtitle\">Willkommen!<\/h6><h3 class=\"sc_section_title sc_item_title sc_item_title_without_descr\">\u00dcber uns<\/h3><div class=\"sc_section_content_wrap\">\n\t<div class=\"wpb_text_column wpb_content_element  vc_custom_1682407524825\" >\n\t\t<div class=\"wpb_wrapper\">\n\t\t\t<p><strong>MOTYCS<\/strong> vereint die <strong>20 Jahre Erfahrung mit <\/strong>Realit\u00e4ten, geboren und aufgewachsen in der <strong>Italienisches MotorValley<\/strong>, die auch <strong>von Leidenschaft getrieben<\/strong>, seit alters her <strong>ihre Ressourcen der Welt der Motoren widmen <\/strong>und die<strong>\u00a0Pr\u00fcfmittel.<\/strong><\/p>\n<p>In diesen mehr als 20 Jahren der Erfahrung und Zusammenarbeit<strong>\u00a0mit renommierten Unternehmen des Automobilsektors<\/strong>, wir erstellt <strong>wichtige Projekte <\/strong><strong>unter <a href=\"https:\/\/motycs.it\/de\/system-homologe\/\">verschiedene Anwendungsbereiche<\/a>.<\/strong><\/p>\n\n\t\t<\/div>\n\t<\/div>\n<\/div><\/div><\/div><h4 class=\"sc_title sc_title_regular margin_bottom_small\">UNSERE PRODUKTE UND DIENSTLEISTUNGEN<\/h4><div class=\"sc_accordion\" data-active=\"0\"><div class=\"sc_accordion_item odd first\"><h5 class=\"sc_accordion_title\"><span class=\"sc_accordion_icon sc_accordion_icon_closed icon-plus\"><\/span><span class=\"sc_accordion_icon sc_accordion_icon_opened icon-minus\"><\/span>LEISTUNGSPR\u00dcFST\u00c4NDE UND MESSGER\u00c4TE - SPORTGER\u00c4TE<\/h5><div class=\"sc_accordion_content\">\n\t<div class=\"wpb_text_column wpb_content_element\" >\n\t\t<div class=\"wpb_wrapper\">\n\t\t\t<p>Wir sind <strong>Alleinvertriebsh\u00e4ndler der Marke <a href=\"https:\/\/www.sportdevices.com\/\">SPORT DEVICES<\/a>, die seit \u00fcber 20 Jahren Ausr\u00fcstungen f\u00fcr Werkst\u00e4tten und ZUBEREITER entwickelt, <\/strong>deren Produktpalette umfasst:<\/p>\n<ul>\n<li><strong><a href=\"https:\/\/motycs.it\/de\/product\/leistungpruefstaende-2wd\/\">2WD-PKW-Leistungspr\u00fcfst\u00e4nde<\/a><\/strong><\/li>\n<li><a href=\"https:\/\/motycs.it\/de\/product\/leistungstest-4wd\/\"><strong>4WD-Leistungspr\u00fcfst\u00e4nde mit verbundenen Achsen<\/strong><\/a><\/li>\n<li><a href=\"https:\/\/motycs.it\/de\/product\/leistungsprufungs-motorrader\/\"><strong>Pr\u00fcfst\u00e4nde f\u00fcr Motorr\u00e4der<\/strong><\/a><\/li>\n<li><a href=\"https:\/\/motycs.it\/de\/product\/leistungstests\/\"><strong>Kontroll und Erfassungssysteme<\/strong><\/a> (f\u00fcr <strong>Erneuerung von Pr\u00fcfst\u00e4nden<\/strong>)<\/li>\n<li><strong><a href=\"https:\/\/motycs.it\/de\/product\/stossdaempfermaschine\/\">Pr\u00fcfst\u00e4nde f\u00fcr Sto\u00dfd\u00e4mpfer<\/a><\/strong><\/li>\n<\/ul>\n<p>Hier erfahren Sie mehr <strong><a href=\"https:\/\/motycs.it\/de\/installation-bank-testing\/\">einige unserer neuesten Installationen und Produktmerkmale<\/a><\/strong><\/p>\n\n\t\t<\/div>\n\t<\/div>\n<\/div><\/div><div class=\"sc_accordion_item even\"><h5 class=\"sc_accordion_title\"><span class=\"sc_accordion_icon sc_accordion_icon_closed icon-plus\"><\/span><span class=\"sc_accordion_icon sc_accordion_icon_opened icon-minus\"><\/span>PR\u00dcFST\u00c4NDE UND MESSGER\u00c4TE F\u00dcR ZULASSUNG, R&amp;D UND ENDE DER LINIE<\/h5><div class=\"sc_accordion_content\">\n\t<div class=\"wpb_text_column wpb_content_element\" >\n\t\t<div class=\"wpb_wrapper\">\n\t\t\t<p><strong>Wir entwerfen, realisieren und liefern ma\u00dfgeschneiderte L\u00f6sungen<\/strong>in den verschiedenen Anwendungsbereichen:<\/p>\n<ul>\n<li><a href=\"https:\/\/motycs.it\/de\/product\/banchi-omologativi\/\"><strong>Rollenpr\u00fcfst\u00e4nde f\u00fcr Homologation, Forschung und Entwicklung, End-of-Line<\/strong><\/a><\/li>\n<li><a href=\"https:\/\/motycs.it\/de\/product\/homologativ\/\"><strong>Kontroll- und Erfassungssysteme f\u00fcr den Homologations- und End-of-Line-Bereich<\/strong><\/a><\/li>\n<\/ul>\n<p>Alle Bereiche, in denen ein <strong>tiefe Integration in die Kundenanforderungen in Bezug auf die Datenerfassung und -verwaltung, auch mit dem Ziel der Prozessintegration.<\/strong><\/p>\n<p><strong><a href=\"https:\/\/motycs.it\/de\/system-homologe\/\">Entdecken Sie die verschiedenen Anwendungsbereiche unserer L\u00f6sungen<\/a><\/strong><\/p>\n\n\t\t<\/div>\n\t<\/div>\n<\/div><\/div><div class=\"sc_accordion_item odd\"><h5 class=\"sc_accordion_title\"><span class=\"sc_accordion_icon sc_accordion_icon_closed icon-plus\"><\/span><span class=\"sc_accordion_icon sc_accordion_icon_opened icon-minus\"><\/span>L\u00c4RM- UND SCHWINGUNGSSYSTEME (NVH)<\/h5><div class=\"sc_accordion_content\">\n\t<div class=\"wpb_text_column wpb_content_element\" >\n\t\t<div class=\"wpb_wrapper\">\n\t\t\t<p>Auch im Automobilsektor definiert\u00a0<strong>NVH-Systeme (Noise Vibration Harshness)<\/strong>\u00a0sind f\u00fcr die numerische Verarbeitung und dynamische Signalanalyse konzipiert, f\u00fcr die\u00a0<strong>Akustik- und Schwingungsanalyse<\/strong>, zur Verwendung in:<\/p>\n<ul>\n<li><strong>Labor, Forschung und Entwicklung<\/strong><\/li>\n<li><strong>Produktionslinie (Ende der Linie)<\/strong><\/li>\n<li><strong>\u00dcberwachung der Anlagen, <\/strong><strong>Qualit\u00e4tskontrolle<\/strong><\/li>\n<\/ul>\n<p><a href=\"https:\/\/motycs.it\/de\/product\/laerm-und-vibrationssysteme\/\"><strong>Besuchen Sie die Seite Noise Vibration Harshness Produkte und Systeme<\/strong><\/a><\/p>\n\n\t\t<\/div>\n\t<\/div>\n<\/div><\/div><div id=\"sc_accordion_item_1661160449203_0\" class=\"sc_accordion_item even\"><h5 class=\"sc_accordion_title\"><span class=\"sc_accordion_icon sc_accordion_icon_closed icon-plus\"><\/span><span class=\"sc_accordion_icon sc_accordion_icon_opened icon-minus\"><\/span>MOTORENPR\u00dcFST\u00c4NDE UND ZUBEH\u00d6R<\/h5><div class=\"sc_accordion_content\">\n\t<div class=\"wpb_text_column wpb_content_element\" >\n\t\t<div class=\"wpb_wrapper\">\n\t\t\t<p>Wir entwerfen und liefern <strong>komplette schalldichte Prober\u00e4ume und Zubeh\u00f6r, <\/strong>f\u00fcr alle Bereiche der Pr\u00fcfung, einschlie\u00dflich spezieller<strong>, Geltungsbereich der Homologation:<\/strong><\/p>\n<ul>\n<li><a href=\"https:\/\/motycs.it\/de\/product\/salztopfe\/\"><strong>Schallged\u00e4mmte Triebwerkspr\u00fcfr\u00e4ume mit Luftaufbereitungssystemen<\/strong><\/a><\/li>\n<li><a href=\"https:\/\/motycs.it\/de\/product\/entrauchung\/\"><strong>Systeme zur Rauchgasabsaugung<\/strong><\/a> und <a href=\"https:\/\/motycs.it\/de\/product\/beluftung\/\"><strong>Motorbel\u00fcftung<\/strong><\/a><\/li>\n<\/ul>\n<p>Die Hallen sind <strong>konzipiert und gestaltet, um verschiedenen Anwendungsanforderungen gerecht zu werden<\/strong>, in verschiedenen Sektoren (Automobil, Landwirtschaft, Hydraulik usw.).<\/p>\n\n\t\t<\/div>\n\t<\/div>\n<\/div><\/div><div id=\"sc_accordion_item_1661160449203_0\" class=\"sc_accordion_item odd\"><h5 class=\"sc_accordion_title\"><span class=\"sc_accordion_icon sc_accordion_icon_closed icon-plus\"><\/span><span class=\"sc_accordion_icon sc_accordion_icon_opened icon-minus\"><\/span>PR\u00dcFSTELLE F\u00dcR MOTOREN UND FAHRZEUGE<\/h5><div class=\"sc_accordion_content\">\n\t<div class=\"wpb_text_column wpb_content_element\" >\n\t\t<div class=\"wpb_wrapper\">\n\t\t\t<p><strong>Wir haben <a href=\"https:\/\/motycs.it\/de\/dienstleistungen-prufmaschinen\/#:~:text=SALE-,BANCHI,-PROVA MOTORE\">Motorenpr\u00fcfst\u00e4nde<\/a>, ausgestattet mit Motor und Rollenb\u00e4nken, f\u00fcr <a href=\"https:\/\/motycs.it\/de\/dienstleistungen-prufmaschinen\/#:~:text=BANCO PROVA A-,RULLI,-AUTO\">Autos<\/a> e <a href=\"https:\/\/motycs.it\/de\/dienstleistungen-prufmaschinen\/#:~:text=BANCO PROVA A-,RULLI,-PER MOTOCICLI\">Motorr\u00e4der<\/a>. <\/strong>Anlagen, die mit einer<strong> komplettes Angebot an hochmodernen Sensoren<\/strong>. Im Laufe der Zeit haben wir unsere Kompetenzen und Dienstleistungen erweitert: <strong>vom Prototyp <\/strong>bis die<strong>Spurdatenanalyse <\/strong>e<strong> Stra\u00dfentests:<\/strong><\/p>\n<ul>\n<li><strong>TESTS AUF PR\u00dcFST\u00c4NDEN<\/strong> MOTOR- UND ROLLENB\u00c4NKE<\/li>\n<li><strong>PRE-APPROVAL <\/strong>ED<strong> HOMOLOGATION<\/strong> <strong>MOTOREN<\/strong>, <strong>STEUERGER\u00c4TE-KALIBRIERUNG<\/strong><\/li>\n<li><strong>BEWERTUNG <\/strong>E<strong> LEISTUNGSSTEIGERUNG<\/strong><\/li>\n<li><strong>EMISSIONSPR\u00dcFUNG, <\/strong><strong>DATENERFASSUNG, <\/strong><strong>STRASSENPR\u00dcFUNG <\/strong>E<strong> SCHALTKREIS<\/strong><\/li>\n<\/ul>\n<p><a href=\"https:\/\/motycs.it\/de\/dienstleistungen-prufmaschinen\/\"><strong>Weitere Informationen<\/strong> unter <strong>Motorentest-Seite.<\/strong><\/a><\/p>\n\n\t\t<\/div>\n\t<\/div>\n<\/div><\/div><\/div>\n\t<div class=\"wpb_text_column wpb_content_element  vc_custom_1683381752019\" >\n\t\t<div class=\"wpb_wrapper\">\n\t\t\t<h5><strong>VOR- UND NACHVERKAUFSSERVICE<\/strong><\/h5>\n<p>Wir befassen uns mit komplexen und hochgradig kundenspezifischen Produkten, daher betrachten wir eine <strong>der grundlegende Wert, unseren Kunden eine sehr schnelle Reaktionszeit zu bieten<\/strong>, um eine echte betriebliche Kontinuit\u00e4t und gr\u00f6\u00dftm\u00f6gliche Effizienz zu gew\u00e4hrleisten.<\/p>\n<p>Wir bieten\u00a0 <strong>Installations-, Kalibrierungs- und Wartungsdienste <\/strong>f\u00fcr unsere gesamte Produktpalette, <strong>in ganz Europa.<\/strong>.<\/p>\n<h5><strong>INDUSTRIE 4.0<\/strong><\/h5>\n<p><strong>Alle unsere Produkte k\u00f6nnen die Vorteile nutzen<\/strong> die sich aus den Industrie 4.0-Vorschriften ergeben. Wir k\u00f6nnen Sie auch bei der Umsetzung unterst\u00fctzen <strong>vereidigte Sachverst\u00e4ndige, die das ordnungsgem\u00e4\u00dfe Ausf\u00fcllen der Papiere best\u00e4tigen.<\/strong>.<\/p>\n<h5><strong>KOLLABORATIONEN<\/strong><\/h5>\n<div class=\"page\" title=\"Seite 2\">\n<div class=\"section\">\n<div class=\"layoutArea\">\n<div class=\"column\">\n<p>Wir arbeiten in <strong>enge Zusammenarbeit mit einigen der renommiertesten Unternehmen der Automobilbranche<\/strong>, Wir verpflichten uns zu <strong>den Wert des Aufbaus strategischer Partnerschaften erh\u00f6hen<\/strong>; aufbau dauerhafter und vertrauensvoller Beziehungen zu den Kunden.<\/p>\n<h5>INSIGHTS<\/h5>\n<ul>\n<li><a href=\"https:\/\/motycs.it\/de\/geschichte-banken-beweisen-kraft-rollen\/\"><strong>Geschichte der Rollenpr\u00fcfst\u00e4nde<\/strong><\/a><\/li>\n<li><a href=\"https:\/\/motycs.it\/de\/stromunabhangig-banksicher\/\"><strong>Was ist Verlustleistung?<\/strong><\/a><\/li>\n<li><strong><a href=\"https:\/\/motycs.it\/de\/prufstande-4wd\/\">Vorteile von 4\u00d74-Pr\u00fcfst\u00e4nden mit verbundenen Achsen<\/a><\/strong><\/li>\n<li><a href=\"https:\/\/motycs.it\/de\/faktoren-korrekturleistung\/\"><b>Leistungskorrekturfaktoren DIN, CE, SAE..<\/b><\/a><\/li>\n<li><strong><a href=\"https:\/\/motycs.it\/de\/system-homologe\/\">Homologation und End-of-Line-B\u00e4nke<\/a><\/strong> Anwendungsbereiche<\/li>\n<\/ul>\n<p><strong><a href=\"https:\/\/motycs.it\/de\/kontakte\/\">Kontaktieren Sie uns unverbindlich f\u00fcr weitere Informationen <\/a><\/strong><\/p>\n<\/div>\n<\/div>\n<\/div>\n<\/div>\n\n\t\t<\/div>\n\t<\/div>\n<\/div><\/div><\/div><\/div><div class=\"vc_row-full-width vc_clearfix\"><\/div><div class=\"vc_row wpb_row vc_row-fluid\"><div class=\"wpb_column vc_column_container vc_col-sm-12\"><div class=\"vc_column-inner\"><div class=\"wpb_wrapper\"><div class=\"wpb_gallery wpb_content_element vc_clearfix\" ><div class=\"wpb_wrapper\"><h2 class=\"wpb_heading wpb_gallery_heading\">Galerie<\/h2><div class=\"wpb_gallery_slides wpb_slider_nivo theme-default\" data-interval=\"3\"><div class=\"nivoSlider\"><img loading=\"lazy\" decoding=\"async\" class=\"\" src=\"https:\/\/motycs.it\/wp-content\/uploads\/2023\/05\/chassisdyno-4wd-linked-chassis-dynamometer-motycs.jpg\" width=\"800\" height=\"800\" alt=\"pr\u00fcfstand-power-4x4-motycs\" title=\"chassisdyno-4wd-gekoppeltes-fahrgestell-dynamometer-motycs\" \/><img loading=\"lazy\" decoding=\"async\" class=\"\" src=\"https:\/\/motycs.it\/wp-content\/uploads\/2023\/05\/sistemacontrolloedacquisizione.jpg\" width=\"800\" height=\"800\" alt=\"Unsere Datenerfassungssysteme\" title=\"Steuerungs- und Erfassungssystem\" \/><img loading=\"lazy\" decoding=\"async\" class=\"\" src=\"https:\/\/motycs.it\/wp-content\/uploads\/2022\/09\/IMG_0809-800x800.jpg\" width=\"800\" height=\"800\" alt=\"IMG_0809\" title=\"IMG_0809\" \/><img loading=\"lazy\" decoding=\"async\" class=\"\" src=\"https:\/\/motycs.it\/wp-content\/uploads\/2023\/05\/dyno-controlo-room-motycs.jpg\" width=\"800\" height=\"800\" alt=\"Motorpr\u00fcfstands-Steuerungssystem\" title=\"dyno-controllo-room-motycs\" \/><img loading=\"lazy\" decoding=\"async\" class=\"\" src=\"https:\/\/motycs.it\/wp-content\/uploads\/2022\/03\/admtech-motycs-2wd-dynamometer-800x800.jpg\" width=\"800\" height=\"800\" alt=\"2wd-Pr\u00fcfstand motycs sport ger\u00e4te\" title=\"admtech-motycs-2wd-dynamometer\" \/><img loading=\"lazy\" decoding=\"async\" class=\"\" src=\"https:\/\/motycs.it\/wp-content\/uploads\/2023\/05\/dyno-daq-system-motycs.jpg\" width=\"800\" height=\"800\" alt=\"Softwarepr\u00fcfstand Sportger\u00e4te\" title=\"dyno-daq-system-motycs\" \/><img loading=\"lazy\" decoding=\"async\" class=\"\" src=\"https:\/\/motycs.it\/wp-content\/uploads\/2023\/05\/2wd-banco-prova-potenza-motycs-dynamometer.jpg\" width=\"800\" height=\"800\" alt=\"2wd-bank-test-power-motycs-dynamometer\" title=\"2wd-bank-test-power-motycs-dynamometer\" \/><img loading=\"lazy\" decoding=\"async\" class=\"\" src=\"https:\/\/motycs.it\/wp-content\/uploads\/2022\/09\/IMG_0755-800x800.jpg\" width=\"800\" height=\"800\" alt=\"proca Rollenbank 3 Bildschirme\" title=\"IMG_0755\" \/><img loading=\"lazy\" decoding=\"async\" class=\"\" src=\"https:\/\/motycs.it\/wp-content\/uploads\/2023\/04\/Sonde_SP5-motycs-banco-prova-potenza.jpg\" width=\"800\" height=\"724\" alt=\"Pr\u00fcfstand Schnittstelle Sportger\u00e4te\" title=\"Sonde_SP5-motycs-bank-test-leistung\" \/><img loading=\"lazy\" decoding=\"async\" class=\"\" src=\"https:\/\/motycs.it\/wp-content\/uploads\/2023\/05\/4wd-banco-prova-potenza-motycs-master-tuning-dyno.jpg\" width=\"800\" height=\"800\" alt=\"motycs mastertuning leistungspr\u00fcfstand\" title=\"4wd-bank-test-power-motycs-master-tuning-dyno\" \/><\/div><\/div><\/div><\/div><\/div><\/div><\/div><\/div>","protected":false},"excerpt":{"rendered":"\u00dcber uns MOTYCS vereint die zwanzigj\u00e4hrige Erfahrung von Unternehmen, die im italienischen Motortal geboren und aufgewachsen sind und die, angetrieben von ihrer Leidenschaft, ihre Ressourcen immer der Welt der Motoren und Pr\u00fcfger\u00e4te gewidmet haben.","protected":false},"author":1,"featured_media":0,"parent":0,"menu_order":0,"comment_status":"closed","ping_status":"closed","template":"","meta":{"footnotes":""},"class_list":["post-955","page","type-page","status-publish","hentry"],"yoast_head":"<!-- This site is optimized with the Yoast SEO plugin v26.5 - https:\/\/yoast.com\/wordpress\/plugins\/seo\/ -->\n<title>Motycs chi siamo<\/title>\n<meta name=\"description\" content=\"Da oltre 20 anni realizziamo banchi prova e servizi di testing motori ed altri sistemi. Siamo distributori esclusivi prodotti Sport Devices\" \/>\n<meta name=\"robots\" content=\"index, follow, max-snippet:-1, max-image-preview:large, max-video-preview:-1\" \/>\n<link rel=\"canonical\" href=\"https:\/\/motycs.it\/de\/wer-wir-sind\/\" \/>\n<meta property=\"og:locale\" content=\"de_DE\" \/>\n<meta property=\"og:type\" content=\"article\" \/>\n<meta property=\"og:title\" content=\"Motycs chi siamo\" \/>\n<meta property=\"og:description\" content=\"Da oltre 20 anni realizziamo banchi prova e servizi di testing motori ed altri sistemi. Siamo distributori esclusivi prodotti Sport Devices\" \/>\n<meta property=\"og:url\" content=\"https:\/\/motycs.it\/de\/wer-wir-sind\/\" \/>\n<meta property=\"og:site_name\" content=\"MOTYCS\" \/>\n<meta property=\"article:publisher\" content=\"https:\/\/www.facebook.com\/motycs\/\" \/>\n<meta property=\"article:modified_time\" content=\"2023-05-06T14:08:02+00:00\" \/>\n<meta property=\"og:image\" content=\"https:\/\/motycs.it\/wp-content\/uploads\/2023\/05\/lancia-delta-integrale-banco-prova-potenza-dyno.jpg\" \/>\n\t<meta property=\"og:image:width\" content=\"800\" \/>\n\t<meta property=\"og:image:height\" content=\"800\" \/>\n\t<meta property=\"og:image:type\" content=\"image\/jpeg\" \/>\n<meta name=\"twitter:card\" content=\"summary_large_image\" \/>\n<meta name=\"twitter:label1\" content=\"Gesch\u00e4tzte Lesezeit\" \/>\n\t<meta name=\"twitter:data1\" content=\"7\u00a0Minuten\" \/>\n<script type=\"application\/ld+json\" class=\"yoast-schema-graph\">{\"@context\":\"https:\/\/schema.org\",\"@graph\":[{\"@type\":\"WebPage\",\"@id\":\"https:\/\/motycs.it\/chi-siamo\/\",\"url\":\"https:\/\/motycs.it\/chi-siamo\/\",\"name\":\"Motycs chi siamo\",\"isPartOf\":{\"@id\":\"https:\/\/motycs.it\/#website\"},\"datePublished\":\"2022-03-15T18:14:52+00:00\",\"dateModified\":\"2023-05-06T14:08:02+00:00\",\"description\":\"Da oltre 20 anni realizziamo banchi prova e servizi di testing motori ed altri sistemi. Siamo distributori esclusivi prodotti Sport Devices\",\"breadcrumb\":{\"@id\":\"https:\/\/motycs.it\/chi-siamo\/#breadcrumb\"},\"inLanguage\":\"de\",\"potentialAction\":[{\"@type\":\"ReadAction\",\"target\":[\"https:\/\/motycs.it\/chi-siamo\/\"]}]},{\"@type\":\"BreadcrumbList\",\"@id\":\"https:\/\/motycs.it\/chi-siamo\/#breadcrumb\",\"itemListElement\":[{\"@type\":\"ListItem\",\"position\":1,\"name\":\"Home\",\"item\":\"https:\/\/motycs.it\/\"},{\"@type\":\"ListItem\",\"position\":2,\"name\":\"Chi siamo\"}]},{\"@type\":\"WebSite\",\"@id\":\"https:\/\/motycs.it\/#website\",\"url\":\"https:\/\/motycs.it\/\",\"name\":\"MOTYCS\",\"description\":\"\",\"publisher\":{\"@id\":\"https:\/\/motycs.it\/#organization\"},\"potentialAction\":[{\"@type\":\"SearchAction\",\"target\":{\"@type\":\"EntryPoint\",\"urlTemplate\":\"https:\/\/motycs.it\/?s={search_term_string}\"},\"query-input\":{\"@type\":\"PropertyValueSpecification\",\"valueRequired\":true,\"valueName\":\"search_term_string\"}}],\"inLanguage\":\"de\"},{\"@type\":\"Organization\",\"@id\":\"https:\/\/motycs.it\/#organization\",\"name\":\"MOTYCS\",\"url\":\"https:\/\/motycs.it\/\",\"logo\":{\"@type\":\"ImageObject\",\"inLanguage\":\"de\",\"@id\":\"https:\/\/motycs.it\/#\/schema\/logo\/image\/\",\"url\":\"https:\/\/motycs.it\/wp-content\/uploads\/2022\/03\/orizz_bianc.jpg\",\"contentUrl\":\"https:\/\/motycs.it\/wp-content\/uploads\/2022\/03\/orizz_bianc.jpg\",\"width\":600,\"height\":159,\"caption\":\"MOTYCS\"},\"image\":{\"@id\":\"https:\/\/motycs.it\/#\/schema\/logo\/image\/\"},\"sameAs\":[\"https:\/\/www.facebook.com\/motycs\/\",\"https:\/\/www.instagram.com\/motycs.teq\/\",\"https:\/\/www.linkedin.com\/company\/motycs\/\",\"https:\/\/www.pinterest.it\/Motycsdynamometer\/\",\"https:\/\/www.youtube.com\/channel\/UCl_9nwLJn-fMI6UMZVc0tZw\"]}]}<\/script>\n<!-- \/ Yoast SEO plugin. -->","yoast_head_json":{"title":"Motycs wer wir sind","description":"Seit \u00fcber 20 Jahren bieten wir Pr\u00fcfst\u00e4nde und Pr\u00fcfdienstleistungen f\u00fcr Motoren und andere Systeme an. Wir sind exklusiver Vertriebspartner von Sport Devices Produkten","robots":{"index":"index","follow":"follow","max-snippet":"max-snippet:-1","max-image-preview":"max-image-preview:large","max-video-preview":"max-video-preview:-1"},"canonical":"https:\/\/motycs.it\/de\/wer-wir-sind\/","og_locale":"de_DE","og_type":"article","og_title":"Motycs chi siamo","og_description":"Da oltre 20 anni realizziamo banchi prova e servizi di testing motori ed altri sistemi. Siamo distributori esclusivi prodotti Sport Devices","og_url":"https:\/\/motycs.it\/de\/wer-wir-sind\/","og_site_name":"MOTYCS","article_publisher":"https:\/\/www.facebook.com\/motycs\/","article_modified_time":"2023-05-06T14:08:02+00:00","og_image":[{"width":800,"height":800,"url":"https:\/\/motycs.it\/wp-content\/uploads\/2023\/05\/lancia-delta-integrale-banco-prova-potenza-dyno.jpg","type":"image\/jpeg"}],"twitter_card":"summary_large_image","twitter_misc":{"Gesch\u00e4tzte Lesezeit":"7\u00a0Minuten"},"schema":{"@context":"https:\/\/schema.org","@graph":[{"@type":"WebPage","@id":"https:\/\/motycs.it\/chi-siamo\/","url":"https:\/\/motycs.it\/chi-siamo\/","name":"Motycs wer wir sind","isPartOf":{"@id":"https:\/\/motycs.it\/#website"},"datePublished":"2022-03-15T18:14:52+00:00","dateModified":"2023-05-06T14:08:02+00:00","description":"Seit \u00fcber 20 Jahren bieten wir Pr\u00fcfst\u00e4nde und Pr\u00fcfdienstleistungen f\u00fcr Motoren und andere Systeme an. Wir sind exklusiver Vertriebspartner von Sport Devices Produkten","breadcrumb":{"@id":"https:\/\/motycs.it\/chi-siamo\/#breadcrumb"},"inLanguage":"de","potentialAction":[{"@type":"ReadAction","target":["https:\/\/motycs.it\/chi-siamo\/"]}]},{"@type":"BreadcrumbList","@id":"https:\/\/motycs.it\/chi-siamo\/#breadcrumb","itemListElement":[{"@type":"ListItem","position":1,"name":"Home","item":"https:\/\/motycs.it\/"},{"@type":"ListItem","position":2,"name":"Chi siamo"}]},{"@type":"WebSite","@id":"https:\/\/motycs.it\/#website","url":"https:\/\/motycs.it\/","name":"MOTYCS","description":"","publisher":{"@id":"https:\/\/motycs.it\/#organization"},"potentialAction":[{"@type":"SearchAction","target":{"@type":"EntryPoint","urlTemplate":"https:\/\/motycs.it\/?s={search_term_string}"},"query-input":{"@type":"PropertyValueSpecification","valueRequired":true,"valueName":"search_term_string"}}],"inLanguage":"de"},{"@type":"Organization","@id":"https:\/\/motycs.it\/#organization","name":"MOTYCS","url":"https:\/\/motycs.it\/","logo":{"@type":"ImageObject","inLanguage":"de","@id":"https:\/\/motycs.it\/#\/schema\/logo\/image\/","url":"https:\/\/motycs.it\/wp-content\/uploads\/2022\/03\/orizz_bianc.jpg","contentUrl":"https:\/\/motycs.it\/wp-content\/uploads\/2022\/03\/orizz_bianc.jpg","width":600,"height":159,"caption":"MOTYCS"},"image":{"@id":"https:\/\/motycs.it\/#\/schema\/logo\/image\/"},"sameAs":["https:\/\/www.facebook.com\/motycs\/","https:\/\/www.instagram.com\/motycs.teq\/","https:\/\/www.linkedin.com\/company\/motycs\/","https:\/\/www.pinterest.it\/Motycsdynamometer\/","https:\/\/www.youtube.com\/channel\/UCl_9nwLJn-fMI6UMZVc0tZw"]}]}},"_links":{"self":[{"href":"https:\/\/motycs.it\/de\/wp-json\/wp\/v2\/pages\/955","targetHints":{"allow":["GET"]}}],"collection":[{"href":"https:\/\/motycs.it\/de\/wp-json\/wp\/v2\/pages"}],"about":[{"href":"https:\/\/motycs.it\/de\/wp-json\/wp\/v2\/types\/page"}],"author":[{"embeddable":true,"href":"https:\/\/motycs.it\/de\/wp-json\/wp\/v2\/users\/1"}],"replies":[{"embeddable":true,"href":"https:\/\/motycs.it\/de\/wp-json\/wp\/v2\/comments?post=955"}],"version-history":[{"count":97,"href":"https:\/\/motycs.it\/de\/wp-json\/wp\/v2\/pages\/955\/revisions"}],"predecessor-version":[{"id":1643,"href":"https:\/\/motycs.it\/de\/wp-json\/wp\/v2\/pages\/955\/revisions\/1643"}],"wp:attachment":[{"href":"https:\/\/motycs.it\/de\/wp-json\/wp\/v2\/media?parent=955"}],"curies":[{"name":"wp","href":"https:\/\/api.w.org\/{rel}","templated":true}]}}