{"id":1381,"date":"2023-03-09T09:42:02","date_gmt":"2023-03-09T08:42:02","guid":{"rendered":"https:\/\/motycs.it\/?page_id=1381"},"modified":"2023-05-09T09:40:38","modified_gmt":"2023-05-09T07:40:38","slug":"servizi-testing-motori","status":"publish","type":"page","link":"https:\/\/motycs.it\/de\/dienstleistungen-prufmaschinen\/","title":{"rendered":"Motor- und Fahrzeugpr\u00fcfung"},"content":{"rendered":"<div data-vc-full-width=\"true\" data-vc-full-width-init=\"false\" class=\"vc_row wpb_row vc_row-fluid vc_custom_1661159702438 vc_row-has-fill\"><div class=\"wpb_column vc_column_container vc_col-sm-12\"><div class=\"vc_column-inner\"><div class=\"wpb_wrapper\"><div class=\"sc_section margin_top_large margin_bottom_large\" data-animation=\"animated fadeInUp normal\" style=\"max-width: 1030px; margin: auto;\"><div class=\"sc_section_inner\"><h6 class=\"sc_section_subtitle sc_item_subtitle\">Dienstleistungen<\/h6><h3 class=\"sc_section_title sc_item_title sc_item_title_without_descr\">Motor- und Fahrzeugpr\u00fcfung<\/h3><div class=\"sc_section_content_wrap\">\n\t<div class=\"wpb_text_column wpb_content_element  vc_custom_1680864912958\" >\n\t\t<div class=\"wpb_wrapper\">\n\t\t\t\n\t\t<\/div>\n\t<\/div>\n<\/div><\/div><\/div><h4 class=\"sc_title sc_title_regular margin_bottom_small\"><\/h4><div class=\"sc_accordion\" data-active=\"0\"><div class=\"sc_accordion_item odd first\"><h5 class=\"sc_accordion_title\"><span class=\"sc_accordion_icon sc_accordion_icon_closed icon-plus\"><\/span><span class=\"sc_accordion_icon sc_accordion_icon_opened icon-minus\"><\/span>MOTORENPR\u00dcFST\u00c4NDE<\/h5><div class=\"sc_accordion_content\">\n\t<div class=\"wpb_text_column wpb_content_element\" >\n\t\t<div class=\"wpb_wrapper\">\n\t\t\t<p><strong>Verf\u00fcgbarkeit eines Motorenpr\u00fcfstandes<\/strong> ausgestattet mit einem Pr\u00fcfstand, der in <strong>TANDEM-L\u00f6sung<\/strong>mit<strong> Asynchronmotor.<\/strong><\/p>\n<p><strong>Jeder Testaufbau ist ma\u00dfgeschneidert<\/strong> um die Bed\u00fcrfnisse der Kunden zu erf\u00fcllen. Wir legen gro\u00dfen Wert auf<strong> Wiederholbarkeit und P\u00fcnktlichkeit der Messung<\/strong>:<br \/>\nhaben wir automatische \"Echtzeit\"-Kontrollsysteme implementiert, die es uns erm\u00f6glichen <strong>ma\u00dfgeschneiderte Zyklen mit extremer Genauigkeit.<\/strong><\/p>\n<p><strong>Wir k\u00f6nnen die Testzelle auf verschiedenen Ebenen konfigurieren; <\/strong>wir haben <strong>systemintegrierte Tools <\/strong>als:<\/p>\n<ul>\n<li><strong>Tandem\"-Konfiguration mit koaxialem Asynchronmotor\u00a0<\/strong><\/li>\n<li><strong>Drehmoment-\/Leistungsmessung \u00fcber Drehmomentmessflansch und W\u00e4gezelle<\/strong><\/li>\n<li><strong>Blowby-Z\u00e4hler <\/strong>e <strong>Momentanverbrauchsz\u00e4hler.<\/strong><\/li>\n<li><strong>Gesteuerte mechanische Antriebe, <\/strong>breite Verf\u00fcgbarkeit von<strong> Sensoren<\/strong><\/li>\n<li><strong>Konfiguration der Auspuffanlage; <\/strong><strong>einstellbare Bel\u00fcftung<\/strong><\/li>\n<li><strong>Brennstoff- und Verbrennungsluftaufbereitung<\/strong><\/li>\n<\/ul>\n<p><a href=\"https:\/\/motycs.it\/de\/kontakte\/\"><strong>Kontaktieren Sie uns f\u00fcr weitere Informationen und Details zu unseren Prober\u00e4umen<\/strong><\/a><\/p>\n\n\t\t<\/div>\n\t<\/div>\n<\/div><\/div><div class=\"sc_accordion_item even\"><h5 class=\"sc_accordion_title\"><span class=\"sc_accordion_icon sc_accordion_icon_closed icon-plus\"><\/span><span class=\"sc_accordion_icon sc_accordion_icon_opened icon-minus\"><\/span>ROLLENPR\u00dcFSTAND F\u00dcR MOTORR\u00c4DER<\/h5><div class=\"sc_accordion_content\">\n\t<div class=\"wpb_text_column wpb_content_element\" >\n\t\t<div class=\"wpb_wrapper\">\n\t\t\t<p>Verf\u00fcgbarkeit eines <strong>Raum mit Rollenpr\u00fcfstand mit mechanischen Antrieben f\u00fcr Motorr\u00e4der.<\/strong><\/p>\n<p><strong>Unser spezieller Raum f\u00fcr Zweir\u00e4der bietet mechanische Aktuatoren und automatische F\u00fchrungen f\u00fcr Tests, die bis zu 12 Stunden dauern k\u00f6nnen. <\/strong>Wir setzen beide L\u00f6sungen (Motorpr\u00fcfstand und Rollenpr\u00fcfstand) nach eigenem Ermessen ein, sei es f\u00fcr einzelne Leistungstests oder komplexere und vielschichtige Aufgaben.<\/p>\n<p>Wir sind auch in der Lage <strong>unsere Rollenb\u00e4nke auch in mechanischer Hinsicht individuell anpassen, <\/strong>f\u00fcr spezifische Fahrzyklus-Simulationen, Homologations- und Vor-Homologationsanforderungen<strong>.<\/strong><\/p>\n<p><a href=\"https:\/\/motycs.it\/de\/kontakte\/\"><strong>Kontaktieren Sie uns f\u00fcr weitere Informationen und Details zu unseren Prober\u00e4umen<\/strong><\/a><\/p>\n\n\t\t<\/div>\n\t<\/div>\n<\/div><\/div><div id=\"sc_accordion_item_1661160449203_0\" class=\"sc_accordion_item odd\"><h5 class=\"sc_accordion_title\"><span class=\"sc_accordion_icon sc_accordion_icon_closed icon-plus\"><\/span><span class=\"sc_accordion_icon sc_accordion_icon_opened icon-minus\"><\/span>AUTO-ROLLENPR\u00dcFSTAND RAUM<\/h5><div class=\"sc_accordion_content\">\n\t<div class=\"wpb_text_column wpb_content_element\" >\n\t\t<div class=\"wpb_wrapper\">\n\t\t\t<p>Verf\u00fcgbarkeit eines Zimmers ausgestattet mit <strong>Rollenleistungspr\u00fcfstand f\u00fcr Kraftfahrzeuge.<\/strong><\/p>\n<p><strong>Der Rollenpr\u00fcfstand ist eine gute Alternative zur alleinigen Unterbringung des Motors, <\/strong>Vorteile nicht nur in Bezug auf die Kostensenkung und die Geschwindigkeit der Durchf\u00fchrung, sondern auch durch die Erg\u00e4nzung der Tests mit einem <strong>'menschliches' Fahrempfinden, typisch f\u00fcr den Stra\u00dfengebrauch.<\/strong><\/p>\n<p><strong>Wir k\u00f6nnen unsere Rollentische auch mechanisch anpassen, <\/strong>f\u00fcr spezifische Fahrzyklus-Simulationen, Homologations- und Vor-Homologationsanforderungen.<\/p>\n<p><a href=\"https:\/\/motycs.it\/de\/kontakte\/\"><strong>Kontaktieren Sie uns f\u00fcr weitere Informationen und Details zu unseren Prober\u00e4umen<\/strong><\/a><\/p>\n\n\t\t<\/div>\n\t<\/div>\n<\/div><\/div><div id=\"sc_accordion_item_1661160449203_0\" class=\"sc_accordion_item even\"><h5 class=\"sc_accordion_title\"><span class=\"sc_accordion_icon sc_accordion_icon_closed icon-plus\"><\/span><span class=\"sc_accordion_icon sc_accordion_icon_opened icon-minus\"><\/span>KALIBRIERUNG DER MOTORSTEUERUNG<\/h5><div class=\"sc_accordion_content\">\n\t<div class=\"wpb_text_column wpb_content_element\" >\n\t\t<div class=\"wpb_wrapper\">\n\t\t\t<p><strong>Die zunehmende Komplexit\u00e4t des Motorsystems (Hybrid- und Elektrofahrzeuge) in Verbindung mit der Notwendigkeit der Ressourcenoptimierung, <\/strong>haben festgestellt, dass die<strong> Bedarf an immer wirksameren Methoden und Systemen zur Kalibrierung von Motorsteuerger\u00e4ten<\/strong>.<\/p>\n<p>Unsere Mehrwerte:<\/p>\n<ul>\n<li><strong>Motor- und ECU-Kalibrierung<\/strong>, in anpassbaren Testumgebungen<\/li>\n<li><strong>Kenntnisse zwischen grundlegender Motoroptimierung, Fahrverhalten, Emissionen<\/strong><\/li>\n<li><strong>Professionelle Tools f\u00fcr automatisierte Verarbeitung und Berichterstattung<\/strong><\/li>\n<li>Gest\u00e4rkt durch <strong>jahrelange Erfahrung und eine Vielzahl von Steuerger\u00e4te-Kalibrierungs- und Validierungsanwendungen<\/strong> (Motorsteuerungssysteme) bieten wir uns f\u00fcr die Entwicklung von Steuerungssystemen an, mit spezifischen professionellen Werkzeugen und spezieller Software, <strong>einschlie\u00dflich ETAS Inca<\/strong><\/li>\n<\/ul>\n<p><a href=\"https:\/\/motycs.it\/de\/kontakte\/\"><strong>Kontaktieren Sie uns f\u00fcr weitere Informationen und Details zu unseren Prober\u00e4umen<\/strong><\/a><\/p>\n\n\t\t<\/div>\n\t<\/div>\n<\/div><\/div><div id=\"sc_accordion_item_1661160449203_0\" class=\"sc_accordion_item odd\"><h5 class=\"sc_accordion_title\"><span class=\"sc_accordion_icon sc_accordion_icon_closed icon-plus\"><\/span><span class=\"sc_accordion_icon sc_accordion_icon_opened icon-minus\"><\/span>DATENERFASSUNG UND ELEKTRONIK<\/h5><div class=\"sc_accordion_content\">\n\t<div class=\"wpb_text_column wpb_content_element\" >\n\t\t<div class=\"wpb_wrapper\">\n\t\t\t<p>Ein grundlegender Bestandteil jeder Art von Test ist die<strong> die Erfassung und korrekte Verarbeitung der erzeugten Daten.<\/strong> Wir halten es f\u00fcr unerl\u00e4sslich<strong> das Ph\u00e4nomen im Detail kennen, um eingreifen zu k\u00f6nnen;<\/strong> wir haben <strong>mehrere station\u00e4re und tragbare Erfassungssysteme, die mit den Hauptplattformen verbunden sind, sowie eine breite Palette von konfigurierbaren Sensoren<\/strong>. Alle unsere Pr\u00fcfst\u00e4nde sind <strong>in jeder Hinsicht konfigurierbar<\/strong>auch dank der <strong>interne Verf\u00fcgbarkeit eines Labors f\u00fcr die Entwicklung, Integration und Fehlersuche in der Elektronik.<\/strong><\/p>\n<p>Wir realisieren hauseigene Pr\u00fcfraumaufbauten, Messsysteme, Beschaffung; <strong>Wir k\u00fcmmern uns um jedes Detail, um das beste Ergebnis zu erzielen.<\/strong><\/p>\n<p><a href=\"https:\/\/motycs.it\/de\/kontakte\/\"><strong>Kontaktieren Sie uns f\u00fcr weitere Informationen und Details zu unseren Prober\u00e4umen<\/strong><\/a><\/p>\n\n\t\t<\/div>\n\t<\/div>\n<\/div><\/div><div id=\"sc_accordion_item_1661160449203_0\" class=\"sc_accordion_item even\"><h5 class=\"sc_accordion_title\"><span class=\"sc_accordion_icon sc_accordion_icon_closed icon-plus\"><\/span><span class=\"sc_accordion_icon sc_accordion_icon_opened icon-minus\"><\/span>FIRMENEIGENE LABORS<\/h5><div class=\"sc_accordion_content\">\n\t<div class=\"wpb_text_column wpb_content_element\" >\n\t\t<div class=\"wpb_wrapper\">\n\t\t\t<p>Verf\u00fcgbarkeit eigener Labors zur Unterst\u00fctzung der verschiedenen Unternehmensaktivit\u00e4ten. Diese <strong>uns die volle Kontrolle \u00fcber die Testaktivit\u00e4ten zu geben, mit so viel Flexibilit\u00e4t wie m\u00f6glich:<\/strong><\/p>\n<ul>\n<li><strong>ELEKTRONIKLABOR<\/strong><\/li>\n<li><strong>BAUTEILCHARAKTERISIERUNG<\/strong><\/li>\n<li><strong>FLOWOMETER<\/strong><\/li>\n<li><strong>AUSR\u00dcSTUNG, <\/strong><strong>SCHWEISSEN<\/strong><\/li>\n<li><strong>MONTAGEB\u00c4NKE<\/strong><\/li>\n<\/ul>\n<p><a href=\"https:\/\/motycs.it\/de\/kontakte\/\"><strong>Kontaktieren Sie uns f\u00fcr weitere Informationen und Details zu unseren Pr\u00fcfdienstleistungen<\/strong><\/a><\/p>\n\n\t\t<\/div>\n\t<\/div>\n<\/div><\/div><\/div>\n\t<div class=\"wpb_text_column wpb_content_element  vc_custom_1683230348847\" >\n\t\t<div class=\"wpb_wrapper\">\n\t\t\t<h5><strong>KOLLABORATIONEN<\/strong><\/h5>\n<div class=\"page\" title=\"Seite 2\">\n<div class=\"section\">\n<div class=\"layoutArea\">\n<div class=\"column\">\n<p>Wir arbeiten in <strong>enge Zusammenarbeit mit einigen der renommiertesten Unternehmen der Automobilbranche<\/strong>, Wir verpflichten uns zu <strong>den Wert des Aufbaus strategischer Partnerschaften erh\u00f6hen<\/strong>; aufbau dauerhafter und vertrauensvoller Beziehungen zu den Kunden.<\/p>\n<p><strong>Kontaktieren Sie uns f\u00fcr weitere Informationen: <a href=\"mailto:info@motycs.it\">info@motycs.it<\/a><\/strong><\/p>\n<\/div>\n<h6><strong>MEHR ENTDECKEN<\/strong><\/h6>\n<ul>\n<li><a href=\"https:\/\/motycs.it\/de\/grundkonzepte-von-pruefstaenden\/\"><strong>Grundlegende Konzepte von Pr\u00fcfst\u00e4nden<\/strong><\/a><\/li>\n<li><a href=\"https:\/\/motycs.it\/de\/faktoren-korrekturleistung\/\"><strong>Leistungskorrekturfaktoren DIN, CE, SAE..<\/strong><\/a><\/li>\n<li><a href=\"https:\/\/motycs.it\/de\/geschichte-banken-beweisen-kraft-rollen\/\"><strong>Geschichte der Rollenpr\u00fcfst\u00e4nde<\/strong><\/a><\/li>\n<li><a href=\"https:\/\/motycs.it\/de\/product\/homologativ\/\"><strong>Steuerungs- und Erfassungssystem, f\u00fcr Homologationssysteme<\/strong><\/a><\/li>\n<\/ul>\n<\/div>\n<\/div>\n<\/div>\n\n\t\t<\/div>\n\t<\/div>\n<\/div><\/div><\/div><\/div><div class=\"vc_row-full-width vc_clearfix\"><\/div><div class=\"vc_row wpb_row vc_row-fluid\"><div class=\"wpb_column vc_column_container vc_col-sm-12\"><div class=\"vc_column-inner\"><div class=\"wpb_wrapper\"><div class=\"wpb_gallery wpb_content_element vc_clearfix\" ><div class=\"wpb_wrapper\"><h2 class=\"wpb_heading wpb_gallery_heading\">Galerie<\/h2><div class=\"wpb_gallery_slides wpb_slider_nivo theme-default\" data-interval=\"3\"><div class=\"nivoSlider\"><img loading=\"lazy\" decoding=\"async\" class=\"\" src=\"https:\/\/motycs.it\/wp-content\/uploads\/2023\/05\/sistemacontrolloedacquisizione.jpg\" width=\"800\" height=\"800\" alt=\"Unsere Datenerfassungssysteme\" title=\"Steuerungs- und Erfassungssystem\" \/><img loading=\"lazy\" decoding=\"async\" class=\"\" src=\"https:\/\/motycs.it\/wp-content\/uploads\/2023\/05\/engine-dynamoemter-motycs.jpg\" width=\"800\" height=\"800\" alt=\"motor-dynamoemter-motycs\" title=\"motor-dynamoemter-motycs\" \/><img loading=\"lazy\" decoding=\"async\" class=\"\" src=\"https:\/\/motycs.it\/wp-content\/uploads\/2023\/05\/dyno-controlo-room-motycs.jpg\" width=\"800\" height=\"800\" alt=\"Motorpr\u00fcfstands-Steuerungssystem\" title=\"dyno-controllo-room-motycs\" \/><img loading=\"lazy\" decoding=\"async\" class=\"\" src=\"https:\/\/motycs.it\/wp-content\/uploads\/2022\/08\/sala-prova-motori-motycs.jpg\" width=\"800\" height=\"800\" alt=\"Triebwerkspr\u00fcfstand-Motycs\" title=\"Triebwerkspr\u00fcfstand-Motycs\" \/><img loading=\"lazy\" decoding=\"async\" class=\"\" src=\"https:\/\/motycs.it\/wp-content\/uploads\/2022\/08\/banco-a-rulli-moto-motycs-prova-potenza.jpg\" width=\"800\" height=\"800\" alt=\"motycs motorrad leistungspr\u00fcfstand\" title=\"Pr\u00fcfstand-zu-Roller-Moto-Motorr\u00e4der-Leistung\" \/><img loading=\"lazy\" decoding=\"async\" class=\"\" src=\"https:\/\/motycs.it\/wp-content\/uploads\/2022\/08\/immagine-INCA-motycs-ecu.jpg\" width=\"800\" height=\"800\" alt=\"Eine SW-Schnittstelle f\u00fcr das Homologationssystem\" title=\"image-INCA-motycs-ecu\" \/><img loading=\"lazy\" decoding=\"async\" class=\"\" src=\"https:\/\/motycs.it\/wp-content\/uploads\/2023\/05\/4wd-banco-prova-potenza-motycs-dynamometer.jpg\" width=\"800\" height=\"800\" alt=\"4wd-bank-test-power-motycs-dynamometer\" title=\"4wd-bank-test-power-motycs-dynamometer\" \/><\/div><\/div><\/div><\/div><\/div><\/div><\/div><\/div>","protected":false},"excerpt":{"rendered":"DienstleistungenMotoren- und Fahrzeugpr\u00fcfung MOTORPR\u00dcFRAUM Verf\u00fcgbarkeit eines Motorpr\u00fcfstandes, der mit einem Pr\u00fcfstand in TANDEM-Konfiguration mit Asynchronmotor ausgestattet ist. Jede Pr\u00fcfeinrichtung ist auf die Bed\u00fcrfnisse des Kunden zugeschnitten. Wir legen gro\u00dfen Wert auf Wiederholbarkeit und P\u00fcnktlichkeit der Messungen: wir haben \"Echtzeit\"-Kontrollsysteme implementiert [...]","protected":false},"author":1,"featured_media":0,"parent":0,"menu_order":0,"comment_status":"closed","ping_status":"closed","template":"","meta":{"footnotes":""},"class_list":["post-1381","page","type-page","status-publish","hentry"],"yoast_head":"<!-- This site is optimized with the Yoast SEO plugin v26.5 - https:\/\/yoast.com\/wordpress\/plugins\/seo\/ -->\n<title>Testing motori e veicoli - MOTYCS<\/title>\n<meta name=\"description\" content=\"Da oltre 20 anni forniamo servizi di testing motori, calibrazione motore, omologazione, cicli di guida secondo le diverse normative\" \/>\n<meta name=\"robots\" content=\"index, follow, max-snippet:-1, max-image-preview:large, max-video-preview:-1\" \/>\n<link rel=\"canonical\" href=\"https:\/\/motycs.it\/de\/dienstleistungen-prufmaschinen\/\" \/>\n<meta property=\"og:locale\" content=\"de_DE\" \/>\n<meta property=\"og:type\" content=\"article\" \/>\n<meta property=\"og:title\" content=\"Testing motori e veicoli - MOTYCS\" \/>\n<meta property=\"og:description\" content=\"Da oltre 20 anni forniamo servizi di testing motori, calibrazione motore, omologazione, cicli di guida secondo le diverse normative\" \/>\n<meta property=\"og:url\" content=\"https:\/\/motycs.it\/de\/dienstleistungen-prufmaschinen\/\" \/>\n<meta property=\"og:site_name\" content=\"MOTYCS\" \/>\n<meta property=\"article:publisher\" content=\"https:\/\/www.facebook.com\/motycs\/\" \/>\n<meta property=\"article:modified_time\" content=\"2023-05-09T07:40:38+00:00\" \/>\n<meta property=\"og:image\" content=\"https:\/\/motycs.it\/wp-content\/uploads\/2023\/05\/lancia-delta-integrale-banco-prova-potenza-dyno.jpg\" \/>\n\t<meta property=\"og:image:width\" content=\"800\" \/>\n\t<meta property=\"og:image:height\" content=\"800\" \/>\n\t<meta property=\"og:image:type\" content=\"image\/jpeg\" \/>\n<meta name=\"twitter:card\" content=\"summary_large_image\" \/>\n<meta name=\"twitter:label1\" content=\"Gesch\u00e4tzte Lesezeit\" \/>\n\t<meta name=\"twitter:data1\" content=\"11\u00a0Minuten\" \/>\n<script type=\"application\/ld+json\" class=\"yoast-schema-graph\">{\"@context\":\"https:\/\/schema.org\",\"@graph\":[{\"@type\":\"WebPage\",\"@id\":\"https:\/\/motycs.it\/servizi-testing-motori\/\",\"url\":\"https:\/\/motycs.it\/servizi-testing-motori\/\",\"name\":\"Testing motori e veicoli - MOTYCS\",\"isPartOf\":{\"@id\":\"https:\/\/motycs.it\/#website\"},\"datePublished\":\"2023-03-09T08:42:02+00:00\",\"dateModified\":\"2023-05-09T07:40:38+00:00\",\"description\":\"Da oltre 20 anni forniamo servizi di testing motori, calibrazione motore, omologazione, cicli di guida secondo le diverse normative\",\"breadcrumb\":{\"@id\":\"https:\/\/motycs.it\/servizi-testing-motori\/#breadcrumb\"},\"inLanguage\":\"de\",\"potentialAction\":[{\"@type\":\"ReadAction\",\"target\":[\"https:\/\/motycs.it\/servizi-testing-motori\/\"]}]},{\"@type\":\"BreadcrumbList\",\"@id\":\"https:\/\/motycs.it\/servizi-testing-motori\/#breadcrumb\",\"itemListElement\":[{\"@type\":\"ListItem\",\"position\":1,\"name\":\"Home\",\"item\":\"https:\/\/motycs.it\/\"},{\"@type\":\"ListItem\",\"position\":2,\"name\":\"Testing motori e veicoli\"}]},{\"@type\":\"WebSite\",\"@id\":\"https:\/\/motycs.it\/#website\",\"url\":\"https:\/\/motycs.it\/\",\"name\":\"MOTYCS\",\"description\":\"\",\"publisher\":{\"@id\":\"https:\/\/motycs.it\/#organization\"},\"potentialAction\":[{\"@type\":\"SearchAction\",\"target\":{\"@type\":\"EntryPoint\",\"urlTemplate\":\"https:\/\/motycs.it\/?s={search_term_string}\"},\"query-input\":{\"@type\":\"PropertyValueSpecification\",\"valueRequired\":true,\"valueName\":\"search_term_string\"}}],\"inLanguage\":\"de\"},{\"@type\":\"Organization\",\"@id\":\"https:\/\/motycs.it\/#organization\",\"name\":\"MOTYCS\",\"url\":\"https:\/\/motycs.it\/\",\"logo\":{\"@type\":\"ImageObject\",\"inLanguage\":\"de\",\"@id\":\"https:\/\/motycs.it\/#\/schema\/logo\/image\/\",\"url\":\"https:\/\/motycs.it\/wp-content\/uploads\/2022\/03\/orizz_bianc.jpg\",\"contentUrl\":\"https:\/\/motycs.it\/wp-content\/uploads\/2022\/03\/orizz_bianc.jpg\",\"width\":600,\"height\":159,\"caption\":\"MOTYCS\"},\"image\":{\"@id\":\"https:\/\/motycs.it\/#\/schema\/logo\/image\/\"},\"sameAs\":[\"https:\/\/www.facebook.com\/motycs\/\",\"https:\/\/www.instagram.com\/motycs.teq\/\",\"https:\/\/www.linkedin.com\/company\/motycs\/\",\"https:\/\/www.pinterest.it\/Motycsdynamometer\/\",\"https:\/\/www.youtube.com\/channel\/UCl_9nwLJn-fMI6UMZVc0tZw\"]}]}<\/script>\n<!-- \/ Yoast SEO plugin. -->","yoast_head_json":{"title":"Motor- und Fahrzeugpr\u00fcfung - MOTYCS","description":"Seit \u00fcber 20 Jahren bieten wir Motorentests, Motorkalibrierung, Homologation und Fahrzyklen nach verschiedenen Vorschriften an.","robots":{"index":"index","follow":"follow","max-snippet":"max-snippet:-1","max-image-preview":"max-image-preview:large","max-video-preview":"max-video-preview:-1"},"canonical":"https:\/\/motycs.it\/de\/dienstleistungen-prufmaschinen\/","og_locale":"de_DE","og_type":"article","og_title":"Testing motori e veicoli - MOTYCS","og_description":"Da oltre 20 anni forniamo servizi di testing motori, calibrazione motore, omologazione, cicli di guida secondo le diverse normative","og_url":"https:\/\/motycs.it\/de\/dienstleistungen-prufmaschinen\/","og_site_name":"MOTYCS","article_publisher":"https:\/\/www.facebook.com\/motycs\/","article_modified_time":"2023-05-09T07:40:38+00:00","og_image":[{"width":800,"height":800,"url":"https:\/\/motycs.it\/wp-content\/uploads\/2023\/05\/lancia-delta-integrale-banco-prova-potenza-dyno.jpg","type":"image\/jpeg"}],"twitter_card":"summary_large_image","twitter_misc":{"Gesch\u00e4tzte Lesezeit":"11\u00a0Minuten"},"schema":{"@context":"https:\/\/schema.org","@graph":[{"@type":"WebPage","@id":"https:\/\/motycs.it\/servizi-testing-motori\/","url":"https:\/\/motycs.it\/servizi-testing-motori\/","name":"Motor- und Fahrzeugpr\u00fcfung - MOTYCS","isPartOf":{"@id":"https:\/\/motycs.it\/#website"},"datePublished":"2023-03-09T08:42:02+00:00","dateModified":"2023-05-09T07:40:38+00:00","description":"Seit \u00fcber 20 Jahren bieten wir Motorentests, Motorkalibrierung, Homologation und Fahrzyklen nach verschiedenen Vorschriften an.","breadcrumb":{"@id":"https:\/\/motycs.it\/servizi-testing-motori\/#breadcrumb"},"inLanguage":"de","potentialAction":[{"@type":"ReadAction","target":["https:\/\/motycs.it\/servizi-testing-motori\/"]}]},{"@type":"BreadcrumbList","@id":"https:\/\/motycs.it\/servizi-testing-motori\/#breadcrumb","itemListElement":[{"@type":"ListItem","position":1,"name":"Home","item":"https:\/\/motycs.it\/"},{"@type":"ListItem","position":2,"name":"Testing motori e veicoli"}]},{"@type":"WebSite","@id":"https:\/\/motycs.it\/#website","url":"https:\/\/motycs.it\/","name":"MOTYCS","description":"","publisher":{"@id":"https:\/\/motycs.it\/#organization"},"potentialAction":[{"@type":"SearchAction","target":{"@type":"EntryPoint","urlTemplate":"https:\/\/motycs.it\/?s={search_term_string}"},"query-input":{"@type":"PropertyValueSpecification","valueRequired":true,"valueName":"search_term_string"}}],"inLanguage":"de"},{"@type":"Organization","@id":"https:\/\/motycs.it\/#organization","name":"MOTYCS","url":"https:\/\/motycs.it\/","logo":{"@type":"ImageObject","inLanguage":"de","@id":"https:\/\/motycs.it\/#\/schema\/logo\/image\/","url":"https:\/\/motycs.it\/wp-content\/uploads\/2022\/03\/orizz_bianc.jpg","contentUrl":"https:\/\/motycs.it\/wp-content\/uploads\/2022\/03\/orizz_bianc.jpg","width":600,"height":159,"caption":"MOTYCS"},"image":{"@id":"https:\/\/motycs.it\/#\/schema\/logo\/image\/"},"sameAs":["https:\/\/www.facebook.com\/motycs\/","https:\/\/www.instagram.com\/motycs.teq\/","https:\/\/www.linkedin.com\/company\/motycs\/","https:\/\/www.pinterest.it\/Motycsdynamometer\/","https:\/\/www.youtube.com\/channel\/UCl_9nwLJn-fMI6UMZVc0tZw"]}]}},"_links":{"self":[{"href":"https:\/\/motycs.it\/de\/wp-json\/wp\/v2\/pages\/1381","targetHints":{"allow":["GET"]}}],"collection":[{"href":"https:\/\/motycs.it\/de\/wp-json\/wp\/v2\/pages"}],"about":[{"href":"https:\/\/motycs.it\/de\/wp-json\/wp\/v2\/types\/page"}],"author":[{"embeddable":true,"href":"https:\/\/motycs.it\/de\/wp-json\/wp\/v2\/users\/1"}],"replies":[{"embeddable":true,"href":"https:\/\/motycs.it\/de\/wp-json\/wp\/v2\/comments?post=1381"}],"version-history":[{"count":22,"href":"https:\/\/motycs.it\/de\/wp-json\/wp\/v2\/pages\/1381\/revisions"}],"predecessor-version":[{"id":1676,"href":"https:\/\/motycs.it\/de\/wp-json\/wp\/v2\/pages\/1381\/revisions\/1676"}],"wp:attachment":[{"href":"https:\/\/motycs.it\/de\/wp-json\/wp\/v2\/media?parent=1381"}],"curies":[{"name":"wp","href":"https:\/\/api.w.org\/{rel}","templated":true}]}}