{"id":1014,"date":"2022-03-17T18:56:07","date_gmt":"2022-03-17T17:56:07","guid":{"rendered":"https:\/\/motycs.it\/?page_id=1014"},"modified":"2023-05-26T08:38:37","modified_gmt":"2023-05-26T06:38:37","slug":"sistemi-omologativi","status":"publish","type":"page","link":"https:\/\/motycs.it\/de\/system-homologe\/","title":{"rendered":"Zugelassene Fahrradb\u00e4nke"},"content":{"rendered":"<div data-vc-full-width=\"true\" data-vc-full-width-init=\"false\" class=\"vc_row wpb_row vc_row-fluid vc_custom_1473769871896 vc_row-has-fill\"><div class=\"wpb_column vc_column_container vc_col-sm-12\"><div class=\"vc_column-inner\"><div class=\"wpb_wrapper\"><div class=\"sc_section margin_top_large margin_bottom_huge\" data-animation=\"animated fadeInUp normal\" style=\"max-width: 1030px; margin: auto;\"><div class=\"sc_section_inner\"><h6 class=\"sc_section_subtitle sc_item_subtitle\">Theorie<\/h6><h3 class=\"sc_section_title sc_item_title sc_item_title_without_descr\">Homologation und End-of-Line-Systeme<\/h3><div class=\"sc_section_content_wrap\">\n\t<div class=\"wpb_text_column wpb_content_element  vc_custom_1685083110967\" >\n\t\t<div class=\"wpb_wrapper\">\n\t\t\t<h5><strong>PLANUNG UND BAU VON PR\u00dcFST\u00c4NDEN<\/strong><\/h5>\n<p><strong>MOTYCS<\/strong> vereint die <strong>20 Jahre Erfahrung von spezialisierten Unternehmen im Bereich der Pr\u00fcfung<\/strong>, bei der Konzeption und Realisierung von <strong>Pr\u00fcfst\u00e4nde f\u00fcr die Durchf\u00fchrung von Homologationszyklen <\/strong>,<strong> End-of-Line-B\u00e4nke<\/strong>, einschlie\u00dflich, in <strong>Automobilindustrie<\/strong>:<\/p>\n<ul>\n<li><strong>EMISSIONSPR\u00dcFUNG<\/strong><\/li>\n<li><strong>FAHRR\u00c4DER (WLTP)<\/strong><\/li>\n<li><strong>ZYKLEN DER DAUER<\/strong><\/li>\n<li><strong>LEISTUNGS- ODER LEISTUNGSTESTS<\/strong><\/li>\n<li><strong>HALTBARKEIT\/VERBRAUCHSTESTS<\/strong><\/li>\n<li><strong>KALIBRIERUNG VON KONTROLLSYSTEMEN<\/strong><\/li>\n<li><strong>STRASSENSIMULATION<\/strong><\/li>\n<\/ul>\n<p>Hinzu kommen <strong>Anwendungen in anderen Branchen<\/strong>:<\/p>\n<ul>\n<li><strong>FORSCHUNG UND ENTWICKLUNG<\/strong><\/li>\n<li><strong>END-OF-LINE-PR\u00dcFUNG<\/strong><\/li>\n<li><strong>COP TEST<\/strong><\/li>\n<\/ul>\n<p>Arbeiten in <strong>enge Zusammenarbeit mit renommierten Traditionsunternehmen der Automobilbranche<\/strong>, <strong>haben wir gezielte Produkte und L\u00f6sungen entwickelt<\/strong>, speziell f\u00fcr eine breite Palette von Anwendungen entwickelt.<\/p>\n<p>Die Konzentration auf die<strong>\u00a0P\u00fcnktlichkeit der Messung<\/strong>, haben wir umgesetzt <strong>automatische \"Echtzeit\"-Kontrollsysteme; <\/strong>diese erm\u00f6glichen die Ausf\u00fchrung von <strong>ma\u00dfgeschneiderte Fahrr\u00e4der<\/strong>, mit dem <strong>h\u00f6chstm\u00f6gliche Genauigkeit und Wiederholbarkeit<\/strong>.<\/p>\n<div id=\"attachment_1572\" style=\"width: 810px\" class=\"wp-caption aligncenter\"><a href=\"https:\/\/motycs.it\/wp-content\/uploads\/2023\/05\/dyno-controlo-room-motycs.jpg\"><img loading=\"lazy\" decoding=\"async\" aria-describedby=\"caption-attachment-1572\" class=\"wp-image-1572 size-full\" title=\"Pr\u00fcfstandssteuerungssystem\" src=\"https:\/\/motycs.it\/wp-content\/uploads\/2023\/05\/dyno-controlo-room-motycs.jpg\" alt=\"Motorpr\u00fcfstands-Steuerungssystem\" width=\"800\" height=\"800\" srcset=\"https:\/\/motycs.it\/wp-content\/uploads\/2023\/05\/dyno-controlo-room-motycs.jpg 800w, https:\/\/motycs.it\/wp-content\/uploads\/2023\/05\/dyno-controlo-room-motycs-300x300.jpg 300w, https:\/\/motycs.it\/wp-content\/uploads\/2023\/05\/dyno-controlo-room-motycs-150x150.jpg 150w, https:\/\/motycs.it\/wp-content\/uploads\/2023\/05\/dyno-controlo-room-motycs-768x768.jpg 768w, https:\/\/motycs.it\/wp-content\/uploads\/2023\/05\/dyno-controlo-room-motycs-600x600.jpg 600w, https:\/\/motycs.it\/wp-content\/uploads\/2023\/05\/dyno-controlo-room-motycs-100x100.jpg 100w\" sizes=\"auto, (max-width: 800px) 100vw, 800px\" \/><\/a><p id=\"caption-attachment-1572\" class=\"wp-caption-text\">Pr\u00fcfstandskontrollraum<\/p><\/div>\n<h5>INDUSTRIEPR\u00dcFST\u00c4NDE<\/h5>\n<p>Wir haben unterschiedliche Erfahrungen gesammelt, in unterschiedlichen Bereichen:<\/p>\n<ul>\n<li><strong>Nautische Systeme \"Custom<\/strong><\/li>\n<li><strong>Ma\u00dfgeschneiderte Systeme f\u00fcr den Agrarsektor<\/strong><\/li>\n<li><strong>Ma\u00dfgeschneiderte Hydrauliksysteme<\/strong><\/li>\n<li><strong>Rollenpr\u00fcfst\u00e4nde f\u00fcr den Automobil-\"Custom\"-Sektor<\/strong><\/li>\n<li><strong>Erneuerung von Motorenpr\u00fcfst\u00e4nden<\/strong> f\u00fcr den Automobilsektor<\/li>\n<li><strong>Industrielle und Feldmessungen und -pr\u00fcfungen<\/strong><\/li>\n<li><strong>Ausr\u00fcstung f\u00fcr Produktionslinie und Labor<\/strong><\/li>\n<li><strong>Klima-Windkanal-Systeme<\/strong><\/li>\n<li><strong>Verteilte L\u00f6sungen auch an abgelegenen Standorten<\/strong><\/li>\n<li><strong>Erfassung sowohl von Sensoren als auch von Feldbussen<\/strong><\/li>\n<\/ul>\n<h5><strong>GER\u00c4USCH- und VIBRIERUNGSSYSTEME (NVH)<\/strong><\/h5>\n<p>Wir haben \"L\u00e4rm- und Vibrationssysteme\", die auch im Automobilsektor definiert sind <strong>NVH-Systeme (Noise Vibration Harshness).<\/strong><\/p>\n<p>Sie sind f\u00fcr die numerische Verarbeitung und dynamische Signalanalyse im Zusammenhang mit <strong>Akustik- und Vibrationsanalyse.\u00a0<\/strong>Systeme, die normalerweise in:<\/p>\n<ul>\n<li><strong>Labor, Forschung und Entwicklung<\/strong><\/li>\n<li><strong>Produktionslinie (Ende der Linie)<\/strong><\/li>\n<li><strong>\u00dcberwachung der Anlagen<\/strong><\/li>\n<li><strong>Qualit\u00e4tskontrolle<\/strong><\/li>\n<\/ul>\n<p><strong><a href=\"https:\/\/motycs.it\/de\/product\/laerm-und-vibrationssysteme\/\">Weitere Informationen finden Sie auf der Seite NVH-Systeme<\/a><\/strong><\/p>\n<h6><strong>DIE ZEIT BIS ZUR MARKTEINF\u00dcHRUNG ZU VERK\u00dcRZEN<\/strong><\/h6>\n<p>Die OEMs stehen unter zunehmendem Druck <strong>Verk\u00fcrzung der Markteinf\u00fchrungszeit f\u00fcr neue Fahrzeuge durch Einsparung von Entwicklungskosten<\/strong>.<\/p>\n<p>Dies f\u00fchrt dazu, dass die <strong>Bedarf an einem effizienteren Produktentwicklungsprozess.<\/strong><\/p>\n<p><strong>Unsere Erfassungs- und Analyseplattformen sind dazu in der Lage:<\/strong><\/p>\n<ul>\n<li><strong> Export und Verwaltung aller Daten in den von den Kunden \u00fcblicherweise verwendeten Formaten<\/strong><\/li>\n<li><strong>Erm\u00f6glicht eine bessere Verwaltung innerhalb der verschiedenen Arbeitsabl\u00e4ufe im Unternehmen<\/strong><\/li>\n<\/ul>\n<h6><strong>INDUSTRIE 4.0<\/strong><\/h6>\n<div class=\"page\" title=\"Seite 2\">\n<div class=\"section\">\n<div class=\"layoutArea\">\n<div class=\"column\">\n<p>Alle Modelle der Produktreihe profitieren von<strong>die Vorteile der Rechtsvorschriften f\u00fcr Industrie 4.0<\/strong>.<\/p>\n<p>Wir k\u00f6nnen Ihnen bei der Erstellung von vereidigten Sachverst\u00e4ndigengutachten behilflich sein, um die ordnungsgem\u00e4\u00dfe Erledigung der Formalit\u00e4ten zu unterst\u00fctzen.<\/p>\n<h6><strong>INSIGHTS<\/strong><\/h6>\n<ul>\n<li><strong><a href=\"https:\/\/motycs.it\/de\/prufstande-4wd\/\">Vorteile von 4\u00d74-Pr\u00fcfst\u00e4nden mit verbundenen Achsen<\/a><\/strong><\/li>\n<li><a href=\"https:\/\/motycs.it\/de\/faktoren-korrekturleistung\/\"><b>Leistungskorrekturfaktoren DIN, CE, SAE..<\/b><\/a><\/li>\n<\/ul>\n<h6><strong>UNSERE PRODUKTE UND DIENSTLEISTUNGEN<\/strong><\/h6>\n<ul>\n<li><a href=\"https:\/\/motycs.it\/de\/product-category\/banchi-prova-potenza\/\"><strong>Unser Angebot an Pr\u00fcfst\u00e4nden<\/strong><\/a><\/li>\n<li><a href=\"https:\/\/motycs.it\/de\/product-category\/sistemi-di-controllo\/\"><strong>Kontroll und Erfassungssysteme<\/strong><\/a><\/li>\n<li><a href=\"https:\/\/motycs.it\/de\/product\/salztopfe\/\"><strong>Schallisolierte Motorenpr\u00fcfr\u00e4ume<\/strong><\/a><\/li>\n<li><strong><a href=\"https:\/\/motycs.it\/de\/product\/beluftung\/\">Motorl\u00fcfterbaugruppen<\/a><\/strong><\/li>\n<li><a href=\"https:\/\/motycs.it\/de\/product\/entrauchung\/\"><strong>Systeme zur Rauchgasabsaugung<\/strong><\/a><\/li>\n<li><a href=\"https:\/\/motycs.it\/de\/dienstleistungen-prufmaschinen\/\"><strong>MOTOR- UND FAHRZEUGPR\u00dcFDIENSTE<\/strong><\/a><\/li>\n<\/ul>\n<p><a href=\"https:\/\/motycs.it\/de\/kontakte\/\"><strong>Kontaktieren Sie uns f\u00fcr weitere Informationen<\/strong><\/a><\/p>\n<\/div>\n<div class=\"column\">\n<div class=\"page\" title=\"Seite 2\">\n<div class=\"section\">\n<div class=\"layoutArea\">\n<div class=\"column\">\n<div id=\"attachment_1267\" style=\"width: 810px\" class=\"wp-caption aligncenter\"><a href=\"https:\/\/motycs.it\/wp-content\/uploads\/2022\/08\/banco-a-rulli-moto-motycs-prova-potenza.jpg\"><img loading=\"lazy\" decoding=\"async\" aria-describedby=\"caption-attachment-1267\" class=\"wp-image-1267 size-full\" src=\"https:\/\/motycs.it\/wp-content\/uploads\/2022\/08\/banco-a-rulli-moto-motycs-prova-potenza.jpg\" alt=\"motycs motorrad leistungspr\u00fcfstand\" width=\"800\" height=\"800\" srcset=\"https:\/\/motycs.it\/wp-content\/uploads\/2022\/08\/banco-a-rulli-moto-motycs-prova-potenza.jpg 800w, https:\/\/motycs.it\/wp-content\/uploads\/2022\/08\/banco-a-rulli-moto-motycs-prova-potenza-300x300.jpg 300w, https:\/\/motycs.it\/wp-content\/uploads\/2022\/08\/banco-a-rulli-moto-motycs-prova-potenza-150x150.jpg 150w, https:\/\/motycs.it\/wp-content\/uploads\/2022\/08\/banco-a-rulli-moto-motycs-prova-potenza-768x768.jpg 768w, https:\/\/motycs.it\/wp-content\/uploads\/2022\/08\/banco-a-rulli-moto-motycs-prova-potenza-600x600.jpg 600w, https:\/\/motycs.it\/wp-content\/uploads\/2022\/08\/banco-a-rulli-moto-motycs-prova-potenza-100x100.jpg 100w\" sizes=\"auto, (max-width: 800px) 100vw, 800px\" \/><\/a><p id=\"caption-attachment-1267\" class=\"wp-caption-text\">Interner Testraum f\u00fcr die Homologation<\/p><\/div>\n<\/div>\n<\/div>\n<\/div>\n<\/div>\n<\/div>\n<\/div>\n<\/div>\n<\/div>\n\n\t\t<\/div>\n\t<\/div>\n<\/div><\/div><\/div><\/div><\/div><\/div><\/div><div class=\"vc_row-full-width vc_clearfix\"><\/div>","protected":false},"excerpt":{"rendered":"TheorieEnd-of-Line- und Homologationssysteme PR\u00dcFSTANDSENTWICKLUNG UND -UMSETZUNG MOTYCS b\u00fcndelt die zwanzigj\u00e4hrige Erfahrung von Unternehmen, die auf die Entwicklung und Herstellung von Pr\u00fcfst\u00e4nden f\u00fcr Homologationszyklen oder End-of-Line-Pr\u00fcfst\u00e4nde spezialisiert sind, darunter im Automobilsektor: FAHRZYKLUS-EMISSIONSPR\u00dcFUNGEN (WLTP) DAUERZYKLUSLEISTUNGSPR\u00dcFUNGEN [...].","protected":false},"author":1,"featured_media":0,"parent":0,"menu_order":0,"comment_status":"closed","ping_status":"closed","template":"","meta":{"footnotes":""},"class_list":["post-1014","page","type-page","status-publish","hentry"],"yoast_head":"<!-- This site is optimized with the Yoast SEO plugin v26.5 - https:\/\/yoast.com\/wordpress\/plugins\/seo\/ -->\n<title>DAQ omologativi<\/title>\n<meta name=\"description\" content=\"Progettiamo e realizziamo banchi a rulli, sale prova ed accessori per l&#039;omologazione veicoli, secondo i diversi standard o normative locali\" \/>\n<meta name=\"robots\" content=\"index, follow, max-snippet:-1, max-image-preview:large, max-video-preview:-1\" \/>\n<link rel=\"canonical\" href=\"https:\/\/motycs.it\/de\/system-homologe\/\" \/>\n<meta property=\"og:locale\" content=\"de_DE\" \/>\n<meta property=\"og:type\" content=\"article\" \/>\n<meta property=\"og:title\" content=\"DAQ omologativi\" \/>\n<meta property=\"og:description\" content=\"Progettiamo e realizziamo banchi a rulli, sale prova ed accessori per l&#039;omologazione veicoli, secondo i diversi standard o normative locali\" \/>\n<meta property=\"og:url\" content=\"https:\/\/motycs.it\/de\/system-homologe\/\" \/>\n<meta property=\"og:site_name\" content=\"MOTYCS\" \/>\n<meta property=\"article:publisher\" content=\"https:\/\/www.facebook.com\/motycs\/\" \/>\n<meta property=\"article:modified_time\" content=\"2023-05-26T06:38:37+00:00\" \/>\n<meta property=\"og:image\" content=\"https:\/\/motycs.it\/wp-content\/uploads\/2023\/05\/dyno-controlo-room-motycs.jpg\" \/>\n<meta name=\"twitter:card\" content=\"summary_large_image\" \/>\n<meta name=\"twitter:label1\" content=\"Gesch\u00e4tzte Lesezeit\" \/>\n\t<meta name=\"twitter:data1\" content=\"2\u00a0Minuten\" \/>\n<script type=\"application\/ld+json\" class=\"yoast-schema-graph\">{\"@context\":\"https:\/\/schema.org\",\"@graph\":[{\"@type\":\"WebPage\",\"@id\":\"https:\/\/motycs.it\/sistemi-omologativi\/\",\"url\":\"https:\/\/motycs.it\/sistemi-omologativi\/\",\"name\":\"DAQ omologativi\",\"isPartOf\":{\"@id\":\"https:\/\/motycs.it\/#website\"},\"primaryImageOfPage\":{\"@id\":\"https:\/\/motycs.it\/sistemi-omologativi\/#primaryimage\"},\"image\":{\"@id\":\"https:\/\/motycs.it\/sistemi-omologativi\/#primaryimage\"},\"thumbnailUrl\":\"https:\/\/motycs.it\/wp-content\/uploads\/2023\/05\/dyno-controlo-room-motycs.jpg\",\"datePublished\":\"2022-03-17T17:56:07+00:00\",\"dateModified\":\"2023-05-26T06:38:37+00:00\",\"description\":\"Progettiamo e realizziamo banchi a rulli, sale prova ed accessori per l'omologazione veicoli, secondo i diversi standard o normative locali\",\"breadcrumb\":{\"@id\":\"https:\/\/motycs.it\/sistemi-omologativi\/#breadcrumb\"},\"inLanguage\":\"de\",\"potentialAction\":[{\"@type\":\"ReadAction\",\"target\":[\"https:\/\/motycs.it\/sistemi-omologativi\/\"]}]},{\"@type\":\"ImageObject\",\"inLanguage\":\"de\",\"@id\":\"https:\/\/motycs.it\/sistemi-omologativi\/#primaryimage\",\"url\":\"https:\/\/motycs.it\/wp-content\/uploads\/2023\/05\/dyno-controlo-room-motycs.jpg\",\"contentUrl\":\"https:\/\/motycs.it\/wp-content\/uploads\/2023\/05\/dyno-controlo-room-motycs.jpg\"},{\"@type\":\"BreadcrumbList\",\"@id\":\"https:\/\/motycs.it\/sistemi-omologativi\/#breadcrumb\",\"itemListElement\":[{\"@type\":\"ListItem\",\"position\":1,\"name\":\"Home\",\"item\":\"https:\/\/motycs.it\/\"},{\"@type\":\"ListItem\",\"position\":2,\"name\":\"Banchi per cicli omologativi\"}]},{\"@type\":\"WebSite\",\"@id\":\"https:\/\/motycs.it\/#website\",\"url\":\"https:\/\/motycs.it\/\",\"name\":\"MOTYCS\",\"description\":\"\",\"publisher\":{\"@id\":\"https:\/\/motycs.it\/#organization\"},\"potentialAction\":[{\"@type\":\"SearchAction\",\"target\":{\"@type\":\"EntryPoint\",\"urlTemplate\":\"https:\/\/motycs.it\/?s={search_term_string}\"},\"query-input\":{\"@type\":\"PropertyValueSpecification\",\"valueRequired\":true,\"valueName\":\"search_term_string\"}}],\"inLanguage\":\"de\"},{\"@type\":\"Organization\",\"@id\":\"https:\/\/motycs.it\/#organization\",\"name\":\"MOTYCS\",\"url\":\"https:\/\/motycs.it\/\",\"logo\":{\"@type\":\"ImageObject\",\"inLanguage\":\"de\",\"@id\":\"https:\/\/motycs.it\/#\/schema\/logo\/image\/\",\"url\":\"https:\/\/motycs.it\/wp-content\/uploads\/2022\/03\/orizz_bianc.jpg\",\"contentUrl\":\"https:\/\/motycs.it\/wp-content\/uploads\/2022\/03\/orizz_bianc.jpg\",\"width\":600,\"height\":159,\"caption\":\"MOTYCS\"},\"image\":{\"@id\":\"https:\/\/motycs.it\/#\/schema\/logo\/image\/\"},\"sameAs\":[\"https:\/\/www.facebook.com\/motycs\/\",\"https:\/\/www.instagram.com\/motycs.teq\/\",\"https:\/\/www.linkedin.com\/company\/motycs\/\",\"https:\/\/www.pinterest.it\/Motycsdynamometer\/\",\"https:\/\/www.youtube.com\/channel\/UCl_9nwLJn-fMI6UMZVc0tZw\"]}]}<\/script>\n<!-- \/ Yoast SEO plugin. -->","yoast_head_json":{"title":"DAQ-Homologation","description":"Wir entwerfen und fertigen Rollenpr\u00fcfst\u00e4nde, Pr\u00fcfst\u00e4nde und Zubeh\u00f6r f\u00fcr die Fahrzeugzulassung nach verschiedenen Normen oder lokalen Vorschriften","robots":{"index":"index","follow":"follow","max-snippet":"max-snippet:-1","max-image-preview":"max-image-preview:large","max-video-preview":"max-video-preview:-1"},"canonical":"https:\/\/motycs.it\/de\/system-homologe\/","og_locale":"de_DE","og_type":"article","og_title":"DAQ omologativi","og_description":"Progettiamo e realizziamo banchi a rulli, sale prova ed accessori per l'omologazione veicoli, secondo i diversi standard o normative locali","og_url":"https:\/\/motycs.it\/de\/system-homologe\/","og_site_name":"MOTYCS","article_publisher":"https:\/\/www.facebook.com\/motycs\/","article_modified_time":"2023-05-26T06:38:37+00:00","og_image":[{"url":"https:\/\/motycs.it\/wp-content\/uploads\/2023\/05\/dyno-controlo-room-motycs.jpg","type":"","width":"","height":""}],"twitter_card":"summary_large_image","twitter_misc":{"Gesch\u00e4tzte Lesezeit":"2\u00a0Minuten"},"schema":{"@context":"https:\/\/schema.org","@graph":[{"@type":"WebPage","@id":"https:\/\/motycs.it\/sistemi-omologativi\/","url":"https:\/\/motycs.it\/sistemi-omologativi\/","name":"DAQ-Homologation","isPartOf":{"@id":"https:\/\/motycs.it\/#website"},"primaryImageOfPage":{"@id":"https:\/\/motycs.it\/sistemi-omologativi\/#primaryimage"},"image":{"@id":"https:\/\/motycs.it\/sistemi-omologativi\/#primaryimage"},"thumbnailUrl":"https:\/\/motycs.it\/wp-content\/uploads\/2023\/05\/dyno-controlo-room-motycs.jpg","datePublished":"2022-03-17T17:56:07+00:00","dateModified":"2023-05-26T06:38:37+00:00","description":"Wir entwerfen und fertigen Rollenpr\u00fcfst\u00e4nde, Pr\u00fcfst\u00e4nde und Zubeh\u00f6r f\u00fcr die Fahrzeugzulassung nach verschiedenen Normen oder lokalen Vorschriften","breadcrumb":{"@id":"https:\/\/motycs.it\/sistemi-omologativi\/#breadcrumb"},"inLanguage":"de","potentialAction":[{"@type":"ReadAction","target":["https:\/\/motycs.it\/sistemi-omologativi\/"]}]},{"@type":"ImageObject","inLanguage":"de","@id":"https:\/\/motycs.it\/sistemi-omologativi\/#primaryimage","url":"https:\/\/motycs.it\/wp-content\/uploads\/2023\/05\/dyno-controlo-room-motycs.jpg","contentUrl":"https:\/\/motycs.it\/wp-content\/uploads\/2023\/05\/dyno-controlo-room-motycs.jpg"},{"@type":"BreadcrumbList","@id":"https:\/\/motycs.it\/sistemi-omologativi\/#breadcrumb","itemListElement":[{"@type":"ListItem","position":1,"name":"Home","item":"https:\/\/motycs.it\/"},{"@type":"ListItem","position":2,"name":"Banchi per cicli omologativi"}]},{"@type":"WebSite","@id":"https:\/\/motycs.it\/#website","url":"https:\/\/motycs.it\/","name":"MOTYCS","description":"","publisher":{"@id":"https:\/\/motycs.it\/#organization"},"potentialAction":[{"@type":"SearchAction","target":{"@type":"EntryPoint","urlTemplate":"https:\/\/motycs.it\/?s={search_term_string}"},"query-input":{"@type":"PropertyValueSpecification","valueRequired":true,"valueName":"search_term_string"}}],"inLanguage":"de"},{"@type":"Organization","@id":"https:\/\/motycs.it\/#organization","name":"MOTYCS","url":"https:\/\/motycs.it\/","logo":{"@type":"ImageObject","inLanguage":"de","@id":"https:\/\/motycs.it\/#\/schema\/logo\/image\/","url":"https:\/\/motycs.it\/wp-content\/uploads\/2022\/03\/orizz_bianc.jpg","contentUrl":"https:\/\/motycs.it\/wp-content\/uploads\/2022\/03\/orizz_bianc.jpg","width":600,"height":159,"caption":"MOTYCS"},"image":{"@id":"https:\/\/motycs.it\/#\/schema\/logo\/image\/"},"sameAs":["https:\/\/www.facebook.com\/motycs\/","https:\/\/www.instagram.com\/motycs.teq\/","https:\/\/www.linkedin.com\/company\/motycs\/","https:\/\/www.pinterest.it\/Motycsdynamometer\/","https:\/\/www.youtube.com\/channel\/UCl_9nwLJn-fMI6UMZVc0tZw"]}]}},"_links":{"self":[{"href":"https:\/\/motycs.it\/de\/wp-json\/wp\/v2\/pages\/1014","targetHints":{"allow":["GET"]}}],"collection":[{"href":"https:\/\/motycs.it\/de\/wp-json\/wp\/v2\/pages"}],"about":[{"href":"https:\/\/motycs.it\/de\/wp-json\/wp\/v2\/types\/page"}],"author":[{"embeddable":true,"href":"https:\/\/motycs.it\/de\/wp-json\/wp\/v2\/users\/1"}],"replies":[{"embeddable":true,"href":"https:\/\/motycs.it\/de\/wp-json\/wp\/v2\/comments?post=1014"}],"version-history":[{"count":27,"href":"https:\/\/motycs.it\/de\/wp-json\/wp\/v2\/pages\/1014\/revisions"}],"predecessor-version":[{"id":1759,"href":"https:\/\/motycs.it\/de\/wp-json\/wp\/v2\/pages\/1014\/revisions\/1759"}],"wp:attachment":[{"href":"https:\/\/motycs.it\/de\/wp-json\/wp\/v2\/media?parent=1014"}],"curies":[{"name":"wp","href":"https:\/\/api.w.org\/{rel}","templated":true}]}}