{"id":1010,"date":"2022-03-17T18:55:05","date_gmt":"2022-03-17T17:55:05","guid":{"rendered":"https:\/\/motycs.it\/?page_id=1010"},"modified":"2023-06-02T23:21:22","modified_gmt":"2023-06-02T21:21:22","slug":"rinnova-il-tuo-banco-prova","status":"publish","type":"page","link":"https:\/\/motycs.it\/de\/erneuere-deinen-bank-test\/","title":{"rendered":"Erneuern Sie Ihren Pr\u00fcfstand"},"content":{"rendered":"<div data-vc-full-width=\"true\" data-vc-full-width-init=\"false\" class=\"vc_row wpb_row vc_row-fluid vc_custom_1473769871896 vc_row-has-fill\"><div class=\"wpb_column vc_column_container vc_col-sm-12\"><div class=\"vc_column-inner\"><div class=\"wpb_wrapper\"><div class=\"sc_section margin_top_large margin_bottom_huge\" data-animation=\"animated fadeInUp normal\" style=\"max-width: 1030px; margin: auto;\"><div class=\"sc_section_inner\"><h6 class=\"sc_section_subtitle sc_item_subtitle\">Theorie<\/h6><h3 class=\"sc_section_title sc_item_title sc_item_title_without_descr\">Erneuern Sie Ihren Pr\u00fcfstand<\/h3><div class=\"sc_section_content_wrap\">\n\t<div class=\"wpb_text_column wpb_content_element  vc_custom_1685740878221\" >\n\t\t<div class=\"wpb_wrapper\">\n\t\t\t<p>Wir haben <strong>Steuerungs- und Erfassungssysteme zur Aufr\u00fcstung verschiedener Pr\u00fcfstandstypen<\/strong>:<\/p>\n<ul>\n<li><a href=\"https:\/\/motycs.it\/de\/product\/leistungstests\/\"><strong>Umfang der Diagnose und Sportvorbereitung<\/strong> (Sport Devices Produkte)<\/a><\/li>\n<\/ul>\n<p><a href=\"https:\/\/motycs.it\/de\/installation-bank-testing\/\"><strong>Entdecken Sie hier einige Anwendungen<\/strong><\/a> und Eigenschaften von Sportger\u00e4te-Systemen<\/p>\n<ul>\n<li><a href=\"https:\/\/motycs.it\/de\/product\/homologativ\/\"><strong>Homologation, Forschung und Entwicklung, End-of-Line.<\/strong><\/a><\/li>\n<\/ul>\n<p><strong>Anwendbar f\u00fcr alle Arten von Leistungspr\u00fcfst\u00e4nden<\/strong>, <strong>sie aktualisieren <\/strong>und<strong> die Funktionalit\u00e4t auf ein modernes System zu erweitern.<\/strong><\/p>\n<p>Sie k\u00f6nnen verwendet werden in der <strong>R\u00fcckgewinnung und Wiederaufbereitung<\/strong> von <strong>R\u00e4ume oder Pr\u00fcfst\u00e4nde, die nicht mehr funktionieren<\/strong>f\u00fcr die die <strong>Hersteller kann sehr kostspielige Arbeiten zur Wiederherstellung und Aktualisierung erfordern.<\/strong>.<\/p>\n<p>F\u00fcr weitere Informationen schreiben Sie uns an <a href=\"mailto:info@motycs.it\">i<strong>info@motycs.it<\/strong><\/a><\/p>\n<h5><a href=\"https:\/\/motycs.it\/de\/product\/leistungstests\/\"><strong>POWER TEST BENCH SYSTEM (Diagnose und Vorbereitung - Modelle SPORT DEVICES)<\/strong><\/a><\/h5>\n<ul>\n<li><strong>Bis zu 3 Bildschirme in ECHTZEIT<\/strong><\/li>\n<li><strong>Software-Updates enthalten und direkt von der Website herunterladbar<\/strong><\/li>\n<li>Sie erm\u00f6glicht <strong>eine unbegrenzte Anzahl von aus der Datenbank gelesenen Kurven zu vergleichen<\/strong>eine andere Farbe zugewiesen. Dies erm\u00f6glicht es, \u00c4nderungen und Verbesserungen vor und nach den \u00c4nderungen zu bewerten.<\/li>\n<li><strong>Berichtigungsfaktoren<\/strong>ISO1585, SAEJ1349, DIN70020, JISD1001, EC95-1, EWG 80\/1269 (Erm\u00f6glicht auch die Korrektur der Kurven in Abh\u00e4ngigkeit von der Ansauglufttemperatur \u00fcber die OBD-Schnittstelle oder eine externe Sonde)<\/li>\n<li>M\u00f6glichkeit der <strong>die verschiedenen durchgef\u00fchrten Tests zu vergleichen<\/strong>, \u00dcberschneidung mit ihnen<\/li>\n<li>Die Ma\u00dfeinheit f\u00fcr Leistung (Kw, Cv) und Drehmoment (Kg *m, N*m) ist vom Benutzer w\u00e4hlbar.<\/li>\n<li><strong>Verf\u00fcgbare Testmodi<\/strong>: Inertial, konstantes Bremsen, Rampe, Stra\u00dfensimulation, station\u00e4rer Zustand.<\/li>\n<li>Verbindung <strong>Ethernet<\/strong> mit hoher Geschwindigkeit, <strong>CANBUS, Bluetooth (optional), RS232<\/strong>.<\/li>\n<li><strong>Fahrzeug-OBDII-Schnittstelle<\/strong>, integrierte oder externe Wetterstation. Unterst\u00fctzt verschiedene Modelle von Abgasanalysatoren<\/li>\n<li>Das System implementiert ein <strong>Bremssteuerung \"closed-loop<\/strong>.<\/li>\n<li><strong>Funktioniert auch ohne Computer (Fernsteuerung)<\/strong><\/li>\n<li><strong>Fernsteuerung des Gaspedals, des Kupplungsaktors, des Getriebes und der L\u00fcfter<\/strong> usw. aus der PC-Software.<\/li>\n<\/ul>\n<p>&nbsp;<\/p>\n<ul>\n<li>Entdecken Sie die <a href=\"https:\/\/motycs.it\/de\/product\/leistungstests\/\"><strong>Sport Devices Systeme zur Erneuerung Ihres Leistungspr\u00fcfstands<\/strong><\/a><\/li>\n<li><a href=\"https:\/\/www.sportdevices.com\/sportdyno.php\" target=\"_blank\" rel=\"noopener\">Hier erfahren Sie mehr <strong>mehr Details zur SPORTDYNO Steuerungssoftware<\/strong><\/a>\u00a0(Link zur Website von Sport Devices auf ENGLISCH)<\/li>\n<li><a href=\"https:\/\/www.sportdevices.com\/download.php\" target=\"_blank\" rel=\"noopener\">Hier k\u00f6nnen Sie <strong>die neueste SW-Version herunterladen und installieren<\/strong> <strong>seine Funktionalit\u00e4t zu bewerten<\/strong><\/a><strong>\u00a0<\/strong>(Link zur Website von Sport Devices auf ENGLISCH)<\/li>\n<\/ul>\n<p><a href=\"https:\/\/motycs.it\/wp-content\/uploads\/2022\/03\/sp1-motycs-dyno-banco-prova-potenza-2.jpg\"><img loading=\"lazy\" decoding=\"async\" class=\"wp-image-1159 size-full\" src=\"https:\/\/motycs.it\/wp-content\/uploads\/2022\/03\/sp1-motycs-dyno-banco-prova-potenza-2.jpg\" alt=\"DAQ SP1 Sportger\u00e4te Motycs f\u00fcr Leistungspr\u00fcfst\u00e4nde\" width=\"800\" height=\"527\" srcset=\"https:\/\/motycs.it\/wp-content\/uploads\/2022\/03\/sp1-motycs-dyno-banco-prova-potenza-2.jpg 800w, https:\/\/motycs.it\/wp-content\/uploads\/2022\/03\/sp1-motycs-dyno-banco-prova-potenza-2-300x198.jpg 300w, https:\/\/motycs.it\/wp-content\/uploads\/2022\/03\/sp1-motycs-dyno-banco-prova-potenza-2-768x506.jpg 768w, https:\/\/motycs.it\/wp-content\/uploads\/2022\/03\/sp1-motycs-dyno-banco-prova-potenza-2-600x395.jpg 600w\" sizes=\"auto, (max-width: 800px) 100vw, 800px\" \/><\/a><\/p>\n<h5><a href=\"https:\/\/motycs.it\/de\/product\/homologativ\/\"><strong>SYSTEM F\u00dcR HOMOLOGATIONSPR\u00dcFST\u00c4NDE<\/strong><\/a><\/h5>\n<p>Unser Homologationssystem ist <strong>entworfen und implementiert auf der Compact-Rio-Plattform<\/strong> des Nationalen Instruments.<\/p>\n<p><strong>Es garantiert somit die Zuverl\u00e4ssigkeit, die normalerweise den Anlagen im industriellen Bereich vorbehalten ist.<\/strong>.<\/p>\n<h6>TECHNISCHE MERKMALE<\/h6>\n<ul>\n<li>Telemetrie von parallelen Schleifenzeiten mit differenzierten Priorit\u00e4ten<\/li>\n<li>Hierarchie \"von oben nach unten\" f\u00fcr Ein-\/Ausgangsfl\u00fcsse und Kontrollen<\/li>\n<li>Individuell verwaltete Analogeing\u00e4nge<\/li>\n<li>Aktivierung - Zeitmessung - Filter (digital, statistisch)<\/li>\n<li>Digitale Eing\u00e4nge<\/li>\n<li>Anschlie\u00dfen des Rechteckwellen-Drehzahlsensors<\/li>\n<li>Testraum-Alarmzust\u00e4nde<\/li>\n<li>Analoge und digitale Ausg\u00e4nge<\/li>\n<li>Bremse und Drosselklappe (hohe Dynamik)<\/li>\n<li>Ventilsteuerung f\u00fcr Fluide (geringe Dynamik)<\/li>\n<li>Spezielle Analogeing\u00e4nge: hochaufl\u00f6send (24 Bit) f\u00fcr W\u00e4gezellen<\/li>\n<li>Hohe Aufl\u00f6sung (24 Bit) f\u00fcr Thermoelemente \/ Widerstandsthermometer<\/li>\n<li>F\u00fchrt aus, was in die Excel-Datei geschrieben wurde + Exportiert in eine Textdatei<\/li>\n<li>Parametrisierung von Konstanten<\/li>\n<li>Begrenzung des Selbstlernens (Gitter)<\/li>\n<li>Erinnerung an fr\u00fcheres Verhalten (uut)<\/li>\n<\/ul>\n<h6><strong>ANWENDUNGSBEREICHE (TYPGENEHMIGUNG UND FORSCHUNG UND ENTWICKLUNG)<\/strong><\/h6>\n<p>- Verschiedene Arten von Pr\u00fcfst\u00e4nden<br \/>\n- Motoren (FuE, Produktion)<br \/>\n- Fahrzeug (Rolle, Emissionen)<br \/>\n- Komponenten<br \/>\n- ECU (Erfassung, Kalibrierung, Diagnose)<br \/>\n- DOE (Design On Experiment)<\/p>\n<p><strong><a href=\"https:\/\/motycs.it\/de\/product\/homologativ\/\" target=\"_blank\" rel=\"noopener\">Besuchen Sie unsere Produktseite zur Homologation hier<\/a><\/strong><a href=\"https:\/\/motycs.it\/de\/product\/homologativ\/\" target=\"_blank\" rel=\"noopener\">\u00a0<\/a><\/p>\n<div id=\"attachment_1265\" style=\"width: 810px\" class=\"wp-caption aligncenter\"><a href=\"https:\/\/motycs.it\/wp-content\/uploads\/2022\/08\/immagine-INCA-motycs-ecu.jpg\"><img loading=\"lazy\" decoding=\"async\" aria-describedby=\"caption-attachment-1265\" class=\"wp-image-1265 size-full\" src=\"https:\/\/motycs.it\/wp-content\/uploads\/2022\/08\/immagine-INCA-motycs-ecu.jpg\" alt=\"\" width=\"800\" height=\"800\" srcset=\"https:\/\/motycs.it\/wp-content\/uploads\/2022\/08\/immagine-INCA-motycs-ecu.jpg 800w, https:\/\/motycs.it\/wp-content\/uploads\/2022\/08\/immagine-INCA-motycs-ecu-300x300.jpg 300w, https:\/\/motycs.it\/wp-content\/uploads\/2022\/08\/immagine-INCA-motycs-ecu-150x150.jpg 150w, https:\/\/motycs.it\/wp-content\/uploads\/2022\/08\/immagine-INCA-motycs-ecu-768x768.jpg 768w, https:\/\/motycs.it\/wp-content\/uploads\/2022\/08\/immagine-INCA-motycs-ecu-600x600.jpg 600w, https:\/\/motycs.it\/wp-content\/uploads\/2022\/08\/immagine-INCA-motycs-ecu-100x100.jpg 100w\" sizes=\"auto, (max-width: 800px) 100vw, 800px\" \/><\/a><p id=\"caption-attachment-1265\" class=\"wp-caption-text\">Eine SW-Schnittstelle f\u00fcr das Homologationssystem<\/p><\/div>\n<h6><a href=\"https:\/\/motycs.it\/de\/geschichte-banken-beweisen-kraft-rollen\/\"><strong>INSIGHTS<\/strong><\/a><\/h6>\n<ul>\n<li><a href=\"https:\/\/motycs.it\/de\/geschichte-banken-beweisen-kraft-rollen\/\"><strong>Entdecken Sie die<\/strong>\u00a0<strong>Grundkonzepte von Pr\u00fcfst\u00e4nden<\/strong><\/a><\/li>\n<li><a href=\"https:\/\/motycs.it\/de\/geschichte-banken-beweisen-kraft-rollen\/\"><strong>Geschichte der Rollenpr\u00fcfst\u00e4nde<\/strong><\/a><\/li>\n<li><a href=\"https:\/\/motycs.it\/de\/geschichte-banken-beweisen-kraft-rollen\/\"><strong>Kontaktieren Sie uns f\u00fcr weitere Informationen<\/strong><\/a><\/li>\n<li><a href=\"https:\/\/motycs.it\/de\/einzelrollen-biroll-leistungspruefstaende\/\"><strong>Einzel- und Doppelrollenpr\u00fcfst\u00e4nde, welche Wahl ist zu treffen?<\/strong><\/a><\/li>\n<li><a href=\"https:\/\/motycs.it\/de\/stromunabhangig-banksicher\/\"><strong>Verlustleistung, was ist das?<\/strong><\/a><\/li>\n<li><a href=\"https:\/\/motycs.it\/de\/prufstande-4wd\/\"><strong>Gekoppelte Achspr\u00fcfst\u00e4nde, entdecken Sie die Vorteile<\/strong><\/a><\/li>\n<\/ul>\n\n\t\t<\/div>\n\t<\/div>\n<\/div><\/div><\/div><\/div><\/div><\/div><\/div><div class=\"vc_row-full-width vc_clearfix\"><\/div>","protected":false},"excerpt":{"rendered":"TeoriaErneuern Sie Ihren Pr\u00fcfstand Wir haben Steuerungs- und Erfassungssysteme, um verschiedene Arten von Pr\u00fcfst\u00e4nden aufzur\u00fcsten: Diagnose- und Sportvorbereitungsbereich (Produkte von Sport Devices) Entdecken Sie hier einige Anwendungen und Eigenschaften der Systeme von Sport Devices Homologation, Forschung und Entwicklung, End-of-Line-Bereiche. Anwendbar auf jede Art von Leistungspr\u00fcfstand, sie aktualisieren und [...]","protected":false},"author":1,"featured_media":0,"parent":0,"menu_order":0,"comment_status":"closed","ping_status":"closed","template":"","meta":{"footnotes":""},"class_list":["post-1010","page","type-page","status-publish","hentry"],"yoast_head":"<!-- This site is optimized with the Yoast SEO plugin v26.5 - https:\/\/yoast.com\/wordpress\/plugins\/seo\/ -->\n<title>Rinnova il tuo banco prova - MOTYCS<\/title>\n<meta name=\"description\" content=\"Aggiornare il tuo vecchio banco prova potenza. inerziale o frenato, ad un sistema di ultima generazione. Fino a 3 schermi in real time\" \/>\n<meta name=\"robots\" content=\"index, follow, max-snippet:-1, max-image-preview:large, max-video-preview:-1\" \/>\n<link rel=\"canonical\" href=\"https:\/\/motycs.it\/de\/erneuere-deinen-bank-test\/\" \/>\n<meta property=\"og:locale\" content=\"de_DE\" \/>\n<meta property=\"og:type\" content=\"article\" \/>\n<meta property=\"og:title\" content=\"Rinnova il tuo banco prova - MOTYCS\" \/>\n<meta property=\"og:description\" content=\"Aggiornare il tuo vecchio banco prova potenza. inerziale o frenato, ad un sistema di ultima generazione. Fino a 3 schermi in real time\" \/>\n<meta property=\"og:url\" content=\"https:\/\/motycs.it\/de\/erneuere-deinen-bank-test\/\" \/>\n<meta property=\"og:site_name\" content=\"MOTYCS\" \/>\n<meta property=\"article:publisher\" content=\"https:\/\/www.facebook.com\/motycs\/\" \/>\n<meta property=\"article:modified_time\" content=\"2023-06-02T21:21:22+00:00\" \/>\n<meta property=\"og:image\" content=\"https:\/\/motycs.it\/wp-content\/uploads\/2022\/03\/sp1-motycs-dyno-banco-prova-potenza-2.jpg\" \/>\n<meta name=\"twitter:card\" content=\"summary_large_image\" \/>\n<meta name=\"twitter:label1\" content=\"Gesch\u00e4tzte Lesezeit\" \/>\n\t<meta name=\"twitter:data1\" content=\"4\u00a0Minuten\" \/>\n<script type=\"application\/ld+json\" class=\"yoast-schema-graph\">{\"@context\":\"https:\/\/schema.org\",\"@graph\":[{\"@type\":\"WebPage\",\"@id\":\"https:\/\/motycs.it\/rinnova-il-tuo-banco-prova\/\",\"url\":\"https:\/\/motycs.it\/rinnova-il-tuo-banco-prova\/\",\"name\":\"Rinnova il tuo banco prova - MOTYCS\",\"isPartOf\":{\"@id\":\"https:\/\/motycs.it\/#website\"},\"primaryImageOfPage\":{\"@id\":\"https:\/\/motycs.it\/rinnova-il-tuo-banco-prova\/#primaryimage\"},\"image\":{\"@id\":\"https:\/\/motycs.it\/rinnova-il-tuo-banco-prova\/#primaryimage\"},\"thumbnailUrl\":\"https:\/\/motycs.it\/wp-content\/uploads\/2022\/03\/sp1-motycs-dyno-banco-prova-potenza-2.jpg\",\"datePublished\":\"2022-03-17T17:55:05+00:00\",\"dateModified\":\"2023-06-02T21:21:22+00:00\",\"description\":\"Aggiornare il tuo vecchio banco prova potenza. inerziale o frenato, ad un sistema di ultima generazione. Fino a 3 schermi in real time\",\"breadcrumb\":{\"@id\":\"https:\/\/motycs.it\/rinnova-il-tuo-banco-prova\/#breadcrumb\"},\"inLanguage\":\"de\",\"potentialAction\":[{\"@type\":\"ReadAction\",\"target\":[\"https:\/\/motycs.it\/rinnova-il-tuo-banco-prova\/\"]}]},{\"@type\":\"ImageObject\",\"inLanguage\":\"de\",\"@id\":\"https:\/\/motycs.it\/rinnova-il-tuo-banco-prova\/#primaryimage\",\"url\":\"https:\/\/motycs.it\/wp-content\/uploads\/2022\/03\/sp1-motycs-dyno-banco-prova-potenza-2.jpg\",\"contentUrl\":\"https:\/\/motycs.it\/wp-content\/uploads\/2022\/03\/sp1-motycs-dyno-banco-prova-potenza-2.jpg\"},{\"@type\":\"BreadcrumbList\",\"@id\":\"https:\/\/motycs.it\/rinnova-il-tuo-banco-prova\/#breadcrumb\",\"itemListElement\":[{\"@type\":\"ListItem\",\"position\":1,\"name\":\"Home\",\"item\":\"https:\/\/motycs.it\/\"},{\"@type\":\"ListItem\",\"position\":2,\"name\":\"Rinnova il tuo banco prova\"}]},{\"@type\":\"WebSite\",\"@id\":\"https:\/\/motycs.it\/#website\",\"url\":\"https:\/\/motycs.it\/\",\"name\":\"MOTYCS\",\"description\":\"\",\"publisher\":{\"@id\":\"https:\/\/motycs.it\/#organization\"},\"potentialAction\":[{\"@type\":\"SearchAction\",\"target\":{\"@type\":\"EntryPoint\",\"urlTemplate\":\"https:\/\/motycs.it\/?s={search_term_string}\"},\"query-input\":{\"@type\":\"PropertyValueSpecification\",\"valueRequired\":true,\"valueName\":\"search_term_string\"}}],\"inLanguage\":\"de\"},{\"@type\":\"Organization\",\"@id\":\"https:\/\/motycs.it\/#organization\",\"name\":\"MOTYCS\",\"url\":\"https:\/\/motycs.it\/\",\"logo\":{\"@type\":\"ImageObject\",\"inLanguage\":\"de\",\"@id\":\"https:\/\/motycs.it\/#\/schema\/logo\/image\/\",\"url\":\"https:\/\/motycs.it\/wp-content\/uploads\/2022\/03\/orizz_bianc.jpg\",\"contentUrl\":\"https:\/\/motycs.it\/wp-content\/uploads\/2022\/03\/orizz_bianc.jpg\",\"width\":600,\"height\":159,\"caption\":\"MOTYCS\"},\"image\":{\"@id\":\"https:\/\/motycs.it\/#\/schema\/logo\/image\/\"},\"sameAs\":[\"https:\/\/www.facebook.com\/motycs\/\",\"https:\/\/www.instagram.com\/motycs.teq\/\",\"https:\/\/www.linkedin.com\/company\/motycs\/\",\"https:\/\/www.pinterest.it\/Motycsdynamometer\/\",\"https:\/\/www.youtube.com\/channel\/UCl_9nwLJn-fMI6UMZVc0tZw\"]}]}<\/script>\n<!-- \/ Yoast SEO plugin. -->","yoast_head_json":{"title":"Erneuern Sie Ihren Pr\u00fcfstand - MOTYCS","description":"R\u00fcsten Sie Ihren alten Leistungspr\u00fcfstand, ob tr\u00e4ge oder gebremst, zu einem hochmodernen System auf. Bis zu 3 Bildschirme in Echtzeit","robots":{"index":"index","follow":"follow","max-snippet":"max-snippet:-1","max-image-preview":"max-image-preview:large","max-video-preview":"max-video-preview:-1"},"canonical":"https:\/\/motycs.it\/de\/erneuere-deinen-bank-test\/","og_locale":"de_DE","og_type":"article","og_title":"Rinnova il tuo banco prova - MOTYCS","og_description":"Aggiornare il tuo vecchio banco prova potenza. inerziale o frenato, ad un sistema di ultima generazione. Fino a 3 schermi in real time","og_url":"https:\/\/motycs.it\/de\/erneuere-deinen-bank-test\/","og_site_name":"MOTYCS","article_publisher":"https:\/\/www.facebook.com\/motycs\/","article_modified_time":"2023-06-02T21:21:22+00:00","og_image":[{"url":"https:\/\/motycs.it\/wp-content\/uploads\/2022\/03\/sp1-motycs-dyno-banco-prova-potenza-2.jpg","type":"","width":"","height":""}],"twitter_card":"summary_large_image","twitter_misc":{"Gesch\u00e4tzte Lesezeit":"4\u00a0Minuten"},"schema":{"@context":"https:\/\/schema.org","@graph":[{"@type":"WebPage","@id":"https:\/\/motycs.it\/rinnova-il-tuo-banco-prova\/","url":"https:\/\/motycs.it\/rinnova-il-tuo-banco-prova\/","name":"Erneuern Sie Ihren Pr\u00fcfstand - MOTYCS","isPartOf":{"@id":"https:\/\/motycs.it\/#website"},"primaryImageOfPage":{"@id":"https:\/\/motycs.it\/rinnova-il-tuo-banco-prova\/#primaryimage"},"image":{"@id":"https:\/\/motycs.it\/rinnova-il-tuo-banco-prova\/#primaryimage"},"thumbnailUrl":"https:\/\/motycs.it\/wp-content\/uploads\/2022\/03\/sp1-motycs-dyno-banco-prova-potenza-2.jpg","datePublished":"2022-03-17T17:55:05+00:00","dateModified":"2023-06-02T21:21:22+00:00","description":"R\u00fcsten Sie Ihren alten Leistungspr\u00fcfstand, ob tr\u00e4ge oder gebremst, zu einem hochmodernen System auf. Bis zu 3 Bildschirme in Echtzeit","breadcrumb":{"@id":"https:\/\/motycs.it\/rinnova-il-tuo-banco-prova\/#breadcrumb"},"inLanguage":"de","potentialAction":[{"@type":"ReadAction","target":["https:\/\/motycs.it\/rinnova-il-tuo-banco-prova\/"]}]},{"@type":"ImageObject","inLanguage":"de","@id":"https:\/\/motycs.it\/rinnova-il-tuo-banco-prova\/#primaryimage","url":"https:\/\/motycs.it\/wp-content\/uploads\/2022\/03\/sp1-motycs-dyno-banco-prova-potenza-2.jpg","contentUrl":"https:\/\/motycs.it\/wp-content\/uploads\/2022\/03\/sp1-motycs-dyno-banco-prova-potenza-2.jpg"},{"@type":"BreadcrumbList","@id":"https:\/\/motycs.it\/rinnova-il-tuo-banco-prova\/#breadcrumb","itemListElement":[{"@type":"ListItem","position":1,"name":"Home","item":"https:\/\/motycs.it\/"},{"@type":"ListItem","position":2,"name":"Rinnova il tuo banco prova"}]},{"@type":"WebSite","@id":"https:\/\/motycs.it\/#website","url":"https:\/\/motycs.it\/","name":"MOTYCS","description":"","publisher":{"@id":"https:\/\/motycs.it\/#organization"},"potentialAction":[{"@type":"SearchAction","target":{"@type":"EntryPoint","urlTemplate":"https:\/\/motycs.it\/?s={search_term_string}"},"query-input":{"@type":"PropertyValueSpecification","valueRequired":true,"valueName":"search_term_string"}}],"inLanguage":"de"},{"@type":"Organization","@id":"https:\/\/motycs.it\/#organization","name":"MOTYCS","url":"https:\/\/motycs.it\/","logo":{"@type":"ImageObject","inLanguage":"de","@id":"https:\/\/motycs.it\/#\/schema\/logo\/image\/","url":"https:\/\/motycs.it\/wp-content\/uploads\/2022\/03\/orizz_bianc.jpg","contentUrl":"https:\/\/motycs.it\/wp-content\/uploads\/2022\/03\/orizz_bianc.jpg","width":600,"height":159,"caption":"MOTYCS"},"image":{"@id":"https:\/\/motycs.it\/#\/schema\/logo\/image\/"},"sameAs":["https:\/\/www.facebook.com\/motycs\/","https:\/\/www.instagram.com\/motycs.teq\/","https:\/\/www.linkedin.com\/company\/motycs\/","https:\/\/www.pinterest.it\/Motycsdynamometer\/","https:\/\/www.youtube.com\/channel\/UCl_9nwLJn-fMI6UMZVc0tZw"]}]}},"_links":{"self":[{"href":"https:\/\/motycs.it\/de\/wp-json\/wp\/v2\/pages\/1010","targetHints":{"allow":["GET"]}}],"collection":[{"href":"https:\/\/motycs.it\/de\/wp-json\/wp\/v2\/pages"}],"about":[{"href":"https:\/\/motycs.it\/de\/wp-json\/wp\/v2\/types\/page"}],"author":[{"embeddable":true,"href":"https:\/\/motycs.it\/de\/wp-json\/wp\/v2\/users\/1"}],"replies":[{"embeddable":true,"href":"https:\/\/motycs.it\/de\/wp-json\/wp\/v2\/comments?post=1010"}],"version-history":[{"count":19,"href":"https:\/\/motycs.it\/de\/wp-json\/wp\/v2\/pages\/1010\/revisions"}],"predecessor-version":[{"id":1817,"href":"https:\/\/motycs.it\/de\/wp-json\/wp\/v2\/pages\/1010\/revisions\/1817"}],"wp:attachment":[{"href":"https:\/\/motycs.it\/de\/wp-json\/wp\/v2\/media?parent=1010"}],"curies":[{"name":"wp","href":"https:\/\/api.w.org\/{rel}","templated":true}]}}